 {"id":55,"date":"2022-02-07T08:26:07","date_gmt":"2022-02-07T08:26:07","guid":{"rendered":"https:\/\/sola.kau.se\/forskolansnickarn\/?page_id=55"},"modified":"2022-04-11T17:57:11","modified_gmt":"2022-04-11T17:57:11","slug":"styrdokument","status":"publish","type":"page","link":"https:\/\/sola.kau.se\/forskolansnickarn\/styrdokument\/","title":{"rendered":"Riktlinjer"},"content":{"rendered":"\n<p>Vi p\u00e5 f\u00f6rskolan Snickarn arbetar aktivt i enhet med diskrimineringslagen och skollagen f\u00f6r att f\u00f6rebygga och f\u00f6rhindra att barn uts\u00e4tts f\u00f6r diskriminering, trakasserier och kr\u00e4nkande behandling.<\/p>\n\n\n\n<p>Det h\u00e4r \u00e4r n\u00e5gra av de riktlinjer och styrdokument som riksdagen har tagit fram som v\u00e5r f\u00f6rskola arbetar utifr\u00e5n. <\/p>\n\n\n\n<p>H\u00e4r nedan kan ni l\u00e4sa mer om dem:<\/p>\n\n\n\n<p><a href=\"https:\/\/www.skolverket.se\/undervisning\/forskolan\/laroplan-for-forskolan\" target=\"_blank\" rel=\"noreferrer noopener\">F\u00f6rskolans l\u00e4roplan <\/a><\/p>\n\n\n\n<p><a href=\"https:\/\/www.riksdagen.se\/sv\/dokument-lagar\/dokument\/svensk-forfattningssamling\/skollag-2010800_sfs-2010-800\" target=\"_blank\" rel=\"noreferrer noopener\">Skollagen<\/a><\/p>\n\n\n\n<p><a rel=\"noreferrer noopener\" href=\"https:\/\/unicef.se\/barnkonventionen\" target=\"_blank\">Barnkonventionen<\/a><\/p>\n\n\n\n<p><a href=\"https:\/\/www.riksdagen.se\/sv\/dokument-lagar\/dokument\/svensk-forfattningssamling\/diskrimineringslag-2008567_sfs-2008-567#K3\">Diskrimineringslagen <\/a><\/p>\n\n\n\n<div class=\"wp-block-file\"><a id=\"wp-block-file--media-39e661cf-d293-4474-9d6d-44c8f00ba943\" href=\"https:\/\/sola.kau.se\/forskolansnickarn\/wp-content\/uploads\/sites\/584\/2022\/04\/likabehandlingsplan1.docx\">likabehandlingsplan1<\/a><a href=\"https:\/\/sola.kau.se\/forskolansnickarn\/wp-content\/uploads\/sites\/584\/2022\/04\/likabehandlingsplan1.docx\" class=\"wp-block-file__button\" download aria-describedby=\"wp-block-file--media-39e661cf-d293-4474-9d6d-44c8f00ba943\">Ladda ner<\/a><\/div>\n\n\n\n<p><\/p>\n","protected":false},"excerpt":{"rendered":"<p>Vi p\u00e5 f\u00f6rskolan Snickarn arbetar aktivt i enhet med diskrimineringslagen och skollagen f\u00f6r att f\u00f6rebygga och f\u00f6rhindra att barn uts\u00e4tts f\u00f6r diskriminering, trakasserier och kr\u00e4nkande behandling. Det h\u00e4r \u00e4r n\u00e5gra av de riktlinjer och styrdokument som riksdagen har tagit fram som v\u00e5r f\u00f6rskola arbetar utifr\u00e5n. H\u00e4r nedan kan ni l\u00e4sa mer om dem: F\u00f6rskolans l\u00e4roplan [&hellip;]<\/p>\n","protected":false},"author":1567,"featured_media":0,"parent":0,"menu_order":0,"comment_status":"closed","ping_status":"closed","template":"","meta":{"footnotes":""},"class_list":["post-55","page","type-page","status-publish","hentry","post-preview"],"_links":{"self":[{"href":"https:\/\/sola.kau.se\/forskolansnickarn\/wp-json\/wp\/v2\/pages\/55","targetHints":{"allow":["GET"]}}],"collection":[{"href":"https:\/\/sola.kau.se\/forskolansnickarn\/wp-json\/wp\/v2\/pages"}],"about":[{"href":"https:\/\/sola.kau.se\/forskolansnickarn\/wp-json\/wp\/v2\/types\/page"}],"author":[{"embeddable":true,"href":"https:\/\/sola.kau.se\/forskolansnickarn\/wp-json\/wp\/v2\/users\/1567"}],"replies":[{"embeddable":true,"href":"https:\/\/sola.kau.se\/forskolansnickarn\/wp-json\/wp\/v2\/comments?post=55"}],"version-history":[{"count":11,"href":"https:\/\/sola.kau.se\/forskolansnickarn\/wp-json\/wp\/v2\/pages\/55\/revisions"}],"predecessor-version":[{"id":320,"href":"https:\/\/sola.kau.se\/forskolansnickarn\/wp-json\/wp\/v2\/pages\/55\/revisions\/320"}],"wp:attachment":[{"href":"https:\/\/sola.kau.se\/forskolansnickarn\/wp-json\/wp\/v2\/media?parent=55"}],"curies":[{"name":"wp","href":"https:\/\/api.w.org\/{rel}","templated":true}]}}