 {"id":58,"date":"2022-02-07T08:26:32","date_gmt":"2022-02-07T08:26:32","guid":{"rendered":"https:\/\/sola.kau.se\/forskolansnickarn\/?page_id=58"},"modified":"2022-05-16T18:16:16","modified_gmt":"2022-05-16T18:16:16","slug":"utformning-av-forskolan","status":"publish","type":"page","link":"https:\/\/sola.kau.se\/forskolansnickarn\/utformning-av-forskolan\/","title":{"rendered":"Utformning av f\u00f6rskolan"},"content":{"rendered":"\n<p>V\u00e5r f\u00f6rskola \u00e4r uppbyggd som ett U med en stor utomhusmilj\u00f6 fylld med material och utmaningar f\u00f6r barnen.<\/p>\n\n\n\n<figure class=\"wp-block-gallery has-nested-images columns-default is-cropped wp-block-gallery-1 is-layout-flex wp-block-gallery-is-layout-flex\">\n<figure class=\"wp-block-image size-large\"><img loading=\"lazy\" decoding=\"async\" width=\"1024\" height=\"669\" data-id=\"361\" src=\"https:\/\/sola.kau.se\/forskolansnickarn\/wp-content\/uploads\/sites\/584\/2022\/05\/Snickarn-planlosning-1024x669.jpg\" alt=\"\" class=\"wp-image-361\" srcset=\"https:\/\/sola.kau.se\/forskolansnickarn\/wp-content\/uploads\/sites\/584\/2022\/05\/Snickarn-planlosning-1024x669.jpg 1024w, https:\/\/sola.kau.se\/forskolansnickarn\/wp-content\/uploads\/sites\/584\/2022\/05\/Snickarn-planlosning-300x196.jpg 300w, https:\/\/sola.kau.se\/forskolansnickarn\/wp-content\/uploads\/sites\/584\/2022\/05\/Snickarn-planlosning-768x502.jpg 768w, https:\/\/sola.kau.se\/forskolansnickarn\/wp-content\/uploads\/sites\/584\/2022\/05\/Snickarn-planlosning-1536x1003.jpg 1536w, https:\/\/sola.kau.se\/forskolansnickarn\/wp-content\/uploads\/sites\/584\/2022\/05\/Snickarn-planlosning-676x442.jpg 676w, https:\/\/sola.kau.se\/forskolansnickarn\/wp-content\/uploads\/sites\/584\/2022\/05\/Snickarn-planlosning.jpg 1791w\" sizes=\"auto, (max-width: 1024px) 100vw, 1024px\" \/><\/figure>\n<\/figure>\n\n\n\n<p>Hela f\u00f6rskolan \u00e4r anpassad  f\u00f6r att tillgodose alla olika individers behov. <\/p>\n\n\n\n<p>Alla rum \u00e4r utrustade med dimljus och ljudabsorbenter samt berikat material tillh\u00f6rande de olika temarummen.<\/p>\n\n\n\n<p><strong>Temarum som vi har:<\/strong><\/p>\n\n\n\n<p>Byggrum<\/p>\n\n\n\n<p>Teknikrum<\/p>\n\n\n\n<p>Atelj\u00e9<\/p>\n\n\n\n<p>Sagorum\/bibliotek<\/p>\n\n\n\n<p>Teater\/utkl\u00e4dningsrum<\/p>\n\n\n\n<p>Musikrum med tillg\u00e5ng till dansplats<\/p>\n\n\n\n<p>Trygghetsrum, avdelningarna har ett varsitt.<\/p>\n\n\n\n<p><\/p>\n\n\n\n<p>I mitten av U:et finns v\u00e5rt matrum d\u00e4r vi \u00e4ter frukost, lunch och mellanm\u00e5l. Mer om v\u00e5r mat kan ni l\u00e4sa under fliken <a href=\"https:\/\/sola.kau.se\/forskolansnickarn\/mat\/\">Mat<\/a>.<\/p>\n\n\n\n<p><\/p>\n\n\n\n<figure class=\"wp-block-image size-full\"><img loading=\"lazy\" decoding=\"async\" width=\"792\" height=\"476\" src=\"https:\/\/sola.kau.se\/forskolansnickarn\/wp-content\/uploads\/sites\/584\/2022\/02\/hemsida-Snickarn-bild-utemiljo.jpg\" alt=\"\" class=\"wp-image-212\" srcset=\"https:\/\/sola.kau.se\/forskolansnickarn\/wp-content\/uploads\/sites\/584\/2022\/02\/hemsida-Snickarn-bild-utemiljo.jpg 792w, https:\/\/sola.kau.se\/forskolansnickarn\/wp-content\/uploads\/sites\/584\/2022\/02\/hemsida-Snickarn-bild-utemiljo-300x180.jpg 300w, https:\/\/sola.kau.se\/forskolansnickarn\/wp-content\/uploads\/sites\/584\/2022\/02\/hemsida-Snickarn-bild-utemiljo-768x462.jpg 768w, https:\/\/sola.kau.se\/forskolansnickarn\/wp-content\/uploads\/sites\/584\/2022\/02\/hemsida-Snickarn-bild-utemiljo-676x406.jpg 676w\" sizes=\"auto, (max-width: 792px) 100vw, 792px\" \/><\/figure>\n\n\n\n<figure class=\"wp-block-gallery has-nested-images columns-default is-cropped wp-block-gallery-2 is-layout-flex wp-block-gallery-is-layout-flex\">\n<figure class=\"wp-block-image size-large\"><img loading=\"lazy\" decoding=\"async\" width=\"1024\" height=\"512\" data-id=\"215\" src=\"https:\/\/sola.kau.se\/forskolansnickarn\/wp-content\/uploads\/sites\/584\/2022\/02\/89441173_506285323658057_2840445212113764352_n-1024x512.jpg\" alt=\"\" class=\"wp-image-215\" srcset=\"https:\/\/sola.kau.se\/forskolansnickarn\/wp-content\/uploads\/sites\/584\/2022\/02\/89441173_506285323658057_2840445212113764352_n-1024x512.jpg 1024w, https:\/\/sola.kau.se\/forskolansnickarn\/wp-content\/uploads\/sites\/584\/2022\/02\/89441173_506285323658057_2840445212113764352_n-300x150.jpg 300w, https:\/\/sola.kau.se\/forskolansnickarn\/wp-content\/uploads\/sites\/584\/2022\/02\/89441173_506285323658057_2840445212113764352_n-768x384.jpg 768w, https:\/\/sola.kau.se\/forskolansnickarn\/wp-content\/uploads\/sites\/584\/2022\/02\/89441173_506285323658057_2840445212113764352_n-1536x768.jpg 1536w, https:\/\/sola.kau.se\/forskolansnickarn\/wp-content\/uploads\/sites\/584\/2022\/02\/89441173_506285323658057_2840445212113764352_n-2048x1024.jpg 2048w, https:\/\/sola.kau.se\/forskolansnickarn\/wp-content\/uploads\/sites\/584\/2022\/02\/89441173_506285323658057_2840445212113764352_n-676x338.jpg 676w\" sizes=\"auto, (max-width: 1024px) 100vw, 1024px\" \/><\/figure>\n\n\n\n<figure class=\"wp-block-image size-large\"><img loading=\"lazy\" decoding=\"async\" width=\"1024\" height=\"512\" data-id=\"217\" src=\"https:\/\/sola.kau.se\/forskolansnickarn\/wp-content\/uploads\/sites\/584\/2022\/02\/89904624_2727002894081276_1619433718357688320_n-1-1024x512.jpg\" alt=\"\" class=\"wp-image-217\" srcset=\"https:\/\/sola.kau.se\/forskolansnickarn\/wp-content\/uploads\/sites\/584\/2022\/02\/89904624_2727002894081276_1619433718357688320_n-1-1024x512.jpg 1024w, https:\/\/sola.kau.se\/forskolansnickarn\/wp-content\/uploads\/sites\/584\/2022\/02\/89904624_2727002894081276_1619433718357688320_n-1-300x150.jpg 300w, https:\/\/sola.kau.se\/forskolansnickarn\/wp-content\/uploads\/sites\/584\/2022\/02\/89904624_2727002894081276_1619433718357688320_n-1-768x384.jpg 768w, https:\/\/sola.kau.se\/forskolansnickarn\/wp-content\/uploads\/sites\/584\/2022\/02\/89904624_2727002894081276_1619433718357688320_n-1-1536x768.jpg 1536w, https:\/\/sola.kau.se\/forskolansnickarn\/wp-content\/uploads\/sites\/584\/2022\/02\/89904624_2727002894081276_1619433718357688320_n-1-2048x1024.jpg 2048w, https:\/\/sola.kau.se\/forskolansnickarn\/wp-content\/uploads\/sites\/584\/2022\/02\/89904624_2727002894081276_1619433718357688320_n-1-676x338.jpg 676w\" sizes=\"auto, (max-width: 1024px) 100vw, 1024px\" \/><\/figure>\n<\/figure>\n\n\n\n<figure class=\"wp-block-gallery has-nested-images columns-default is-cropped wp-block-gallery-3 is-layout-flex wp-block-gallery-is-layout-flex\">\n<figure class=\"wp-block-image size-large\"><img loading=\"lazy\" decoding=\"async\" width=\"1024\" height=\"768\" data-id=\"295\" src=\"https:\/\/sola.kau.se\/forskolansnickarn\/wp-content\/uploads\/sites\/584\/2022\/03\/273061426_1114819639306542_5519562844606982137_n-1-1024x768.jpg\" alt=\"\" class=\"wp-image-295\" srcset=\"https:\/\/sola.kau.se\/forskolansnickarn\/wp-content\/uploads\/sites\/584\/2022\/03\/273061426_1114819639306542_5519562844606982137_n-1-1024x768.jpg 1024w, https:\/\/sola.kau.se\/forskolansnickarn\/wp-content\/uploads\/sites\/584\/2022\/03\/273061426_1114819639306542_5519562844606982137_n-1-300x225.jpg 300w, https:\/\/sola.kau.se\/forskolansnickarn\/wp-content\/uploads\/sites\/584\/2022\/03\/273061426_1114819639306542_5519562844606982137_n-1-768x576.jpg 768w, https:\/\/sola.kau.se\/forskolansnickarn\/wp-content\/uploads\/sites\/584\/2022\/03\/273061426_1114819639306542_5519562844606982137_n-1-1536x1152.jpg 1536w, https:\/\/sola.kau.se\/forskolansnickarn\/wp-content\/uploads\/sites\/584\/2022\/03\/273061426_1114819639306542_5519562844606982137_n-1-676x507.jpg 676w, https:\/\/sola.kau.se\/forskolansnickarn\/wp-content\/uploads\/sites\/584\/2022\/03\/273061426_1114819639306542_5519562844606982137_n-1.jpg 2048w\" sizes=\"auto, (max-width: 1024px) 100vw, 1024px\" \/><\/figure>\n\n\n\n<figure class=\"wp-block-image size-large\"><img loading=\"lazy\" decoding=\"async\" width=\"768\" height=\"1024\" data-id=\"292\" src=\"https:\/\/sola.kau.se\/forskolansnickarn\/wp-content\/uploads\/sites\/584\/2022\/03\/273024577_457580879179217_7390770241660226141_n-1-768x1024.jpg\" alt=\"\" class=\"wp-image-292\" srcset=\"https:\/\/sola.kau.se\/forskolansnickarn\/wp-content\/uploads\/sites\/584\/2022\/03\/273024577_457580879179217_7390770241660226141_n-1-768x1024.jpg 768w, https:\/\/sola.kau.se\/forskolansnickarn\/wp-content\/uploads\/sites\/584\/2022\/03\/273024577_457580879179217_7390770241660226141_n-1-225x300.jpg 225w, https:\/\/sola.kau.se\/forskolansnickarn\/wp-content\/uploads\/sites\/584\/2022\/03\/273024577_457580879179217_7390770241660226141_n-1-676x901.jpg 676w, https:\/\/sola.kau.se\/forskolansnickarn\/wp-content\/uploads\/sites\/584\/2022\/03\/273024577_457580879179217_7390770241660226141_n-1.jpg 960w\" sizes=\"auto, (max-width: 768px) 100vw, 768px\" \/><\/figure>\n\n\n\n<figure class=\"wp-block-image size-large\"><img loading=\"lazy\" decoding=\"async\" width=\"1024\" height=\"768\" data-id=\"294\" src=\"https:\/\/sola.kau.se\/forskolansnickarn\/wp-content\/uploads\/sites\/584\/2022\/03\/273528772_434258881816154_3102218031330212881_n-1-1024x768.jpg\" alt=\"\" class=\"wp-image-294\" srcset=\"https:\/\/sola.kau.se\/forskolansnickarn\/wp-content\/uploads\/sites\/584\/2022\/03\/273528772_434258881816154_3102218031330212881_n-1-1024x768.jpg 1024w, https:\/\/sola.kau.se\/forskolansnickarn\/wp-content\/uploads\/sites\/584\/2022\/03\/273528772_434258881816154_3102218031330212881_n-1-300x225.jpg 300w, https:\/\/sola.kau.se\/forskolansnickarn\/wp-content\/uploads\/sites\/584\/2022\/03\/273528772_434258881816154_3102218031330212881_n-1-768x576.jpg 768w, https:\/\/sola.kau.se\/forskolansnickarn\/wp-content\/uploads\/sites\/584\/2022\/03\/273528772_434258881816154_3102218031330212881_n-1-676x507.jpg 676w, https:\/\/sola.kau.se\/forskolansnickarn\/wp-content\/uploads\/sites\/584\/2022\/03\/273528772_434258881816154_3102218031330212881_n-1.jpg 1280w\" sizes=\"auto, (max-width: 1024px) 100vw, 1024px\" \/><\/figure>\n\n\n\n<figure class=\"wp-block-image size-large\"><img loading=\"lazy\" decoding=\"async\" width=\"768\" height=\"1024\" data-id=\"291\" src=\"https:\/\/sola.kau.se\/forskolansnickarn\/wp-content\/uploads\/sites\/584\/2022\/03\/273504805_2864892473809048_6117158355436463382_n-1-768x1024.jpg\" alt=\"\" class=\"wp-image-291\" srcset=\"https:\/\/sola.kau.se\/forskolansnickarn\/wp-content\/uploads\/sites\/584\/2022\/03\/273504805_2864892473809048_6117158355436463382_n-1-768x1024.jpg 768w, https:\/\/sola.kau.se\/forskolansnickarn\/wp-content\/uploads\/sites\/584\/2022\/03\/273504805_2864892473809048_6117158355436463382_n-1-225x300.jpg 225w, https:\/\/sola.kau.se\/forskolansnickarn\/wp-content\/uploads\/sites\/584\/2022\/03\/273504805_2864892473809048_6117158355436463382_n-1-676x901.jpg 676w, https:\/\/sola.kau.se\/forskolansnickarn\/wp-content\/uploads\/sites\/584\/2022\/03\/273504805_2864892473809048_6117158355436463382_n-1.jpg 960w\" sizes=\"auto, (max-width: 768px) 100vw, 768px\" \/><\/figure>\n\n\n\n<figure class=\"wp-block-image size-large\"><img loading=\"lazy\" decoding=\"async\" width=\"1024\" height=\"768\" data-id=\"296\" src=\"https:\/\/sola.kau.se\/forskolansnickarn\/wp-content\/uploads\/sites\/584\/2022\/03\/273053930_248902377302086_2451465759721369574_n-2-1024x768.jpg\" alt=\"\" class=\"wp-image-296\" srcset=\"https:\/\/sola.kau.se\/forskolansnickarn\/wp-content\/uploads\/sites\/584\/2022\/03\/273053930_248902377302086_2451465759721369574_n-2-1024x768.jpg 1024w, https:\/\/sola.kau.se\/forskolansnickarn\/wp-content\/uploads\/sites\/584\/2022\/03\/273053930_248902377302086_2451465759721369574_n-2-300x225.jpg 300w, https:\/\/sola.kau.se\/forskolansnickarn\/wp-content\/uploads\/sites\/584\/2022\/03\/273053930_248902377302086_2451465759721369574_n-2-768x576.jpg 768w, https:\/\/sola.kau.se\/forskolansnickarn\/wp-content\/uploads\/sites\/584\/2022\/03\/273053930_248902377302086_2451465759721369574_n-2-1536x1152.jpg 1536w, https:\/\/sola.kau.se\/forskolansnickarn\/wp-content\/uploads\/sites\/584\/2022\/03\/273053930_248902377302086_2451465759721369574_n-2-676x507.jpg 676w, https:\/\/sola.kau.se\/forskolansnickarn\/wp-content\/uploads\/sites\/584\/2022\/03\/273053930_248902377302086_2451465759721369574_n-2.jpg 2048w\" sizes=\"auto, (max-width: 1024px) 100vw, 1024px\" \/><\/figure>\n\n\n\n<figure class=\"wp-block-image size-large\"><img loading=\"lazy\" decoding=\"async\" width=\"1024\" height=\"765\" data-id=\"297\" src=\"https:\/\/sola.kau.se\/forskolansnickarn\/wp-content\/uploads\/sites\/584\/2022\/03\/273758125_343951724260845_2640929832514194468_n-2-1024x765.jpg\" alt=\"\" class=\"wp-image-297\" srcset=\"https:\/\/sola.kau.se\/forskolansnickarn\/wp-content\/uploads\/sites\/584\/2022\/03\/273758125_343951724260845_2640929832514194468_n-2-1024x765.jpg 1024w, https:\/\/sola.kau.se\/forskolansnickarn\/wp-content\/uploads\/sites\/584\/2022\/03\/273758125_343951724260845_2640929832514194468_n-2-300x224.jpg 300w, https:\/\/sola.kau.se\/forskolansnickarn\/wp-content\/uploads\/sites\/584\/2022\/03\/273758125_343951724260845_2640929832514194468_n-2-768x574.jpg 768w, https:\/\/sola.kau.se\/forskolansnickarn\/wp-content\/uploads\/sites\/584\/2022\/03\/273758125_343951724260845_2640929832514194468_n-2-1536x1148.jpg 1536w, https:\/\/sola.kau.se\/forskolansnickarn\/wp-content\/uploads\/sites\/584\/2022\/03\/273758125_343951724260845_2640929832514194468_n-2-676x505.jpg 676w, https:\/\/sola.kau.se\/forskolansnickarn\/wp-content\/uploads\/sites\/584\/2022\/03\/273758125_343951724260845_2640929832514194468_n-2.jpg 2048w\" sizes=\"auto, (max-width: 1024px) 100vw, 1024px\" \/><\/figure>\n\n\n\n<figure class=\"wp-block-image size-large\"><img loading=\"lazy\" decoding=\"async\" width=\"1024\" height=\"768\" data-id=\"293\" src=\"https:\/\/sola.kau.se\/forskolansnickarn\/wp-content\/uploads\/sites\/584\/2022\/03\/272856825_474255571073950_178079155806936578_n-1-1024x768.jpg\" alt=\"\" class=\"wp-image-293\" srcset=\"https:\/\/sola.kau.se\/forskolansnickarn\/wp-content\/uploads\/sites\/584\/2022\/03\/272856825_474255571073950_178079155806936578_n-1-1024x768.jpg 1024w, https:\/\/sola.kau.se\/forskolansnickarn\/wp-content\/uploads\/sites\/584\/2022\/03\/272856825_474255571073950_178079155806936578_n-1-300x225.jpg 300w, https:\/\/sola.kau.se\/forskolansnickarn\/wp-content\/uploads\/sites\/584\/2022\/03\/272856825_474255571073950_178079155806936578_n-1-768x576.jpg 768w, https:\/\/sola.kau.se\/forskolansnickarn\/wp-content\/uploads\/sites\/584\/2022\/03\/272856825_474255571073950_178079155806936578_n-1-676x507.jpg 676w, https:\/\/sola.kau.se\/forskolansnickarn\/wp-content\/uploads\/sites\/584\/2022\/03\/272856825_474255571073950_178079155806936578_n-1.jpg 1280w\" sizes=\"auto, (max-width: 1024px) 100vw, 1024px\" \/><\/figure>\n<\/figure>\n","protected":false},"excerpt":{"rendered":"<p>V\u00e5r f\u00f6rskola \u00e4r uppbyggd som ett U med en stor utomhusmilj\u00f6 fylld med material och utmaningar f\u00f6r barnen. Hela f\u00f6rskolan \u00e4r anpassad f\u00f6r att tillgodose alla olika individers behov. Alla rum \u00e4r utrustade med dimljus och ljudabsorbenter samt berikat material tillh\u00f6rande de olika temarummen. Temarum som vi har: Byggrum Teknikrum Atelj\u00e9 Sagorum\/bibliotek Teater\/utkl\u00e4dningsrum Musikrum med [&hellip;]<\/p>\n","protected":false},"author":1567,"featured_media":0,"parent":0,"menu_order":0,"comment_status":"closed","ping_status":"closed","template":"","meta":{"footnotes":""},"class_list":["post-58","page","type-page","status-publish","hentry","post-preview"],"_links":{"self":[{"href":"https:\/\/sola.kau.se\/forskolansnickarn\/wp-json\/wp\/v2\/pages\/58","targetHints":{"allow":["GET"]}}],"collection":[{"href":"https:\/\/sola.kau.se\/forskolansnickarn\/wp-json\/wp\/v2\/pages"}],"about":[{"href":"https:\/\/sola.kau.se\/forskolansnickarn\/wp-json\/wp\/v2\/types\/page"}],"author":[{"embeddable":true,"href":"https:\/\/sola.kau.se\/forskolansnickarn\/wp-json\/wp\/v2\/users\/1567"}],"replies":[{"embeddable":true,"href":"https:\/\/sola.kau.se\/forskolansnickarn\/wp-json\/wp\/v2\/comments?post=58"}],"version-history":[{"count":18,"href":"https:\/\/sola.kau.se\/forskolansnickarn\/wp-json\/wp\/v2\/pages\/58\/revisions"}],"predecessor-version":[{"id":364,"href":"https:\/\/sola.kau.se\/forskolansnickarn\/wp-json\/wp\/v2\/pages\/58\/revisions\/364"}],"wp:attachment":[{"href":"https:\/\/sola.kau.se\/forskolansnickarn\/wp-json\/wp\/v2\/media?parent=58"}],"curies":[{"name":"wp","href":"https:\/\/api.w.org\/{rel}","templated":true}]}}