 {"id":62,"date":"2022-02-07T08:31:33","date_gmt":"2022-02-07T08:31:33","guid":{"rendered":"https:\/\/sola.kau.se\/forskolansnickarn\/?page_id=62"},"modified":"2022-05-16T18:29:30","modified_gmt":"2022-05-16T18:29:30","slug":"personalen","status":"publish","type":"page","link":"https:\/\/sola.kau.se\/forskolansnickarn\/personalen\/","title":{"rendered":"Personalen"},"content":{"rendered":"\n<p>Rektor: Eva 65 \u00e5r<\/p>\n\n\n\n<p><strong>Avdelning Spiken:<\/strong><\/p>\n\n\n\n<p>F\u00f6rskoll\u00e4rare : Julia 34 \u00e5r &#8211; Skyddsombyd<\/p>\n\n\n\n<p>F\u00f6rskoll\u00e4rare : Omar, 28 \u00e5r &#8211; Trivselansvarig<\/p>\n\n\n\n<p>Barnsk\u00f6tare :  Anna 45 \u00e5r &#8211; Ekonomiansvarig och schema ansvarig<\/p>\n\n\n\n<p><\/p>\n\n\n\n<p><strong>Avdelning Skruven:<\/strong><\/p>\n\n\n\n<p>F\u00f6rskoll\u00e4rare : Karolina 39 \u00e5r &#8211; Hygienombud<\/p>\n\n\n\n<p>F\u00f6rskoll\u00e4rare : Marika  37 \u00e5r &#8211; Ekonimiansvarig och schema ansvarig<\/p>\n\n\n\n<p>Barnsk\u00f6tare : Emilia, 25 \u00e5r &#8211; IT- ansvarig<\/p>\n\n\n\n<p><\/p>\n\n\n\n<p><strong>Ut\u00f6ver: <\/strong><\/p>\n\n\n\n<p>Barnsk\u00f6tare : Anders, 57 \u00e5r<\/p>\n\n\n\n<p>Specialpedagog : Tine, 53 \u00e5r <\/p>\n\n\n\n<p><\/p>\n\n\n\n<p>Hygientekniker : Gabriella, 27 \u00e5r<\/p>\n\n\n\n<p>Kock : Rolf, 55 \u00e5r<\/p>\n\n\n\n<p><\/p>\n\n\n\n<p>P\u00e5 f\u00f6rskolan arbetar personalen som ett team d\u00e4r vi tar vara p\u00e5 varandras styrkor och kommer gemensamt fram till beslut.<\/p>\n","protected":false},"excerpt":{"rendered":"<p>Rektor: Eva 65 \u00e5r Avdelning Spiken: F\u00f6rskoll\u00e4rare : Julia 34 \u00e5r &#8211; Skyddsombyd F\u00f6rskoll\u00e4rare : Omar, 28 \u00e5r &#8211; Trivselansvarig Barnsk\u00f6tare : Anna 45 \u00e5r &#8211; Ekonomiansvarig och schema ansvarig Avdelning Skruven: F\u00f6rskoll\u00e4rare : Karolina 39 \u00e5r &#8211; Hygienombud F\u00f6rskoll\u00e4rare : Marika 37 \u00e5r &#8211; Ekonimiansvarig och schema ansvarig Barnsk\u00f6tare : Emilia, 25 \u00e5r &#8211; [&hellip;]<\/p>\n","protected":false},"author":1567,"featured_media":0,"parent":0,"menu_order":0,"comment_status":"closed","ping_status":"closed","template":"","meta":{"footnotes":""},"class_list":["post-62","page","type-page","status-publish","hentry","post-preview"],"_links":{"self":[{"href":"https:\/\/sola.kau.se\/forskolansnickarn\/wp-json\/wp\/v2\/pages\/62","targetHints":{"allow":["GET"]}}],"collection":[{"href":"https:\/\/sola.kau.se\/forskolansnickarn\/wp-json\/wp\/v2\/pages"}],"about":[{"href":"https:\/\/sola.kau.se\/forskolansnickarn\/wp-json\/wp\/v2\/types\/page"}],"author":[{"embeddable":true,"href":"https:\/\/sola.kau.se\/forskolansnickarn\/wp-json\/wp\/v2\/users\/1567"}],"replies":[{"embeddable":true,"href":"https:\/\/sola.kau.se\/forskolansnickarn\/wp-json\/wp\/v2\/comments?post=62"}],"version-history":[{"count":17,"href":"https:\/\/sola.kau.se\/forskolansnickarn\/wp-json\/wp\/v2\/pages\/62\/revisions"}],"predecessor-version":[{"id":371,"href":"https:\/\/sola.kau.se\/forskolansnickarn\/wp-json\/wp\/v2\/pages\/62\/revisions\/371"}],"wp:attachment":[{"href":"https:\/\/sola.kau.se\/forskolansnickarn\/wp-json\/wp\/v2\/media?parent=62"}],"curies":[{"name":"wp","href":"https:\/\/api.w.org\/{rel}","templated":true}]}}