 {"id":70,"date":"2022-02-07T08:35:18","date_gmt":"2022-02-07T08:35:18","guid":{"rendered":"https:\/\/sola.kau.se\/forskolansnickarn\/?page_id=70"},"modified":"2022-02-09T09:53:03","modified_gmt":"2022-02-09T09:53:03","slug":"avdelningar","status":"publish","type":"page","link":"https:\/\/sola.kau.se\/forskolansnickarn\/avdelningar\/","title":{"rendered":"Avdelningar och barngrupper"},"content":{"rendered":"\n<p>Vi \u00e4r en f\u00f6rskola med tv\u00e5 avdelningar, spiken och skruven<\/p>\n\n\n\n<p><\/p>\n\n\n\n<p>V\u00e5rt m\u00e5l \u00e4r att h\u00e5lla nere barngrupperna s\u00e5 i dagsl\u00e4get g\u00e5r det p\u00e5 respektive avdelning 15 barn med blandade grupper p\u00e5 barnens \u00e5lder 1-5 \u00e5r.<\/p>\n\n\n\n<p>V\u00e5r f\u00f6rskola har en vision av att den ska vara m\u00f6jlig och tillg\u00e4nglig f\u00f6r alla, v\u00e5ra lokaler \u00e4r tillg\u00e4ngliga och anpassade f\u00f6r att skapa f\u00f6ruts\u00e4ttning f\u00f6r alla barns r\u00e4tt till lek och l\u00e4rande.<\/p>\n\n\n\n<figure class=\"wp-block-image size-large\"><img loading=\"lazy\" decoding=\"async\" width=\"1024\" height=\"683\" src=\"https:\/\/sola.kau.se\/forskolansnickarn\/wp-content\/uploads\/sites\/584\/2022\/02\/hands-2847508_1920-1024x683.jpg\" alt=\"\" class=\"wp-image-164\" srcset=\"https:\/\/sola.kau.se\/forskolansnickarn\/wp-content\/uploads\/sites\/584\/2022\/02\/hands-2847508_1920-1024x683.jpg 1024w, https:\/\/sola.kau.se\/forskolansnickarn\/wp-content\/uploads\/sites\/584\/2022\/02\/hands-2847508_1920-300x200.jpg 300w, https:\/\/sola.kau.se\/forskolansnickarn\/wp-content\/uploads\/sites\/584\/2022\/02\/hands-2847508_1920-768x512.jpg 768w, https:\/\/sola.kau.se\/forskolansnickarn\/wp-content\/uploads\/sites\/584\/2022\/02\/hands-2847508_1920-1536x1024.jpg 1536w, https:\/\/sola.kau.se\/forskolansnickarn\/wp-content\/uploads\/sites\/584\/2022\/02\/hands-2847508_1920-676x451.jpg 676w, https:\/\/sola.kau.se\/forskolansnickarn\/wp-content\/uploads\/sites\/584\/2022\/02\/hands-2847508_1920.jpg 1920w\" sizes=\"auto, (max-width: 1024px) 100vw, 1024px\" \/><\/figure>\n\n\n\n<p><\/p>\n","protected":false},"excerpt":{"rendered":"<p>Vi \u00e4r en f\u00f6rskola med tv\u00e5 avdelningar, spiken och skruven V\u00e5rt m\u00e5l \u00e4r att h\u00e5lla nere barngrupperna s\u00e5 i dagsl\u00e4get g\u00e5r det p\u00e5 respektive avdelning 15 barn med blandade grupper p\u00e5 barnens \u00e5lder 1-5 \u00e5r. V\u00e5r f\u00f6rskola har en vision av att den ska vara m\u00f6jlig och tillg\u00e4nglig f\u00f6r alla, v\u00e5ra lokaler \u00e4r tillg\u00e4ngliga och [&hellip;]<\/p>\n","protected":false},"author":1567,"featured_media":0,"parent":0,"menu_order":0,"comment_status":"closed","ping_status":"closed","template":"","meta":{"footnotes":""},"class_list":["post-70","page","type-page","status-publish","hentry","post-preview"],"_links":{"self":[{"href":"https:\/\/sola.kau.se\/forskolansnickarn\/wp-json\/wp\/v2\/pages\/70","targetHints":{"allow":["GET"]}}],"collection":[{"href":"https:\/\/sola.kau.se\/forskolansnickarn\/wp-json\/wp\/v2\/pages"}],"about":[{"href":"https:\/\/sola.kau.se\/forskolansnickarn\/wp-json\/wp\/v2\/types\/page"}],"author":[{"embeddable":true,"href":"https:\/\/sola.kau.se\/forskolansnickarn\/wp-json\/wp\/v2\/users\/1567"}],"replies":[{"embeddable":true,"href":"https:\/\/sola.kau.se\/forskolansnickarn\/wp-json\/wp\/v2\/comments?post=70"}],"version-history":[{"count":6,"href":"https:\/\/sola.kau.se\/forskolansnickarn\/wp-json\/wp\/v2\/pages\/70\/revisions"}],"predecessor-version":[{"id":209,"href":"https:\/\/sola.kau.se\/forskolansnickarn\/wp-json\/wp\/v2\/pages\/70\/revisions\/209"}],"wp:attachment":[{"href":"https:\/\/sola.kau.se\/forskolansnickarn\/wp-json\/wp\/v2\/media?parent=70"}],"curies":[{"name":"wp","href":"https:\/\/api.w.org\/{rel}","templated":true}]}}