 {"id":95,"date":"2022-02-07T09:05:36","date_gmt":"2022-02-07T09:05:36","guid":{"rendered":"https:\/\/sola.kau.se\/forskolansnickarn\/?page_id=95"},"modified":"2022-02-14T13:11:12","modified_gmt":"2022-02-14T13:11:12","slug":"inskolning","status":"publish","type":"page","link":"https:\/\/sola.kau.se\/forskolansnickarn\/inskolning\/","title":{"rendered":"Inskolning\/ \u00d6verg\u00e5ngar"},"content":{"rendered":"\n<figure class=\"wp-block-image size-full\"><img loading=\"lazy\" decoding=\"async\" width=\"786\" height=\"768\" src=\"https:\/\/sola.kau.se\/forskolansnickarn\/wp-content\/uploads\/sites\/584\/2022\/02\/273776760_247677564221520_969541728882582323_n-edited.jpg\" alt=\"\" class=\"wp-image-233\" srcset=\"https:\/\/sola.kau.se\/forskolansnickarn\/wp-content\/uploads\/sites\/584\/2022\/02\/273776760_247677564221520_969541728882582323_n-edited.jpg 786w, https:\/\/sola.kau.se\/forskolansnickarn\/wp-content\/uploads\/sites\/584\/2022\/02\/273776760_247677564221520_969541728882582323_n-edited-300x293.jpg 300w, https:\/\/sola.kau.se\/forskolansnickarn\/wp-content\/uploads\/sites\/584\/2022\/02\/273776760_247677564221520_969541728882582323_n-edited-768x750.jpg 768w, https:\/\/sola.kau.se\/forskolansnickarn\/wp-content\/uploads\/sites\/584\/2022\/02\/273776760_247677564221520_969541728882582323_n-edited-676x661.jpg 676w\" sizes=\"auto, (max-width: 786px) 100vw, 786px\" \/><\/figure>\n\n\n\n<p>Trygga v\u00e5rdnadshavare leder till trygga barn och d\u00e4rf\u00f6r l\u00e4gger vi stort fokus p\u00e5 att skapa trygghet f\u00f6r alla involverade i inskolningen. <\/p>\n\n\n\n<p>V\u00e5rdnadshavare och barn \u00e4r v\u00e4lkomna att bes\u00f6ka oss. F\u00f6r att f\u00e5 en inblick i v\u00e5r f\u00f6rskola.&nbsp; V\u00e5rdnadshavarna h\u00f6r av sig p\u00e5 telefon\/mejl f\u00f6r att g\u00f6ra upp en dag och tid som passar v\u00e5r f\u00f6rskola.&nbsp;<\/p>\n\n\n\n<p class=\"has-large-font-size\"><strong>Inskolning<\/strong><\/p>\n\n\n\n<p>N\u00e4r man f\u00e5tt en plats hos oss, s\u00e5 skickar vi ut ett v\u00e4lkomstbrev till barnet ca 3 veckor innan. D\u00e4r det finns bilder p\u00e5 pedagogerna p\u00e5 kommande avdelning. Bilder p\u00e5 f\u00f6rskolan och olika l\u00e4rmilj\u00f6er.<\/p>\n\n\n\n<p>Vi ser det som positivt att ni v\u00e5rdnadshavare \u00e4r aktiva och delaktiga i inskolningen. Att ni \u00e4r med i v\u00e5ra aktiviteter och m\u00e5ltider.&nbsp;<\/p>\n\n\n\n<p>\u00c4ven ett v\u00e4lkomstbrev skickas ut till kommande v\u00e5rdnadshavare med information kring inskolningstider, rutiner och kontaktuppgifter. Vi skickar \u00e4ven med lite fr\u00e5gor kring barnet som vi \u00f6nskar f\u00e5 svar p\u00e5, ex. favoritleksaker, mat som hen gillar mm. Detta svarar man p\u00e5 via sms\/pappersformul\u00e4r.<\/p>\n\n\n\n<p>Vi anpassar inskolningen efter varje barns behov. Vi har en inskolningsmodell som ligger till grund f\u00f6r inskolningen. H\u00e4r f\u00e5r barnet en fast pedagog till en b\u00f6rjan som blir hens anknytningsperson. Men under tiden s\u00e5 l\u00e4r barnet och v\u00e5rdnadshavarna k\u00e4nna resten av personalen.<\/p>\n\n\n\n<p>Under de f\u00f6rsta dagarna kommer ni v\u00e5rdnadshavare f\u00e5 information om GDPR och samtyckesblankett att skriva under bland annat.<\/p>\n\n\n\n<p>Den ser ut p\u00e5 f\u00f6ljande s\u00e4tt:<\/p>\n\n\n\n<p><strong>V.1<\/strong><\/p>\n\n\n\n<p>M\u00e5ndag 9.30-10.30 Med sin anknytningsperson och v\u00e5rdnadshavare i innemilj\u00f6n, medans de andra barnen \u00e4r ute. Man f\u00e5r vara kvar ute en stund om man vill, innan man g\u00e5r hem f\u00f6r dagen.<\/p>\n\n\n\n<p>Tisdag 09.00-11.00 Med sin anknytningsperson och v\u00e5rdnadshavare i innemilj\u00f6n, medans de andra barnen \u00e4r ute. Man f\u00e5r vara kvar ute en stund om man vill, innan man g\u00e5r hem f\u00f6r dagen.<\/p>\n\n\n\n<p>Onsdag 09.00-11.00 Med sin anknytningsperson och v\u00e5rdnadshavare i verksamheten.<\/p>\n\n\n\n<p>Torsdag 07.30-12.00 Med sin anknytningsperson och v\u00e5rdnadshavare i verksamheten. \u00c4ter frukost och lunch tillsammans med sin v\u00e5rdnadshavare p\u00e5 plats.&nbsp;<\/p>\n\n\n\n<p>Fredag 09.00-15.00 Med sin anknytningsperson och v\u00e5rdnadshavare i verksamheten. \u00c4ter lunch tillsammans med sin v\u00e5rdnadshavare. Vilar p\u00e5 plats och \u00e4r med p\u00e5 mellanm\u00e5let med sin v\u00e5rdnadshavare.&nbsp;<\/p>\n\n\n\n<p><strong>V.2<\/strong><\/p>\n\n\n\n<p>M\u00e5ndag 07.30-12.00 \u00c4ter frukost och lunch p\u00e5 f\u00f6rskolan. Anknytningspersonen finns p\u00e5 plats och \u00e4ven v\u00e5rdnadshavaren \u00e4r med p\u00e5 plats.&nbsp;<\/p>\n\n\n\n<p>Tisdag 09.00-14.00 Anknytningspersonen finns p\u00e5 plats. V\u00e5rdnadshavaren provar att l\u00e4mna en stund. Beroende p\u00e5 hur tryggt barnet k\u00e4nns. \u00c4ter lunch p\u00e5 plats och vilar efter\u00e5t.&nbsp;<\/p>\n\n\n\n<p>Onsdag 09.00-14.00 Anknytningspersonen finns p\u00e5 plats. V\u00e5rdnadshavaren provar att l\u00e4mna en stund. Beroende p\u00e5 hur tryggt barnet k\u00e4nns. \u00c4ter lunch p\u00e5 plats och vilar efter\u00e5t.&nbsp;<\/p>\n\n\n\n<p>Torsdag 09.00-14.00 Anknytningspersonen finns p\u00e5 plats. V\u00e5rdnadshavaren provar att l\u00e4mna direkt p\u00e5 morgonen, beroende p\u00e5 hur tryggt barnet k\u00e4nns. \u00c4ter lunch p\u00e5 plats och vilar efter\u00e5t.<\/p>\n\n\n\n<p>Fredag 09.00-15.00 Anknytningspersonen finns p\u00e5 plats. V\u00e5rdnadshavaren provar att l\u00e4mna direkt p\u00e5 morgonen, beroende p\u00e5 hur tryggt barnet k\u00e4nns. \u00c4ter lunch p\u00e5 plats och vilar efter\u00e5t. G\u00e5r hem efter mellanm\u00e5let.&nbsp;<\/p>\n\n\n\n<p><strong>V.3<\/strong><\/p>\n\n\n\n<p>M\u00e5ndag-Fredag 07.45-14.00<\/p>\n\n\n\n<p>L\u00e4mnar p\u00e5 morgonen. Barnet \u00e4r med i verksamheten hela dagen, anknytningspersonen finns p\u00e5 plats. Barnet \u00e4r med p\u00e5 frukost, lunch och vila.<\/p>\n\n\n\n<p>H\u00e4r anpassas det om barnet har behov att v\u00e5rdnadshavare beh\u00f6ver vara med mer p\u00e5 plats eller l\u00e4ngre inskolning.&nbsp;&nbsp;<\/p>\n\n\n\n<p>Om barnet k\u00e4nns tryggt och v\u00e5rdnadshavarna vill b\u00f6rja l\u00e4mna och h\u00e4mta efter sina arbetstider. Allt anpassas efter barnets b\u00e4sta.&nbsp;<\/p>\n\n\n\n<p><\/p>\n\n\n\n<p><\/p>\n\n\n\n<p class=\"has-large-font-size\"><strong>\u00d6verg\u00e5ng mellan f\u00f6rskolan och f\u00f6rskoleklass samt fritids<\/strong><\/p>\n\n\n\n<p>N\u00e4r det blir dags f\u00f6r ert barn att b\u00f6rja f\u00f6rskoleklass s\u00e5 sker en \u00f6verinskolning under en l\u00e4ngre period, f\u00f6r att barnet ska k\u00e4nna sig trygg inf\u00f6r den nya starten.<\/p>\n\n\n\n<p>V\u00e5r f\u00f6rskola har ett n\u00e4ra samarbete med den intilliggande f\u00f6rskoleklassen och fritids d\u00e4r vi under v\u00e5rterminen innan g\u00e5r och bes\u00f6ker skolan. Kollar p\u00e5 kommande klassrum och skolg\u00e5rd, samt h\u00e4lsar p\u00e5 blivande l\u00e4rare. Finns det barn som ska b\u00f6rja p\u00e5 en annan skola, s\u00e5 f\u00f6ljer vi med barnet dit och skolar in enligt samma modell.&nbsp;<\/p>\n\n\n\n<p>Under v\u00e5rterminen f\u00e5r vi bes\u00f6k av barnen som g\u00e5r i f\u00f6rskoleklassen. Dem deltar i v\u00e5ra musikstunder och dem kommer och l\u00e4ser f\u00f6r v\u00e5ra barn tillsammans med den blivande l\u00e4raren. H\u00e4r f\u00e5r barnen chans att tr\u00e4ffas och l\u00e4ra av varandra f\u00f6r att fr\u00e4mja \u00f6verg\u00e5ngen fr\u00e5n f\u00f6rskola till skola.&nbsp;<\/p>\n\n\n\n<p>Barnen f\u00e5r faddrar fr\u00e5n skolan f\u00f6r att tillsammans f\u00e5 nya v\u00e4nner och bygga en trygghet. Men ocks\u00e5 en m\u00f6jlighet f\u00f6r barnen som g\u00e5r p\u00e5 skolan att f\u00e5 v\u00e4xa in i rollen av ansvarstagande och medk\u00e4nsla.<\/p>\n\n\n\n<figure class=\"wp-block-image size-large\"><img loading=\"lazy\" decoding=\"async\" width=\"1024\" height=\"859\" src=\"https:\/\/sola.kau.se\/forskolansnickarn\/wp-content\/uploads\/sites\/584\/2022\/02\/273051881_436132424923190_7487996062250264793_n-1024x859.jpg\" alt=\"\" class=\"wp-image-238\" srcset=\"https:\/\/sola.kau.se\/forskolansnickarn\/wp-content\/uploads\/sites\/584\/2022\/02\/273051881_436132424923190_7487996062250264793_n-1024x859.jpg 1024w, https:\/\/sola.kau.se\/forskolansnickarn\/wp-content\/uploads\/sites\/584\/2022\/02\/273051881_436132424923190_7487996062250264793_n-300x252.jpg 300w, https:\/\/sola.kau.se\/forskolansnickarn\/wp-content\/uploads\/sites\/584\/2022\/02\/273051881_436132424923190_7487996062250264793_n-768x644.jpg 768w, https:\/\/sola.kau.se\/forskolansnickarn\/wp-content\/uploads\/sites\/584\/2022\/02\/273051881_436132424923190_7487996062250264793_n-676x567.jpg 676w, https:\/\/sola.kau.se\/forskolansnickarn\/wp-content\/uploads\/sites\/584\/2022\/02\/273051881_436132424923190_7487996062250264793_n.jpg 1128w\" sizes=\"auto, (max-width: 1024px) 100vw, 1024px\" \/><\/figure>\n","protected":false},"excerpt":{"rendered":"<p>Trygga v\u00e5rdnadshavare leder till trygga barn och d\u00e4rf\u00f6r l\u00e4gger vi stort fokus p\u00e5 att skapa trygghet f\u00f6r alla involverade i inskolningen. V\u00e5rdnadshavare och barn \u00e4r v\u00e4lkomna att bes\u00f6ka oss. F\u00f6r att f\u00e5 en inblick i v\u00e5r f\u00f6rskola.&nbsp; V\u00e5rdnadshavarna h\u00f6r av sig p\u00e5 telefon\/mejl f\u00f6r att g\u00f6ra upp en dag och tid som passar v\u00e5r f\u00f6rskola.&nbsp; [&hellip;]<\/p>\n","protected":false},"author":1567,"featured_media":0,"parent":0,"menu_order":0,"comment_status":"closed","ping_status":"closed","template":"","meta":{"footnotes":""},"class_list":["post-95","page","type-page","status-publish","hentry","post-preview"],"_links":{"self":[{"href":"https:\/\/sola.kau.se\/forskolansnickarn\/wp-json\/wp\/v2\/pages\/95","targetHints":{"allow":["GET"]}}],"collection":[{"href":"https:\/\/sola.kau.se\/forskolansnickarn\/wp-json\/wp\/v2\/pages"}],"about":[{"href":"https:\/\/sola.kau.se\/forskolansnickarn\/wp-json\/wp\/v2\/types\/page"}],"author":[{"embeddable":true,"href":"https:\/\/sola.kau.se\/forskolansnickarn\/wp-json\/wp\/v2\/users\/1567"}],"replies":[{"embeddable":true,"href":"https:\/\/sola.kau.se\/forskolansnickarn\/wp-json\/wp\/v2\/comments?post=95"}],"version-history":[{"count":15,"href":"https:\/\/sola.kau.se\/forskolansnickarn\/wp-json\/wp\/v2\/pages\/95\/revisions"}],"predecessor-version":[{"id":255,"href":"https:\/\/sola.kau.se\/forskolansnickarn\/wp-json\/wp\/v2\/pages\/95\/revisions\/255"}],"wp:attachment":[{"href":"https:\/\/sola.kau.se\/forskolansnickarn\/wp-json\/wp\/v2\/media?parent=95"}],"curies":[{"name":"wp","href":"https:\/\/api.w.org\/{rel}","templated":true}]}}