 {"id":134,"date":"2023-11-16T08:05:44","date_gmt":"2023-11-16T08:05:44","guid":{"rendered":"https:\/\/sola.kau.se\/fortbildningsdag\/?page_id=134"},"modified":"2023-11-16T08:07:18","modified_gmt":"2023-11-16T08:07:18","slug":"amnesdidaktisk-master","status":"publish","type":"page","link":"https:\/\/sola.kau.se\/fortbildningsdag\/amnesdidaktisk-master\/","title":{"rendered":"\u00c4mnesdidaktisk masterutbildning"},"content":{"rendered":"\n<p>\u00c4r du intresserad av att utveckla din undervisning och att leda \u00e4mnesdidaktisk skolutveckling? Fr\u00e5gor kring undervisningens organisering och genomf\u00f6rande st\u00e5r i centrum f\u00f6r detta magister-\/masterprogram i \u00e4mnesdidaktik. Genom att s\u00e4tta begreppet \u00e4mnesdidaktisk skolutveckling i centrum ger programmet dig m\u00f6jlighet att utvecklas som l\u00e4rare men ocks\u00e5 att f\u00e5 redskap att bidra till det kollegiala arbetet med att utveckla undervisning p\u00e5 huvudmannaniv\u00e5. Programmet v\u00e4nder sig till yrkesverksamma l\u00e4rare i alla skolformer.<\/p>\n\n\n\n<p>L\u00e4s mer via v\u00e5r hemsida: <br><a href=\"https:\/\/www.kau.se\/utbildning\/program-och-kurser\/program\/SADID\">https:\/\/www.kau.se\/utbildning\/program-och-kurser\/program\/SADID<\/a><\/p>\n","protected":false},"excerpt":{"rendered":"<p>\u00c4r du intresserad av att utveckla din undervisning och att leda \u00e4mnesdidaktisk skolutveckling? Fr\u00e5gor kring undervisningens organisering och genomf\u00f6rande st\u00e5r i centrum f\u00f6r detta magister-\/masterprogram i \u00e4mnesdidaktik. Genom att s\u00e4tta begreppet \u00e4mnesdidaktisk skolutveckling i centrum ger programmet dig m\u00f6jlighet att utvecklas som l\u00e4rare men ocks\u00e5 att f\u00e5 redskap att bidra till det kollegiala arbetet med [&hellip;]<\/p>\n","protected":false},"author":1888,"featured_media":0,"parent":0,"menu_order":0,"comment_status":"closed","ping_status":"closed","template":"","meta":{"footnotes":""},"class_list":["post-134","page","type-page","status-publish","hentry","post-preview"],"_links":{"self":[{"href":"https:\/\/sola.kau.se\/fortbildningsdag\/wp-json\/wp\/v2\/pages\/134","targetHints":{"allow":["GET"]}}],"collection":[{"href":"https:\/\/sola.kau.se\/fortbildningsdag\/wp-json\/wp\/v2\/pages"}],"about":[{"href":"https:\/\/sola.kau.se\/fortbildningsdag\/wp-json\/wp\/v2\/types\/page"}],"author":[{"embeddable":true,"href":"https:\/\/sola.kau.se\/fortbildningsdag\/wp-json\/wp\/v2\/users\/1888"}],"replies":[{"embeddable":true,"href":"https:\/\/sola.kau.se\/fortbildningsdag\/wp-json\/wp\/v2\/comments?post=134"}],"version-history":[{"count":2,"href":"https:\/\/sola.kau.se\/fortbildningsdag\/wp-json\/wp\/v2\/pages\/134\/revisions"}],"predecessor-version":[{"id":138,"href":"https:\/\/sola.kau.se\/fortbildningsdag\/wp-json\/wp\/v2\/pages\/134\/revisions\/138"}],"wp:attachment":[{"href":"https:\/\/sola.kau.se\/fortbildningsdag\/wp-json\/wp\/v2\/media?parent=134"}],"curies":[{"name":"wp","href":"https:\/\/api.w.org\/{rel}","templated":true}]}}