 {"id":218,"date":"2024-12-02T10:47:44","date_gmt":"2024-12-02T10:47:44","guid":{"rendered":"https:\/\/sola.kau.se\/fortbildningsdag\/?page_id=218"},"modified":"2024-12-02T10:47:44","modified_gmt":"2024-12-02T10:47:44","slug":"motivationshojande-ovningar-i-so-amnena","status":"publish","type":"page","link":"https:\/\/sola.kau.se\/fortbildningsdag\/motivationshojande-ovningar-i-so-amnena\/","title":{"rendered":"Motivationsh\u00f6jande \u00f6vningar i SO-\u00e4mnena"},"content":{"rendered":"","protected":false},"excerpt":{"rendered":"","protected":false},"author":1888,"featured_media":0,"parent":0,"menu_order":0,"comment_status":"closed","ping_status":"closed","template":"","meta":{"footnotes":""},"class_list":["post-218","page","type-page","status-publish","hentry","post-preview"],"_links":{"self":[{"href":"https:\/\/sola.kau.se\/fortbildningsdag\/wp-json\/wp\/v2\/pages\/218","targetHints":{"allow":["GET"]}}],"collection":[{"href":"https:\/\/sola.kau.se\/fortbildningsdag\/wp-json\/wp\/v2\/pages"}],"about":[{"href":"https:\/\/sola.kau.se\/fortbildningsdag\/wp-json\/wp\/v2\/types\/page"}],"author":[{"embeddable":true,"href":"https:\/\/sola.kau.se\/fortbildningsdag\/wp-json\/wp\/v2\/users\/1888"}],"replies":[{"embeddable":true,"href":"https:\/\/sola.kau.se\/fortbildningsdag\/wp-json\/wp\/v2\/comments?post=218"}],"version-history":[{"count":2,"href":"https:\/\/sola.kau.se\/fortbildningsdag\/wp-json\/wp\/v2\/pages\/218\/revisions"}],"predecessor-version":[{"id":220,"href":"https:\/\/sola.kau.se\/fortbildningsdag\/wp-json\/wp\/v2\/pages\/218\/revisions\/220"}],"wp:attachment":[{"href":"https:\/\/sola.kau.se\/fortbildningsdag\/wp-json\/wp\/v2\/media?parent=218"}],"curies":[{"name":"wp","href":"https:\/\/api.w.org\/{rel}","templated":true}]}}