 {"id":4,"date":"2023-05-24T07:16:40","date_gmt":"2023-05-24T07:16:40","guid":{"rendered":"https:\/\/sola.kau.se\/fortbildningsdag\/your-first-page-on-sola\/"},"modified":"2026-03-27T09:46:27","modified_gmt":"2026-03-27T09:46:27","slug":"your-first-page-on-sola","status":"publish","type":"page","link":"https:\/\/sola.kau.se\/fortbildningsdag\/","title":{"rendered":"V\u00e4lkommen p\u00e5 fortbildning f\u00f6r l\u00e4rare i SO-\u00e4mnen"},"content":{"rendered":"\n<figure class=\"wp-block-pullquote\"><blockquote><p>Vi har ny webbplats<strong>,<a href=\"https:\/\/www.kau.se\/csd\/samverkan\/fortbildningstraffar-larare-i-so-amnen\"> du hittar oss h\u00e4r!<\/a><\/strong><\/p><cite>Hela l\u00e4nken: <a href=\"https:\/\/www.kau.se\/csd\/samverkan\/fortbildningstraffar-larare-i-so-amnen\">https:\/\/www.kau.se\/csd\/samverkan\/fortbildningstraffar-larare-i-so-amnen<\/a><\/cite><\/blockquote><\/figure>\n\n\n\n<p>Vi p\u00e5 Centrum f\u00f6r de samh\u00e4llsvetenskapliga \u00e4mnenas didaktik (<a href=\"http:\/\/kau.se\/csd\" data-type=\"URL\" data-id=\"kau.se\/csd\">CSD<\/a>) p\u00e5 Karlstads universitet bjuder l\u00f6pande in till fortbildningstr\u00e4ffar f\u00f6r l\u00e4rare i SO-\u00e4mnen, p\u00e5 b\u00e5de grundskola och gymnasieniv\u00e5. Vanligtvis sker tr\u00e4ffarna via Zoom, p\u00e5 tisdagar mellan 15:30-17:00.<\/p>\n\n\n\n<p>Om du vill f\u00e5 l\u00f6pande information och inbjudningar om v\u00e5ra fortbildningstr\u00e4ffar \u00e4r du v\u00e4lkommen att kontakta CSDs administrat\u00f6r Maria Alakangas (maria.alakangas@kau.se) f\u00f6r att l\u00e4ggas med i v\u00e5r mejllista.<\/p>\n\n\n\n<p><\/p>\n","protected":false},"excerpt":{"rendered":"<p>Vi har ny webbplats, du hittar oss h\u00e4r! Hela l\u00e4nken: https:\/\/www.kau.se\/csd\/samverkan\/fortbildningstraffar-larare-i-so-amnen Vi p\u00e5 Centrum f\u00f6r de samh\u00e4llsvetenskapliga \u00e4mnenas didaktik (CSD) p\u00e5 Karlstads universitet bjuder l\u00f6pande in till fortbildningstr\u00e4ffar f\u00f6r l\u00e4rare i SO-\u00e4mnen, p\u00e5 b\u00e5de grundskola och gymnasieniv\u00e5. Vanligtvis sker tr\u00e4ffarna via Zoom, p\u00e5 tisdagar mellan 15:30-17:00. Om du vill f\u00e5 l\u00f6pande information och inbjudningar om [&hellip;]<\/p>\n","protected":false},"author":1888,"featured_media":0,"parent":0,"menu_order":0,"comment_status":"closed","ping_status":"closed","template":"","meta":{"footnotes":""},"class_list":["post-4","page","type-page","status-publish","hentry","post-preview"],"_links":{"self":[{"href":"https:\/\/sola.kau.se\/fortbildningsdag\/wp-json\/wp\/v2\/pages\/4","targetHints":{"allow":["GET"]}}],"collection":[{"href":"https:\/\/sola.kau.se\/fortbildningsdag\/wp-json\/wp\/v2\/pages"}],"about":[{"href":"https:\/\/sola.kau.se\/fortbildningsdag\/wp-json\/wp\/v2\/types\/page"}],"author":[{"embeddable":true,"href":"https:\/\/sola.kau.se\/fortbildningsdag\/wp-json\/wp\/v2\/users\/1888"}],"replies":[{"embeddable":true,"href":"https:\/\/sola.kau.se\/fortbildningsdag\/wp-json\/wp\/v2\/comments?post=4"}],"version-history":[{"count":48,"href":"https:\/\/sola.kau.se\/fortbildningsdag\/wp-json\/wp\/v2\/pages\/4\/revisions"}],"predecessor-version":[{"id":248,"href":"https:\/\/sola.kau.se\/fortbildningsdag\/wp-json\/wp\/v2\/pages\/4\/revisions\/248"}],"wp:attachment":[{"href":"https:\/\/sola.kau.se\/fortbildningsdag\/wp-json\/wp\/v2\/media?parent=4"}],"curies":[{"name":"wp","href":"https:\/\/api.w.org\/{rel}","templated":true}]}}