 {"id":6609,"date":"2026-03-16T11:43:03","date_gmt":"2026-03-16T11:43:03","guid":{"rendered":"https:\/\/sola.kau.se\/fouvalfardvarmland\/?page_id=6609"},"modified":"2026-03-16T11:43:03","modified_gmt":"2026-03-16T11:43:03","slug":"fredag-med-fou-17-april-fran-milen-pa-37-minuter-till-hemtjanst-och-rullstol","status":"publish","type":"page","link":"https:\/\/sola.kau.se\/fouvalfardvarmland\/fredag-med-fou-17-april-fran-milen-pa-37-minuter-till-hemtjanst-och-rullstol\/","title":{"rendered":"Fredag med FoU 17 april: Fr\u00e5n milen p\u00e5 37 minuter till hemtj\u00e4nst och rullstol"},"content":{"rendered":"\n<p><strong>Torsten Gabrielsson \u00e4r 42 \u00e5r, pappa till fem barn och lever med den obotliga sjukdomen ALS.<\/strong><br><br>I en personlig och ber\u00f6rande f\u00f6rel\u00e4sning ber\u00e4ttar han \u00f6ppet om hur det \u00e4r n\u00e4r livet pl\u00f6tsligt f\u00f6r\u00e4ndras av en diagnos som v\u00e4nder upp och ner p\u00e5 allt. Han delar sina erfarenheter av att g\u00e5 igenom en djup livskris och att f\u00f6rs\u00f6ka hitta mening och riktning i en helt ny verklighet.<br><br>Torsten ger ocks\u00e5 en unik inblick i hur det \u00e4r att g\u00e5 fr\u00e5n att vara en sj\u00e4lvst\u00e4ndig, heltidsarbetande pappa till att bli beroende av samh\u00e4llets st\u00f6d. Han ber\u00e4ttar om sina upplevelser av resan in i v\u00e5rd och omsorg.<br><br>Det h\u00e4r \u00e4r en stark ber\u00e4ttelse om livskraft, perspektiv och vad som verkligen betyder n\u00e5got n\u00e4r livet f\u00f6r\u00e4ndras.<br><br>Varmt v\u00e4lkommen!<\/p>\n\n\n\n<p>Via zoom fredag 17 april 2026, kl 13.00 &#8211; 14.30. Anm\u00e4l dig senast 15 april, via formul\u00e4ret nedan. Uppkopplingsl\u00e4nk skickas ut dagen innan f\u00f6rel\u00e4sningen.<\/p>\n\n\n<script>\n\/\/----------------------------------------------------------\n\/\/------ JAVASCRIPT HOOK FUNCTIONS FOR GRAVITY FORMS -------\n\/\/----------------------------------------------------------\n\nif ( ! gform ) {\n\tdocument.addEventListener( 'gform_main_scripts_loaded', function() { gform.scriptsLoaded = true; } );\n\tdocument.addEventListener( 'gform\/theme\/scripts_loaded', function() { gform.themeScriptsLoaded = true; } );\n\twindow.addEventListener( 'DOMContentLoaded', function() { gform.domLoaded = true; } );\n\n\tvar gform = {\n\t\tdomLoaded: false,\n\t\tscriptsLoaded: false,\n\t\tthemeScriptsLoaded: false,\n\t\tisFormEditor: () => typeof InitializeEditor === 'function',\n\n\t\t\/**\n\t\t * @deprecated 2.9 the use of initializeOnLoaded in the form editor context is deprecated.\n\t\t * @remove-in 4.0 this function will not check for gform.isFormEditor().\n\t\t *\/\n\t\tcallIfLoaded: function ( fn ) {\n\t\t\tif ( gform.domLoaded && gform.scriptsLoaded && ( gform.themeScriptsLoaded || gform.isFormEditor() ) ) {\n\t\t\t\tif ( gform.isFormEditor() ) {\n\t\t\t\t\tconsole.warn( 'The use of gform.initializeOnLoaded() is deprecated in the form editor context and will be removed in Gravity Forms 3.1.' );\n\t\t\t\t}\n\t\t\t\tfn();\n\t\t\t\treturn true;\n\t\t\t}\n\t\t\treturn false;\n\t\t},\n\n\t\t\/**\n\t\t * Call a function when all scripts are loaded\n\t\t *\n\t\t * @param function fn the callback function to call when all scripts are loaded\n\t\t *\n\t\t * @returns void\n\t\t *\/\n\t\tinitializeOnLoaded: function( fn ) {\n\t\t\tif ( ! gform.callIfLoaded( fn ) ) {\n\t\t\t\tdocument.addEventListener( 'gform_main_scripts_loaded', () => { gform.scriptsLoaded = true; gform.callIfLoaded( fn ); } );\n\t\t\t\tdocument.addEventListener( 'gform\/theme\/scripts_loaded', () => { gform.themeScriptsLoaded = true; gform.callIfLoaded( fn ); } );\n\t\t\t\twindow.addEventListener( 'DOMContentLoaded', () => { gform.domLoaded = true; gform.callIfLoaded( fn ); } );\n\t\t\t}\n\t\t},\n\n\t\thooks: { action: {}, filter: {} },\n\t\taddAction: function( action, callable, priority, tag ) {\n\t\t\tgform.addHook( 'action', action, callable, priority, tag );\n\t\t},\n\t\taddFilter: function( action, callable, priority, tag ) {\n\t\t\tgform.addHook( 'filter', action, callable, priority, tag );\n\t\t},\n\t\tdoAction: function( action ) {\n\t\t\tgform.doHook( 'action', action, arguments );\n\t\t},\n\t\tapplyFilters: function( action ) {\n\t\t\treturn gform.doHook( 'filter', action, arguments );\n\t\t},\n\t\tremoveAction: function( action, tag ) {\n\t\t\tgform.removeHook( 'action', action, tag );\n\t\t},\n\t\tremoveFilter: function( action, priority, tag ) {\n\t\t\tgform.removeHook( 'filter', action, priority, tag );\n\t\t},\n\t\taddHook: function( hookType, action, callable, priority, tag ) {\n\t\t\tif ( undefined == gform.hooks[hookType][action] ) {\n\t\t\t\tgform.hooks[hookType][action] = [];\n\t\t\t}\n\t\t\tvar hooks = gform.hooks[hookType][action];\n\t\t\tif ( undefined == tag ) {\n\t\t\t\ttag = action + '_' + hooks.length;\n\t\t\t}\n\t\t\tif( priority == undefined ){\n\t\t\t\tpriority = 10;\n\t\t\t}\n\n\t\t\tgform.hooks[hookType][action].push( { tag:tag, callable:callable, priority:priority } );\n\t\t},\n\t\tdoHook: function( hookType, action, args ) {\n\n\t\t\t\/\/ splice args from object into array and remove first index which is the hook name\n\t\t\targs = Array.prototype.slice.call(args, 1);\n\n\t\t\tif ( undefined != gform.hooks[hookType][action] ) {\n\t\t\t\tvar hooks = gform.hooks[hookType][action], hook;\n\t\t\t\t\/\/sort by priority\n\t\t\t\thooks.sort(function(a,b){return a[\"priority\"]-b[\"priority\"]});\n\n\t\t\t\thooks.forEach( function( hookItem ) {\n\t\t\t\t\thook = hookItem.callable;\n\n\t\t\t\t\tif(typeof hook != 'function')\n\t\t\t\t\t\thook = window[hook];\n\t\t\t\t\tif ( 'action' == hookType ) {\n\t\t\t\t\t\thook.apply(null, args);\n\t\t\t\t\t} else {\n\t\t\t\t\t\targs[0] = hook.apply(null, args);\n\t\t\t\t\t}\n\t\t\t\t} );\n\t\t\t}\n\t\t\tif ( 'filter'==hookType ) {\n\t\t\t\treturn args[0];\n\t\t\t}\n\t\t},\n\t\tremoveHook: function( hookType, action, priority, tag ) {\n\t\t\tif ( undefined != gform.hooks[hookType][action] ) {\n\t\t\t\tvar hooks = gform.hooks[hookType][action];\n\t\t\t\thooks = hooks.filter( function(hook, index, arr) {\n\t\t\t\t\tvar removeHook = (undefined==tag||tag==hook.tag) && (undefined==priority||priority==hook.priority);\n\t\t\t\t\treturn !removeHook;\n\t\t\t\t} );\n\t\t\t\tgform.hooks[hookType][action] = hooks;\n\t\t\t}\n\t\t}\n\t};\n}\n<\/script>\n\n                <div class='gf_browser_gecko gform_wrapper gravity-theme gform-theme--no-framework' data-form-theme='gravity-theme' data-form-index='0' id='gform_wrapper_1381' >\n                        <div class='gform_heading'>\n                            <h2 class=\"gform_title\">Anm\u00e4lan Fredag med FoU 17 april<\/h2>\n                            <p class='gform_description'><\/p>\n                        <\/div><form method='post' enctype='multipart\/form-data'  id='gform_1381'  action='\/fouvalfardvarmland\/wp-json\/wp\/v2\/pages\/6609' data-formid='1381' novalidate>\n                        <div class='gform-body gform_body'><div id='gform_fields_1381' class='gform_fields top_label form_sublabel_below description_below validation_below'><div id=\"field_1381_1\" class=\"gfield gfield--type-text gfield--input-type-text gfield_contains_required field_sublabel_below gfield--no-description field_description_below field_validation_below gfield_visibility_visible\"  ><label class='gfield_label gform-field-label' for='input_1381_1'>Verksamhet<span class=\"gfield_required\"><span class=\"gfield_required gfield_required_text\">(Obligatoriskt)<\/span><\/span><\/label><div class='ginput_container ginput_container_text'><input name='input_1' id='input_1381_1' type='text' value='' class='large'     aria-required=\"true\" aria-invalid=\"false\"   \/><\/div><\/div><div id=\"field_1381_3\" class=\"gfield gfield--type-text gfield--input-type-text gfield--width-full field_sublabel_below gfield--no-description field_description_below field_validation_below gfield_visibility_visible\"  ><label class='gfield_label gform-field-label' for='input_1381_3'>F\u00f6r- och efternamn<\/label><div class='ginput_container ginput_container_text'><input name='input_3' id='input_1381_3' type='text' value='' class='large'      aria-invalid=\"false\"   \/><\/div><\/div><div id=\"field_1381_5\" class=\"gfield gfield--type-text gfield--input-type-text gfield--width-full gfield_contains_required field_sublabel_below gfield--no-description field_description_below field_validation_below gfield_visibility_visible\"  ><label class='gfield_label gform-field-label' for='input_1381_5'>Yrkesroll<span class=\"gfield_required\"><span class=\"gfield_required gfield_required_text\">(Obligatoriskt)<\/span><\/span><\/label><div class='ginput_container ginput_container_text'><input name='input_5' id='input_1381_5' type='text' value='' class='large'     aria-required=\"true\" aria-invalid=\"false\"   \/><\/div><\/div><div id=\"field_1381_4\" class=\"gfield gfield--type-text gfield--input-type-text gfield--width-full gfield_contains_required field_sublabel_below gfield--no-description field_description_below field_validation_below gfield_visibility_visible\"  ><label class='gfield_label gform-field-label' for='input_1381_4'>E-postadress<span class=\"gfield_required\"><span class=\"gfield_required gfield_required_text\">(Obligatoriskt)<\/span><\/span><\/label><div class='ginput_container ginput_container_text'><input name='input_4' id='input_1381_4' type='text' value='' class='large'     aria-required=\"true\" aria-invalid=\"false\"   \/><\/div><\/div><\/div><\/div>\n        <div class='gform-footer gform_footer top_label'> <input type='submit' id='gform_submit_button_1381' class='gform_button button' onclick='gform.submission.handleButtonClick(this);' data-submission-type='submit' value='Skicka'  \/> \n            <input type='hidden' class='gform_hidden' name='gform_submission_method' data-js='gform_submission_method_1381' value='postback' \/>\n            <input type='hidden' class='gform_hidden' name='gform_theme' data-js='gform_theme_1381' id='gform_theme_1381' value='gravity-theme' \/>\n            <input type='hidden' class='gform_hidden' name='gform_style_settings' data-js='gform_style_settings_1381' id='gform_style_settings_1381' value='{&quot;inputPrimaryColor&quot;:&quot;#204ce5&quot;}' \/>\n            <input type='hidden' class='gform_hidden' name='is_submit_1381' value='1' \/>\n            <input type='hidden' class='gform_hidden' name='gform_submit' value='1381' \/>\n            \n            <input type='hidden' class='gform_hidden' name='gform_currency' data-currency='USD' value='tYB+qryILdIf+HVODMscXnBs3XGl9anN64kOffPr28c6WtP2qTnEmztkETVT2Th6KbssegRU3aSdm2VeRF9N\/EKxySuD\/JlciC0CNQR7kxXk+2o=' \/>\n            <input type='hidden' class='gform_hidden' name='gform_unique_id' value='' \/>\n            <input type='hidden' class='gform_hidden' name='state_1381' value='WyJbXSIsIjE4NzE3Y2NiM2Q3MzRlMDM5MTIxNTVkNmM0M2JmOGZjIl0=' \/>\n            <input type='hidden' autocomplete='off' class='gform_hidden' name='gform_target_page_number_1381' id='gform_target_page_number_1381' value='0' \/>\n            <input type='hidden' autocomplete='off' class='gform_hidden' name='gform_source_page_number_1381' id='gform_source_page_number_1381' value='1' \/>\n            <input type='hidden' name='gform_field_values' value='' \/>\n            \n        <\/div>\n                        <\/form>\n                        <\/div><script>\ngform.initializeOnLoaded( function() {gformInitSpinner( 1381, 'https:\/\/sola.kau.se\/fouvalfardvarmland\/wp-content\/plugins\/gravityforms\/images\/spinner.svg', true );jQuery('#gform_ajax_frame_1381').on('load',function(){var contents = jQuery(this).contents().find('*').html();var is_postback = contents.indexOf('GF_AJAX_POSTBACK') >= 0;if(!is_postback){return;}var form_content = jQuery(this).contents().find('#gform_wrapper_1381');var is_confirmation = jQuery(this).contents().find('#gform_confirmation_wrapper_1381').length > 0;var is_redirect = contents.indexOf('gformRedirect(){') >= 0;var is_form = form_content.length > 0 && ! is_redirect && ! is_confirmation;var mt = parseInt(jQuery('html').css('margin-top'), 10) + parseInt(jQuery('body').css('margin-top'), 10) + 100;if(is_form){jQuery('#gform_wrapper_1381').html(form_content.html());if(form_content.hasClass('gform_validation_error')){jQuery('#gform_wrapper_1381').addClass('gform_validation_error');} else {jQuery('#gform_wrapper_1381').removeClass('gform_validation_error');}setTimeout( function() { \/* delay the scroll by 50 milliseconds to fix a bug in chrome *\/  }, 50 );if(window['gformInitDatepicker']) {gformInitDatepicker();}if(window['gformInitPriceFields']) {gformInitPriceFields();}var current_page = jQuery('#gform_source_page_number_1381').val();gformInitSpinner( 1381, 'https:\/\/sola.kau.se\/fouvalfardvarmland\/wp-content\/plugins\/gravityforms\/images\/spinner.svg', true );jQuery(document).trigger('gform_page_loaded', [1381, current_page]);window['gf_submitting_1381'] = false;}else if(!is_redirect){var confirmation_content = jQuery(this).contents().find('.GF_AJAX_POSTBACK').html();if(!confirmation_content){confirmation_content = contents;}jQuery('#gform_wrapper_1381').replaceWith(confirmation_content);jQuery(document).trigger('gform_confirmation_loaded', [1381]);window['gf_submitting_1381'] = false;wp.a11y.speak(jQuery('#gform_confirmation_message_1381').text());}else{jQuery('#gform_1381').append(contents);if(window['gformRedirect']) {gformRedirect();}}jQuery(document).trigger(\"gform_pre_post_render\", [{ formId: \"1381\", currentPage: \"current_page\", abort: function() { this.preventDefault(); } }]);        if (event && event.defaultPrevented) {                return;        }        const gformWrapperDiv = document.getElementById( \"gform_wrapper_1381\" );        if ( gformWrapperDiv ) {            const visibilitySpan = document.createElement( \"span\" );            visibilitySpan.id = \"gform_visibility_test_1381\";            gformWrapperDiv.insertAdjacentElement( \"afterend\", visibilitySpan );        }        const visibilityTestDiv = document.getElementById( \"gform_visibility_test_1381\" );        let postRenderFired = false;        function triggerPostRender() {            if ( postRenderFired ) {                return;            }            postRenderFired = true;            gform.core.triggerPostRenderEvents( 1381, current_page );            if ( visibilityTestDiv ) {                visibilityTestDiv.parentNode.removeChild( visibilityTestDiv );            }        }        function debounce( func, wait, immediate ) {            var timeout;            return function() {                var context = this, args = arguments;                var later = function() {                    timeout = null;                    if ( !immediate ) func.apply( context, args );                };                var callNow = immediate && !timeout;                clearTimeout( timeout );                timeout = setTimeout( later, wait );                if ( callNow ) func.apply( context, args );            };        }        const debouncedTriggerPostRender = debounce( function() {            triggerPostRender();        }, 200 );        if ( visibilityTestDiv && visibilityTestDiv.offsetParent === null ) {            const observer = new MutationObserver( ( mutations ) => {                mutations.forEach( ( mutation ) => {                    if ( mutation.type === 'attributes' && visibilityTestDiv.offsetParent !== null ) {                        debouncedTriggerPostRender();                        observer.disconnect();                    }                });            });            observer.observe( document.body, {                attributes: true,                childList: false,                subtree: true,                attributeFilter: [ 'style', 'class' ],            });        } else {            triggerPostRender();        }    } );} );\n<\/script>\n","protected":false},"excerpt":{"rendered":"<p>Torsten Gabrielsson \u00e4r 42 \u00e5r, pappa till fem barn och lever med den obotliga sjukdomen ALS. I en personlig och ber\u00f6rande f\u00f6rel\u00e4sning ber\u00e4ttar han \u00f6ppet om hur det \u00e4r n\u00e4r livet pl\u00f6tsligt f\u00f6r\u00e4ndras av en diagnos som v\u00e4nder upp och ner p\u00e5 allt. Han delar sina erfarenheter av att g\u00e5 igenom en djup livskris och &hellip; <\/p>\n<p class=\"link-more\"><a href=\"https:\/\/sola.kau.se\/fouvalfardvarmland\/fredag-med-fou-17-april-fran-milen-pa-37-minuter-till-hemtjanst-och-rullstol\/\" class=\"more-link\">Forts\u00e4tt l\u00e4sa<span class=\"screen-reader-text\"> \u201dFredag med FoU 17 april: Fr\u00e5n milen p\u00e5 37 minuter till hemtj\u00e4nst och rullstol\u201d<\/span><\/a><\/p>\n","protected":false},"author":4186,"featured_media":0,"parent":0,"menu_order":0,"comment_status":"closed","ping_status":"closed","template":"","meta":{"footnotes":""},"class_list":["post-6609","page","type-page","status-publish","hentry"],"_links":{"self":[{"href":"https:\/\/sola.kau.se\/fouvalfardvarmland\/wp-json\/wp\/v2\/pages\/6609","targetHints":{"allow":["GET"]}}],"collection":[{"href":"https:\/\/sola.kau.se\/fouvalfardvarmland\/wp-json\/wp\/v2\/pages"}],"about":[{"href":"https:\/\/sola.kau.se\/fouvalfardvarmland\/wp-json\/wp\/v2\/types\/page"}],"author":[{"embeddable":true,"href":"https:\/\/sola.kau.se\/fouvalfardvarmland\/wp-json\/wp\/v2\/users\/4186"}],"replies":[{"embeddable":true,"href":"https:\/\/sola.kau.se\/fouvalfardvarmland\/wp-json\/wp\/v2\/comments?post=6609"}],"version-history":[{"count":2,"href":"https:\/\/sola.kau.se\/fouvalfardvarmland\/wp-json\/wp\/v2\/pages\/6609\/revisions"}],"predecessor-version":[{"id":6611,"href":"https:\/\/sola.kau.se\/fouvalfardvarmland\/wp-json\/wp\/v2\/pages\/6609\/revisions\/6611"}],"wp:attachment":[{"href":"https:\/\/sola.kau.se\/fouvalfardvarmland\/wp-json\/wp\/v2\/media?parent=6609"}],"curies":[{"name":"wp","href":"https:\/\/api.w.org\/{rel}","templated":true}]}}