 {"id":6612,"date":"2026-03-19T13:14:04","date_gmt":"2026-03-19T13:14:04","guid":{"rendered":"https:\/\/sola.kau.se\/fouvalfardvarmland\/?page_id=6612"},"modified":"2026-03-19T13:14:04","modified_gmt":"2026-03-19T13:14:04","slug":"fredag-med-fou-17-april-fran-milen-pa-37-minuter-till-hemtjanst-och-rullstol-fysiskt","status":"publish","type":"page","link":"https:\/\/sola.kau.se\/fouvalfardvarmland\/fredag-med-fou-17-april-fran-milen-pa-37-minuter-till-hemtjanst-och-rullstol-fysiskt\/","title":{"rendered":"Fredag med FoU 17 april: Fr\u00e5n milen p\u00e5 37 minuter till hemtj\u00e4nst och rullstol (fysiskt)"},"content":{"rendered":"\n<p>F\u00f6r f\u00f6rsta g\u00e5ngen k\u00f6r vi en hybridvariant av Fredag med FoU, d\u00e4r man kan delta antingen digitalt eller p\u00e5 plats, h\u00e4r p\u00e5 Karlstads universitet.<br><br><strong>Torsten Gabrielsson \u00e4r 42 \u00e5r, pappa till fem barn och lever med den obotliga sjukdomen ALS.<\/strong><br><br>I en personlig och ber\u00f6rande f\u00f6rel\u00e4sning ber\u00e4ttar han \u00f6ppet om hur det \u00e4r n\u00e4r livet pl\u00f6tsligt f\u00f6r\u00e4ndras av en diagnos som v\u00e4nder upp och ner p\u00e5 allt. Han delar sina erfarenheter av att g\u00e5 igenom en djup livskris och att f\u00f6rs\u00f6ka hitta mening och riktning i en helt ny verklighet.<br><br>Torsten ger ocks\u00e5 en unik inblick i hur det \u00e4r att g\u00e5 fr\u00e5n att vara en sj\u00e4lvst\u00e4ndig, heltidsarbetande pappa till att bli beroende av samh\u00e4llets st\u00f6d. Han ber\u00e4ttar om sina upplevelser av resan in i v\u00e5rd och omsorg.<br><br>Det h\u00e4r \u00e4r en stark ber\u00e4ttelse om livskraft, perspektiv och vad som verkligen betyder n\u00e5got n\u00e4r livet f\u00f6r\u00e4ndras.<br><br>Varmt v\u00e4lkommen!<\/p>\n\n\n\n<p><strong>Anm\u00e4l dig senast 15 april<\/strong> via formul\u00e4ret nedan om du vill delta fysiskt i lokal p\u00e5 Karlstads universitet fredagen den 17 april 2026, kl 13.00 &#8211; 14.30. Information om lokal meddelas ett par dagar innan f\u00f6rel\u00e4sningen.<\/p>\n\n\n","protected":false},"excerpt":{"rendered":"<p>F\u00f6r f\u00f6rsta g\u00e5ngen k\u00f6r vi en hybridvariant av Fredag med FoU, d\u00e4r man kan delta antingen digitalt eller p\u00e5 plats, h\u00e4r p\u00e5 Karlstads universitet. Torsten Gabrielsson \u00e4r 42 \u00e5r, pappa till fem barn och lever med den obotliga sjukdomen ALS. I en personlig och ber\u00f6rande f\u00f6rel\u00e4sning ber\u00e4ttar han \u00f6ppet om hur det \u00e4r n\u00e4r livet &hellip; <\/p>\n<p class=\"link-more\"><a href=\"https:\/\/sola.kau.se\/fouvalfardvarmland\/fredag-med-fou-17-april-fran-milen-pa-37-minuter-till-hemtjanst-och-rullstol-fysiskt\/\" class=\"more-link\">Forts\u00e4tt l\u00e4sa<span class=\"screen-reader-text\"> \u201dFredag med FoU 17 april: Fr\u00e5n milen p\u00e5 37 minuter till hemtj\u00e4nst och rullstol (fysiskt)\u201d<\/span><\/a><\/p>\n","protected":false},"author":4186,"featured_media":0,"parent":0,"menu_order":0,"comment_status":"closed","ping_status":"closed","template":"","meta":{"footnotes":""},"class_list":["post-6612","page","type-page","status-publish","hentry"],"_links":{"self":[{"href":"https:\/\/sola.kau.se\/fouvalfardvarmland\/wp-json\/wp\/v2\/pages\/6612","targetHints":{"allow":["GET"]}}],"collection":[{"href":"https:\/\/sola.kau.se\/fouvalfardvarmland\/wp-json\/wp\/v2\/pages"}],"about":[{"href":"https:\/\/sola.kau.se\/fouvalfardvarmland\/wp-json\/wp\/v2\/types\/page"}],"author":[{"embeddable":true,"href":"https:\/\/sola.kau.se\/fouvalfardvarmland\/wp-json\/wp\/v2\/users\/4186"}],"replies":[{"embeddable":true,"href":"https:\/\/sola.kau.se\/fouvalfardvarmland\/wp-json\/wp\/v2\/comments?post=6612"}],"version-history":[{"count":1,"href":"https:\/\/sola.kau.se\/fouvalfardvarmland\/wp-json\/wp\/v2\/pages\/6612\/revisions"}],"predecessor-version":[{"id":6613,"href":"https:\/\/sola.kau.se\/fouvalfardvarmland\/wp-json\/wp\/v2\/pages\/6612\/revisions\/6613"}],"wp:attachment":[{"href":"https:\/\/sola.kau.se\/fouvalfardvarmland\/wp-json\/wp\/v2\/media?parent=6612"}],"curies":[{"name":"wp","href":"https:\/\/api.w.org\/{rel}","templated":true}]}}