 {"id":1150,"date":"2025-05-28T14:34:39","date_gmt":"2025-05-28T14:34:39","guid":{"rendered":"https:\/\/sola.kau.se\/hagfors\/?page_id=1150"},"modified":"2025-05-30T06:18:28","modified_gmt":"2025-05-30T06:18:28","slug":"styrdokument-och-lagar","status":"publish","type":"page","link":"https:\/\/sola.kau.se\/hagfors\/styrdokument-och-lagar\/","title":{"rendered":"Styrdokument och lagar"},"content":{"rendered":"\n<p><strong>F\u00f6rskolan styrs av och har sin utg\u00e5ngspunkt i Skollagen,<em> L\u00e4roplan f\u00f6r f\u00f6rskolan<\/em> (2018) samt Barnkonventionen. H\u00e4r nedan kan du l\u00e4sa om vad dessa styrdokument och lagar inneb\u00e4r:<\/strong><\/p>\n\n\n\n<p><strong>Skollagen (2010:800): <\/strong>Detta \u00e4r en svensk lag som styr och inneh\u00e5ller best\u00e4mmelser som ber\u00f6r skolv\u00e4sendet som omfattar flera olika skolformer, d\u00e4ribland f\u00f6rskolan. F\u00f6rskolan har ett eget kapitel, (kap 8) i skollagen. D\u00e4r kan ni l\u00e4sa om best\u00e4mmelser som dels reglerar syftet av utbildningen, milj\u00f6 samt barngrupper, n\u00e4r barn ska erbjudas f\u00f6rskola, vad som g\u00e4ller f\u00f6r utvecklingssamtal samt s\u00e4rskilt st\u00f6d f\u00f6r era barn.&nbsp;Ut\u00f6ver kapitel 8 omfattas f\u00f6rskolan \u00e4ven av flera generella delar i skollagen, n\u00e4mligen kapitel 1\u20134 och kapitel 6.<\/p>\n\n\n\n<ul class=\"wp-block-list\">\n<li>Kapitel 1 inneh\u00e5ller grundl\u00e4ggande best\u00e4mmelser om skolv\u00e4sendet, d\u00e4r begrepp som undervisning och utbildning f\u00f6rklaras, samt syftet med utbildningen och hur den ska organiseras.<\/li>\n\n\n\n<li>Kapitel 2 tar upp fr\u00e5gor om huvudm\u00e4n, resursf\u00f6rdelning och ledning av utbildningen.<\/li>\n\n\n\n<li>Kapitel 3 fokuserar p\u00e5 barns utveckling mot de uppsatta m\u00e5len.<\/li>\n\n\n\n<li>Kapitel 4 behandlar kvalitet och inflytande, dokumentation, v\u00e5rdnadshavares roll samt det systematiska kvalitetsarbetet.<\/li>\n\n\n\n<li>Kapitel 6 inneh\u00e5ller regler om hur vi ska arbeta mot kr\u00e4nkande behandling och \u00e5tg\u00e4rder f\u00f6r detta.<\/li>\n<\/ul>\n\n\n\n<p><a href=\"https:\/\/www.riksdagen.se\/sv\/dokument-och-lagar\/dokument\/svensk-forfattningssamling\/skollag-2010800_sfs-2010-800\/\">Klicka h\u00e4r <\/a>f\u00f6r att l\u00e4sa mer om skollagen!&nbsp;<\/p>\n\n\n\n<p><strong>L\u00e4roplanen f\u00f6r f\u00f6rskolan (Lpf\u00f618): <\/strong>I l\u00e4roplanen f\u00f6r f\u00f6rskolan f\u00f6rmedlas f\u00f6rskolans v\u00e4rdegrund samt uppdrag. Den inneh\u00e5ller riktlinjer samt m\u00e5l f\u00f6r hur arbetet i f\u00f6rskolan ska bedrivas. <a href=\"https:\/\/www.skolverket.se\/undervisning\/forskolan\/laroplan-for-forskolan\/laroplan-lpfo-18-for-forskolan\">Klicka h\u00e4r<\/a> f\u00f6r att ta del av de olika m\u00e5len och riktlinjerna. Fr\u00e5n och med den 1 juli 2025 kommer f\u00f6rskolans l\u00e4roplan att revideras med nya m\u00e5l och riktlinjer. Dessa f\u00f6r\u00e4ndringar kan du ta del av genom att <a href=\"https:\/\/www.skolverket.se\/undervisning\/forskolan\/guide-till-andringar-i-forskolans-laroplan#heading-1\" data-type=\"link\" data-id=\"https:\/\/www.skolverket.se\/undervisning\/forskolan\/guide-till-andringar-i-forskolans-laroplan#heading-1\">klicka <\/a><a href=\"https:\/\/www.skolverket.se\/undervisning\/forskolan\/laroplan-for-forskolan\/guide-till-andringar-i-forskolans-laroplan\">h\u00e4r!<\/a><\/p>\n\n\n\n<p><strong>Barnkonventionen<\/strong> omfattar best\u00e4mmelser om barns m\u00e4nskliga r\u00e4ttigheter. Som barn r\u00e4knas varje individ som \u00e4r under 18 \u00e5r gammal. Detta \u00e4r ett avtal och en betydelsefull samt bindande \u00f6verenskommelse som str\u00e4cker sig internationellt. Barnkonventionen \u00e4r viktig f\u00f6r att kunna p\u00e5verka samt f\u00f6rb\u00e4ttra barns situationer \u00f6ver hela v\u00e4rlden. Den utg\u00e5r fr\u00e5n ett barnr\u00e4ttsperspektiv, vilket inneb\u00e4r att barn \u00e4r individer med egna r\u00e4ttigheter. Alla beslut och handlingar som g\u00e4ller barn ska utg\u00e5 fr\u00e5n denna konvention. Den 1 januari 2020 blev barnkonventionen en svensk lag.<a href=\"https:\/\/unicef.se\/barnkonventionen\/las-texten\"> H\u00e4r<\/a> kan du l\u00e4sa mer om barnkonventionens 54 artiklar!<\/p>\n","protected":false},"excerpt":{"rendered":"<p>F\u00f6rskolan styrs av och har sin utg\u00e5ngspunkt i Skollagen, L\u00e4roplan f\u00f6r f\u00f6rskolan (2018) samt Barnkonventionen. H\u00e4r nedan kan du l\u00e4sa om vad dessa styrdokument och lagar inneb\u00e4r: Skollagen (2010:800): Detta \u00e4r en svensk lag som styr och inneh\u00e5ller best\u00e4mmelser som&#8230; <a class=\"more-link\" href=\"https:\/\/sola.kau.se\/hagfors\/styrdokument-och-lagar\/\">Forts\u00e4tt l\u00e4sa &rarr;<\/a><\/p>\n","protected":false},"author":4888,"featured_media":0,"parent":0,"menu_order":0,"comment_status":"closed","ping_status":"closed","template":"","meta":{"footnotes":""},"class_list":["post-1150","page","type-page","status-publish","hentry"],"_links":{"self":[{"href":"https:\/\/sola.kau.se\/hagfors\/wp-json\/wp\/v2\/pages\/1150","targetHints":{"allow":["GET"]}}],"collection":[{"href":"https:\/\/sola.kau.se\/hagfors\/wp-json\/wp\/v2\/pages"}],"about":[{"href":"https:\/\/sola.kau.se\/hagfors\/wp-json\/wp\/v2\/types\/page"}],"author":[{"embeddable":true,"href":"https:\/\/sola.kau.se\/hagfors\/wp-json\/wp\/v2\/users\/4888"}],"replies":[{"embeddable":true,"href":"https:\/\/sola.kau.se\/hagfors\/wp-json\/wp\/v2\/comments?post=1150"}],"version-history":[{"count":2,"href":"https:\/\/sola.kau.se\/hagfors\/wp-json\/wp\/v2\/pages\/1150\/revisions"}],"predecessor-version":[{"id":1154,"href":"https:\/\/sola.kau.se\/hagfors\/wp-json\/wp\/v2\/pages\/1150\/revisions\/1154"}],"wp:attachment":[{"href":"https:\/\/sola.kau.se\/hagfors\/wp-json\/wp\/v2\/media?parent=1150"}],"curies":[{"name":"wp","href":"https:\/\/api.w.org\/{rel}","templated":true}]}}