 {"id":1322,"date":"2025-06-02T12:09:14","date_gmt":"2025-06-02T12:09:14","guid":{"rendered":"https:\/\/sola.kau.se\/hagfors\/?page_id=1322"},"modified":"2025-06-02T12:20:16","modified_gmt":"2025-06-02T12:20:16","slug":"svara-samtal-kompetensutvecklingsdag","status":"publish","type":"page","link":"https:\/\/sola.kau.se\/hagfors\/svara-samtal-kompetensutvecklingsdag\/","title":{"rendered":"Sv\u00e5ra samtal &#8211; Kompetensutvecklingsdag"},"content":{"rendered":"\n<p>Under vecka 10 har vi varit p\u00e5 fortbildningsdag kring sv\u00e5ra samtal med bland annat f\u00f6rel\u00e4sningar av Jessica Ekberg och Kristina B\u00e4hr.<\/p>\n\n\n\n<p>Jessica Ekbergs f\u00f6rel\u00e4sning b\u00f6rjar med att lyfta att vi inte ska v\u00e4nta f\u00f6r l\u00e4nge med att ha det sv\u00e5ra samtalet om det uppst\u00e5r en fundering kring n\u00e5gonting, n\u00e5got som bekymrar en g\u00e4llande exempelvis ett barn eller en kollega. Att v\u00e4nta \u00e4r det ingen som vinner p\u00e5. Vi pratar med v\u00e5rdnadshavare eller kollegor s\u00e5 snabbt som m\u00f6jligt en fundering uppkommer. Ett sv\u00e5rt samtal ska aldrig tas i f\u00f6rbifarten, utan vi bjuder alltid in er till ett m\u00f6te. I inbjudan till m\u00f6tet \u00e4r vi tydliga med vad m\u00f6tet handlar om.\u00a0Jessica trycker p\u00e5 att det \u00e4r viktigt att alla inblandade parter fr\u00e5n b\u00f6rjan vet varf\u00f6r de \u00e4r d\u00e4r, dels f\u00f6r att samtalet ska bli givande och f\u00f6r att det inte ska komma som en chock.\u00a0<\/p>\n\n\n\n<p>Innan m\u00f6tet \u00e4r det av betydelse att noga t\u00e4nka igenom vad vi ska s\u00e4ga, vad vi inte ska s\u00e4ga\u00a0och hur vi ska s\u00e4ga det. Det \u00e4r ocks\u00e5 viktigt att vi st\u00e4ller oss fr\u00e5gor om n\u00e4r och var m\u00f6tet ska h\u00e5llas och vem ska vara med. Jessica lyfter att det \u00e4r positivt att vara \u00f6ppen med om vi \u00e4r nerv\u00f6sa inf\u00f6r samtalet, d\u00e5 det \u00e4r ett s\u00e4tt att rensa luften. Sen ska vi direkt s\u00e4ga vad det g\u00e4ller, att inte vara tydliga och undvika att s\u00e4ga det vi vill f\u00e5 fram kan leda till missuppfattningar. Det handlar ocks\u00e5 om att tala i jag-budskap, f\u00f6r att utg\u00e5 fr\u00e5n v\u00e5r egen upplevelse och f\u00f6r att inte l\u00e4gga skulden p\u00e5 n\u00e5gon annan. Sedan ska ni v\u00e5rdnadshavare och\/ eller kollegor ges utrymme till att framf\u00f6ra era tankar kring det som har sagts. Ibland kan vi ha olika verklighetsbild, exempelvis om funderingen g\u00e4ller ett barn eftersom vi ser barnet i en f\u00f6rskolemilj\u00f6 medan ni v\u00e5rdnadshavare ser barnet i sin hemmilj\u00f6. Efter m\u00f6tet sammanfattas det som har sagts och vi kommer tillsammans fram till hur vi ska g\u00e5 vidare tillsammans med er. I vissa fall kan alla ber\u00f6rda beh\u00f6va att t\u00e4nka igenom och bearbeta m\u00f6tet p\u00e5 varsitt h\u00e5ll. D\u00e5 \u00e4r det b\u00e4ttre att avsluta och vi bokar in ett uppf\u00f6ljande samtal som ska ske ganska snart igen<\/p>\n\n\n\n<p>Vid riktigt sv\u00e5ra samtal kan vi beh\u00f6va t\u00e4nka p\u00e5 hur vi placerar oss och sitter i rummet. Jessica ger d\u00e4rf\u00f6r r\u00e5det att sitta n\u00e4rmast en d\u00f6rr f\u00f6r att ha tillg\u00e5ng till en flyktv\u00e4g. Ibland kan vi pedagoger ocks\u00e5 vara i behov av extra st\u00f6d, och d\u00e5 kan vi v\u00e4nda oss till rektor, specialpedagog eller socialtj\u00e4nst.<\/p>\n\n\n\n<p>Sist vill Jessica trycka p\u00e5 att vi alltid ska ha barnets b\u00e4sta i fokus!<\/p>\n\n\n\n<p>Kristina B\u00e4hr framh\u00e5ller ytterligare r\u00e5d som ber\u00f6r n\u00e4rvarandet och lyssnandet i samtalet. F\u00f6r att lyssna p\u00e5 ett bra s\u00e4tt och komma in i ett n\u00e4rvarande tillst\u00e5nd, undanr\u00f6jer vi alltid st\u00f6rande moment. Detta inneb\u00e4r att vi st\u00e4nger av dator och mobil. N\u00e4r vi \u00e4r n\u00e4rvarande kan vi \u201dsvara an\u201d p\u00e5 era signaler p\u00e5 ett mer professionellt och ink\u00e4nnande s\u00e4tt. Kristina delger ocks\u00e5 vikten att s\u00e4tta ramar f\u00f6r m\u00f6tet f\u00f6r att skapa trygghet. Det inneb\u00e4r exempelvis hur l\u00e4nge m\u00f6tet eller samtalet ska p\u00e5g\u00e5 och vi \u00e4r tydliga och n\u00e4mner det. Samtalet kan m\u00f6jligtvis p\u00e5g\u00e5 i en halvtimme, men att vi beh\u00f6ver de sista fem eller tio minuterna till att sammanfatta. Det \u00e4r \u00e4ven viktigt att vi st\u00e4ller fr\u00e5gor om ni sj\u00e4lva har uppm\u00e4rksammat det vi vill lyfta i samtalet, d\u00e5 det kan hj\u00e4lpa till att \u00e5stadkomma en samsyn. <\/p>\n","protected":false},"excerpt":{"rendered":"<p>Under vecka 10 har vi varit p\u00e5 fortbildningsdag kring sv\u00e5ra samtal med bland annat f\u00f6rel\u00e4sningar av Jessica Ekberg och Kristina B\u00e4hr. Jessica Ekbergs f\u00f6rel\u00e4sning b\u00f6rjar med att lyfta att vi inte ska v\u00e4nta f\u00f6r l\u00e4nge med att ha det sv\u00e5ra&#8230; <a class=\"more-link\" href=\"https:\/\/sola.kau.se\/hagfors\/svara-samtal-kompetensutvecklingsdag\/\">Forts\u00e4tt l\u00e4sa &rarr;<\/a><\/p>\n","protected":false},"author":6604,"featured_media":0,"parent":0,"menu_order":0,"comment_status":"closed","ping_status":"closed","template":"","meta":{"footnotes":""},"class_list":["post-1322","page","type-page","status-publish","hentry"],"_links":{"self":[{"href":"https:\/\/sola.kau.se\/hagfors\/wp-json\/wp\/v2\/pages\/1322","targetHints":{"allow":["GET"]}}],"collection":[{"href":"https:\/\/sola.kau.se\/hagfors\/wp-json\/wp\/v2\/pages"}],"about":[{"href":"https:\/\/sola.kau.se\/hagfors\/wp-json\/wp\/v2\/types\/page"}],"author":[{"embeddable":true,"href":"https:\/\/sola.kau.se\/hagfors\/wp-json\/wp\/v2\/users\/6604"}],"replies":[{"embeddable":true,"href":"https:\/\/sola.kau.se\/hagfors\/wp-json\/wp\/v2\/comments?post=1322"}],"version-history":[{"count":3,"href":"https:\/\/sola.kau.se\/hagfors\/wp-json\/wp\/v2\/pages\/1322\/revisions"}],"predecessor-version":[{"id":1337,"href":"https:\/\/sola.kau.se\/hagfors\/wp-json\/wp\/v2\/pages\/1322\/revisions\/1337"}],"wp:attachment":[{"href":"https:\/\/sola.kau.se\/hagfors\/wp-json\/wp\/v2\/media?parent=1322"}],"curies":[{"name":"wp","href":"https:\/\/api.w.org\/{rel}","templated":true}]}}