 {"id":139,"date":"2025-01-31T11:03:58","date_gmt":"2025-01-31T11:03:58","guid":{"rendered":"https:\/\/sola.kau.se\/hagfors\/?page_id=139"},"modified":"2025-05-27T13:49:57","modified_gmt":"2025-05-27T13:49:57","slug":"mal-och-riktlinjer","status":"publish","type":"page","link":"https:\/\/sola.kau.se\/hagfors\/mal-och-riktlinjer\/","title":{"rendered":"M\u00e5l och riktlinjer"},"content":{"rendered":"\n<p>F\u00f6rskolan har olika m\u00e5l och riktlinjer som vi arbetar med, genom att trycka p\u00e5 knapparna nedan kan du l\u00e4sa mer om hur vi arbetar utifr\u00e5n v\u00e5ra m\u00e5l och riktlinjer inom olika omr\u00e5den:<\/p>\n\n\n\n<div class=\"wp-block-buttons is-layout-flex wp-block-buttons-is-layout-flex\">\n<div class=\"wp-block-button\"><a class=\"wp-block-button__link wp-element-button\" href=\"https:\/\/sola.kau.se\/hagfors\/ska-systematiskt-kvalitetsarbete\/\">SKA &#8211; Systematiskt kvalitetsarbete<\/a><\/div>\n<\/div>\n\n\n\n<div class=\"wp-block-buttons is-layout-flex wp-block-buttons-is-layout-flex\">\n<div class=\"wp-block-button\"><a class=\"wp-block-button__link wp-element-button\" href=\"https:\/\/sola.kau.se\/hagfors\/hallbar-utveckling\/\">H\u00e5llbar utveckling<\/a><\/div>\n<\/div>\n\n\n\n<div class=\"wp-block-buttons is-layout-flex wp-block-buttons-is-layout-flex\">\n<div class=\"wp-block-button\"><a class=\"wp-block-button__link wp-element-button\" href=\"https:\/\/sola.kau.se\/hagfors\/omsorg\/\">Omsorg<\/a><\/div>\n<\/div>\n\n\n\n<div class=\"wp-block-buttons is-layout-flex wp-block-buttons-is-layout-flex\">\n<div class=\"wp-block-button\"><a class=\"wp-block-button__link wp-element-button\" href=\"https:\/\/sola.kau.se\/hagfors\/vardegrund-och-mangfald\/\">V\u00e4rdegrund och m\u00e5ngfald<\/a><\/div>\n<\/div>\n\n\n\n<div class=\"wp-block-buttons is-layout-flex wp-block-buttons-is-layout-flex\">\n<div class=\"wp-block-button\"><a class=\"wp-block-button__link wp-element-button\" href=\"https:\/\/sola.kau.se\/hagfors\/konflikthantering\/\">Konflikthantering<\/a><\/div>\n<\/div>\n\n\n\n<div class=\"wp-block-buttons is-layout-flex wp-block-buttons-is-layout-flex\">\n<div class=\"wp-block-button\"><a class=\"wp-block-button__link wp-element-button\" href=\"https:\/\/sola.kau.se\/hagfors\/likabehandlingsplan-2025\/\">Likabehandlingsplan 2025<\/a><\/div>\n<\/div>\n","protected":false},"excerpt":{"rendered":"<p>F\u00f6rskolan har olika m\u00e5l och riktlinjer som vi arbetar med, genom att trycka p\u00e5 knapparna nedan kan du l\u00e4sa mer om hur vi arbetar utifr\u00e5n v\u00e5ra m\u00e5l och riktlinjer inom olika omr\u00e5den:<\/p>\n","protected":false},"author":3418,"featured_media":0,"parent":0,"menu_order":0,"comment_status":"closed","ping_status":"closed","template":"","meta":{"footnotes":""},"class_list":["post-139","page","type-page","status-publish","hentry"],"_links":{"self":[{"href":"https:\/\/sola.kau.se\/hagfors\/wp-json\/wp\/v2\/pages\/139","targetHints":{"allow":["GET"]}}],"collection":[{"href":"https:\/\/sola.kau.se\/hagfors\/wp-json\/wp\/v2\/pages"}],"about":[{"href":"https:\/\/sola.kau.se\/hagfors\/wp-json\/wp\/v2\/types\/page"}],"author":[{"embeddable":true,"href":"https:\/\/sola.kau.se\/hagfors\/wp-json\/wp\/v2\/users\/3418"}],"replies":[{"embeddable":true,"href":"https:\/\/sola.kau.se\/hagfors\/wp-json\/wp\/v2\/comments?post=139"}],"version-history":[{"count":11,"href":"https:\/\/sola.kau.se\/hagfors\/wp-json\/wp\/v2\/pages\/139\/revisions"}],"predecessor-version":[{"id":1020,"href":"https:\/\/sola.kau.se\/hagfors\/wp-json\/wp\/v2\/pages\/139\/revisions\/1020"}],"wp:attachment":[{"href":"https:\/\/sola.kau.se\/hagfors\/wp-json\/wp\/v2\/media?parent=139"}],"curies":[{"name":"wp","href":"https:\/\/api.w.org\/{rel}","templated":true}]}}