 {"id":278,"date":"2025-02-04T14:21:40","date_gmt":"2025-02-04T14:21:40","guid":{"rendered":"https:\/\/sola.kau.se\/hagfors\/?page_id=278"},"modified":"2025-06-01T11:36:56","modified_gmt":"2025-06-01T11:36:56","slug":"vitsippan-1-3-ar","status":"publish","type":"page","link":"https:\/\/sola.kau.se\/hagfors\/vitsippan-1-3-ar\/","title":{"rendered":"Vitsippan (1-3 \u00e5r)"},"content":{"rendered":"<div class=\"wp-block-image is-style-rounded\">\n<figure class=\"alignleft size-large is-resized\"><img loading=\"lazy\" decoding=\"async\" width=\"1024\" height=\"683\" src=\"https:\/\/sola.kau.se\/hagfors\/wp-content\/uploads\/sites\/1285\/2025\/05\/image-28-1024x683.png\" alt=\"\" class=\"wp-image-1172\" style=\"width:267px;height:auto\" srcset=\"https:\/\/sola.kau.se\/hagfors\/wp-content\/uploads\/sites\/1285\/2025\/05\/image-28-1024x683.png 1024w, https:\/\/sola.kau.se\/hagfors\/wp-content\/uploads\/sites\/1285\/2025\/05\/image-28-300x200.png 300w, https:\/\/sola.kau.se\/hagfors\/wp-content\/uploads\/sites\/1285\/2025\/05\/image-28-768x512.png 768w, https:\/\/sola.kau.se\/hagfors\/wp-content\/uploads\/sites\/1285\/2025\/05\/image-28-600x400.png 600w, https:\/\/sola.kau.se\/hagfors\/wp-content\/uploads\/sites\/1285\/2025\/05\/image-28-945x630.png 945w, https:\/\/sola.kau.se\/hagfors\/wp-content\/uploads\/sites\/1285\/2025\/05\/image-28.png 1536w\" sizes=\"auto, (max-width: 1024px) 100vw, 1024px\" \/><\/figure><\/div>\n\n\n<p>V\u00e4lkommen till Vitsippan, det h\u00e4r \u00e4r de yngsta barnens avdelning! H\u00e4r arbetar f\u00f6rskoll\u00e4rarna Elin &amp; Emma samt barnsk\u00f6tarna Lowa &amp; Maja.<br>I v\u00e5rt lekpedagogiska arbetss\u00e4tt utg\u00e5r vi nu ifr\u00e5n boken om &#8220;liten&#8221;. Utifr\u00e5n kartl\u00e4ggningen av Blomster\u00e4ngens aktiva \u00e5tg\u00e4rder synliggjordes fortsatta konflikter och kr\u00e4nkningar vid undanskymda platser i utomhusmilj\u00f6n.<\/p>\n\n\n\n<p>I September deltog vi i kompetensutveckling g\u00e4llande v\u00e5ld i n\u00e4ra relation, d\u00e4r n\u00e4mndes boken samt material om &#8220;liten&#8221; som betydelsefulla verktyg att anv\u00e4nda i f\u00f6rskolan f\u00f6r att ber\u00f6ra barns r\u00e4ttigheter och vuxnas ansvar i detta. <\/p>\n\n\n<div class=\"wp-block-image is-style-rounded\">\n<figure class=\"alignright size-large is-resized\"><img loading=\"lazy\" decoding=\"async\" width=\"1024\" height=\"683\" src=\"https:\/\/sola.kau.se\/hagfors\/wp-content\/uploads\/sites\/1285\/2025\/05\/image-24-1024x683.png\" alt=\"\" class=\"wp-image-1124\" style=\"width:353px;height:auto\" srcset=\"https:\/\/sola.kau.se\/hagfors\/wp-content\/uploads\/sites\/1285\/2025\/05\/image-24-1024x683.png 1024w, https:\/\/sola.kau.se\/hagfors\/wp-content\/uploads\/sites\/1285\/2025\/05\/image-24-300x200.png 300w, https:\/\/sola.kau.se\/hagfors\/wp-content\/uploads\/sites\/1285\/2025\/05\/image-24-768x512.png 768w, https:\/\/sola.kau.se\/hagfors\/wp-content\/uploads\/sites\/1285\/2025\/05\/image-24-600x400.png 600w, https:\/\/sola.kau.se\/hagfors\/wp-content\/uploads\/sites\/1285\/2025\/05\/image-24-945x630.png 945w, https:\/\/sola.kau.se\/hagfors\/wp-content\/uploads\/sites\/1285\/2025\/05\/image-24.png 1536w\" sizes=\"auto, (max-width: 1024px) 100vw, 1024px\" \/><\/figure><\/div>\n\n\n<p>Utifr\u00e5n ovanst\u00e5ende valde vi d\u00e4rf\u00f6r materialet om &#8220;liten&#8221; som en grund f\u00f6r v\u00e5rt lekpedagogiska arbetss\u00e4tt under v\u00e5rterminen 2025.<\/p>\n\n\n\n<p>Med liten som inspiration i milj\u00f6skapande, aktiviteter samt arbetss\u00e4tt har vi tillsammans med barnen skapat lekv\u00e4rldar, gestaltat olika situationer samt haft m\u00e5nga samtal kring vilka k\u00e4nslor barnen f\u00e5r m\u00f6ta genom materialet. Hur ser du ut i ansiktet n\u00e4r du \u00e4r arg? N\u00e4r k\u00e4nner du dig ledsen?<\/p>\n\n\n<div class=\"wp-block-image is-style-rounded\">\n<figure class=\"alignright size-large is-resized\"><img loading=\"lazy\" decoding=\"async\" width=\"1024\" height=\"683\" src=\"https:\/\/sola.kau.se\/hagfors\/wp-content\/uploads\/sites\/1285\/2025\/05\/image-15-1024x683.png\" alt=\"\" class=\"wp-image-1044\" style=\"width:400px;height:auto\" srcset=\"https:\/\/sola.kau.se\/hagfors\/wp-content\/uploads\/sites\/1285\/2025\/05\/image-15-1024x683.png 1024w, https:\/\/sola.kau.se\/hagfors\/wp-content\/uploads\/sites\/1285\/2025\/05\/image-15-300x200.png 300w, https:\/\/sola.kau.se\/hagfors\/wp-content\/uploads\/sites\/1285\/2025\/05\/image-15-768x512.png 768w, https:\/\/sola.kau.se\/hagfors\/wp-content\/uploads\/sites\/1285\/2025\/05\/image-15-600x400.png 600w, https:\/\/sola.kau.se\/hagfors\/wp-content\/uploads\/sites\/1285\/2025\/05\/image-15-945x630.png 945w, https:\/\/sola.kau.se\/hagfors\/wp-content\/uploads\/sites\/1285\/2025\/05\/image-15.png 1536w\" sizes=\"auto, (max-width: 1024px) 100vw, 1024px\" \/><\/figure><\/div>\n\n\n<figure class=\"wp-block-image size-large is-resized is-style-rounded\"><img loading=\"lazy\" decoding=\"async\" width=\"768\" height=\"1024\" src=\"https:\/\/sola.kau.se\/hagfors\/wp-content\/uploads\/sites\/1285\/2025\/06\/image-2-768x1024.png\" alt=\"\" class=\"wp-image-1240\" style=\"width:233px;height:auto\" srcset=\"https:\/\/sola.kau.se\/hagfors\/wp-content\/uploads\/sites\/1285\/2025\/06\/image-2-768x1024.png 768w, https:\/\/sola.kau.se\/hagfors\/wp-content\/uploads\/sites\/1285\/2025\/06\/image-2-225x300.png 225w, https:\/\/sola.kau.se\/hagfors\/wp-content\/uploads\/sites\/1285\/2025\/06\/image-2-1152x1536.png 1152w, https:\/\/sola.kau.se\/hagfors\/wp-content\/uploads\/sites\/1285\/2025\/06\/image-2-600x800.png 600w, https:\/\/sola.kau.se\/hagfors\/wp-content\/uploads\/sites\/1285\/2025\/06\/image-2-945x1260.png 945w, https:\/\/sola.kau.se\/hagfors\/wp-content\/uploads\/sites\/1285\/2025\/06\/image-2.png 1536w\" sizes=\"auto, (max-width: 768px) 100vw, 768px\" \/><\/figure>\n\n\n\n<p>Ovan kan ni ta del av de lekv\u00e4rldar vi skapat i nul\u00e4get samt aktiviteter d\u00e4r vi samtalat om k\u00e4nslor och liten. F\u00f6r att po\u00e4ngtera v\u00e5rt tankes\u00e4tt g\u00e4llande hur lekv\u00e4rlden ska genomsyra verksamheten samt med grund i l\u00e4roplanen, ser ni exempelvis v\u00e5rt konstruerade &#8220;kryp in&#8221; i v\u00e4ggen. Detta skapade vi tillsammans med barnen d\u00e4r tanken grundar sig i l\u00e4roplanens uttryck g\u00e4llande f\u00f6rskolans uppdrag att respektera barns r\u00e4tt f\u00f6r sin personliga och kroppsliga integritet (s.7). <\/p>\n\n\n\n<figure class=\"wp-block-gallery has-nested-images columns-default is-cropped wp-block-gallery-1 is-layout-flex wp-block-gallery-is-layout-flex\"><\/figure>\n\n\n\n<p><\/p>\n","protected":false},"excerpt":{"rendered":"<p>V\u00e4lkommen till Vitsippan, det h\u00e4r \u00e4r de yngsta barnens avdelning! H\u00e4r arbetar f\u00f6rskoll\u00e4rarna Elin &amp; Emma samt barnsk\u00f6tarna Lowa &amp; Maja.I v\u00e5rt lekpedagogiska arbetss\u00e4tt utg\u00e5r vi nu ifr\u00e5n boken om &#8220;liten&#8221;. Utifr\u00e5n kartl\u00e4ggningen av Blomster\u00e4ngens aktiva \u00e5tg\u00e4rder synliggjordes fortsatta konflikter&#8230; <a class=\"more-link\" href=\"https:\/\/sola.kau.se\/hagfors\/vitsippan-1-3-ar\/\">Forts\u00e4tt l\u00e4sa &rarr;<\/a><\/p>\n","protected":false},"author":3418,"featured_media":0,"parent":0,"menu_order":0,"comment_status":"closed","ping_status":"closed","template":"","meta":{"footnotes":""},"class_list":["post-278","page","type-page","status-publish","hentry"],"_links":{"self":[{"href":"https:\/\/sola.kau.se\/hagfors\/wp-json\/wp\/v2\/pages\/278","targetHints":{"allow":["GET"]}}],"collection":[{"href":"https:\/\/sola.kau.se\/hagfors\/wp-json\/wp\/v2\/pages"}],"about":[{"href":"https:\/\/sola.kau.se\/hagfors\/wp-json\/wp\/v2\/types\/page"}],"author":[{"embeddable":true,"href":"https:\/\/sola.kau.se\/hagfors\/wp-json\/wp\/v2\/users\/3418"}],"replies":[{"embeddable":true,"href":"https:\/\/sola.kau.se\/hagfors\/wp-json\/wp\/v2\/comments?post=278"}],"version-history":[{"count":17,"href":"https:\/\/sola.kau.se\/hagfors\/wp-json\/wp\/v2\/pages\/278\/revisions"}],"predecessor-version":[{"id":1259,"href":"https:\/\/sola.kau.se\/hagfors\/wp-json\/wp\/v2\/pages\/278\/revisions\/1259"}],"wp:attachment":[{"href":"https:\/\/sola.kau.se\/hagfors\/wp-json\/wp\/v2\/media?parent=278"}],"curies":[{"name":"wp","href":"https:\/\/api.w.org\/{rel}","templated":true}]}}