 {"id":304,"date":"2025-02-04T14:31:48","date_gmt":"2025-02-04T14:31:48","guid":{"rendered":"https:\/\/sola.kau.se\/hagfors\/?page_id=304"},"modified":"2025-06-02T12:03:46","modified_gmt":"2025-06-02T12:03:46","slug":"blasippan-1-3-ar","status":"publish","type":"page","link":"https:\/\/sola.kau.se\/hagfors\/blasippan-1-3-ar\/","title":{"rendered":"Bl\u00e5sippan (3-5 \u00e5r)"},"content":{"rendered":"\n<p>P\u00e5 avdelningen Bl\u00e5sippan arbetar Agnes och Martina som \u00e4r f\u00f6rskoll\u00e4rare tillsammans med barnsk\u00f6tarna Kajsa och Astrid. I nul\u00e4get best\u00e5r barngruppen av 15 barn. P\u00e5 denna sida kommer vi uppdatera er om vad vi arbetar med p\u00e5 avdelningen under hela l\u00e4s\u00e5ret!<\/p>\n\n\n<div class=\"wp-block-image is-style-rounded\">\n<figure class=\"aligncenter size-large is-resized\"><img loading=\"lazy\" decoding=\"async\" width=\"1024\" height=\"768\" src=\"https:\/\/sola.kau.se\/hagfors\/wp-content\/uploads\/sites\/1285\/2025\/05\/494690093_2544160645976144_2658596684142196446_n-2-1024x768.jpg\" alt=\"\" class=\"wp-image-1197\" style=\"width:367px;height:auto\" srcset=\"https:\/\/sola.kau.se\/hagfors\/wp-content\/uploads\/sites\/1285\/2025\/05\/494690093_2544160645976144_2658596684142196446_n-2-1024x768.jpg 1024w, https:\/\/sola.kau.se\/hagfors\/wp-content\/uploads\/sites\/1285\/2025\/05\/494690093_2544160645976144_2658596684142196446_n-2-300x225.jpg 300w, https:\/\/sola.kau.se\/hagfors\/wp-content\/uploads\/sites\/1285\/2025\/05\/494690093_2544160645976144_2658596684142196446_n-2-768x576.jpg 768w, https:\/\/sola.kau.se\/hagfors\/wp-content\/uploads\/sites\/1285\/2025\/05\/494690093_2544160645976144_2658596684142196446_n-2-1536x1152.jpg 1536w, https:\/\/sola.kau.se\/hagfors\/wp-content\/uploads\/sites\/1285\/2025\/05\/494690093_2544160645976144_2658596684142196446_n-2-2048x1536.jpg 2048w, https:\/\/sola.kau.se\/hagfors\/wp-content\/uploads\/sites\/1285\/2025\/05\/494690093_2544160645976144_2658596684142196446_n-2-600x450.jpg 600w, https:\/\/sola.kau.se\/hagfors\/wp-content\/uploads\/sites\/1285\/2025\/05\/494690093_2544160645976144_2658596684142196446_n-2-945x709.jpg 945w\" sizes=\"auto, (max-width: 1024px) 100vw, 1024px\" \/><\/figure><\/div>\n\n\n<p>Avdelningen Bl\u00e5sippan har under v\u00e5rterminen fokuserat p\u00e5 att arbeta med <em>Kompisb\u00f6ckerna<\/em> som \u00e4r baserade p\u00e5 Barnkonventionen. Vi har bland annat utifr\u00e5n v\u00e5r lekpedagogiska profil skapat lekv\u00e4rldar tillsammans med barnen, sedan har vi \u00e4ven f\u00e5tt bes\u00f6k av b\u00e5de Kanin och Igelkott n\u00e5gra g\u00e5nger! Detta har varit mycket uppskattat av b\u00e5de barnen och oss pedagoger. Utifr\u00e5n b\u00f6ckerna <em>Ett eget namn<\/em> och <em>En egen plats<\/em> har vi haft samtal med barnen och diskuterat fr\u00e5gor som exempelvis: &#8220;Varf\u00f6r \u00e4r det bra att ha ett namn?\u201d och \u201dvar vill du vara ensam och i fred?\u201d<\/p>\n\n\n\n<p>Genom detta tema v\u00e5r barnen l\u00e4ra sig mer om sin egna integritet och sina r\u00e4ttigheter. Vi diskuterar ocks\u00e5 k\u00e4nslor och hur det kan k\u00e4nnas n\u00e4r till exempel n\u00e5gon inte l\u00e5ter en vara ifred? Materialet som anv\u00e4nds i lekmilj\u00f6n som exempelvis kompisb\u00f6ckerna och kanin och igelkott finns alltid tillg\u00e4ngliga p\u00e5 avdelningen s\u00e5 barnen sj\u00e4lva kan utforska och starta diskussioner utifr\u00e5n deras egna funderingar.<\/p>\n\n\n\n<div class=\"wp-block-columns is-layout-flex wp-container-core-columns-is-layout-9d6595d7 wp-block-columns-is-layout-flex\">\n<div class=\"wp-block-column is-layout-flow wp-block-column-is-layout-flow\" style=\"flex-basis:100%\">\n<figure class=\"wp-block-gallery has-nested-images columns-default is-cropped wp-block-gallery-1 is-layout-flex wp-block-gallery-is-layout-flex\">\n<figure class=\"wp-block-image size-large is-resized is-style-rounded\"><img loading=\"lazy\" decoding=\"async\" width=\"831\" height=\"1024\" data-id=\"1200\" src=\"https:\/\/sola.kau.se\/hagfors\/wp-content\/uploads\/sites\/1285\/2025\/05\/ChatGPT-Image-31-maj-2025-20_27_07-2-831x1024.png\" alt=\"\" class=\"wp-image-1200\" style=\"width:331px;height:auto\" srcset=\"https:\/\/sola.kau.se\/hagfors\/wp-content\/uploads\/sites\/1285\/2025\/05\/ChatGPT-Image-31-maj-2025-20_27_07-2-831x1024.png 831w, https:\/\/sola.kau.se\/hagfors\/wp-content\/uploads\/sites\/1285\/2025\/05\/ChatGPT-Image-31-maj-2025-20_27_07-2-243x300.png 243w, https:\/\/sola.kau.se\/hagfors\/wp-content\/uploads\/sites\/1285\/2025\/05\/ChatGPT-Image-31-maj-2025-20_27_07-2-768x947.png 768w, https:\/\/sola.kau.se\/hagfors\/wp-content\/uploads\/sites\/1285\/2025\/05\/ChatGPT-Image-31-maj-2025-20_27_07-2-600x739.png 600w, https:\/\/sola.kau.se\/hagfors\/wp-content\/uploads\/sites\/1285\/2025\/05\/ChatGPT-Image-31-maj-2025-20_27_07-2-945x1165.png 945w, https:\/\/sola.kau.se\/hagfors\/wp-content\/uploads\/sites\/1285\/2025\/05\/ChatGPT-Image-31-maj-2025-20_27_07-2.png 1024w\" sizes=\"auto, (max-width: 831px) 100vw, 831px\" \/><\/figure>\n\n\n\n<figure class=\"wp-block-image size-large is-resized is-style-rounded\"><img loading=\"lazy\" decoding=\"async\" width=\"683\" height=\"1024\" data-id=\"1290\" src=\"https:\/\/sola.kau.se\/hagfors\/wp-content\/uploads\/sites\/1285\/2025\/06\/ChatGPT-Image-2-juni-2025-11_19_29-683x1024.png\" alt=\"\" class=\"wp-image-1290\" style=\"width:267px;height:auto\" srcset=\"https:\/\/sola.kau.se\/hagfors\/wp-content\/uploads\/sites\/1285\/2025\/06\/ChatGPT-Image-2-juni-2025-11_19_29-683x1024.png 683w, https:\/\/sola.kau.se\/hagfors\/wp-content\/uploads\/sites\/1285\/2025\/06\/ChatGPT-Image-2-juni-2025-11_19_29-200x300.png 200w, https:\/\/sola.kau.se\/hagfors\/wp-content\/uploads\/sites\/1285\/2025\/06\/ChatGPT-Image-2-juni-2025-11_19_29-768x1152.png 768w, https:\/\/sola.kau.se\/hagfors\/wp-content\/uploads\/sites\/1285\/2025\/06\/ChatGPT-Image-2-juni-2025-11_19_29-600x900.png 600w, https:\/\/sola.kau.se\/hagfors\/wp-content\/uploads\/sites\/1285\/2025\/06\/ChatGPT-Image-2-juni-2025-11_19_29-945x1418.png 945w, https:\/\/sola.kau.se\/hagfors\/wp-content\/uploads\/sites\/1285\/2025\/06\/ChatGPT-Image-2-juni-2025-11_19_29.png 1024w\" sizes=\"auto, (max-width: 683px) 100vw, 683px\" \/><\/figure>\n<\/figure>\n\n\n<div class=\"wp-block-image is-style-rounded\">\n<figure class=\"aligncenter size-large is-resized\"><img loading=\"lazy\" decoding=\"async\" width=\"1024\" height=\"683\" src=\"https:\/\/sola.kau.se\/hagfors\/wp-content\/uploads\/sites\/1285\/2025\/06\/ChatGPT-Image-1-juni-2025-23_25_44-2-1024x683.png\" alt=\"\" class=\"wp-image-1314\" style=\"width:429px;height:auto\" srcset=\"https:\/\/sola.kau.se\/hagfors\/wp-content\/uploads\/sites\/1285\/2025\/06\/ChatGPT-Image-1-juni-2025-23_25_44-2-1024x683.png 1024w, https:\/\/sola.kau.se\/hagfors\/wp-content\/uploads\/sites\/1285\/2025\/06\/ChatGPT-Image-1-juni-2025-23_25_44-2-300x200.png 300w, https:\/\/sola.kau.se\/hagfors\/wp-content\/uploads\/sites\/1285\/2025\/06\/ChatGPT-Image-1-juni-2025-23_25_44-2-768x512.png 768w, https:\/\/sola.kau.se\/hagfors\/wp-content\/uploads\/sites\/1285\/2025\/06\/ChatGPT-Image-1-juni-2025-23_25_44-2-600x400.png 600w, https:\/\/sola.kau.se\/hagfors\/wp-content\/uploads\/sites\/1285\/2025\/06\/ChatGPT-Image-1-juni-2025-23_25_44-2-945x630.png 945w, https:\/\/sola.kau.se\/hagfors\/wp-content\/uploads\/sites\/1285\/2025\/06\/ChatGPT-Image-1-juni-2025-23_25_44-2.png 1536w\" sizes=\"auto, (max-width: 1024px) 100vw, 1024px\" \/><\/figure><\/div>\n\n\n<figure class=\"wp-block-gallery alignleft has-nested-images columns-default is-cropped wp-block-gallery-2 is-layout-flex wp-block-gallery-is-layout-flex\"><\/figure>\n<\/div>\n<\/div>\n\n\n\n<p>Barnen p\u00e5 avdelningen Bl\u00e5sippan har f\u00f6r n\u00e5gra veckor sedan p\u00e5b\u00f6rjat \u00e5rets odling p\u00e5 f\u00f6rskolan med att plantera sm\u00e5 mor\u00f6tter, paprika, sallat och \u00e4rtskott. P\u00e5 bilden l\u00e4ngre ned har det b\u00f6rjat komma upp sm\u00e5 plantor f\u00f6r sallat och paprika. N\u00e4r plantorna har v\u00e4xt till sig och det b\u00f6rjar bli lite varmare ute kommer dessa att f\u00e5 flytta ut till v\u00e5ra pallkragar som finns p\u00e5 g\u00e5rden.<\/p>\n\n\n<div class=\"wp-block-image\">\n<figure class=\"aligncenter size-large is-resized\"><img loading=\"lazy\" decoding=\"async\" width=\"1024\" height=\"431\" src=\"https:\/\/sola.kau.se\/hagfors\/wp-content\/uploads\/sites\/1285\/2025\/06\/ChatGPT-Image-7-maj-2025-15_17_56-1024x431.png\" alt=\"\" class=\"wp-image-1316\" style=\"width:628px;height:auto\" srcset=\"https:\/\/sola.kau.se\/hagfors\/wp-content\/uploads\/sites\/1285\/2025\/06\/ChatGPT-Image-7-maj-2025-15_17_56-1024x431.png 1024w, https:\/\/sola.kau.se\/hagfors\/wp-content\/uploads\/sites\/1285\/2025\/06\/ChatGPT-Image-7-maj-2025-15_17_56-300x126.png 300w, https:\/\/sola.kau.se\/hagfors\/wp-content\/uploads\/sites\/1285\/2025\/06\/ChatGPT-Image-7-maj-2025-15_17_56-768x323.png 768w, https:\/\/sola.kau.se\/hagfors\/wp-content\/uploads\/sites\/1285\/2025\/06\/ChatGPT-Image-7-maj-2025-15_17_56-600x252.png 600w, https:\/\/sola.kau.se\/hagfors\/wp-content\/uploads\/sites\/1285\/2025\/06\/ChatGPT-Image-7-maj-2025-15_17_56-945x398.png 945w, https:\/\/sola.kau.se\/hagfors\/wp-content\/uploads\/sites\/1285\/2025\/06\/ChatGPT-Image-7-maj-2025-15_17_56.png 1338w\" sizes=\"auto, (max-width: 1024px) 100vw, 1024px\" \/><\/figure><\/div>\n\n\n<p><strong>Uppdatering 28\/5-2025: <\/strong>F\u00f6r n\u00e5gra veckor sedan skrev vi att barnen och pedagogerna h\u00e4r p\u00e5 Bl\u00e5sippans avdelning hade p\u00e5b\u00f6rjat sin odling. V\u00e4xterna har vuxit till sig och det har blivit tillr\u00e4ckligt varmt och fint v\u00e4der f\u00f6r att plantorna att \u00e4ntligen f\u00e5 flytta ut till v\u00e5ra pallkragar p\u00e5 v\u00e5r f\u00f6rskoleg\u00e5rd. H\u00e4r har vi f\u00f6re &#8211; och efterbilder fr\u00e5n omplanteringen med barnen!<\/p>\n\n\n\n<figure class=\"wp-block-gallery has-nested-images columns-default is-cropped wp-block-gallery-3 is-layout-flex wp-block-gallery-is-layout-flex\">\n<figure class=\"wp-block-image size-large is-resized\"><img loading=\"lazy\" decoding=\"async\" width=\"1024\" height=\"446\" data-id=\"1096\" src=\"https:\/\/sola.kau.se\/hagfors\/wp-content\/uploads\/sites\/1285\/2025\/05\/Lekplats-och-tradgardsbaddar-i-forskola-1024x446.png\" alt=\"\" class=\"wp-image-1096\" style=\"width:377px;height:auto\" srcset=\"https:\/\/sola.kau.se\/hagfors\/wp-content\/uploads\/sites\/1285\/2025\/05\/Lekplats-och-tradgardsbaddar-i-forskola-1024x446.png 1024w, https:\/\/sola.kau.se\/hagfors\/wp-content\/uploads\/sites\/1285\/2025\/05\/Lekplats-och-tradgardsbaddar-i-forskola-300x131.png 300w, https:\/\/sola.kau.se\/hagfors\/wp-content\/uploads\/sites\/1285\/2025\/05\/Lekplats-och-tradgardsbaddar-i-forskola-768x334.png 768w, https:\/\/sola.kau.se\/hagfors\/wp-content\/uploads\/sites\/1285\/2025\/05\/Lekplats-och-tradgardsbaddar-i-forskola-600x261.png 600w, https:\/\/sola.kau.se\/hagfors\/wp-content\/uploads\/sites\/1285\/2025\/05\/Lekplats-och-tradgardsbaddar-i-forskola-945x412.png 945w, https:\/\/sola.kau.se\/hagfors\/wp-content\/uploads\/sites\/1285\/2025\/05\/Lekplats-och-tradgardsbaddar-i-forskola.png 1511w\" sizes=\"auto, (max-width: 1024px) 100vw, 1024px\" \/><\/figure>\n\n\n\n<figure class=\"wp-block-image size-large is-resized\"><img loading=\"lazy\" decoding=\"async\" width=\"1024\" height=\"445\" data-id=\"1115\" src=\"https:\/\/sola.kau.se\/hagfors\/wp-content\/uploads\/sites\/1285\/2025\/05\/Lekplats-med-tradgardsbaddar-och-lekfulla-farger-2-1024x445.png\" alt=\"\" class=\"wp-image-1115\" style=\"width:399px;height:auto\" srcset=\"https:\/\/sola.kau.se\/hagfors\/wp-content\/uploads\/sites\/1285\/2025\/05\/Lekplats-med-tradgardsbaddar-och-lekfulla-farger-2-1024x445.png 1024w, https:\/\/sola.kau.se\/hagfors\/wp-content\/uploads\/sites\/1285\/2025\/05\/Lekplats-med-tradgardsbaddar-och-lekfulla-farger-2-300x130.png 300w, https:\/\/sola.kau.se\/hagfors\/wp-content\/uploads\/sites\/1285\/2025\/05\/Lekplats-med-tradgardsbaddar-och-lekfulla-farger-2-768x333.png 768w, https:\/\/sola.kau.se\/hagfors\/wp-content\/uploads\/sites\/1285\/2025\/05\/Lekplats-med-tradgardsbaddar-och-lekfulla-farger-2-600x260.png 600w, https:\/\/sola.kau.se\/hagfors\/wp-content\/uploads\/sites\/1285\/2025\/05\/Lekplats-med-tradgardsbaddar-och-lekfulla-farger-2-945x410.png 945w, https:\/\/sola.kau.se\/hagfors\/wp-content\/uploads\/sites\/1285\/2025\/05\/Lekplats-med-tradgardsbaddar-och-lekfulla-farger-2.png 1518w\" sizes=\"auto, (max-width: 1024px) 100vw, 1024px\" \/><\/figure>\n<\/figure>\n\n\n\n<p><\/p>\n","protected":false},"excerpt":{"rendered":"<p>P\u00e5 avdelningen Bl\u00e5sippan arbetar Agnes och Martina som \u00e4r f\u00f6rskoll\u00e4rare tillsammans med barnsk\u00f6tarna Kajsa och Astrid. I nul\u00e4get best\u00e5r barngruppen av 15 barn. P\u00e5 denna sida kommer vi uppdatera er om vad vi arbetar med p\u00e5 avdelningen under hela l\u00e4s\u00e5ret!&#8230; <a class=\"more-link\" href=\"https:\/\/sola.kau.se\/hagfors\/blasippan-1-3-ar\/\">Forts\u00e4tt l\u00e4sa &rarr;<\/a><\/p>\n","protected":false},"author":3418,"featured_media":0,"parent":0,"menu_order":0,"comment_status":"closed","ping_status":"closed","template":"","meta":{"footnotes":""},"class_list":["post-304","page","type-page","status-publish","hentry"],"_links":{"self":[{"href":"https:\/\/sola.kau.se\/hagfors\/wp-json\/wp\/v2\/pages\/304","targetHints":{"allow":["GET"]}}],"collection":[{"href":"https:\/\/sola.kau.se\/hagfors\/wp-json\/wp\/v2\/pages"}],"about":[{"href":"https:\/\/sola.kau.se\/hagfors\/wp-json\/wp\/v2\/types\/page"}],"author":[{"embeddable":true,"href":"https:\/\/sola.kau.se\/hagfors\/wp-json\/wp\/v2\/users\/3418"}],"replies":[{"embeddable":true,"href":"https:\/\/sola.kau.se\/hagfors\/wp-json\/wp\/v2\/comments?post=304"}],"version-history":[{"count":23,"href":"https:\/\/sola.kau.se\/hagfors\/wp-json\/wp\/v2\/pages\/304\/revisions"}],"predecessor-version":[{"id":1317,"href":"https:\/\/sola.kau.se\/hagfors\/wp-json\/wp\/v2\/pages\/304\/revisions\/1317"}],"wp:attachment":[{"href":"https:\/\/sola.kau.se\/hagfors\/wp-json\/wp\/v2\/media?parent=304"}],"curies":[{"name":"wp","href":"https:\/\/api.w.org\/{rel}","templated":true}]}}