 {"id":403,"date":"2025-02-06T09:50:59","date_gmt":"2025-02-06T09:50:59","guid":{"rendered":"https:\/\/sola.kau.se\/hagfors\/colibri-wp\/"},"modified":"2025-06-01T11:18:24","modified_gmt":"2025-06-01T11:18:24","slug":"colibri-wp","status":"publish","type":"page","link":"https:\/\/sola.kau.se\/hagfors\/","title":{"rendered":"V\u00e4lkommen till oss!"},"content":{"rendered":"<div class=\"wp-block-image\">\n<figure class=\"alignright size-full is-resized\"><img loading=\"lazy\" decoding=\"async\" width=\"500\" height=\"500\" src=\"https:\/\/sola.kau.se\/hagfors\/wp-content\/uploads\/sites\/1285\/2025\/01\/Blomsterangens-3-1.png\" alt=\"\" class=\"wp-image-147\" style=\"width:221px;height:auto\" srcset=\"https:\/\/sola.kau.se\/hagfors\/wp-content\/uploads\/sites\/1285\/2025\/01\/Blomsterangens-3-1.png 500w, https:\/\/sola.kau.se\/hagfors\/wp-content\/uploads\/sites\/1285\/2025\/01\/Blomsterangens-3-1-300x300.png 300w, https:\/\/sola.kau.se\/hagfors\/wp-content\/uploads\/sites\/1285\/2025\/01\/Blomsterangens-3-1-150x150.png 150w, https:\/\/sola.kau.se\/hagfors\/wp-content\/uploads\/sites\/1285\/2025\/01\/Blomsterangens-3-1-400x400.png 400w\" sizes=\"auto, (max-width: 500px) 100vw, 500px\" \/><\/figure><\/div>\n\n\n<p>V\u00e4lkommen till Blomster\u00e4ngens hemsida. Vi \u00e4r en kommunal f\u00f6rskola i Ekforsstads kommun. Blomster\u00e4ngens f\u00f6rskola best\u00e5r av tv\u00e5 avdelningar:<\/p>\n\n\n\n<ul class=\"wp-block-list\">\n<li><strong>Vitsippan: <\/strong>1-3 \u00e5r, 12 platser<\/li>\n\n\n\n<li><strong>Bl\u00e5sippan:<\/strong> 3-5 \u00e5r, 15 platser<\/li>\n<\/ul>\n\n\n\n<p class=\"has-text-align-left\">I val av namn vill vi synligg\u00f6ra v\u00e5rt syns\u00e4tt i v\u00e5r pedagogiska verksamhet, p\u00e5 en blomster\u00e4ng finns m\u00e4ngder av olika blommor och v\u00e4xter som kr\u00e4ver individuella f\u00f6ruts\u00e4ttningar f\u00f6r att utvecklas. Vi kompletterar v\u00e5rt namn med v\u00e5r slogan d\u00e4r vi vill synligg\u00f6ra att det \u00e4r F\u00f6rskolans ansvar att: Ge varje barn r\u00e4tt f\u00f6ruts\u00e4ttningar f\u00f6r sin individuella utveckling (s.6). M\u00e5nga b\u00e4ckar sm\u00e5 &#8211; blommor beh\u00f6ver fler \u00e4n en f\u00f6ruts\u00e4ttning och d\u00e4rf\u00f6r vill vi ocks\u00e5 belysa att vi utvecklas och l\u00e4r tillsammans p\u00e5 Blomster\u00e4ngens f\u00f6rskola.<\/p>\n\n\n<div class=\"wp-block-image\">\n<figure class=\"alignright is-resized\"><img decoding=\"async\" src=\"https:\/\/lh7-rt.googleusercontent.com\/docsz\/AD_4nXeCYzgdnp_imIQncnmbbWPky_ceILKtqHWvh3Y3lQ09zDOc8Il6cq6WZNfGfqoAliRJgfm6I46CDcL63F4Qg_oLtHWFMoWmwMqaTICU216tvXsrK7rJgfl9TbkvtMJgZUkRo2-qRg?key=kl1OsBUoS15ak-LvjW_p2QTD\" alt=\"\" style=\"width:393px;height:auto\" \/><\/figure><\/div>\n\n\n<p class=\"has-text-align-left\"><strong>Hur en dag ser ut hos oss:<\/strong><br><strong>06.00<\/strong>&#8211; F\u00f6rskolan \u00f6ppnar<br><strong>09.00<\/strong> gruppindelning med planerad aktivitet<br><strong>11.30<\/strong> Lunch <br><strong>12.15 <\/strong>Vila <br><strong>14.30<\/strong> Mellanm\u00e5l<br><strong>15.30<\/strong> Avdelningarna sl\u00e5s samman <br><strong>18.00<\/strong> f\u00f6rskolan st\u00e4nger<\/p>\n\n\n\n<p><strong>Avvikande \u00f6ppettider:<\/strong><br>Under varje l\u00e4s\u00e5r har Blomster\u00e4ngen bland annat fyra kompetensutvecklingsdagar. Dessa dagar har f\u00f6rskolan begr\u00e4nsad \u00f6ppettid samt vikarier p\u00e5 plats f\u00f6r att samtlig personal ska kunna delta i fortbildningarna. Genom att all personal f\u00e5r m\u00f6jlighet att delta s\u00e5 ges vi f\u00f6ruts\u00e4ttningar f\u00f6r ny och \u00f6kad f\u00f6rdjupning i kunskap, vilket bidrar till \u00f6kad kvalit\u00e9 p\u00e5 f\u00f6rskolans utbildning.<br><br><em>F\u00f6r att se alla l\u00e4s\u00e5rs-tider samt aktuell info kring taxa och avgifter:<\/em> <a href=\"https:\/\/sola.kau.se\/hagfors\/lasarstider-2025\/\">Klicka h\u00e4r<\/a><\/p>\n\n\n\n<div class=\"wp-block-group alignwide is-vertical is-content-justification-center is-layout-flex wp-container-core-group-is-layout-33274b1e wp-block-group-is-layout-flex\">\n<p><\/p>\n\n\n\n<p><strong>V\u00e5r inriktning\/profil: <\/strong><br>L\u00e4roplanen f\u00f6r f\u00f6rskolan (2018) beskriver att: &#8220;<em>Leken ska ha en central plats i utbildningen. Ett f\u00f6rh\u00e5llningss\u00e4tt hos alla som ing\u00e5r i arbetslaget och en milj\u00f6 som uppmuntrar till lek bekr\u00e4ftar lekens betydelse f\u00f6r barnens utveckling, l\u00e4rande och v\u00e4lbefinnande<\/em>&#8221; (Skolverket, 2018 s. 8). P\u00e5 Blomster\u00e4ngens f\u00f6rskola arbetar vi d\u00e4rf\u00f6r med olika teman med utg\u00e5ngspunkt i lekpedagogiskt arbetss\u00e4tt, d\u00e4r det huvudsakliga fokuset ligger p\u00e5 att barn tillsammans med oss pedagoger l\u00e4r genom att vi skapar lekmilj\u00f6er och lekv\u00e4rldar utifr\u00e5n barnlitteratur. Vi p\u00e5 blomster\u00e4ngen l\u00e4gger stor vikt i att barnen ska g\u00f6ras delaktiga och ha inflytande p\u00e5 sin undervisning, n\u00e5got som \u00e4ven l\u00e4roplanen belyser att barnen har r\u00e4tt till (Skolverket, 2018). N\u00e4r vi ska v\u00e4lja tema brukar vi utg\u00e5 ifr\u00e5n det barnen visar intresse f\u00f6r, ibland f\u00e5r barnen r\u00f6sta mellan tv\u00e5 alternativ och ibland v\u00e4ljer vi n\u00e5got vi ser att barnen har intresse f\u00f6r. Exempelvis om barnen visat ett stort intresse f\u00f6r fordon kan vi skapa en lekmilj\u00f6 baserat p\u00e5 det. <\/p>\n\n\n\n<p>Som v\u00e5r slogan lyder: &#8220;<em>Blommor beh\u00f6ver b\u00e5de tid och f\u00f6ruts\u00e4ttningar f\u00f6r att blomstra. Hos oss f\u00e5r ditt barn b\u00e5de tid och f\u00f6ruts\u00e4ttningar f\u00f6r att blomstra i samspel med pedagoger och andra barn.<\/em>&#8221;  Vi ser oss pedagoger som medforskare i barnen uppt\u00e4ckande och l\u00e4rande, detta f\u00f6r att ge barnen r\u00e4tt f\u00f6ruts\u00e4ttningar f\u00f6r att utvecklas.<\/p>\n\n\n\n<p><\/p>\n\n\n<\/div>\n\n\n<div class=\"wp-block-image\">\n<figure class=\"alignleft size-full is-resized\"><img loading=\"lazy\" decoding=\"async\" width=\"500\" height=\"500\" src=\"https:\/\/sola.kau.se\/hagfors\/wp-content\/uploads\/sites\/1285\/2025\/05\/Startsida-krokus.png\" alt=\"\" class=\"wp-image-937\" style=\"width:251px;height:auto\" srcset=\"https:\/\/sola.kau.se\/hagfors\/wp-content\/uploads\/sites\/1285\/2025\/05\/Startsida-krokus.png 500w, https:\/\/sola.kau.se\/hagfors\/wp-content\/uploads\/sites\/1285\/2025\/05\/Startsida-krokus-300x300.png 300w, https:\/\/sola.kau.se\/hagfors\/wp-content\/uploads\/sites\/1285\/2025\/05\/Startsida-krokus-150x150.png 150w\" sizes=\"auto, (max-width: 500px) 100vw, 500px\" \/><\/figure><\/div>\n\n\n<p><strong>Dokumentationsverktyg:<\/strong><br>Vi anv\u00e4nder oss av l\u00e4rportalen <strong>Krokus<\/strong>, d\u00e4r kan ni enkelt l\u00e4gga in vistelsetider och fr\u00e5nvaro f\u00f6r ert barn, samt ta del av v\u00e5r dokumentation, dokumentation f\u00f6r enskilt barn, planeringar, \u00f6vrig information, blogginl\u00e4gg veckovis samt kontaktm\u00f6jligheter. Inloggningsuppgifter f\u00e5r ni i anslutning till placeringsbeslutet.<\/p>\n\n\n\n<p>Ni hittar appen i<strong> <\/strong><a href=\"https:\/\/www.apple.com\/se\/app-store\/\"><strong>app store<\/strong><\/a> eller <a href=\"https:\/\/play.google.com\/store\/games?pli=1\"><strong>google play<\/strong><\/a><\/p>\n\n\n\n<p class=\"has-normal-font-size\"><\/p>\n\n\n\n<div class=\"wp-block-group alignwide is-nowrap is-layout-flex wp-container-core-group-is-layout-ad2f72ca wp-block-group-is-layout-flex\">\n<p><\/p>\n<\/div>\n","protected":false},"excerpt":{"rendered":"<p>V\u00e4lkommen till Blomster\u00e4ngens hemsida. Vi \u00e4r en kommunal f\u00f6rskola i Ekforsstads kommun. Blomster\u00e4ngens f\u00f6rskola best\u00e5r av tv\u00e5 avdelningar: I val av namn vill vi synligg\u00f6ra v\u00e5rt syns\u00e4tt i v\u00e5r pedagogiska verksamhet, p\u00e5 en blomster\u00e4ng finns m\u00e4ngder av olika blommor och&#8230; <a class=\"more-link\" href=\"https:\/\/sola.kau.se\/hagfors\/\">Forts\u00e4tt l\u00e4sa &rarr;<\/a><\/p>\n","protected":false},"author":4888,"featured_media":0,"parent":0,"menu_order":0,"comment_status":"closed","ping_status":"closed","template":"","meta":{"footnotes":""},"class_list":["post-403","page","type-page","status-publish","hentry"],"_links":{"self":[{"href":"https:\/\/sola.kau.se\/hagfors\/wp-json\/wp\/v2\/pages\/403","targetHints":{"allow":["GET"]}}],"collection":[{"href":"https:\/\/sola.kau.se\/hagfors\/wp-json\/wp\/v2\/pages"}],"about":[{"href":"https:\/\/sola.kau.se\/hagfors\/wp-json\/wp\/v2\/types\/page"}],"author":[{"embeddable":true,"href":"https:\/\/sola.kau.se\/hagfors\/wp-json\/wp\/v2\/users\/4888"}],"replies":[{"embeddable":true,"href":"https:\/\/sola.kau.se\/hagfors\/wp-json\/wp\/v2\/comments?post=403"}],"version-history":[{"count":71,"href":"https:\/\/sola.kau.se\/hagfors\/wp-json\/wp\/v2\/pages\/403\/revisions"}],"predecessor-version":[{"id":1339,"href":"https:\/\/sola.kau.se\/hagfors\/wp-json\/wp\/v2\/pages\/403\/revisions\/1339"}],"wp:attachment":[{"href":"https:\/\/sola.kau.se\/hagfors\/wp-json\/wp\/v2\/media?parent=403"}],"curies":[{"name":"wp","href":"https:\/\/api.w.org\/{rel}","templated":true}]}}