 {"id":522,"date":"2025-02-14T12:19:11","date_gmt":"2025-02-14T12:19:11","guid":{"rendered":"https:\/\/sola.kau.se\/hagfors\/?page_id=522"},"modified":"2025-02-14T12:19:11","modified_gmt":"2025-02-14T12:19:11","slug":"introduktionsschema","status":"publish","type":"page","link":"https:\/\/sola.kau.se\/hagfors\/introduktionsschema\/","title":{"rendered":"Introduktionsschema"},"content":{"rendered":"\n<p><strong>V\u00e5r ursprungliga introduktionsmodell:<\/strong><\/p>\n\n\n\n<p><em>Tiderna modifieras utefter vilket barn vi m\u00f6ter, vilka vistelsetider som \u00e4r aktuella f\u00f6r just ditt barn etc. Introduktionen kan ocks\u00e5 bli l\u00e4ngre om behovet finns.<\/em><\/p>\n\n\n\n<figure class=\"wp-block-table alignwide\"><table class=\"has-fixed-layout\"><tbody><tr><td>Dag<\/td><td>Tid<\/td><td>Uppl\u00e4gg<\/td><\/tr><tr><td>Onsdag<\/td><td><strong>09.00-10.00<\/strong><\/td><td>Du och ditt barn \u00e4r aktiva i milj\u00f6n tillsammans med pedagog och ca 5 barn, h\u00e4r f\u00f6ljer vi barnets intresse och p\u00e5b\u00f6rjar introducering av material, f\u00f6rskolegruppen och milj\u00f6.&nbsp;<\/td><\/tr><tr><td>Torsdag<\/td><td><strong>09.00-11.00<\/strong><\/td><td>Vi forts\u00e4tter i g\u00e5rdagens uppl\u00e4gg men nu finns hela barngruppen tillg\u00e4nglig. En planerad undervisningssituation genomf\u00f6rs, vars inneh\u00e5ll utg\u00e5r fr\u00e5n m\u00e5len i l\u00e4roplanen.<\/td><\/tr><tr><td>Fredag<\/td><td><strong>09.00-12.00<\/strong><br>LUNCH 11.30-12.00<\/td><td>Denna dag genomf\u00f6rs en planerad undervisningssituation d\u00e4r inneh\u00e5llet till viss del pr\u00e4glas av barnets visade intresse. Det visade intresset kan exempelvis handla om visad trygghet f\u00f6r ett barn, ett specifikt material eller en specifik plats i den fysiska milj\u00f6n.&nbsp;Dagen avslutas med lunch d\u00e4r v\u00e5rdnadshavare ocks\u00e5 n\u00e4rvarar aktivt.<\/td><\/tr><tr><td>M\u00e5ndag<\/td><td><strong>09.00-13.00<\/strong>LUNCH 11.30-12.00VILA 12.00-13.00<\/td><td>Under denna dag genomf\u00f6rs en planerad undervisningssituation ute p\u00e5 v\u00e5r g\u00e5rd. D\u00e4r ni tillsammans med f\u00f6rskolegruppen och pedagoger f\u00e5r delta samt uppt\u00e4cka en ny milj\u00f6 p\u00e5 f\u00f6rskolan.<\/td><\/tr><tr><td>Tisdag<\/td><td><strong>09.00-14.00<\/strong><\/td><td>Sista introduktionsdagen &#8211; du l\u00e4mnar barnet hos oss men finns tillg\u00e4nglig f\u00f6r kontakt.<\/td><\/tr><\/tbody><\/table><\/figure>\n","protected":false},"excerpt":{"rendered":"<p>V\u00e5r ursprungliga introduktionsmodell: Tiderna modifieras utefter vilket barn vi m\u00f6ter, vilka vistelsetider som \u00e4r aktuella f\u00f6r just ditt barn etc. Introduktionen kan ocks\u00e5 bli l\u00e4ngre om behovet finns. Dag Tid Uppl\u00e4gg Onsdag 09.00-10.00 Du och ditt barn \u00e4r aktiva i&#8230; <a class=\"more-link\" href=\"https:\/\/sola.kau.se\/hagfors\/introduktionsschema\/\">Forts\u00e4tt l\u00e4sa &rarr;<\/a><\/p>\n","protected":false},"author":4888,"featured_media":0,"parent":0,"menu_order":0,"comment_status":"closed","ping_status":"closed","template":"","meta":{"footnotes":""},"class_list":["post-522","page","type-page","status-publish","hentry"],"_links":{"self":[{"href":"https:\/\/sola.kau.se\/hagfors\/wp-json\/wp\/v2\/pages\/522","targetHints":{"allow":["GET"]}}],"collection":[{"href":"https:\/\/sola.kau.se\/hagfors\/wp-json\/wp\/v2\/pages"}],"about":[{"href":"https:\/\/sola.kau.se\/hagfors\/wp-json\/wp\/v2\/types\/page"}],"author":[{"embeddable":true,"href":"https:\/\/sola.kau.se\/hagfors\/wp-json\/wp\/v2\/users\/4888"}],"replies":[{"embeddable":true,"href":"https:\/\/sola.kau.se\/hagfors\/wp-json\/wp\/v2\/comments?post=522"}],"version-history":[{"count":1,"href":"https:\/\/sola.kau.se\/hagfors\/wp-json\/wp\/v2\/pages\/522\/revisions"}],"predecessor-version":[{"id":524,"href":"https:\/\/sola.kau.se\/hagfors\/wp-json\/wp\/v2\/pages\/522\/revisions\/524"}],"wp:attachment":[{"href":"https:\/\/sola.kau.se\/hagfors\/wp-json\/wp\/v2\/media?parent=522"}],"curies":[{"name":"wp","href":"https:\/\/api.w.org\/{rel}","templated":true}]}}