 {"id":528,"date":"2025-02-14T12:22:24","date_gmt":"2025-02-14T12:22:24","guid":{"rendered":"https:\/\/sola.kau.se\/hagfors\/?page_id=528"},"modified":"2025-06-02T12:10:21","modified_gmt":"2025-06-02T12:10:21","slug":"introduktionssamtal","status":"publish","type":"page","link":"https:\/\/sola.kau.se\/hagfors\/introduktionssamtal\/","title":{"rendered":"Introduktionssamtal"},"content":{"rendered":"\n<p><img loading=\"lazy\" decoding=\"async\" width=\"256\" height=\"256\" src=\"https:\/\/lh7-rt.googleusercontent.com\/docsz\/AD_4nXfDggMM2Pmv_B9NwUIgMRHxUlrLidCR6qN37909BTiJ9jjBteJu3tFWw8mZwNMFUe6rQqNXuinSHboHWfHh6phh2sazVfpN4M6LoaO6zzMB-SGbpmOrju8xX1ay9ORuT3pkmssaHQ?key=bAf_17MP0TIJWA2xvoWe4Jpw\"><\/p>\n\n\n\n<p><strong>Vad som kommer tas upp under introduktionsm\u00f6tet:<\/strong><\/p>\n\n\n\n<ul class=\"wp-block-list\">\n<li><strong>V\u00e5ra rutiner<\/strong> &#8211; F\u00f6r att ni ska f\u00e5 f\u00f6ruts\u00e4ttningar i verksamhetens struktur, och introduktionens grundl\u00e4ggande uppl\u00e4gg. Uppl\u00e4gget har en f\u00f6rbest\u00e4md grund som vi tillsammans kan f\u00f6r\u00e4ndra utifr\u00e5n barnets behov.<\/li>\n\n\n\n<li><strong>V\u00e5ra m\u00e5l &amp; riktlinjer<\/strong> &#8211; En del i v\u00e5r samverkansprocess f\u00f6r att ge er en inblick i vad ert barn kommer m\u00f6ta utifr\u00e5n verksamhetens tidigare kartl\u00e4ggningar, v\u00e5ra styrdokument samt inneh\u00e5ll i dessa.<\/li>\n\n\n\n<li><strong>Kl\u00e4der\/Namnm\u00e4rkning<\/strong> &#8211; Vi informerar ang\u00e5ende att namnm\u00e4rkning inte \u00e4r ett krav utan ett \u00f6nskem\u00e5l, b\u00e5de ur den aspekten att urskilja vems sak som \u00e4r vems, men ocks\u00e5 ur ett hygieniskt perspektiv. Under denna punkt g\u00e5r vi tillsammans igenom vilka kl\u00e4der som kan t\u00e4nkas beh\u00f6va finnas till hands f\u00f6r barnet. <\/li>\n\n\n\n<li><strong>Specialkost\/Allergier<\/strong> &#8211; Vi tar del av barnets eventuella allergier och\/eller specialkost, d\u00e4refter delges ni en blankett att fylla i som sedan ska kompletteras med l\u00e4karintyg. Detta underlag skickas d\u00e4refter till k\u00f6kschefen i kommunen.<\/li>\n\n\n\n<li><strong>Anm\u00e4lningsplikt<\/strong> &#8211; Vi informerar om anm\u00e4lningsplikten i f\u00f6rskolan. Varf\u00f6r den finns, hur vi arbetar med den och vad som sker n\u00e4r oro eller misstanke uppst\u00e5r i v\u00e5r verksamhet.<\/li>\n\n\n\n<li><strong>Specialpedagog<\/strong> &#8211; Ni delges kontaktuppgifter till specialpedagog och vi informerar hur vi samverkar med specialpedagogen. <\/li>\n\n\n\n<li><strong>Era f\u00f6rv\u00e4ntningar\/erfarenheter<\/strong> &#8211; Ni delger era f\u00f6rv\u00e4ntningar p\u00e5 Blomster\u00e4ngen, kan vara alltifr\u00e5n f\u00f6rv\u00e4ntningar p\u00e5 bem\u00f6tande, inflytande eller f\u00f6rv\u00e4ntningar p\u00e5 barnets m\u00f6ten etc. Ni lyfter ocks\u00e5 vilka f\u00f6rv\u00e4ntningar ni har inf\u00f6r introduktionsperiod. Har ni tidigare erfarenheter av f\u00f6rskola eller \u00e4r detta erat f\u00f6rsta m\u00f6te &#8211; detta tas ocks\u00e5 upp under denna punkt. <\/li>\n\n\n\n<li><strong>V\u00e5ra f\u00f6rv\u00e4ntningar<\/strong> &#8211; Vi delger v\u00e5ra f\u00f6rv\u00e4ntningar p\u00e5 er v\u00e5rdnadshavare och f\u00f6rv\u00e4ntningar kopplat till vad vi ska ge ert barn f\u00f6ruts\u00e4ttningar f\u00f6r. Ut\u00f6ver det lyfter vi f\u00f6rv\u00e4ntningar inf\u00f6r den kommande introduktionsperioden. Hur ska ni f\u00f6rh\u00e5lla er, hur ska vi f\u00f6rh\u00e5lla oss, hur g\u00f6r vi n\u00e4r uppl\u00e4gget beh\u00f6ver f\u00f6r\u00e4ndras etc. <\/li>\n\n\n\n<li><strong>Reaktioner<\/strong> &#8211; F\u00f6r att f\u00f6rbereda er s\u00e5 mycket som m\u00f6jligt inf\u00f6r introduktionen diskuterar vi gemensamt vanligt f\u00f6rekommande reaktioner. Introduktion kan v\u00e4cka k\u00e4nslor hos b\u00e5de barn och v\u00e5rdnadshavare och vi ser positiva aspekter med att vara v\u00e4l medveten om det innan. <\/li>\n<\/ul>\n","protected":false},"excerpt":{"rendered":"<p>Vad som kommer tas upp under introduktionsm\u00f6tet:<\/p>\n","protected":false},"author":4888,"featured_media":0,"parent":0,"menu_order":0,"comment_status":"closed","ping_status":"closed","template":"","meta":{"footnotes":""},"class_list":["post-528","page","type-page","status-publish","hentry"],"_links":{"self":[{"href":"https:\/\/sola.kau.se\/hagfors\/wp-json\/wp\/v2\/pages\/528","targetHints":{"allow":["GET"]}}],"collection":[{"href":"https:\/\/sola.kau.se\/hagfors\/wp-json\/wp\/v2\/pages"}],"about":[{"href":"https:\/\/sola.kau.se\/hagfors\/wp-json\/wp\/v2\/types\/page"}],"author":[{"embeddable":true,"href":"https:\/\/sola.kau.se\/hagfors\/wp-json\/wp\/v2\/users\/4888"}],"replies":[{"embeddable":true,"href":"https:\/\/sola.kau.se\/hagfors\/wp-json\/wp\/v2\/comments?post=528"}],"version-history":[{"count":4,"href":"https:\/\/sola.kau.se\/hagfors\/wp-json\/wp\/v2\/pages\/528\/revisions"}],"predecessor-version":[{"id":1326,"href":"https:\/\/sola.kau.se\/hagfors\/wp-json\/wp\/v2\/pages\/528\/revisions\/1326"}],"wp:attachment":[{"href":"https:\/\/sola.kau.se\/hagfors\/wp-json\/wp\/v2\/media?parent=528"}],"curies":[{"name":"wp","href":"https:\/\/api.w.org\/{rel}","templated":true}]}}