 {"id":556,"date":"2025-02-27T10:13:20","date_gmt":"2025-02-27T10:13:20","guid":{"rendered":"https:\/\/sola.kau.se\/hagfors\/?page_id=556"},"modified":"2025-05-07T09:19:09","modified_gmt":"2025-05-07T09:19:09","slug":"sakerthet-hlr","status":"publish","type":"page","link":"https:\/\/sola.kau.se\/hagfors\/sakerthet-hlr\/","title":{"rendered":"S\u00e4kerhet &#8211; HLR"},"content":{"rendered":"\n<p>All personal p\u00e5 f\u00f6rskolan Blomster\u00e4ngen genomg\u00e5r varje \u00e5r i oktober en utbildning i barn-HLR. Dessa kurser leds av erfarna sjukv\u00e5rdspersonal. <\/p>\n\n\n\n<p>Vi kommer \u00e4ven under v\u00e5rterminen att erbjuda er v\u00e5rdnadshavare 2 tillf\u00e4llen att g\u00e5 denna utbildning. Kursen fokuserar p\u00e5 barn fr\u00e5n 1 \u00e5r till \u00f6vre ton\u00e5ren. Efter kursen har du n\u00f6dv\u00e4ndiga kunskaper f\u00f6r att kunna agera korrekt vid exempelvis luftv\u00e4gsstopp. H\u00e5ll utkik i bloggen, d\u00e4r kommer tider och dagar upp f\u00f6r kurstillf\u00e4llena (april\/maj). T\u00e4nk p\u00e5 att kunskap i f\u00f6rsta hj\u00e4lpen och hj\u00e4rt-lungr\u00e4ddnig kan vara skillnaden mellan liv och d\u00f6d.<\/p>\n\n\n\n<figure class=\"wp-block-image size-full is-resized\"><img loading=\"lazy\" decoding=\"async\" width=\"730\" height=\"1015\" src=\"https:\/\/sola.kau.se\/hagfors\/wp-content\/uploads\/sites\/1285\/2025\/02\/image.png\" alt=\"\" class=\"wp-image-570\" style=\"width:475px;height:auto\" srcset=\"https:\/\/sola.kau.se\/hagfors\/wp-content\/uploads\/sites\/1285\/2025\/02\/image.png 730w, https:\/\/sola.kau.se\/hagfors\/wp-content\/uploads\/sites\/1285\/2025\/02\/image-216x300.png 216w\" sizes=\"auto, (max-width: 730px) 100vw, 730px\" \/><\/figure>\n\n\n\n<p><\/p>\n\n\n\n<figure class=\"wp-block-image size-large is-resized\"><img loading=\"lazy\" decoding=\"async\" width=\"734\" height=\"1024\" src=\"https:\/\/sola.kau.se\/hagfors\/wp-content\/uploads\/sites\/1285\/2025\/02\/image-1-734x1024.png\" alt=\"\" class=\"wp-image-573\" style=\"width:489px;height:auto\" srcset=\"https:\/\/sola.kau.se\/hagfors\/wp-content\/uploads\/sites\/1285\/2025\/02\/image-1-734x1024.png 734w, https:\/\/sola.kau.se\/hagfors\/wp-content\/uploads\/sites\/1285\/2025\/02\/image-1-215x300.png 215w, https:\/\/sola.kau.se\/hagfors\/wp-content\/uploads\/sites\/1285\/2025\/02\/image-1-768x1072.png 768w, https:\/\/sola.kau.se\/hagfors\/wp-content\/uploads\/sites\/1285\/2025\/02\/image-1.png 1010w\" sizes=\"auto, (max-width: 734px) 100vw, 734px\" \/><\/figure>\n\n\n\n<p>Klicka p\u00e5 l\u00e4nken f\u00f6r att f\u00e5 mer information om barn-HLR med instruktioner och videoklipp! <a href=\"https:\/\/www.hlr.nu\/sa-har-gor-du-barn-hlr\/\">S\u00e5 h\u00e4r g\u00f6r du barn-HLR<\/a><\/p>\n","protected":false},"excerpt":{"rendered":"<p>All personal p\u00e5 f\u00f6rskolan Blomster\u00e4ngen genomg\u00e5r varje \u00e5r i oktober en utbildning i barn-HLR. Dessa kurser leds av erfarna sjukv\u00e5rdspersonal. Vi kommer \u00e4ven under v\u00e5rterminen att erbjuda er v\u00e5rdnadshavare 2 tillf\u00e4llen att g\u00e5 denna utbildning. Kursen fokuserar p\u00e5 barn fr\u00e5n&#8230; <a class=\"more-link\" href=\"https:\/\/sola.kau.se\/hagfors\/sakerthet-hlr\/\">Forts\u00e4tt l\u00e4sa &rarr;<\/a><\/p>\n","protected":false},"author":6578,"featured_media":0,"parent":0,"menu_order":0,"comment_status":"closed","ping_status":"closed","template":"","meta":{"footnotes":""},"class_list":["post-556","page","type-page","status-publish","hentry"],"_links":{"self":[{"href":"https:\/\/sola.kau.se\/hagfors\/wp-json\/wp\/v2\/pages\/556","targetHints":{"allow":["GET"]}}],"collection":[{"href":"https:\/\/sola.kau.se\/hagfors\/wp-json\/wp\/v2\/pages"}],"about":[{"href":"https:\/\/sola.kau.se\/hagfors\/wp-json\/wp\/v2\/types\/page"}],"author":[{"embeddable":true,"href":"https:\/\/sola.kau.se\/hagfors\/wp-json\/wp\/v2\/users\/6578"}],"replies":[{"embeddable":true,"href":"https:\/\/sola.kau.se\/hagfors\/wp-json\/wp\/v2\/comments?post=556"}],"version-history":[{"count":8,"href":"https:\/\/sola.kau.se\/hagfors\/wp-json\/wp\/v2\/pages\/556\/revisions"}],"predecessor-version":[{"id":586,"href":"https:\/\/sola.kau.se\/hagfors\/wp-json\/wp\/v2\/pages\/556\/revisions\/586"}],"wp:attachment":[{"href":"https:\/\/sola.kau.se\/hagfors\/wp-json\/wp\/v2\/media?parent=556"}],"curies":[{"name":"wp","href":"https:\/\/api.w.org\/{rel}","templated":true}]}}