 {"id":609,"date":"2025-04-09T07:48:23","date_gmt":"2025-04-09T07:48:23","guid":{"rendered":"https:\/\/sola.kau.se\/hagfors\/?page_id=609"},"modified":"2025-06-02T12:08:16","modified_gmt":"2025-06-02T12:08:16","slug":"likabehandlingsplan-2025","status":"publish","type":"page","link":"https:\/\/sola.kau.se\/hagfors\/likabehandlingsplan-2025\/","title":{"rendered":"Likabehandlingsplan 2025"},"content":{"rendered":"\n<p><strong>Blomster\u00e4ngens plan f\u00f6r aktiva \u00e5tg\u00e4rder mot diskriminering och kr\u00e4nkande behandling<\/strong><\/p>\n\n\n\n<p><strong>250408 &#8211; 260408<\/strong><\/p>\n\n\n\n<p><strong>Varf\u00f6r aktiva \u00e5tg\u00e4rder mot diskriminering och kr\u00e4nkande behandling<\/strong><\/p>\n\n\n\n<p>(2 lagar &#8211; 1 plan)<\/p>\n\n\n\n<p>P\u00e5 f\u00f6rskolan Blomster\u00e4ngen ska barnen varje dag f\u00e5 k\u00e4nna gl\u00e4dje i att kunna leka och v\u00e4xa tillsammans med andra. Alla barn har r\u00e4tt att vistas i en f\u00f6rskolemilj\u00f6 som \u00e4r fri fr\u00e5n alla former av kr\u00e4nkningar och diskriminering.<br><br><strong>Styrdokument\/ Lag&nbsp;<\/strong><\/p>\n\n\n\n<p>-Skollagen: 6 kap 5 \u00a7 7 \u00a7, 8 \u00a7, 10 \u00a7, 14 \u00a7&nbsp;<\/p>\n\n\n\n<p>-Diskrimineringslag: 3 kap 15 \u00a7, 16 \u00a7 2 kap 7 \u00a7&nbsp;<\/p>\n\n\n\n<p>-Barnkonventionens fyra grundprinciper; skydd mot diskriminering (artikel 2), barnets b\u00e4sta (artikel 3), r\u00e4tten till liv, \u00f6verlevnad och utveckling (artikel 6), \u00e5siktsfrihet, delaktighet och r\u00e4tten att bli h\u00f6rd (artikel 12)<\/p>\n\n\n\n<p>Uppr\u00e4ttande av plan F\u00f6rskolan ska \u00e5rligen inr\u00e4tta en plan f\u00f6r hur arbetet i f\u00f6rskolan ska bedrivas f\u00f6r att undvika att diskriminering och kr\u00e4nkande behandling sker i f\u00f6rskolans verksamhet (skollagen).<br><br><strong>Definitioner<\/strong><br>Trakasserier och kr\u00e4nkande behandling kan vara: Fysiska slag, \u00f6knamn, utfrysningar, texter, bilder och som har att g\u00f6ra med n\u00e5gon av diskrimineringsgrunderna:<\/p>\n\n\n\n<p>\u2022 K\u00f6n<br>\u2022 Etnisk tillh\u00f6righet<br>\u2022 Religion eller annan trosuppfattning<br>\u2022 Funktionsneds\u00e4ttning<br>\u2022 Sexuell l\u00e4ggning<br>\u2022 K\u00f6ns\u00f6verskridande identitet eller uttryck<br>\u2022 \u00c5lder&nbsp;<\/p>\n\n\n\n<p>Kr\u00e4nkningar kan vara av samma slag som trakasserier men har inte att g\u00f6ra med diskrimineringsgrunderna. Diskriminering \u00e4r n\u00e4r ett barn eller grupp av barn missgynnas och missgynnandet har att g\u00f6ra med n\u00e5gon av diskrimineringsgrunderna&nbsp;&nbsp;<\/p>\n\n\n\n<h1 class=\"wp-block-heading\"><strong>Utv\u00e4rdering av f\u00f6reg\u00e5ende \u00e5rs plan<\/strong><\/h1>\n\n\n\n<h2 class=\"wp-block-heading\"><strong>Insatser<\/strong><\/h2>\n\n\n\n<ul class=\"wp-block-list\">\n<li>H\u00e4rvarande pedagoger i barngruppen exempelvis att pedagoger f\u00f6ljer med till toalettd\u00f6rren n\u00e4r barnen g\u00e5r p\u00e5 toaletten samt att pedagogerna sprider ut sig i inomhusmilj\u00f6n, \u00e4r p\u00e5 golvet<em> tillsammans<\/em> med barnen<\/li>\n\n\n\n<li>Satt upp \u201cstopp\u201d och \u201ctummen upp\u201d p\u00e5 toalettd\u00f6rrarna (+ samtalat med barnen kring dessa symboler)<\/li>\n\n\n\n<li>Samtal tillsammans med barnen kring betydelsen av att f\u00e5 g\u00e5 p\u00e5 toaletten ifred.<\/li>\n<\/ul>\n\n\n\n<h2 class=\"wp-block-heading\"><strong>M\u00e5l<\/strong><\/h2>\n\n\n\n<ul class=\"wp-block-list\">\n<li>Att alla barn ska k\u00e4nna sig trygga p\u00e5 f\u00f6rskolan och att inga kr\u00e4nkningar ska f\u00f6rekomma p\u00e5 undanskymda platser.<\/li>\n\n\n\n<li>Barnen ska kunna g\u00e5 p\u00e5 toaletten utan att f\u00e5 sin integritet kr\u00e4nkt.<\/li>\n<\/ul>\n\n\n\n<h2 class=\"wp-block-heading\"><strong>Summering av f\u00f6rra \u00e5rets likabehandlingsarbete<\/strong><\/h2>\n\n\n\n<ul class=\"wp-block-list\">\n<li>Vi upplever att kr\u00e4nkningarna p\u00e5 undanskymda platser inomhus har minskat efter v\u00e5ra insatser fr\u00e5n fjol\u00e5rets plan. D\u00e4remot ser vi att kr\u00e4nkningar utomhus fortfarande \u00e4r of\u00f6r\u00e4ndrat.<\/li>\n\n\n\n<li>Vi har sett en positiv f\u00f6r\u00e4ndring vid toalettbes\u00f6k d\u00e4r barnen kan se tydligt om det \u00e4r upptaget eller inte samt att de f\u00e5tt en \u00f6kad f\u00f6rst\u00e5else kring varf\u00f6r man ska l\u00e5ta varann vara ifred p\u00e5 toaletten.&nbsp;<\/li>\n<\/ul>\n\n\n\n<h2 class=\"wp-block-heading\"><strong>Vad tar vi med oss till detta \u00e5r?<\/strong><\/h2>\n\n\n\n<ul class=\"wp-block-list\">\n<li>Vi kommer detta \u00e5r l\u00e4gga st\u00f6rre fokus p\u00e5 utomhusmilj\u00f6n, d\u00e5 summeringen av f\u00f6rra \u00e5rets arbete synliggjorde positiva aspekter i inomhusmilj\u00f6n och d\u00e4rmed hur vi kan arbeta f\u00f6r att st\u00e4rka positiva situationer i utomhusmilj\u00f6n.<\/li>\n\n\n\n<li>Forts\u00e4tta vara n\u00e4rvarande vid toalett situationer samt att ha kvar \u201cstopp\u201d och \u201ctummen upp\u201d d\u00e5 det fungerat bra.<\/li>\n<\/ul>\n\n\n\n<p><strong>Barnens deltagande<\/strong><\/p>\n\n\n\n<p>I arbetet med plan f\u00f6r kr\u00e4nkande behandling och diskriminering \u00e4r det viktigt att synligg\u00f6ra barnens perspektiv. Detta g\u00f6r vi genom att barnen tillsammans med en pedagog f\u00e5r g\u00f6ra trygghetsvandring d\u00e4r de sj\u00e4lva f\u00e5r ber\u00e4tta om hur trygga de k\u00e4nner sig i f\u00f6rskolans olika milj\u00f6er. Under trygghetsvandringen f\u00e5r barnen fotografera de platser de sj\u00e4lva tycker k\u00e4nns mindre trygga. Efter\u00e5t kan vi ocks\u00e5 prata med barnen om vad som k\u00e4nns otryggt och vilka \u00e5tg\u00e4rder vi kan vidta f\u00f6r att g\u00f6ra milj\u00f6erna tryggare.&nbsp;<\/p>\n\n\n\n<p><strong><br><\/strong><strong><br><\/strong><strong><br><\/strong><strong>Fr\u00e4mjande arbete<\/strong><\/p>\n\n\n\n<p>Det fr\u00e4mjande arbetet handlar om att st\u00e4rka en positiv och inkulderande f\u00f6ruts\u00e4ttningarna f\u00f6r att motverka diskriminering och kr\u00e4nkande behandling i f\u00f6rskolan.&nbsp;<\/p>\n\n\n\n<ul class=\"wp-block-list\">\n<li>&nbsp;M\u00e5l<\/li>\n<\/ul>\n\n\n\n<ul class=\"wp-block-list\">\n<li>Samtliga i personalen ska ha goda kunskaper kring vad diskriminering och kr\u00e4nkande behandling inneb\u00e4r samt vilka diskrimineringsgrunderna \u00e4r.<\/li>\n\n\n\n<li>Synligg\u00f6ra och st\u00e4rka barnens kunskaper om allas lika v\u00e4rde och respekt f\u00f6r de m\u00e4nskliga r\u00e4ttigheterna.&nbsp;<\/li>\n\n\n\n<li>Insatser<\/li>\n<\/ul>\n\n\n\n<ul class=\"wp-block-list\">\n<li>Samtala om planen f\u00f6r diskriminering och kr\u00e4nkande behandling p\u00e5 APT, f\u00f6r att lyfta funderingar och skapa en samsyn.<\/li>\n\n\n\n<li>I de vardagliga samtalen med barnen lyfta v\u00e5ra olikheter och att vi alla \u00e4r lika v\u00e4rda.&nbsp;<\/li>\n\n\n\n<li>Resurser<\/li>\n<\/ul>\n\n\n\n<ul class=\"wp-block-list\">\n<li>Alla pedagoger beh\u00f6ver ges tid att l\u00e4sa p\u00e5 och \u00f6ka sina kunskaper om diskriminering och kr\u00e4nkande behandling. (Avsatt l\u00e4stid)&nbsp;<\/li>\n\n\n\n<li>K\u00f6pa in pedagogiskt material f\u00f6r arbete med allas lika v\u00e4rde och m\u00e4nskliga r\u00e4ttigheter, exempelvis &#8220;kompisb\u00f6ckerna&#8221;.&nbsp;<\/li>\n\n\n\n<li>Ansvarig<\/li>\n<\/ul>\n\n\n\n<ul class=\"wp-block-list\">\n<li>Rektor ansvarar f\u00f6r att den finns avsatt tid till pedagogerna att l\u00e4sa p\u00e5 och \u00f6ka sina kunskaper kring diskriminering och kr\u00e4nkande behandling.<\/li>\n\n\n\n<li>Alla pedagoger i verksamheten ansvarar f\u00f6r att nyttja den avsatta tiden r\u00e4tt f\u00f6r att \u00f6ka sina kunskaper.<\/li>\n\n\n\n<li>Alla pedagoger ansvarar f\u00f6r att i de vardagliga samtalen med barnen lyfta upp allas lika v\u00e4rde och de m\u00e4nskliga r\u00e4ttigheterna.<\/li>\n\n\n\n<li>F\u00f6rskolans ink\u00f6psansvarige ansvarar f\u00f6r att ink\u00f6p av pedagogiskt material sker.&nbsp;<\/li>\n\n\n\n<li>Alla pedagoger ansvarar f\u00f6r att informera ink\u00f6psansvarig om det saknas pedagogiskt material eller om det pedagogiska materialet g\u00e5r s\u00f6nder.&nbsp;<\/li>\n<\/ul>\n\n\n\n<p><strong>Kartl\u00e4ggning\/Nul\u00e4gesrapport<\/strong><\/p>\n\n\n\n<p><strong>Kartl\u00e4ggningsmetoder<\/strong>&nbsp;<\/p>\n\n\n\n<p>Skriftliga observationer av utomhusmilj\u00f6n och trygghetsvandring med barnen d\u00e4r de f\u00e5r fotografera platser de upplever som otrygga. Dessa kartl\u00e4ggningar sker en m\u00e5nad efter introduktion samt uppf\u00f6ljning varje termin. Detta tas sedan med som ett underlag i utvecklingssamtalet f\u00f6r att l\u00e5ta v\u00e5rdnadshavare ta del av hur vi g\u00e5r arbetar f\u00f6r nolltolerans kring diskriminering och kr\u00e4nkande behandling.<\/p>\n\n\n\n<p><strong>Resultat av kartl\u00e4ggning<\/strong><\/p>\n\n\n\n<p>Vi har genom detta l\u00e4s\u00e5rets kartl\u00e4ggning uppm\u00e4rksammat att det f\u00f6rekommer kr\u00e4nkningar i form av knuffar i utomhusmilj\u00f6n. Kr\u00e4nkningarna sker vid undanskymda platser som bakom buskage och lekstugan p\u00e5 f\u00f6rskoleg\u00e5rden. Dessa platser saknar ofta n\u00e4rvaro av pedagoger, vilket \u00e4r ytterligare en bidragande faktor till att dessa kr\u00e4nkningar sker bland barnen.&nbsp;<\/p>\n\n\n\n<p><strong><br><\/strong><strong><br><\/strong><strong>F\u00f6rebyggande arbete<\/strong><strong><br><\/strong>M\u00e5l:<br>&#8211;&nbsp; Att alla barn k\u00e4nner sig trygga p\u00e5 f\u00f6rskolan och att inte kr\u00e4nkningar f\u00f6rekommer p\u00e5 undanskymda platser<\/p>\n\n\n\n<p>Insatser:<br>&#8211; Pedagogf\u00f6rdelningen i utomhusmilj\u00f6n f\u00f6rdelas med ett ansvarsomr\u00e5de d\u00e4r vi medvetet placerar oss utifr\u00e5n de platser vi uppm\u00e4rksammat som mer riskfyllda.<\/p>\n\n\n\n<p>Dessa olika platser ses \u00f6ver och samtalas om genom en trygghetsvandring tillsammans med barnen. Trygghetsvandringarna sker en g\u00e5ng i m\u00e5naden f\u00f6r att kontinuerligt lyfta barnens integritet och f\u00f6lja upp v\u00e5rt arbete g\u00e4llande diskriminering, trakasserier och kr\u00e4nkande behandling. Trygghetsvandringarna sker utifr\u00e5n det lekpedagogiska arbetss\u00e4ttet utifr\u00e5n v\u00e5r barnlitteraturen, f\u00f6r att \u00f6ka barnens igenk\u00e4nning och ge dem ytterligare f\u00f6ruts\u00e4ttningar f\u00f6r att uttrycka sig.&nbsp;<\/p>\n\n\n\n<ul class=\"wp-block-list\">\n<li>Genomg\u00e5ng p\u00e5 varje APT hur vi upplever situationerna utomhus<\/li>\n\n\n\n<li>F\u00f6ra dokumentation kring dessa undanskymda platser samt samtala om de p\u00e5 v\u00e5ra planeringsm\u00f6ten<\/li>\n<\/ul>\n\n\n\n<p>Resurser:<br>&nbsp; &#8211;&nbsp; Vi har utformat en samarbetsmodell mellan Bl\u00e5sippan och Vitsippan, d\u00e4r vi tillsammans ser \u00f6ver personalgrupp samt barngrupp f\u00f6r att d\u00e4rifr\u00e5n strukturera vuxenn\u00e4rvaron i utomhusmilj\u00f6n<br><\/p>\n\n\n\n<p>Ansvarig:<br>&#8211; I f\u00f6rskolans l\u00e4roplan kan vi under \u201cgrundl\u00e4ggande v\u00e4rden\u201d tydligt utl\u00e4sa att alla verksamma inom f\u00f6rskolan aktivt ska arbeta mot handlingar i form av diskriminering, trakasserier och kr\u00e4nkande behandling (Skolverket, 2018, s.5). D\u00e4rav tydligg\u00f6r vi att det f\u00f6rebyggande arbetet s\u00e5v\u00e4l som \u00e5tg\u00e4rderna, \u00e4r <strong>alla pedagogers ansvar<\/strong> att aktivt arbeta i linje med.<\/p>\n\n\n\n<ul class=\"wp-block-list\">\n<li>Det \u00e4r <strong>f\u00f6rskoll\u00e4rarens ansvar<\/strong> att barnen blir medvetna om sitt egna v\u00e4rde samt att vi arbetar demokratiskt d\u00e4r barnet ocks\u00e5 har ett aktivt inflytande (Skolverket, 2018, s.12). Detta g\u00f6r vi i gemensamma samtal, reflektioner och konstellationer utifr\u00e5n ett lekpedagogiskt arbetss\u00e4tt. V\u00e5ra reflektioner utg\u00e5r ifr\u00e5n barnens egna tankar och \u00e5sikter.<\/li>\n\n\n\n<li><strong>Alla pedagoger <\/strong>ansvarar f\u00f6r att arbetet fortskrider i linje med de best\u00e4mmelser vi gemensamt kommit fram till i v\u00e5r likabehandlingsplan, d\u00e4r alla ska arbeta med ett demokratiskt arbetss\u00e4tt och bidra till att genomf\u00f6ra arbetet med aktiva \u00e5tg\u00e4rder (Skolverket, 2018, s.13).<strong><br><\/strong><\/li>\n<\/ul>\n\n\n\n<p><strong>Rutiner och riktlinjer f\u00f6r att uppt\u00e4cka diskriminering, trakaserier och kr\u00e4nkande behandling<\/strong><\/p>\n\n\n\n<p>Hur agerar vi i de situationer som uppst\u00e5r? rutin f\u00f6r akuta \u00e5tg\u00e4rder som \u00e4r k\u00e4nda i verksamheten<\/p>\n\n\n\n<p><strong><br><\/strong><strong>\u00c5tg\u00e4rdande arbete<\/strong><strong><br><\/strong>Det \u00e5tg\u00e4rdande arbetet handlar om hur vi agerar n\u00e4r ett barn blivit utsatt f\u00f6r trakasserier eller kr\u00e4nkande behandling. Vilka rutiner som finns f\u00f6r akuta \u00e5tg\u00e4rder.<\/p>\n\n\n\n<ul class=\"wp-block-list\">\n<li>Personal &#8211; barn<\/li>\n<\/ul>\n\n\n\n<ul class=\"wp-block-list\">\n<li>S\u00e5 fort n\u00e5gon i personalen h\u00f6r, ser eller f\u00e5r k\u00e4nnedom om att ett barn blir utsatt f\u00f6r kr\u00e4nkande behandling, ska handlingen avv\u00e4rjas omedelbart f\u00f6r att sedan tas upp med ber\u00f6rd personal efter\u00e5t.<\/li>\n\n\n\n<li>I f\u00f6rskolan \u00e4r det absolut nolltolerans mot kr\u00e4nkning fr\u00e5n pedagog till barn. Om detta uppkommer forts\u00e4ttningsvis ska d\u00e4rf\u00f6r rektorn kontaktas omedelbart.<\/li>\n\n\n\n<li>Om kr\u00e4nkningen uppfattas som grov ska pedagog kontakta rektorn i direkt anslutning till h\u00e4ndelsen.<\/li>\n<\/ul>\n\n\n\n<ul class=\"wp-block-list\">\n<li>Barn &#8211; barn<\/li>\n<\/ul>\n\n\n\n<ul class=\"wp-block-list\">\n<li>Agera omg\u00e5ende i situationen<\/li>\n\n\n\n<li>F\u00f6rmedla h\u00e4ndelsen till rektor som sen anm\u00e4ler till huvudman. \u201cAj-rapport\u201d<\/li>\n\n\n\n<li>Samtal\/konversation med barn?<\/li>\n\n\n\n<li>Daterade anteckningar med tydlig beskrivning av situationen<\/li>\n\n\n\n<li>V\u00e5rdnadshavare till inblandade barn informeras om situationen snarast, samt hur situationen behandlades.<\/li>\n\n\n\n<li>Planl\u00e4gg \u00e5tg\u00e4rder<\/li>\n\n\n\n<li>Dokumentera \u00e5tg\u00e4rderna f\u00f6r att m\u00f6jligg\u00f6ra utv\u00e4rdering av kr\u00e4nkningens fortskridande eller avslutande.<\/li>\n\n\n\n<li>V\u00e5rdnadshavare delaktiga genom hela arbetet &#8211; avsluta med \u00e5terkoppling.<\/li>\n<\/ul>\n\n\n\n<p>\u2018<strong><br><\/strong><\/p>\n\n\n\n<p><strong>F\u00f6rankring<\/strong><\/p>\n\n\n\n<p><strong>Pedagoger<\/strong><\/p>\n\n\n\n<p>Likabehandlingsplanen presenteras samt diskuteras med personal kontinuerligt vid APT-m\u00f6ten och under reflektionsm\u00f6ten med arbetslaget.&nbsp;<\/p>\n\n\n\n<p><strong>Barn<\/strong><\/p>\n\n\n\n<p>Barn involveras genom trygghetsvandringar som sker varje termin, och genom samtal och lek med barnen utifr\u00e5n material, exempelvis b\u00f6cker som ber\u00f6r fr\u00e5gor som kan kopplas till likabehandlingsplanen.&nbsp;<\/p>\n\n\n\n<p><strong>V\u00e5rdnadshavare<\/strong><\/p>\n\n\n\n<p>V\u00e5rdnadshavare blir delaktiga genom att planen l\u00e4ggs ut p\u00e5 v\u00e5r hemsida, de f\u00e5r \u00e4ven en kopia p\u00e5 likabehandlingsplanen. Vi skickar ocks\u00e5 ut fr\u00e5geformul\u00e4r till v\u00e5rdnadshavare med fr\u00e5gor som vad de anser \u00e4r viktigt f\u00f6r att skapa en trygg milj\u00f6 p\u00e5 f\u00f6rskolan, om de sett eller upplevt n\u00e5got p\u00e5 f\u00f6rskolan som g\u00f6r att alla barn inte \u00e4r lika v\u00e4rda eller om de kan ge f\u00f6rslag p\u00e5 s\u00e4tt de ser att vi arbetar aktivt med f\u00f6rebyggandet av kr\u00e4nkningar. F\u00f6ljaktligen diskuteras likabehandlingsplanen vid forum f\u00f6r v\u00e5rdnadshavare och utvecklingssamtal.<\/p>\n\n\n\n<p>Dokumentation som f\u00f6rs av pedagoger kopplat till likabehandlingsplanen, f\u00f6rvaras i v\u00e5ra trygghetsp\u00e4rmar som finns bevarade i l\u00e5sta sk\u00e5p p\u00e5 v\u00e5ra avdelningar.<\/p>\n\n\n\n<p><strong>Uppf\u00f6ljning och utv\u00e4rdering<\/strong><\/p>\n\n\n\n<p>Likabehandlingsplanen f\u00f6lj upp kontinuerligt tv\u00e5 g\u00e5nger per termin, d\u00e4r vi ser \u00f6ver om rutinerna f\u00f6r de \u00e5tg\u00e4rder och insatser vi valt fungerar bra eller om n\u00e5got beh\u00f6ver f\u00f6r\u00e4ndras.<\/p>\n\n\n\n<p>Under Augusti m\u00e5nad utv\u00e4rderar vi hur allt har fungerat med v\u00e5r likabehandlingsplan. Alla arbetslag utv\u00e4rderar hur de fungerat, vi g\u00f6r ocks\u00e5 en ny trygghetsvandring med barnen f\u00f6r att g\u00f6ra dem delaktiga i utv\u00e4rderingen. D\u00e4r kan vi se om de upplever samma platser otrygga eller om det skett en f\u00f6r\u00e4ndring och de k\u00e4nner sig mer trygga osv. Vi skickar ocks\u00e5 ut en enk\u00e4t d\u00e4r v\u00e5rdnadshavare f\u00e5r svara p\u00e5 fr\u00e5gor om deras barns trivsel. Detta g\u00f6r att vi \u00e4ven kan lyfta v\u00e5rdnadshavares perspektiv men ocks\u00e5 f\u00e5 en inblick i hur barnen upplever f\u00f6rskolan genom det de ber\u00e4ttar hemma.<\/p>\n\n\n\n<p>vad uppn\u00e5ddes f\u00f6rra \u00e5ret, hur g\u00e5r vi vidare?<\/p>\n","protected":false},"excerpt":{"rendered":"<p>Blomster\u00e4ngens plan f\u00f6r aktiva \u00e5tg\u00e4rder mot diskriminering och kr\u00e4nkande behandling 250408 &#8211; 260408 Varf\u00f6r aktiva \u00e5tg\u00e4rder mot diskriminering och kr\u00e4nkande behandling (2 lagar &#8211; 1 plan) P\u00e5 f\u00f6rskolan Blomster\u00e4ngen ska barnen varje dag f\u00e5 k\u00e4nna gl\u00e4dje i att kunna leka&#8230; <a class=\"more-link\" href=\"https:\/\/sola.kau.se\/hagfors\/likabehandlingsplan-2025\/\">Forts\u00e4tt l\u00e4sa &rarr;<\/a><\/p>\n","protected":false},"author":6578,"featured_media":0,"parent":0,"menu_order":0,"comment_status":"closed","ping_status":"closed","template":"","meta":{"footnotes":""},"class_list":["post-609","page","type-page","status-publish","hentry"],"_links":{"self":[{"href":"https:\/\/sola.kau.se\/hagfors\/wp-json\/wp\/v2\/pages\/609","targetHints":{"allow":["GET"]}}],"collection":[{"href":"https:\/\/sola.kau.se\/hagfors\/wp-json\/wp\/v2\/pages"}],"about":[{"href":"https:\/\/sola.kau.se\/hagfors\/wp-json\/wp\/v2\/types\/page"}],"author":[{"embeddable":true,"href":"https:\/\/sola.kau.se\/hagfors\/wp-json\/wp\/v2\/users\/6578"}],"replies":[{"embeddable":true,"href":"https:\/\/sola.kau.se\/hagfors\/wp-json\/wp\/v2\/comments?post=609"}],"version-history":[{"count":9,"href":"https:\/\/sola.kau.se\/hagfors\/wp-json\/wp\/v2\/pages\/609\/revisions"}],"predecessor-version":[{"id":1323,"href":"https:\/\/sola.kau.se\/hagfors\/wp-json\/wp\/v2\/pages\/609\/revisions\/1323"}],"wp:attachment":[{"href":"https:\/\/sola.kau.se\/hagfors\/wp-json\/wp\/v2\/media?parent=609"}],"curies":[{"name":"wp","href":"https:\/\/api.w.org\/{rel}","templated":true}]}}