 {"id":62,"date":"2025-01-24T11:54:39","date_gmt":"2025-01-24T11:54:39","guid":{"rendered":"https:\/\/sola.kau.se\/hagfors\/?page_id=62"},"modified":"2025-06-03T11:56:58","modified_gmt":"2025-06-03T11:56:58","slug":"personal","status":"publish","type":"page","link":"https:\/\/sola.kau.se\/hagfors\/personal\/","title":{"rendered":"Organisation"},"content":{"rendered":"\n<p>H\u00e4r nedan finns en \u00f6versk\u00e5dlighet kring personalt\u00e4thet och befattning  p\u00e5 Blomster\u00e4ngen<\/p>\n\n\n\n<h2 class=\"wp-block-heading has-normal-font-size\">Avdelningen Vitsippan (1-3 \u00e5r)<\/h2>\n\n\n\n<p>P\u00e5 yngrebarnsavdelningen Vitsippan arbetar f\u00f6rskoll\u00e4rarna Elin, 25 &amp; Emma, 33 tillsammans med barnsk\u00f6tarna Maja, 52 och Lowa, 20. Vitsippans arbetslagsledare \u00e4r f\u00f6rskoll\u00e4raren Elin.<\/p>\n\n\n\n<figure class=\"wp-block-gallery has-nested-images columns-default is-cropped wp-block-gallery-1 is-layout-flex wp-block-gallery-is-layout-flex\">\n<figure class=\"wp-block-image size-large is-resized\"><img loading=\"lazy\" decoding=\"async\" width=\"576\" height=\"1024\" data-id=\"674\" src=\"https:\/\/sola.kau.se\/hagfors\/wp-content\/uploads\/sites\/1285\/2025\/04\/Emma-AI-576x1024.jpeg\" alt=\"\" class=\"wp-image-674\" style=\"width:128px;height:auto\" srcset=\"https:\/\/sola.kau.se\/hagfors\/wp-content\/uploads\/sites\/1285\/2025\/04\/Emma-AI-576x1024.jpeg 576w, https:\/\/sola.kau.se\/hagfors\/wp-content\/uploads\/sites\/1285\/2025\/04\/Emma-AI-169x300.jpeg 169w, https:\/\/sola.kau.se\/hagfors\/wp-content\/uploads\/sites\/1285\/2025\/04\/Emma-AI-768x1365.jpeg 768w, https:\/\/sola.kau.se\/hagfors\/wp-content\/uploads\/sites\/1285\/2025\/04\/Emma-AI-864x1536.jpeg 864w, https:\/\/sola.kau.se\/hagfors\/wp-content\/uploads\/sites\/1285\/2025\/04\/Emma-AI-1152x2048.jpeg 1152w, https:\/\/sola.kau.se\/hagfors\/wp-content\/uploads\/sites\/1285\/2025\/04\/Emma-AI-1140x2027.jpeg 1140w, https:\/\/sola.kau.se\/hagfors\/wp-content\/uploads\/sites\/1285\/2025\/04\/Emma-AI.jpeg 1242w\" sizes=\"auto, (max-width: 576px) 100vw, 576px\" \/><figcaption class=\"wp-element-caption\"><strong>Emma <\/strong>-f\u00f6rskoll\u00e4rare<\/figcaption><\/figure>\n\n\n\n<figure class=\"wp-block-image size-large is-resized\"><img loading=\"lazy\" decoding=\"async\" width=\"1024\" height=\"1024\" data-id=\"675\" src=\"https:\/\/sola.kau.se\/hagfors\/wp-content\/uploads\/sites\/1285\/2025\/04\/Designer-1.jpeg\" alt=\"\" class=\"wp-image-675\" style=\"width:222px;height:auto\" srcset=\"https:\/\/sola.kau.se\/hagfors\/wp-content\/uploads\/sites\/1285\/2025\/04\/Designer-1.jpeg 1024w, https:\/\/sola.kau.se\/hagfors\/wp-content\/uploads\/sites\/1285\/2025\/04\/Designer-1-300x300.jpeg 300w, https:\/\/sola.kau.se\/hagfors\/wp-content\/uploads\/sites\/1285\/2025\/04\/Designer-1-150x150.jpeg 150w, https:\/\/sola.kau.se\/hagfors\/wp-content\/uploads\/sites\/1285\/2025\/04\/Designer-1-768x768.jpeg 768w\" sizes=\"auto, (max-width: 1024px) 100vw, 1024px\" \/><figcaption class=\"wp-element-caption\"><strong>Lowa <\/strong>&#8211; barnsk\u00f6tare<\/figcaption><\/figure>\n<\/figure>\n\n\n\n<figure class=\"wp-block-gallery has-nested-images columns-default is-cropped wp-block-gallery-2 is-layout-flex wp-block-gallery-is-layout-flex\">\n<figure class=\"wp-block-image size-large is-resized\"><img loading=\"lazy\" decoding=\"async\" width=\"576\" height=\"1024\" data-id=\"678\" src=\"https:\/\/sola.kau.se\/hagfors\/wp-content\/uploads\/sites\/1285\/2025\/04\/Elin-AI-1-576x1024.jpg\" alt=\"\" class=\"wp-image-678\" style=\"width:128px;height:auto\" srcset=\"https:\/\/sola.kau.se\/hagfors\/wp-content\/uploads\/sites\/1285\/2025\/04\/Elin-AI-1-576x1024.jpg 576w, https:\/\/sola.kau.se\/hagfors\/wp-content\/uploads\/sites\/1285\/2025\/04\/Elin-AI-1-169x300.jpg 169w, https:\/\/sola.kau.se\/hagfors\/wp-content\/uploads\/sites\/1285\/2025\/04\/Elin-AI-1-768x1365.jpg 768w, https:\/\/sola.kau.se\/hagfors\/wp-content\/uploads\/sites\/1285\/2025\/04\/Elin-AI-1-864x1536.jpg 864w, https:\/\/sola.kau.se\/hagfors\/wp-content\/uploads\/sites\/1285\/2025\/04\/Elin-AI-1-1152x2048.jpg 1152w, https:\/\/sola.kau.se\/hagfors\/wp-content\/uploads\/sites\/1285\/2025\/04\/Elin-AI-1-1140x2027.jpg 1140w, https:\/\/sola.kau.se\/hagfors\/wp-content\/uploads\/sites\/1285\/2025\/04\/Elin-AI-1.jpg 1242w\" sizes=\"auto, (max-width: 576px) 100vw, 576px\" \/><figcaption class=\"wp-element-caption\"><strong>Elin <\/strong>&#8211; f\u00f6rskoll\u00e4rare<\/figcaption><\/figure>\n\n\n\n<figure class=\"wp-block-image size-full is-resized\"><img loading=\"lazy\" decoding=\"async\" width=\"1024\" height=\"1024\" data-id=\"676\" src=\"https:\/\/sola.kau.se\/hagfors\/wp-content\/uploads\/sites\/1285\/2025\/04\/Designer.jpeg\" alt=\"\" class=\"wp-image-676\" style=\"width:222px;height:auto\" srcset=\"https:\/\/sola.kau.se\/hagfors\/wp-content\/uploads\/sites\/1285\/2025\/04\/Designer.jpeg 1024w, https:\/\/sola.kau.se\/hagfors\/wp-content\/uploads\/sites\/1285\/2025\/04\/Designer-300x300.jpeg 300w, https:\/\/sola.kau.se\/hagfors\/wp-content\/uploads\/sites\/1285\/2025\/04\/Designer-150x150.jpeg 150w, https:\/\/sola.kau.se\/hagfors\/wp-content\/uploads\/sites\/1285\/2025\/04\/Designer-768x768.jpeg 768w\" sizes=\"auto, (max-width: 1024px) 100vw, 1024px\" \/><figcaption class=\"wp-element-caption\"><strong>Maja <\/strong>&#8211; barnsk\u00f6tare<\/figcaption><\/figure>\n<\/figure>\n\n\n\n<h2 class=\"wp-block-heading has-normal-font-size\">Avdelningen Bl\u00e5sippan (3-5 \u00e5r)<\/h2>\n\n\n\n<p>P\u00e5 \u00e4ldrebarnssavdelningen Bl\u00e5sippan arbetar f\u00f6rskoll\u00e4rarna Martina, 23, och Agnes 23, tillsammans med barnsk\u00f6tarna Kajsa, 43, och Astrid, 60 <em>(slutar 27\/6)<\/em>, vi v\u00e4lkomnar Pepe, 27 <em>(4\/8)<\/em>. Bl\u00e5sippans arbetslagsledare \u00e4r f\u00f6rskoll\u00e4raren Martina.<\/p>\n\n\n\n<figure class=\"wp-block-gallery has-nested-images columns-default is-cropped wp-block-gallery-3 is-layout-flex wp-block-gallery-is-layout-flex\">\n<figure class=\"wp-block-image size-large is-resized\"><img loading=\"lazy\" decoding=\"async\" width=\"576\" height=\"1024\" data-id=\"679\" src=\"https:\/\/sola.kau.se\/hagfors\/wp-content\/uploads\/sites\/1285\/2025\/04\/Agnes-AI-576x1024.jpeg\" alt=\"\" class=\"wp-image-679\" style=\"width:128px;height:auto\" srcset=\"https:\/\/sola.kau.se\/hagfors\/wp-content\/uploads\/sites\/1285\/2025\/04\/Agnes-AI-576x1024.jpeg 576w, https:\/\/sola.kau.se\/hagfors\/wp-content\/uploads\/sites\/1285\/2025\/04\/Agnes-AI-169x300.jpeg 169w, https:\/\/sola.kau.se\/hagfors\/wp-content\/uploads\/sites\/1285\/2025\/04\/Agnes-AI-768x1365.jpeg 768w, https:\/\/sola.kau.se\/hagfors\/wp-content\/uploads\/sites\/1285\/2025\/04\/Agnes-AI-864x1536.jpeg 864w, https:\/\/sola.kau.se\/hagfors\/wp-content\/uploads\/sites\/1285\/2025\/04\/Agnes-AI-1152x2048.jpeg 1152w, https:\/\/sola.kau.se\/hagfors\/wp-content\/uploads\/sites\/1285\/2025\/04\/Agnes-AI-1140x2027.jpeg 1140w, https:\/\/sola.kau.se\/hagfors\/wp-content\/uploads\/sites\/1285\/2025\/04\/Agnes-AI.jpeg 1242w\" sizes=\"auto, (max-width: 576px) 100vw, 576px\" \/><figcaption class=\"wp-element-caption\"><strong>Agnes<\/strong> &#8211; f\u00f6rskoll\u00e4rare<\/figcaption><\/figure>\n\n\n\n<figure class=\"wp-block-image size-full is-resized\"><img loading=\"lazy\" decoding=\"async\" width=\"1024\" height=\"1024\" data-id=\"682\" src=\"https:\/\/sola.kau.se\/hagfors\/wp-content\/uploads\/sites\/1285\/2025\/04\/Designer-2.jpeg\" alt=\"\" class=\"wp-image-682\" style=\"width:222px;height:auto\" srcset=\"https:\/\/sola.kau.se\/hagfors\/wp-content\/uploads\/sites\/1285\/2025\/04\/Designer-2.jpeg 1024w, https:\/\/sola.kau.se\/hagfors\/wp-content\/uploads\/sites\/1285\/2025\/04\/Designer-2-300x300.jpeg 300w, https:\/\/sola.kau.se\/hagfors\/wp-content\/uploads\/sites\/1285\/2025\/04\/Designer-2-150x150.jpeg 150w, https:\/\/sola.kau.se\/hagfors\/wp-content\/uploads\/sites\/1285\/2025\/04\/Designer-2-768x768.jpeg 768w\" sizes=\"auto, (max-width: 1024px) 100vw, 1024px\" \/><figcaption class=\"wp-element-caption\"><strong>Kajsa<\/strong> &#8211; barnsk\u00f6tare<\/figcaption><\/figure>\n<\/figure>\n\n\n\n<figure class=\"wp-block-gallery has-nested-images columns-default is-cropped wp-block-gallery-4 is-layout-flex wp-block-gallery-is-layout-flex\">\n<figure class=\"wp-block-image size-large is-resized\"><img loading=\"lazy\" decoding=\"async\" width=\"576\" height=\"1024\" data-id=\"680\" src=\"https:\/\/sola.kau.se\/hagfors\/wp-content\/uploads\/sites\/1285\/2025\/04\/Martina-AI-576x1024.jpeg\" alt=\"\" class=\"wp-image-680\" style=\"width:128px;height:auto\" srcset=\"https:\/\/sola.kau.se\/hagfors\/wp-content\/uploads\/sites\/1285\/2025\/04\/Martina-AI-576x1024.jpeg 576w, https:\/\/sola.kau.se\/hagfors\/wp-content\/uploads\/sites\/1285\/2025\/04\/Martina-AI-169x300.jpeg 169w, https:\/\/sola.kau.se\/hagfors\/wp-content\/uploads\/sites\/1285\/2025\/04\/Martina-AI-768x1365.jpeg 768w, https:\/\/sola.kau.se\/hagfors\/wp-content\/uploads\/sites\/1285\/2025\/04\/Martina-AI-864x1536.jpeg 864w, https:\/\/sola.kau.se\/hagfors\/wp-content\/uploads\/sites\/1285\/2025\/04\/Martina-AI-1152x2048.jpeg 1152w, https:\/\/sola.kau.se\/hagfors\/wp-content\/uploads\/sites\/1285\/2025\/04\/Martina-AI-1140x2027.jpeg 1140w, https:\/\/sola.kau.se\/hagfors\/wp-content\/uploads\/sites\/1285\/2025\/04\/Martina-AI.jpeg 1242w\" sizes=\"auto, (max-width: 576px) 100vw, 576px\" \/><figcaption class=\"wp-element-caption\"><strong>Martina &#8211; <\/strong>f\u00f6rskoll\u00e4rare<\/figcaption><\/figure>\n\n\n\n<figure class=\"wp-block-image size-full is-resized\"><img loading=\"lazy\" decoding=\"async\" width=\"1024\" height=\"1536\" data-id=\"1118\" src=\"https:\/\/sola.kau.se\/hagfors\/wp-content\/uploads\/sites\/1285\/2025\/05\/Larare-i-forskoleklassrum.png\" alt=\"\" class=\"wp-image-1118\" style=\"width:222px;height:auto\" srcset=\"https:\/\/sola.kau.se\/hagfors\/wp-content\/uploads\/sites\/1285\/2025\/05\/Larare-i-forskoleklassrum.png 1024w, https:\/\/sola.kau.se\/hagfors\/wp-content\/uploads\/sites\/1285\/2025\/05\/Larare-i-forskoleklassrum-200x300.png 200w, https:\/\/sola.kau.se\/hagfors\/wp-content\/uploads\/sites\/1285\/2025\/05\/Larare-i-forskoleklassrum-683x1024.png 683w, https:\/\/sola.kau.se\/hagfors\/wp-content\/uploads\/sites\/1285\/2025\/05\/Larare-i-forskoleklassrum-768x1152.png 768w, https:\/\/sola.kau.se\/hagfors\/wp-content\/uploads\/sites\/1285\/2025\/05\/Larare-i-forskoleklassrum-600x900.png 600w, https:\/\/sola.kau.se\/hagfors\/wp-content\/uploads\/sites\/1285\/2025\/05\/Larare-i-forskoleklassrum-945x1418.png 945w\" sizes=\"auto, (max-width: 1024px) 100vw, 1024px\" \/><figcaption class=\"wp-element-caption\"><strong>Pepe <\/strong>&#8211; barnsk\u00f6tare<\/figcaption><\/figure>\n<\/figure>\n\n\n\n<p><strong>\u00d6vrig personal inom f\u00f6rskoleomr\u00e5det:<\/strong><\/p>\n\n\n\n<figure class=\"wp-block-gallery has-nested-images columns-default is-cropped wp-block-gallery-5 is-layout-flex wp-block-gallery-is-layout-flex\">\n<figure class=\"wp-block-image size-large is-resized\"><img loading=\"lazy\" decoding=\"async\" width=\"683\" height=\"1024\" data-id=\"691\" src=\"https:\/\/sola.kau.se\/hagfors\/wp-content\/uploads\/sites\/1285\/2025\/04\/ChatGPT-Image-9-apr.-2025-14_52_40-683x1024.png\" alt=\"\" class=\"wp-image-691\" style=\"width:128px;height:auto\" srcset=\"https:\/\/sola.kau.se\/hagfors\/wp-content\/uploads\/sites\/1285\/2025\/04\/ChatGPT-Image-9-apr.-2025-14_52_40-683x1024.png 683w, https:\/\/sola.kau.se\/hagfors\/wp-content\/uploads\/sites\/1285\/2025\/04\/ChatGPT-Image-9-apr.-2025-14_52_40-200x300.png 200w, https:\/\/sola.kau.se\/hagfors\/wp-content\/uploads\/sites\/1285\/2025\/04\/ChatGPT-Image-9-apr.-2025-14_52_40-768x1152.png 768w, https:\/\/sola.kau.se\/hagfors\/wp-content\/uploads\/sites\/1285\/2025\/04\/ChatGPT-Image-9-apr.-2025-14_52_40.png 1024w\" sizes=\"auto, (max-width: 683px) 100vw, 683px\" \/><figcaption class=\"wp-element-caption\"><strong>Marie &#8211; <\/strong>rektor<\/figcaption><\/figure>\n\n\n\n<figure class=\"wp-block-image size-full is-resized\"><img loading=\"lazy\" decoding=\"async\" width=\"1024\" height=\"1024\" data-id=\"1377\" src=\"https:\/\/sola.kau.se\/hagfors\/wp-content\/uploads\/sites\/1285\/2025\/06\/IMG_0607.png\" alt=\"\" class=\"wp-image-1377\" style=\"width:128px;height:auto\" srcset=\"https:\/\/sola.kau.se\/hagfors\/wp-content\/uploads\/sites\/1285\/2025\/06\/IMG_0607.png 1024w, https:\/\/sola.kau.se\/hagfors\/wp-content\/uploads\/sites\/1285\/2025\/06\/IMG_0607-300x300.png 300w, https:\/\/sola.kau.se\/hagfors\/wp-content\/uploads\/sites\/1285\/2025\/06\/IMG_0607-150x150.png 150w, https:\/\/sola.kau.se\/hagfors\/wp-content\/uploads\/sites\/1285\/2025\/06\/IMG_0607-768x768.png 768w, https:\/\/sola.kau.se\/hagfors\/wp-content\/uploads\/sites\/1285\/2025\/06\/IMG_0607-600x600.png 600w, https:\/\/sola.kau.se\/hagfors\/wp-content\/uploads\/sites\/1285\/2025\/06\/IMG_0607-945x945.png 945w\" sizes=\"auto, (max-width: 1024px) 100vw, 1024px\" \/><figcaption class=\"wp-element-caption\"><strong>Kurt &#8211; <\/strong>k\u00f6kspersonal<\/figcaption><\/figure>\n<\/figure>\n\n\n\n<figure class=\"wp-block-gallery has-nested-images columns-default is-cropped wp-block-gallery-6 is-layout-flex wp-block-gallery-is-layout-flex\">\n<figure class=\"wp-block-image size-large is-resized\"><img loading=\"lazy\" decoding=\"async\" width=\"683\" height=\"1024\" data-id=\"684\" src=\"https:\/\/sola.kau.se\/hagfors\/wp-content\/uploads\/sites\/1285\/2025\/04\/ChatGPT-Image-9-apr.-2025-14_46_34-683x1024.png\" alt=\"\" class=\"wp-image-684\" style=\"width:128px;height:auto\" srcset=\"https:\/\/sola.kau.se\/hagfors\/wp-content\/uploads\/sites\/1285\/2025\/04\/ChatGPT-Image-9-apr.-2025-14_46_34-683x1024.png 683w, https:\/\/sola.kau.se\/hagfors\/wp-content\/uploads\/sites\/1285\/2025\/04\/ChatGPT-Image-9-apr.-2025-14_46_34-200x300.png 200w, https:\/\/sola.kau.se\/hagfors\/wp-content\/uploads\/sites\/1285\/2025\/04\/ChatGPT-Image-9-apr.-2025-14_46_34-768x1152.png 768w, https:\/\/sola.kau.se\/hagfors\/wp-content\/uploads\/sites\/1285\/2025\/04\/ChatGPT-Image-9-apr.-2025-14_46_34.png 1024w\" sizes=\"auto, (max-width: 683px) 100vw, 683px\" \/><figcaption class=\"wp-element-caption\"><strong>Sigurd &#8211; <\/strong>specialpedagog<\/figcaption><\/figure>\n\n\n\n<figure class=\"wp-block-image size-full is-resized\"><img loading=\"lazy\" decoding=\"async\" width=\"1024\" height=\"1536\" data-id=\"686\" src=\"https:\/\/sola.kau.se\/hagfors\/wp-content\/uploads\/sites\/1285\/2025\/04\/ChatGPT-Image-9-apr.-2025-14_47_49.png\" alt=\"\" class=\"wp-image-686\" style=\"width:128px;height:auto\" srcset=\"https:\/\/sola.kau.se\/hagfors\/wp-content\/uploads\/sites\/1285\/2025\/04\/ChatGPT-Image-9-apr.-2025-14_47_49.png 1024w, https:\/\/sola.kau.se\/hagfors\/wp-content\/uploads\/sites\/1285\/2025\/04\/ChatGPT-Image-9-apr.-2025-14_47_49-200x300.png 200w, https:\/\/sola.kau.se\/hagfors\/wp-content\/uploads\/sites\/1285\/2025\/04\/ChatGPT-Image-9-apr.-2025-14_47_49-683x1024.png 683w, https:\/\/sola.kau.se\/hagfors\/wp-content\/uploads\/sites\/1285\/2025\/04\/ChatGPT-Image-9-apr.-2025-14_47_49-768x1152.png 768w\" sizes=\"auto, (max-width: 1024px) 100vw, 1024px\" \/><figcaption class=\"wp-element-caption\"><strong>Arne &amp; Hulda &#8211; <\/strong>vaktm\u00e4stare &amp; lokalv\u00e5rdare<\/figcaption><\/figure>\n<\/figure>\n\n\n\n<h2 class=\"wp-block-heading\"><br><\/h2>\n\n\n\n<p>\u00d6vrigt<\/p>\n\n\n\n<p>Vi arbetar personalt\u00e4tt f\u00f6r att f\u00e5 st\u00f6rre m\u00f6jlighet att se varje barn och deras behov f\u00f6r att skapa f\u00f6ruts\u00e4ttningar. P\u00e5 varje avdelning arbetar tv\u00e5 f\u00f6rskoll\u00e4rare och tv\u00e5 barnsk\u00f6tare. V\u00e5r rektor Marie Osini ansvarar f\u00f6r v\u00e5r f\u00f6rskola Blomster\u00e4ngen samt f\u00f6rskolan Skogsdungen i kommunen. Marie \u00e4r p\u00e5 Blomster\u00e4ngen 2-3 dagar i veckan. Vi har \u00e4ven tillg\u00e5ng till v\u00e5r specialpedagog Sigurd Str\u00f6m, han \u00e4r p\u00e5 plats 2 dagar i veckan (1 dag per avdelning). Resten av tiden finns Sigurd tillg\u00e4nglig via telefon och mail)<\/p>\n\n\n\n<h2 class=\"wp-block-heading\">Planering och M\u00f6ten<\/h2>\n\n\n\n<p>All personal p\u00e5 Blomster\u00e4ngen har planeringstid b\u00e5de individuellt och olika grupper. Planeringstiden \u00e4r organiserad i ett rullande schema. Nedan kan ni ta del av Blomster\u00e4ngens schema, under &#8220;oj\u00e4mna veckor&#8221; hittar ni schema f\u00f6r respektive avdelning under oj\u00e4mna veckor, under &#8220;j\u00e4mna veckor&#8221; finns schema f\u00f6r respektive avdelning under j\u00e4mna veckor.<\/p>\n\n\n\n<div class=\"wp-block-buttons is-layout-flex wp-block-buttons-is-layout-flex\">\n<div class=\"wp-block-button\"><a class=\"wp-block-button__link wp-element-button\" href=\"https:\/\/sola.kau.se\/hagfors\/wp-content\/uploads\/sites\/1285\/2025\/05\/Blomsterangens-schema-ojamna-veckor-1.pdf\"><strong>Oj\u00e4mna veckor <\/strong><\/a><\/div>\n\n\n\n<div class=\"wp-block-button\"><a class=\"wp-block-button__link wp-element-button\" href=\"https:\/\/sola.kau.se\/hagfors\/wp-content\/uploads\/sites\/1285\/2025\/05\/Blomsterangens-schema-jamna-veckor-2.pdf\"><strong>J\u00e4mna veckor<\/strong><\/a><\/div>\n<\/div>\n\n\n\n<p><\/p>\n\n\n\n<p>Blomster\u00e4ngen har gemensam arbetsplatstr\u00e4ff (APT) en g\u00e5ng varannan m\u00e5nad tillsammans med rektor. M\u00f6tena inneh\u00e5ller information g\u00e4llande nul\u00e4ge och hur det ser ut framledes, men \u00e4r ocks\u00e5 ett reflektionstillf\u00e4lle f\u00f6r all personal att lyfta positiva saker, uppgifter som m\u00e5ste utf\u00f6ras samt f\u00f6r\u00e4ndringsf\u00f6rslag, detta f\u00f6r att arbeta fram en samsyn d\u00e4r vi kan arbeta f\u00f6rebyggande f\u00f6r undervisningens kvalit\u00e9. H\u00e4r finns \u00e4ven utrymme f\u00f6r att sitta i sm\u00e5 grupper och diskutera f\u00f6rel\u00e4sningar, litteratur eller ny forskning som vi har f\u00e5tt till oss.<\/p>\n\n\n\n<h3 class=\"wp-block-heading\">Arbetslagskontrakt<\/h3>\n\n\n\n<p>Varje avdelnings arbetslag skriver inf\u00f6r varje l\u00e4s\u00e5r ett arbetslagskontrakt d\u00e4r de gemensamt best\u00e4mmer hur arbetet f\u00f6rdelas och f\u00f6rebyggande av konflikter. \u00c4ven en plan p\u00e5 hur konflikter hanteras om de uppst\u00e5r. Arbetslagskontraktet ses \u00f6ver en g\u00e5ng per termin och \u00e4ndras vid behov.<\/p>\n\n\n\n<h2 class=\"wp-block-heading\">Professionellt ledarskap<\/h2>\n\n\n\n<p>P\u00e5 Blomster\u00e4ngens f\u00f6rskola arbetar vi utifr\u00e5n ett professionellt ledarskap. Inneb\u00f6rden av detta ledarskap \u00e4r m\u00e5ngfacetterad. F\u00f6r oss betyder det att vi uppr\u00e4tth\u00e5ller ett v\u00e4lfungerande samarbete emellan oss pedagoger och i arbetslagen p\u00e5 f\u00f6rskolan. I arbetet med professionellt ledarskap utg\u00e5r vi fr\u00e5n Nilsson &amp; \u00d6rberg&#8217;s bok &#8220;<em>Leda som arbetslag: Ledarskap och yrkesroller i f\u00f6rskolan<\/em>&#8221; (2022). De delger r\u00e5d kring hur vi ska arbeta med ledarskap i f\u00f6rskolan. Det ber\u00f6r exempelvis aktivitet i kollegiala samtal, d\u00e4r alla ska f\u00e5 komma till tals. I relation till detta handlar det \u00e4ven om en f\u00f6rv\u00e4ntan att vi ska dela med oss av v\u00e5ra erfarenheter och observationer i f\u00f6rskolan, st\u00e4lla fr\u00e5gor till varandra och utmana varandra i arbetslaget. Fr\u00e4mst av allt handlar det om en fortl\u00f6pande sj\u00e4lvreflektion av var och en kring v\u00e5rt ledarskap och praktik. Det handlar om att b\u00e5de blicka in\u00e5t samt ut\u00e5t f\u00f6r att uppm\u00e4rksamma och framh\u00e4va b\u00e5de styrkor samt utmaningar som finns i v\u00e5rt ledarskap<\/p>\n\n\n\n<p>Ett professionellt ledarskap i relation till barnen p\u00e5 v\u00e5r f\u00f6rskola handlar om ett specifikt f\u00f6rh\u00e5llningss\u00e4tt. Det inneb\u00e4r att v\u00e5r kommunikation med barnen ska k\u00e4nnetecknas av \u00f6ppenhet, nyfikenhet och v\u00e4rme, f\u00f6r att d\u00e4rmed tillf\u00f6ra att barnen k\u00e4nner sig sedda, bekr\u00e4ftade samt trygga.&nbsp;<\/p>\n\n\n\n<h3 class=\"wp-block-heading\"><strong>Ansvarsomr\u00e5den<\/strong><\/h3>\n\n\n\n<p><strong>F\u00f6rskoll\u00e4rares uppdrag<\/strong><\/p>\n\n\n\n<p>\u201dF\u00f6rskoll\u00e4rarna har ansvar f\u00f6r det pedagogiska inneh\u00e5llet i undervisningen och att leda undervisningen p\u00e5 ett s\u00e5dant s\u00e4tt att m\u00e5len och intentionerna i l\u00e4roplanen uppfylls\u201d (Skolverket, u.\u00e5)&nbsp;<\/p>\n\n\n\n<p>Det handlar inte om att f\u00f6rskoll\u00e4rare ska best\u00e4mma eller styra arbetslaget \/ kollegor, men det \u00e4r f\u00f6rskoll\u00e4rarnas ansvar att de tillsammans i arbetslaget arbetar enligt l\u00e4roplanens syfte och \u00e4ndam\u00e5l,<\/p>\n\n\n\n<p>F\u00f6r att konkretisera f\u00f6rskoll\u00e4rares ledarskap och uppdrag ytterligare handlar det om att:<\/p>\n\n\n\n<ul class=\"wp-block-list\">\n<li>F\u00f6rskoll\u00e4rare ska genom att leda m\u00f6ten med tydligt f\u00f6rankrad dagordning och best\u00e4mt syfte hos arbetslaget, s\u00e4kerst\u00e4lla att v\u00e5ra kollegiala samtal har sitt utg\u00e5ngsl\u00e4ge i l\u00e4roplanen.<\/li>\n\n\n\n<li>F\u00f6rskoll\u00e4raren ska vidare tillse att vi f\u00f6ljer upp arbetet och utvecklas genom dialog i arbetslaget, samt att vi fortl\u00f6pande framh\u00e4ver och arbetar i en gemensam f\u00f6rst\u00e5else f\u00f6r v\u00e5rt uppdrag samt riktning<\/li>\n\n\n\n<li>F\u00f6rskoll\u00e4rare ansvarar f\u00f6r v\u00e5ra utvecklingssamtals inneh\u00e5ll, att dess utformning och genomf\u00f6rande st\u00e4mmer \u00f6verens med de nationella m\u00e5len<\/li>\n\n\n\n<li>F\u00f6rskoll\u00e4rare ansvarar f\u00f6r \u00f6verg\u00e5ngssamtalen med f\u00f6rskoleklass och v\u00e5rdnadshavare inf\u00f6r skolstarten.<\/li>\n<\/ul>\n\n\n\n<p><strong>Arbetslagets uppdrag<\/strong><\/p>\n\n\n\n<ul class=\"wp-block-list\">\n<li>Att bedriva undervisning i f\u00f6rskolan gemensamt.<\/li>\n\n\n\n<li>F\u00f6ra fortl\u00f6pande samtal med barns v\u00e5rdnadshavare om barnets trivsel, utveckling och l\u00e4rande&nbsp;<\/li>\n\n\n\n<li>Att genomf\u00f6ra utvecklingssamtal och introduktionssamtal.<\/li>\n\n\n\n<li>Ta ansvar f\u00f6r att samtal, aktiviteter, lek och samspel sker i enlighet med l\u00e4roplanens demokratiska v\u00e4rdegrund samt andra formuleringar i den.<\/li>\n<\/ul>\n\n\n\n<p><strong>Arbetslagsledares uppdrag<\/strong><\/p>\n\n\n\n<ul class=\"wp-block-list\">\n<li>Varje avdelning har en arbetslagsledare som tr\u00e4ffas en g\u00e5ng varannan vecka f\u00f6r ett m\u00f6te. De g\u00e5r&nbsp;tillsammans igenom vad varje avdelning har gjort, reflektioner som skett inom respektive arbetslag samt vad vi vill ska utvecklas i relation till bepr\u00f6vad erfarenhet och den vetenskapliga grunden. Detta \u00e4r f\u00f6r att se till att utbildningen blir likv\u00e4rdig p\u00e5 f\u00f6rskolan.<\/li>\n\n\n\n<li>Arbetslagsledarna och rektor skapar mallen f\u00f6r introduktionssamtalen.<\/li>\n<\/ul>\n","protected":false},"excerpt":{"rendered":"<p>H\u00e4r nedan finns en \u00f6versk\u00e5dlighet kring personalt\u00e4thet och befattning p\u00e5 Blomster\u00e4ngen Avdelningen Vitsippan (1-3 \u00e5r) P\u00e5 yngrebarnsavdelningen Vitsippan arbetar f\u00f6rskoll\u00e4rarna Elin, 25 &amp; Emma, 33 tillsammans med barnsk\u00f6tarna Maja, 52 och Lowa, 20. Vitsippans arbetslagsledare \u00e4r f\u00f6rskoll\u00e4raren Elin. Avdelningen Bl\u00e5sippan&#8230; <a class=\"more-link\" href=\"https:\/\/sola.kau.se\/hagfors\/personal\/\">Forts\u00e4tt l\u00e4sa &rarr;<\/a><\/p>\n","protected":false},"author":3418,"featured_media":0,"parent":0,"menu_order":0,"comment_status":"closed","ping_status":"closed","template":"","meta":{"footnotes":""},"class_list":["post-62","page","type-page","status-publish","hentry"],"_links":{"self":[{"href":"https:\/\/sola.kau.se\/hagfors\/wp-json\/wp\/v2\/pages\/62","targetHints":{"allow":["GET"]}}],"collection":[{"href":"https:\/\/sola.kau.se\/hagfors\/wp-json\/wp\/v2\/pages"}],"about":[{"href":"https:\/\/sola.kau.se\/hagfors\/wp-json\/wp\/v2\/types\/page"}],"author":[{"embeddable":true,"href":"https:\/\/sola.kau.se\/hagfors\/wp-json\/wp\/v2\/users\/3418"}],"replies":[{"embeddable":true,"href":"https:\/\/sola.kau.se\/hagfors\/wp-json\/wp\/v2\/comments?post=62"}],"version-history":[{"count":47,"href":"https:\/\/sola.kau.se\/hagfors\/wp-json\/wp\/v2\/pages\/62\/revisions"}],"predecessor-version":[{"id":1379,"href":"https:\/\/sola.kau.se\/hagfors\/wp-json\/wp\/v2\/pages\/62\/revisions\/1379"}],"wp:attachment":[{"href":"https:\/\/sola.kau.se\/hagfors\/wp-json\/wp\/v2\/media?parent=62"}],"curies":[{"name":"wp","href":"https:\/\/api.w.org\/{rel}","templated":true}]}}