 {"id":644,"date":"2025-04-09T09:07:07","date_gmt":"2025-04-09T09:07:07","guid":{"rendered":"https:\/\/sola.kau.se\/hagfors\/?page_id=644"},"modified":"2025-04-09T09:07:07","modified_gmt":"2025-04-09T09:07:07","slug":"ovriga-samverkansformer","status":"publish","type":"page","link":"https:\/\/sola.kau.se\/hagfors\/ovriga-samverkansformer\/","title":{"rendered":"\u00d6vriga samverkansformer"},"content":{"rendered":"\n<p>H\u00e4r kan ni l\u00e4sa om \u00f6vriga samverkansformer vi erbjuder f\u00f6r att st\u00e4rka dels relationen mellan f\u00f6rskolan och hemmet men ocks\u00e5 f\u00f6r att ni v\u00e5rdnadshavare ska f\u00e5 en st\u00f6rre m\u00f6jlighet till delaktighet och inflytande. <\/p>\n\n\n\n<p>F\u00f6r att st\u00e4rka er delaktighet i v\u00e5r f\u00f6rskola bjuder vi in till verksamhetsbes\u00f6k varannan m\u00e5nad, dessa tr\u00e4ffar har olika syften beroende p\u00e5 var vi befinner oss i nul\u00e4get. Det kan exempelvis handla om att ni f\u00e5r utveckla f\u00f6rst\u00e5else f\u00f6r v\u00e5ra digitala verktyg genom att prova och bekanta er med dem eller att ni f\u00e5r ta del av ett projekt d\u00e4r barnen skapat n\u00e5got.<\/p>\n\n\n\n<p>Efter att vi har l\u00e4st \u201cHem och F\u00f6rskola\u201d fick vi inspiration att under dessa verksamhetsbes\u00f6k bjuda p\u00e5 fika, men med syftet att ni f\u00e5r m\u00f6jlighet att samtala med varandra och oss pedagoger. F\u00f6r de v\u00e5rdnadshavare som har behov av tolk s\u00e5 ordnar vi givetvis det f\u00f6r att alla ska ha samma m\u00f6jlighet att ta del av v\u00e5r verksamhet.&nbsp;<\/p>\n\n\n\n<p>N\u00e5got som lyfts i boken (hem och f\u00f6rskola) \u00e4r att det kan vara sv\u00e5rt f\u00f6r v\u00e5rdnadshavare att ha inflytande kring n\u00e5got de inte har direkt erfarenhet eller inblick i. D\u00e4rf\u00f6r anser vi att det extra viktigt att ge er v\u00e5rdnadshavare m\u00f6jlighet att f\u00e5 en inblick i v\u00e5r verksamhet. Genom att ta del av v\u00e5rt pedagogiska arbete fr\u00e4mjas er delaktighet n\u00e4r ni exempelvis kan samtala med barnen hemma och faktiskt f\u00f6rst\u00e5 vad barnen menar n\u00e4r de kommunicerar om deras m\u00f6ten i f\u00f6rskolan. N\u00e4r ni f\u00e5r en insyn i f\u00f6rskolan, vad vi g\u00f6r, vad som finns, ger det er ocks\u00e5 st\u00f6rre f\u00f6ruts\u00e4ttningar att med inflytande, kunna p\u00e5verka och f\u00f6r\u00e4ndra.<br><\/p>\n\n\n\n<p> L\u00e4roplanen s\u00e4ger att f\u00f6rskolan ska samarbeta med hemmet p\u00e5 ett n\u00e4ra och f\u00f6rtroendefullt s\u00e4tt och d\u00e4rf\u00f6r har vi inte bara t\u00e4nkt p\u00e5 er delaktighet i form av verksamhetsbes\u00f6k utan \u00e4ven ert inflytande d\u00e4r vi anv\u00e4nder oss utav ett forum f\u00f6r er v\u00e5rdnadshavare. Detta med st\u00f6d fr\u00e5n att vi l\u00e4st om just forum i boken \u201cHem och f\u00f6rskola\u201d. H\u00e4r ges ni m\u00f6jlighet att ha inflytande, synligg\u00f6ra samt diskutera era \u00e5sikter som r\u00f6r f\u00f6rskolans verksamhet i en liten grupp. Detta blir sedan v\u00e5rt ansvar att uppm\u00e4rksamma och synligg\u00f6ra det ni lyfter upp i diskussionerna p\u00e5 forumtr\u00e4ffarna.<\/p>\n","protected":false},"excerpt":{"rendered":"<p>H\u00e4r kan ni l\u00e4sa om \u00f6vriga samverkansformer vi erbjuder f\u00f6r att st\u00e4rka dels relationen mellan f\u00f6rskolan och hemmet men ocks\u00e5 f\u00f6r att ni v\u00e5rdnadshavare ska f\u00e5 en st\u00f6rre m\u00f6jlighet till delaktighet och inflytande. F\u00f6r att st\u00e4rka er delaktighet i v\u00e5r&#8230; <a class=\"more-link\" href=\"https:\/\/sola.kau.se\/hagfors\/ovriga-samverkansformer\/\">Forts\u00e4tt l\u00e4sa &rarr;<\/a><\/p>\n","protected":false},"author":3418,"featured_media":0,"parent":0,"menu_order":0,"comment_status":"closed","ping_status":"closed","template":"","meta":{"footnotes":""},"class_list":["post-644","page","type-page","status-publish","hentry"],"_links":{"self":[{"href":"https:\/\/sola.kau.se\/hagfors\/wp-json\/wp\/v2\/pages\/644","targetHints":{"allow":["GET"]}}],"collection":[{"href":"https:\/\/sola.kau.se\/hagfors\/wp-json\/wp\/v2\/pages"}],"about":[{"href":"https:\/\/sola.kau.se\/hagfors\/wp-json\/wp\/v2\/types\/page"}],"author":[{"embeddable":true,"href":"https:\/\/sola.kau.se\/hagfors\/wp-json\/wp\/v2\/users\/3418"}],"replies":[{"embeddable":true,"href":"https:\/\/sola.kau.se\/hagfors\/wp-json\/wp\/v2\/comments?post=644"}],"version-history":[{"count":1,"href":"https:\/\/sola.kau.se\/hagfors\/wp-json\/wp\/v2\/pages\/644\/revisions"}],"predecessor-version":[{"id":650,"href":"https:\/\/sola.kau.se\/hagfors\/wp-json\/wp\/v2\/pages\/644\/revisions\/650"}],"wp:attachment":[{"href":"https:\/\/sola.kau.se\/hagfors\/wp-json\/wp\/v2\/media?parent=644"}],"curies":[{"name":"wp","href":"https:\/\/api.w.org\/{rel}","templated":true}]}}