 {"id":696,"date":"2025-04-10T10:18:51","date_gmt":"2025-04-10T10:18:51","guid":{"rendered":"https:\/\/sola.kau.se\/hagfors\/?page_id=696"},"modified":"2025-06-02T11:52:02","modified_gmt":"2025-06-02T11:52:02","slug":"konflikthantering","status":"publish","type":"page","link":"https:\/\/sola.kau.se\/hagfors\/konflikthantering\/","title":{"rendered":"Konflikthantering"},"content":{"rendered":"\n<figure class=\"wp-block-gallery has-nested-images columns-default is-cropped wp-block-gallery-1 is-layout-flex wp-block-gallery-is-layout-flex\">\n<figure class=\"wp-block-image size-full\"><img loading=\"lazy\" decoding=\"async\" width=\"541\" height=\"531\" data-id=\"707\" src=\"https:\/\/sola.kau.se\/hagfors\/wp-content\/uploads\/sites\/1285\/2025\/04\/slide_1_1649855729644-1-edited.jpg\" alt=\"\" class=\"wp-image-707\" srcset=\"https:\/\/sola.kau.se\/hagfors\/wp-content\/uploads\/sites\/1285\/2025\/04\/slide_1_1649855729644-1-edited.jpg 541w, https:\/\/sola.kau.se\/hagfors\/wp-content\/uploads\/sites\/1285\/2025\/04\/slide_1_1649855729644-1-edited-300x294.jpg 300w\" sizes=\"auto, (max-width: 541px) 100vw, 541px\" \/><\/figure>\n<\/figure>\n\n\n\n<p>F\u00f6r att f\u00f6rebygga samt hantera konflikter som kan uppst\u00e5 i f\u00f6rskolan beh\u00f6ver vi p\u00e5 Blomster\u00e4ngen se till att vi bem\u00f6ter samt kontinuerligt reflekterar och diskuterar barnens samt v\u00e5rt s\u00e4tt att agera och hur vi hanterar konflikter. Vi anv\u00e4nder oss utav Richard Cohens arbetsmodell (konflikthanteringspyramid) som beskrivs i boken <em>Konflikthantering i professionellt ledarskap<\/em> av Hakvoort &amp; Friberg (2020) f\u00f6r att f\u00f6rankra v\u00e5rt f\u00f6rh\u00e5llningss\u00e4tt i konflikthantering.<\/p>\n\n\n\n<ol class=\"wp-block-list\">\n<li>F\u00f6rebygga: Det centrala h\u00e4r handlar om att utveckla fungerande sociala relationer och sociala kompetenser.<\/li>\n\n\n\n<li>Hantera: Konflikter som l\u00f6ses genom f\u00f6rhandlingar mellan parterna<\/li>\n\n\n\n<li>Hj\u00e4lp: Konflikter som medlas med hj\u00e4lp av neutral part<\/li>\n\n\n\n<li>Stopp!: Beteenden eller ageranden stoppas<\/li>\n<\/ol>\n\n\n\n<p>F\u00f6ljaktligen n\u00e4r vi pedagoger ska hj\u00e4lpa barnen i att hantera och l\u00f6sa de konflikter som uppst\u00e5r utg\u00e5r vi fr\u00e5n 3-stegsmetoden, som ocks\u00e5 beskrivs av Hakvoort &amp; Friberg (2020):<\/p>\n\n\n\n<ol class=\"wp-block-list\">\n<li>Barnet s\u00e4tter ord p\u00e5 det som h\u00e4nder \/ har h\u00e4nt<\/li>\n\n\n\n<li>Barnet talar om hur hen k\u00e4nner<\/li>\n\n\n\n<li>Barnet talar om hur hen vill \/ \u00f6nskar att det ska vara<\/li>\n<\/ol>\n\n\n\n<figure class=\"wp-block-image size-large\"><img loading=\"lazy\" decoding=\"async\" width=\"2560\" height=\"1920\" src=\"https:\/\/sola.kau.se\/hagfors\/wp-content\/uploads\/sites\/1285\/2025\/05\/IMG_6156-edited-2-scaled.jpeg\" alt=\"\" class=\"wp-image-1209\" srcset=\"https:\/\/sola.kau.se\/hagfors\/wp-content\/uploads\/sites\/1285\/2025\/05\/IMG_6156-edited-2-scaled.jpeg 2560w, https:\/\/sola.kau.se\/hagfors\/wp-content\/uploads\/sites\/1285\/2025\/05\/IMG_6156-edited-2-300x225.jpeg 300w, https:\/\/sola.kau.se\/hagfors\/wp-content\/uploads\/sites\/1285\/2025\/05\/IMG_6156-edited-2-1024x768.jpeg 1024w, https:\/\/sola.kau.se\/hagfors\/wp-content\/uploads\/sites\/1285\/2025\/05\/IMG_6156-edited-2-768x576.jpeg 768w, https:\/\/sola.kau.se\/hagfors\/wp-content\/uploads\/sites\/1285\/2025\/05\/IMG_6156-edited-2-1536x1152.jpeg 1536w, https:\/\/sola.kau.se\/hagfors\/wp-content\/uploads\/sites\/1285\/2025\/05\/IMG_6156-edited-2-2048x1536.jpeg 2048w, https:\/\/sola.kau.se\/hagfors\/wp-content\/uploads\/sites\/1285\/2025\/05\/IMG_6156-edited-2-600x450.jpeg 600w, https:\/\/sola.kau.se\/hagfors\/wp-content\/uploads\/sites\/1285\/2025\/05\/IMG_6156-edited-2-945x709.jpeg 945w\" sizes=\"auto, (max-width: 2560px) 100vw, 2560px\" \/><\/figure>\n\n\n\n<p>P\u00e5 f\u00f6rskolan Blomster\u00e4ngen arbetar vi med konflikthantering bland annat utifr\u00e5n boken Liten av Stina Wirs\u00e9n. Vi arbetar ocks\u00e5 utifr\u00e5n boken i det f\u00f6rebyggande arbetet med barn som far illa. Du kan l\u00e4sa mer om detta genom att <strong><a href=\"https:\/\/www.jagvillveta.se\/for-dig-som-vuxen\/boken-om-liten\/\" data-type=\"link\" data-id=\"https:\/\/www.jagvillveta.se\/for-dig-som-vuxen\/boken-om-liten\/\">klicka h\u00e4r!<\/a><\/strong> Boken handlar om Liten som \u00e4r r\u00e4dd hemma, f\u00f6r att hemma f\u00f6rekommer det ofta br\u00e5k. Boken \u00e4r till f\u00f6r att \u00f6ppna upp f\u00f6r samtal om k\u00e4nslor samt r\u00e4ttigheter. Vi l\u00e4ser och gestaltar utifr\u00e5n boken, samtalar och diskuterar om olika k\u00e4nslor med hj\u00e4lp av k\u00e4nslokorten. Vi har exempelvis samtalat om olika situationer d\u00e5 vi kan k\u00e4nna oss ledsna, var i kroppen olika k\u00e4nslor kan finnas och hur de k\u00e4nns och p\u00e5 vilka s\u00e4tt vi kan se om en kompis \u00e4r ledsen eller glad.<\/p>\n\n\n\n<p>Syftet \u00e4r att barnen med hj\u00e4lp av samtal, gestaltningar och diskussioner utifr\u00e5n boken Liten ska f\u00e5 f\u00f6ruts\u00e4ttningar att utveckla f\u00f6rm\u00e5gor att:<\/p>\n\n\n\n<ul class=\"wp-block-list\">\n<li>ta h\u00e4nsyn till och leva sig in i andra m\u00e4nniskors situation samt vilja att hj\u00e4lpa andra<\/li>\n\n\n\n<li>fungera enskilt och i grupp, samarbeta, hantera konflikter och f\u00f6rst\u00e5 r\u00e4ttigheter och skyldigheter samt att ta ansvar f\u00f6r gemensamma regler. <em>(Lpf\u00f618)<\/em><\/li>\n<\/ul>\n","protected":false},"excerpt":{"rendered":"<p>F\u00f6r att f\u00f6rebygga samt hantera konflikter som kan uppst\u00e5 i f\u00f6rskolan beh\u00f6ver vi p\u00e5 Blomster\u00e4ngen se till att vi bem\u00f6ter samt kontinuerligt reflekterar och diskuterar barnens samt v\u00e5rt s\u00e4tt att agera och hur vi hanterar konflikter. Vi anv\u00e4nder oss utav&#8230; <a class=\"more-link\" href=\"https:\/\/sola.kau.se\/hagfors\/konflikthantering\/\">Forts\u00e4tt l\u00e4sa &rarr;<\/a><\/p>\n","protected":false},"author":6578,"featured_media":0,"parent":0,"menu_order":0,"comment_status":"closed","ping_status":"closed","template":"","meta":{"footnotes":""},"class_list":["post-696","page","type-page","status-publish","hentry"],"_links":{"self":[{"href":"https:\/\/sola.kau.se\/hagfors\/wp-json\/wp\/v2\/pages\/696","targetHints":{"allow":["GET"]}}],"collection":[{"href":"https:\/\/sola.kau.se\/hagfors\/wp-json\/wp\/v2\/pages"}],"about":[{"href":"https:\/\/sola.kau.se\/hagfors\/wp-json\/wp\/v2\/types\/page"}],"author":[{"embeddable":true,"href":"https:\/\/sola.kau.se\/hagfors\/wp-json\/wp\/v2\/users\/6578"}],"replies":[{"embeddable":true,"href":"https:\/\/sola.kau.se\/hagfors\/wp-json\/wp\/v2\/comments?post=696"}],"version-history":[{"count":7,"href":"https:\/\/sola.kau.se\/hagfors\/wp-json\/wp\/v2\/pages\/696\/revisions"}],"predecessor-version":[{"id":1309,"href":"https:\/\/sola.kau.se\/hagfors\/wp-json\/wp\/v2\/pages\/696\/revisions\/1309"}],"wp:attachment":[{"href":"https:\/\/sola.kau.se\/hagfors\/wp-json\/wp\/v2\/media?parent=696"}],"curies":[{"name":"wp","href":"https:\/\/api.w.org\/{rel}","templated":true}]}}