 {"id":2,"date":"2020-10-29T10:50:04","date_gmt":"2020-10-29T10:50:04","guid":{"rendered":"https:\/\/sola.kau.se\/hravdelningen\/?page_id=2"},"modified":"2020-11-03T10:16:22","modified_gmt":"2020-11-03T09:16:22","slug":"sample-page","status":"publish","type":"page","link":"https:\/\/sola.kau.se\/hravdelningen\/","title":{"rendered":"Welcome to HR&#8217;s registration page"},"content":{"rendered":"\n<p>This the HR Office page for registering for our events, webinars, seminars and courses. <\/p>\n\n\n\n<blockquote class=\"wp-block-quote is-style-default is-layout-flow wp-block-quote-is-layout-flow\"><p>V\u00e4lkommen till HR-avdelningens sida f\u00f6r anm\u00e4lningar till v\u00e5ra event, webinarium, seminarium och andra utbildningar.<\/p><\/blockquote>\n","protected":false},"excerpt":{"rendered":"<p>This the HR Office page for registering for our events, webinars, seminars and courses. V\u00e4lkommen till HR-avdelningens sida f\u00f6r anm\u00e4lningar till v\u00e5ra event, webinarium, seminarium och andra utbildningar.<\/p>\n","protected":false},"author":199,"featured_media":0,"parent":0,"menu_order":0,"comment_status":"closed","ping_status":"open","template":"","meta":{"footnotes":""},"class_list":["post-2","page","type-page","status-publish","hentry"],"_links":{"self":[{"href":"https:\/\/sola.kau.se\/hravdelningen\/wp-json\/wp\/v2\/pages\/2","targetHints":{"allow":["GET"]}}],"collection":[{"href":"https:\/\/sola.kau.se\/hravdelningen\/wp-json\/wp\/v2\/pages"}],"about":[{"href":"https:\/\/sola.kau.se\/hravdelningen\/wp-json\/wp\/v2\/types\/page"}],"author":[{"embeddable":true,"href":"https:\/\/sola.kau.se\/hravdelningen\/wp-json\/wp\/v2\/users\/199"}],"replies":[{"embeddable":true,"href":"https:\/\/sola.kau.se\/hravdelningen\/wp-json\/wp\/v2\/comments?post=2"}],"version-history":[{"count":3,"href":"https:\/\/sola.kau.se\/hravdelningen\/wp-json\/wp\/v2\/pages\/2\/revisions"}],"predecessor-version":[{"id":21,"href":"https:\/\/sola.kau.se\/hravdelningen\/wp-json\/wp\/v2\/pages\/2\/revisions\/21"}],"wp:attachment":[{"href":"https:\/\/sola.kau.se\/hravdelningen\/wp-json\/wp\/v2\/media?parent=2"}],"curies":[{"name":"wp","href":"https:\/\/api.w.org\/{rel}","templated":true}]}}