 {"id":41,"date":"2021-03-04T11:32:31","date_gmt":"2021-03-04T10:32:31","guid":{"rendered":"https:\/\/sola.kau.se\/hravdelningen\/?page_id=41"},"modified":"2021-03-04T11:38:16","modified_gmt":"2021-03-04T10:38:16","slug":"referencegroup","status":"publish","type":"page","link":"https:\/\/sola.kau.se\/hravdelningen\/referencegroup\/","title":{"rendered":"Digital introduktion\/introduction"},"content":{"rendered":"\n<p><em>English below<\/em><br>Karlstads universitet \u00e4r mitt i arbetet med att ta fram en digital applikation f\u00f6r introduktion av nya medarbetare som \u00e4r t\u00e4nkt att finnas tillg\u00e4nglig under den nya medarbetarens tid fr\u00e5n beslut om anst\u00e4llning till och med de 3 f\u00f6rsta m\u00e5naderna av anst\u00e4llningen. M\u00e5let \u00e4r en informativ och interaktiv applikation som f\u00e5r nya medarbetare vid universitetet att k\u00e4nna sig v\u00e4lkomna och f\u00e5 del av viktig information n\u00e4r det passar dem. F\u00f6r att s\u00e4kerst\u00e4lla att inneh\u00e5llet blir det v\u00e5ra nya medarbetare efterfr\u00e5gar arrangerar vi referensgrupper och tar tacksamt emot all input vi kan f\u00e5! Anm\u00e4l dig nedan till den referensgrupp som st\u00e4mmer in p\u00e5 dig!<br>Datum:<br>24 mars 08.00-09.00 Administrativ\/teknisk personal<br>26 mars 08.00-09.00 L\u00e4rare\/Forskare<br>25 march 09.00-10.00 Internationella medarbetare<br><br>Karlstad University is in the middle of the work of developing a digital application for the introduction of new employees that is intended to be available during the new employee&#8217;s time from decision on employment up to and including the first 3 months of employment. The goal is an informative and interactive application that makes new employees at the university feel welcome and receive important information when it suits them. To ensure that the content is what our new employees demand, we arrange reference groups and are grateful for all input we can get! Sign up below for the reference group of your liking!<br>25 March 09.00-10.00 International employees<br>24 March 08.00-09.00 Administrative employees (in swedish)<br>26 March 08.00-09.00 Teachers\/researchers (in swedish)<\/p>\n\n\n","protected":false},"excerpt":{"rendered":"<p>English belowKarlstads universitet \u00e4r mitt i arbetet med att ta fram en digital applikation f\u00f6r introduktion av nya medarbetare som \u00e4r t\u00e4nkt att finnas tillg\u00e4nglig under den nya medarbetarens tid fr\u00e5n beslut om anst\u00e4llning till och med de 3 f\u00f6rsta m\u00e5naderna av anst\u00e4llningen. M\u00e5let \u00e4r en informativ och interaktiv applikation som f\u00e5r nya medarbetare vid [&hellip;]<\/p>\n","protected":false},"author":199,"featured_media":0,"parent":0,"menu_order":0,"comment_status":"closed","ping_status":"closed","template":"","meta":{"footnotes":""},"class_list":["post-41","page","type-page","status-publish","hentry"],"_links":{"self":[{"href":"https:\/\/sola.kau.se\/hravdelningen\/wp-json\/wp\/v2\/pages\/41","targetHints":{"allow":["GET"]}}],"collection":[{"href":"https:\/\/sola.kau.se\/hravdelningen\/wp-json\/wp\/v2\/pages"}],"about":[{"href":"https:\/\/sola.kau.se\/hravdelningen\/wp-json\/wp\/v2\/types\/page"}],"author":[{"embeddable":true,"href":"https:\/\/sola.kau.se\/hravdelningen\/wp-json\/wp\/v2\/users\/199"}],"replies":[{"embeddable":true,"href":"https:\/\/sola.kau.se\/hravdelningen\/wp-json\/wp\/v2\/comments?post=41"}],"version-history":[{"count":3,"href":"https:\/\/sola.kau.se\/hravdelningen\/wp-json\/wp\/v2\/pages\/41\/revisions"}],"predecessor-version":[{"id":95,"href":"https:\/\/sola.kau.se\/hravdelningen\/wp-json\/wp\/v2\/pages\/41\/revisions\/95"}],"wp:attachment":[{"href":"https:\/\/sola.kau.se\/hravdelningen\/wp-json\/wp\/v2\/media?parent=41"}],"curies":[{"name":"wp","href":"https:\/\/api.w.org\/{rel}","templated":true}]}}