 {"id":548,"date":"2023-09-25T11:23:36","date_gmt":"2023-09-25T11:23:36","guid":{"rendered":"https:\/\/sola.kau.se\/kaukan2023\/?page_id=548"},"modified":"2023-09-25T11:23:36","modified_gmt":"2023-09-25T11:23:36","slug":"undervisa-med-etik-som-larandemal","status":"publish","type":"page","link":"https:\/\/sola.kau.se\/kaukan2023\/undervisa-med-etik-som-larandemal\/","title":{"rendered":"Undervisa med etik som l\u00e4randem\u00e5l"},"content":{"rendered":"<p>Abstract<\/br>Att utbilda och examinera mot l\u00e4randem\u00e5l med etikiska inslag \u00e4r inte enkelt &#8211; men f\u00f6rmodligen ett av de viktigare inslagen i h\u00f6gre utbildning. F\u00f6r bl.a. juristexamen ska studenten uppn\u00e5 en v\u00e4rderingsf\u00f6rm\u00e5ga och ett f\u00f6rh\u00e5llningss\u00e4tt som visar deras f\u00f6rm\u00e5ga att inom omr\u00e5det (juridik) g\u00f6ra bed\u00f6mningar med h\u00e4nsyn till [\u2026] etiska aspekter.  Ett t\u00e4nkbart s\u00e4tt att utbilda studenter i att erh\u00e5lla etiska f\u00f6rh\u00e5llningss\u00e4tt \u00e4r att inf\u00f6ra ett element i undervisningen, l\u00f6pande genom utbildningen, som g\u00f6r att studenterna genom utvecklande tankeprocesser ges tr\u00e4ning i att g\u00f6ra bed\u00f6mningar inom \u00e4mnet med h\u00e4nsyn till etiska perspektiv och diskussioner om vad som r\u00e4tt eller fel.<br \/>\nUndervisningsmomentet jag t\u00e4nker mig \u00e4r diskussionsuppgifter d\u00e4r undervisande l\u00e4rare ger studenterna en etiskt konfliktfylld fr\u00e5gest\u00e4llning d\u00e4r studenterna ska reflektera och beskriva hur de skulle agera. P\u00e5 s\u00e5 s\u00e4tt tr\u00e4nar studenterna att tolka och konstruera egen kunskap och etiska f\u00f6rh\u00e5llnings\u00e4tt i f\u00f6rh\u00e5llande till kursens \u00e4mne. Uppgiften beh\u00f6ver inte vara omfattande fem till tio rader r\u00e4cker och ges som diskussioner i mindre grupper i canvas, t.ex. varje vecka. L\u00e4rare kan d\u00e5 l\u00e4tt f\u00f6lja utvecklingen och ge nya eller uppf\u00f6ljande fr\u00e5gest\u00e4llningar som bygga p\u00e5 en ej beaktad eller o\u00f6nskad juridisk eller personlig konsekvens av ett visst agerande fr\u00e5n svaren i f\u00f6reg\u00e5ende diskussionsuppgift.<\/p>\n","protected":false},"excerpt":{"rendered":"<p>AbstractAtt utbilda och examinera mot l\u00e4randem\u00e5l med etikiska inslag \u00e4r inte enkelt &#8211; men f\u00f6rmodligen ett av de viktigare inslagen i h\u00f6gre utbildning. F\u00f6r bl.a. juristexamen ska studenten uppn\u00e5 en v\u00e4rderingsf\u00f6rm\u00e5ga och ett f\u00f6rh\u00e5llningss\u00e4tt som visar deras f\u00f6rm\u00e5ga att inom omr\u00e5det (juridik) g\u00f6ra bed\u00f6mningar med h\u00e4nsyn till [\u2026] etiska aspekter. Ett t\u00e4nkbart s\u00e4tt att utbilda [&hellip;]<\/p>\n","protected":false},"author":4115,"featured_media":0,"parent":0,"menu_order":0,"comment_status":"closed","ping_status":"closed","template":"","meta":{"_acf_changed":false,"footnotes":""},"class_list":["post-548","page","type-page","status-publish","hentry"],"acf":[],"_links":{"self":[{"href":"https:\/\/sola.kau.se\/kaukan2023\/wp-json\/wp\/v2\/pages\/548","targetHints":{"allow":["GET"]}}],"collection":[{"href":"https:\/\/sola.kau.se\/kaukan2023\/wp-json\/wp\/v2\/pages"}],"about":[{"href":"https:\/\/sola.kau.se\/kaukan2023\/wp-json\/wp\/v2\/types\/page"}],"author":[{"embeddable":true,"href":"https:\/\/sola.kau.se\/kaukan2023\/wp-json\/wp\/v2\/users\/4115"}],"replies":[{"embeddable":true,"href":"https:\/\/sola.kau.se\/kaukan2023\/wp-json\/wp\/v2\/comments?post=548"}],"version-history":[{"count":1,"href":"https:\/\/sola.kau.se\/kaukan2023\/wp-json\/wp\/v2\/pages\/548\/revisions"}],"predecessor-version":[{"id":701,"href":"https:\/\/sola.kau.se\/kaukan2023\/wp-json\/wp\/v2\/pages\/548\/revisions\/701"}],"wp:attachment":[{"href":"https:\/\/sola.kau.se\/kaukan2023\/wp-json\/wp\/v2\/media?parent=548"}],"curies":[{"name":"wp","href":"https:\/\/api.w.org\/{rel}","templated":true}]}}