 {"id":554,"date":"2023-09-25T11:23:36","date_gmt":"2023-09-25T11:23:36","guid":{"rendered":"https:\/\/sola.kau.se\/kaukan2023\/?page_id=554"},"modified":"2023-09-25T11:23:36","modified_gmt":"2023-09-25T11:23:36","slug":"att-utveckla-en-kurs-med-hjalp-av-andragogi-vuxenpedaogigk","status":"publish","type":"page","link":"https:\/\/sola.kau.se\/kaukan2023\/att-utveckla-en-kurs-med-hjalp-av-andragogi-vuxenpedaogigk\/","title":{"rendered":"Att utveckla en kurs med hj\u00e4lp av andragogi, vuxenpedaogigk"},"content":{"rendered":"<p>Abstract<\/br>Hur kan vi designa kurser f\u00f6r yrkesverksamma som kombinerar heltidsarbete med studier? Under denna presentation beskriver och diskuterar vi andragogik, vuxenpedagogik, som en potentiell kunskapsbas f\u00f6r utveckling av kurser. Vi kommer att anv\u00e4nda masterkursen \u201dDigitalisering och digital transformation i organisationer\u201d designad och utvecklad f\u00f6r yrkesverksamma som konkret exempel.<br \/>\nKursen \u00e4r framtagen av Karin Ahlin, Linda Bergkvist och John Johansson. Kursen ges p\u00e5 distans, best\u00e5r av fyra moduler och motsvarar fem h\u00f6gskolepo\u00e4ng. Kursen har genomf\u00f6rts vid tv\u00e5 tillf\u00e4llen. \u00d6verlag \u00e4r kursdeltagarna n\u00f6jda med kursen samtidigt som genomstr\u00f6mningen \u00e4r l\u00e5g. Inf\u00f6r det tredje tillf\u00e4llet har vi d\u00e4rf\u00f6r analyserat kursmaterialet (kursv\u00e4rderingar, kursdeltagarnas incheckningar, l\u00e4randedagb\u00f6cker) med utg\u00e5ngspunkt i andragogik i syfte att identifiera hur kursmoment kan designas\/designas om f\u00f6r h\u00f6gre genomstr\u00f6mning och n\u00f6jdhet hos kursdeltagarna. De prelimin\u00e4ra resultaten pekar p\u00e5 betydelsen av erfarenhetsutbyte mellan kursdeltagarna f\u00f6r att fr\u00e4mja n\u00e4tverkande och kunskapande. Kursmoment som syftar till att f\u00f6rdjupa sig i teoretiska inneh\u00e5llet\/vetenskapliga artiklar kan brytas ner i \u00f6vningar d\u00e4r kursdeltagarna arbetar tillsammans kring verkliga problem h\u00e4mtade fr\u00e5n deras arbetsvardag. L\u00e4randedagboken skulle kunna utformas f\u00f6r att hj\u00e4lpa deltagarna att integrera den nya kunskapen med sina tidigare kunskaper med fokus p\u00e5 yrkesroll och arbetssituation.<br \/>\nV\u00e5r studie kommer ocks\u00e5 att presenteras p\u00e5 konferensen ECEL 2023 i Pretoria, Sydafrika.<\/p>\n","protected":false},"excerpt":{"rendered":"<p>AbstractHur kan vi designa kurser f\u00f6r yrkesverksamma som kombinerar heltidsarbete med studier? Under denna presentation beskriver och diskuterar vi andragogik, vuxenpedagogik, som en potentiell kunskapsbas f\u00f6r utveckling av kurser. Vi kommer att anv\u00e4nda masterkursen \u201dDigitalisering och digital transformation i organisationer\u201d designad och utvecklad f\u00f6r yrkesverksamma som konkret exempel. Kursen \u00e4r framtagen av Karin Ahlin, Linda [&hellip;]<\/p>\n","protected":false},"author":1707,"featured_media":0,"parent":0,"menu_order":0,"comment_status":"closed","ping_status":"closed","template":"","meta":{"_acf_changed":false,"footnotes":""},"class_list":["post-554","page","type-page","status-publish","hentry"],"acf":[],"_links":{"self":[{"href":"https:\/\/sola.kau.se\/kaukan2023\/wp-json\/wp\/v2\/pages\/554","targetHints":{"allow":["GET"]}}],"collection":[{"href":"https:\/\/sola.kau.se\/kaukan2023\/wp-json\/wp\/v2\/pages"}],"about":[{"href":"https:\/\/sola.kau.se\/kaukan2023\/wp-json\/wp\/v2\/types\/page"}],"author":[{"embeddable":true,"href":"https:\/\/sola.kau.se\/kaukan2023\/wp-json\/wp\/v2\/users\/1707"}],"replies":[{"embeddable":true,"href":"https:\/\/sola.kau.se\/kaukan2023\/wp-json\/wp\/v2\/comments?post=554"}],"version-history":[{"count":1,"href":"https:\/\/sola.kau.se\/kaukan2023\/wp-json\/wp\/v2\/pages\/554\/revisions"}],"predecessor-version":[{"id":700,"href":"https:\/\/sola.kau.se\/kaukan2023\/wp-json\/wp\/v2\/pages\/554\/revisions\/700"}],"wp:attachment":[{"href":"https:\/\/sola.kau.se\/kaukan2023\/wp-json\/wp\/v2\/media?parent=554"}],"curies":[{"name":"wp","href":"https:\/\/api.w.org\/{rel}","templated":true}]}}