 {"id":571,"date":"2023-09-04T09:20:11","date_gmt":"2023-09-04T09:20:11","guid":{"rendered":"https:\/\/sola.kau.se\/kaukan2023\/?page_id=571"},"modified":"2023-09-04T09:20:11","modified_gmt":"2023-09-04T09:20:11","slug":"erfarenheter-fran-uppsatshandledning-med-fokus-pa-progress-och-grupp","status":"publish","type":"page","link":"https:\/\/sola.kau.se\/kaukan2023\/erfarenheter-fran-uppsatshandledning-med-fokus-pa-progress-och-grupp\/","title":{"rendered":"Erfarenheter fr\u00e5n uppsatshandledning med fokus p\u00e5 progress och grupp"},"content":{"rendered":"<p>Abstract<\/br>V\u00e5r arbetsgrupp vill presentera och diskutera erfarenheter fr\u00e5n handledning av magisterstudenter i Projektledning p\u00e5 Handelsh\u00f6gskolan. Handledningen genomf\u00f6rs vid schemalagda veckovisa gruppseminarier, d\u00e4r varje seminarium fokuserar p\u00e5 ett tema i uppsatsen; Inledning, Metod, Analys osv.<br \/>\nSyftet med att arbeta i gruppseminarier \u00e4r att effektivisera l\u00e4randet och arbetets progress b\u00e5de f\u00f6r enskilda studenter men \u00e4ven totalt f\u00f6r gruppen. Erfarenheter och forskning visar att l\u00e4randet, och d\u00e4rmed kvaliteten i slutresultatet, \u00f6kar n\u00e4r studenterna exponeras f\u00f6r andras s\u00e4tt att l\u00f6sa liknande uppgifter och n\u00e4r de f\u00e5r formulera sina tankar om andras s\u00e4tt att l\u00f6sa uppgifter. Uppl\u00e4gget stimulerar ocks\u00e5 till en kontinuerlig progress i arbetet med studien och skrivprocessen, vilket erfarenhetsm\u00e4ssigt visat sig vara positivt f\u00f6r att bli klar i tid.<br \/>\nStudenterna delas in i handledningsgrupper med fyra till fem gruppmedlemmar utifr\u00e5n bland annat, \u00e4mnestema och\/eller metodval. Handledningsgrupperna \u00e4r fasta men handledarna roterar. Inf\u00f6r varje handledningsseminarium l\u00e4mnar studenterna in sin aktuella uppsatstext, l\u00e4ser aktuella delar av de andra gruppmedlemmarnas texter och f\u00f6rbereder \u00e5terkoppling utifr\u00e5n det aktuella seminariets fokusfr\u00e5gor. Handledarna f\u00f6rbereder sig genom att l\u00e4sa inl\u00e4mnade texter och f\u00f6rbereda \u00e5terkoppling.<br \/>\nVi kommer att presentera kursuppl\u00e4gg, erfarenheter fr\u00e5n de senaste \u00e5ren och kommentarer fr\u00e5n studenter.<\/p>\n","protected":false},"excerpt":{"rendered":"<p>AbstractV\u00e5r arbetsgrupp vill presentera och diskutera erfarenheter fr\u00e5n handledning av magisterstudenter i Projektledning p\u00e5 Handelsh\u00f6gskolan. Handledningen genomf\u00f6rs vid schemalagda veckovisa gruppseminarier, d\u00e4r varje seminarium fokuserar p\u00e5 ett tema i uppsatsen; Inledning, Metod, Analys osv. Syftet med att arbeta i gruppseminarier \u00e4r att effektivisera l\u00e4randet och arbetets progress b\u00e5de f\u00f6r enskilda studenter men \u00e4ven totalt f\u00f6r [&hellip;]<\/p>\n","protected":false},"author":1680,"featured_media":0,"parent":0,"menu_order":0,"comment_status":"closed","ping_status":"closed","template":"","meta":{"_acf_changed":false,"footnotes":""},"class_list":["post-571","page","type-page","status-publish","hentry"],"acf":[],"_links":{"self":[{"href":"https:\/\/sola.kau.se\/kaukan2023\/wp-json\/wp\/v2\/pages\/571","targetHints":{"allow":["GET"]}}],"collection":[{"href":"https:\/\/sola.kau.se\/kaukan2023\/wp-json\/wp\/v2\/pages"}],"about":[{"href":"https:\/\/sola.kau.se\/kaukan2023\/wp-json\/wp\/v2\/types\/page"}],"author":[{"embeddable":true,"href":"https:\/\/sola.kau.se\/kaukan2023\/wp-json\/wp\/v2\/users\/1680"}],"replies":[{"embeddable":true,"href":"https:\/\/sola.kau.se\/kaukan2023\/wp-json\/wp\/v2\/comments?post=571"}],"version-history":[{"count":1,"href":"https:\/\/sola.kau.se\/kaukan2023\/wp-json\/wp\/v2\/pages\/571\/revisions"}],"predecessor-version":[{"id":637,"href":"https:\/\/sola.kau.se\/kaukan2023\/wp-json\/wp\/v2\/pages\/571\/revisions\/637"}],"wp:attachment":[{"href":"https:\/\/sola.kau.se\/kaukan2023\/wp-json\/wp\/v2\/media?parent=571"}],"curies":[{"name":"wp","href":"https:\/\/api.w.org\/{rel}","templated":true}]}}