 {"id":572,"date":"2023-09-04T09:20:11","date_gmt":"2023-09-04T09:20:11","guid":{"rendered":"https:\/\/sola.kau.se\/kaukan2023\/?page_id=572"},"modified":"2023-09-04T09:20:11","modified_gmt":"2023-09-04T09:20:11","slug":"synliggorande-av-lararstudenters-professionsutveckling","status":"publish","type":"page","link":"https:\/\/sola.kau.se\/kaukan2023\/synliggorande-av-lararstudenters-professionsutveckling\/","title":{"rendered":"Synligg\u00f6rande av l\u00e4rarstudenters professionsutveckling"},"content":{"rendered":"<p>Abstract<\/br>Presentation av utvecklingsprojekt som p\u00e5g\u00e5r 2022-23 inom korta l\u00e4rarutbildningarna vid Institutionen f\u00f6r pedagogiska studier.<\/p>\n","protected":false},"excerpt":{"rendered":"<p>AbstractPresentation av utvecklingsprojekt som p\u00e5g\u00e5r 2022-23 inom korta l\u00e4rarutbildningarna vid Institutionen f\u00f6r pedagogiska studier.<\/p>\n","protected":false},"author":108,"featured_media":0,"parent":0,"menu_order":0,"comment_status":"closed","ping_status":"closed","template":"","meta":{"_acf_changed":false,"footnotes":""},"class_list":["post-572","page","type-page","status-publish","hentry"],"acf":[],"_links":{"self":[{"href":"https:\/\/sola.kau.se\/kaukan2023\/wp-json\/wp\/v2\/pages\/572","targetHints":{"allow":["GET"]}}],"collection":[{"href":"https:\/\/sola.kau.se\/kaukan2023\/wp-json\/wp\/v2\/pages"}],"about":[{"href":"https:\/\/sola.kau.se\/kaukan2023\/wp-json\/wp\/v2\/types\/page"}],"author":[{"embeddable":true,"href":"https:\/\/sola.kau.se\/kaukan2023\/wp-json\/wp\/v2\/users\/108"}],"replies":[{"embeddable":true,"href":"https:\/\/sola.kau.se\/kaukan2023\/wp-json\/wp\/v2\/comments?post=572"}],"version-history":[{"count":1,"href":"https:\/\/sola.kau.se\/kaukan2023\/wp-json\/wp\/v2\/pages\/572\/revisions"}],"predecessor-version":[{"id":636,"href":"https:\/\/sola.kau.se\/kaukan2023\/wp-json\/wp\/v2\/pages\/572\/revisions\/636"}],"wp:attachment":[{"href":"https:\/\/sola.kau.se\/kaukan2023\/wp-json\/wp\/v2\/media?parent=572"}],"curies":[{"name":"wp","href":"https:\/\/api.w.org\/{rel}","templated":true}]}}