 {"id":582,"date":"2023-09-04T09:20:11","date_gmt":"2023-09-04T09:20:11","guid":{"rendered":"https:\/\/sola.kau.se\/kaukan2023\/?page_id=582"},"modified":"2023-09-04T09:20:11","modified_gmt":"2023-09-04T09:20:11","slug":"vad-ger-det-att-vara-mentor-at-en-annan-student","status":"publish","type":"page","link":"https:\/\/sola.kau.se\/kaukan2023\/vad-ger-det-att-vara-mentor-at-en-annan-student\/","title":{"rendered":"Vad ger det att vara mentor \u00e5t en annan student?"},"content":{"rendered":"<p>Abstract<\/br>P\u00e5 Karlstads universitet finns det en rad olika riktade insatser man kan erbjudas om man som student upplever behov av det. En s\u00e5dan insats \u00e4r att bli erbjuden att f\u00e5 en mentor. Mentorerna \u00e4r studenter som p\u00e5 sin fritid erbjudit sig att hj\u00e4lpa andra studenter med upplevt hj\u00e4lpbehov. Enheten f\u00f6r riktat pedagogiskt st\u00f6d erbjuder samtliga som anm\u00e4ler sitt intresse f\u00f6r att arbeta som mentorer en kort utbildningsinsats. Presentationen syftar till att ber\u00e4tta om en studie som unders\u00f6kt vad deltagarna f\u00e5tt ut av att g\u00e5 kursen.<br \/>\nPresentation genomf\u00f6rs av f\u00f6rfattaren till studien, Alma Gustavsson, Jenny Karlsson fr\u00e5n avdelningen f\u00f6r riktat pedagogiskt st\u00f6d samt Ulrik Terp som<br \/>\n \u00e4r den som skapat och ansvarar f\u00f6r genomf\u00f6randet av kursen f\u00f6r mentorerna.<\/p>\n","protected":false},"excerpt":{"rendered":"<p>AbstractP\u00e5 Karlstads universitet finns det en rad olika riktade insatser man kan erbjudas om man som student upplever behov av det. En s\u00e5dan insats \u00e4r att bli erbjuden att f\u00e5 en mentor. Mentorerna \u00e4r studenter som p\u00e5 sin fritid erbjudit sig att hj\u00e4lpa andra studenter med upplevt hj\u00e4lpbehov. Enheten f\u00f6r riktat pedagogiskt st\u00f6d erbjuder samtliga [&hellip;]<\/p>\n","protected":false},"author":4441,"featured_media":0,"parent":0,"menu_order":0,"comment_status":"closed","ping_status":"closed","template":"","meta":{"_acf_changed":false,"footnotes":""},"class_list":["post-582","page","type-page","status-publish","hentry"],"acf":[],"_links":{"self":[{"href":"https:\/\/sola.kau.se\/kaukan2023\/wp-json\/wp\/v2\/pages\/582","targetHints":{"allow":["GET"]}}],"collection":[{"href":"https:\/\/sola.kau.se\/kaukan2023\/wp-json\/wp\/v2\/pages"}],"about":[{"href":"https:\/\/sola.kau.se\/kaukan2023\/wp-json\/wp\/v2\/types\/page"}],"author":[{"embeddable":true,"href":"https:\/\/sola.kau.se\/kaukan2023\/wp-json\/wp\/v2\/users\/4441"}],"replies":[{"embeddable":true,"href":"https:\/\/sola.kau.se\/kaukan2023\/wp-json\/wp\/v2\/comments?post=582"}],"version-history":[{"count":1,"href":"https:\/\/sola.kau.se\/kaukan2023\/wp-json\/wp\/v2\/pages\/582\/revisions"}],"predecessor-version":[{"id":634,"href":"https:\/\/sola.kau.se\/kaukan2023\/wp-json\/wp\/v2\/pages\/582\/revisions\/634"}],"wp:attachment":[{"href":"https:\/\/sola.kau.se\/kaukan2023\/wp-json\/wp\/v2\/media?parent=582"}],"curies":[{"name":"wp","href":"https:\/\/api.w.org\/{rel}","templated":true}]}}