 {"id":584,"date":"2023-09-04T09:20:11","date_gmt":"2023-09-04T09:20:11","guid":{"rendered":"https:\/\/sola.kau.se\/kaukan2023\/?page_id=584"},"modified":"2023-09-04T09:20:11","modified_gmt":"2023-09-04T09:20:11","slug":"praktiknara-samarbete-i-en-distansutbildning-med-generell-examen","status":"publish","type":"page","link":"https:\/\/sola.kau.se\/kaukan2023\/praktiknara-samarbete-i-en-distansutbildning-med-generell-examen\/","title":{"rendered":"Praktikn\u00e4ra samarbete i en distansutbildning med generell examen"},"content":{"rendered":"<p>Abstract<\/br>En utbildning inom folkh\u00e4lsovetenskap ger en bred kunskapsbas och \u00f6ppnar d\u00f6rrar till en m\u00e5ngfald av m\u00f6jligheter och arbeten inom olika arenor. F\u00f6r att \u00f6ka sina chanser p\u00e5 arbetsmarknaden beh\u00f6ver studenterna arbeta aktivt med att bygga ett eget kontaktn\u00e4t och skapa en unik profil, men \u00e4ven f\u00f6rst\u00e5 v\u00e4rdet av samverkan.<\/p>\n<p>Inom kandidatprogrammet H\u00e4lsa, milj\u00f6 och samh\u00e4lle (HMS) arbetar vi aktivt med att synligg\u00f6ra studentens kommande yrkesprofession som folkh\u00e4lsovetare och betonar vikten av samverkan med olika akt\u00f6rer. Under utbildningen erbjuds studenterna praktik p\u00e5 en folkh\u00e4lsorelaterad arbetsplats. Ut\u00f6ver detta st\u00f6djer vi studenternas professionella utveckling genom karri\u00e4rcoachning och v\u00e4gledning.<\/p>\n<p>Vi har under 2022 arbetat fram en tydligare modell f\u00f6r hur samverkan med praktikplatser ska utformas f\u00f6r st\u00e4rka studentens inblick i hur folkh\u00e4lsovetenskapligt arbete bedrivs ur ett samh\u00e4llsperspektiv. Denna modell involverar \u00e4ven hur samverkan inom programmets tre \u00e5rskullar och kunskaps\u00f6verf\u00f6ring mellan studenter ska kunna f\u00f6rst\u00e4rkas ytterligare. <\/p>\n<p>Samverkan \u00e4r en central del av utbildningen och genom att erbjuda praktiska m\u00f6jligheter till erfarenhetsutbyte ger vi v\u00e5ra studenter de verktyg de beh\u00f6ver i en blivande roll som folkh\u00e4lsovetare. Genom samverkan kan de bygga starka relationer och skapa en positiv inverkan p\u00e5 folkh\u00e4lsan, samtidigt som de bidrar till att forma h\u00e4lsosamma och v\u00e4lm\u00e5ende samh\u00e4llen<\/p>\n","protected":false},"excerpt":{"rendered":"<p>AbstractEn utbildning inom folkh\u00e4lsovetenskap ger en bred kunskapsbas och \u00f6ppnar d\u00f6rrar till en m\u00e5ngfald av m\u00f6jligheter och arbeten inom olika arenor. F\u00f6r att \u00f6ka sina chanser p\u00e5 arbetsmarknaden beh\u00f6ver studenterna arbeta aktivt med att bygga ett eget kontaktn\u00e4t och skapa en unik profil, men \u00e4ven f\u00f6rst\u00e5 v\u00e4rdet av samverkan. Inom kandidatprogrammet H\u00e4lsa, milj\u00f6 och samh\u00e4lle [&hellip;]<\/p>\n","protected":false},"author":4184,"featured_media":0,"parent":0,"menu_order":0,"comment_status":"closed","ping_status":"closed","template":"","meta":{"_acf_changed":false,"footnotes":""},"class_list":["post-584","page","type-page","status-publish","hentry"],"acf":[],"_links":{"self":[{"href":"https:\/\/sola.kau.se\/kaukan2023\/wp-json\/wp\/v2\/pages\/584","targetHints":{"allow":["GET"]}}],"collection":[{"href":"https:\/\/sola.kau.se\/kaukan2023\/wp-json\/wp\/v2\/pages"}],"about":[{"href":"https:\/\/sola.kau.se\/kaukan2023\/wp-json\/wp\/v2\/types\/page"}],"author":[{"embeddable":true,"href":"https:\/\/sola.kau.se\/kaukan2023\/wp-json\/wp\/v2\/users\/4184"}],"replies":[{"embeddable":true,"href":"https:\/\/sola.kau.se\/kaukan2023\/wp-json\/wp\/v2\/comments?post=584"}],"version-history":[{"count":1,"href":"https:\/\/sola.kau.se\/kaukan2023\/wp-json\/wp\/v2\/pages\/584\/revisions"}],"predecessor-version":[{"id":632,"href":"https:\/\/sola.kau.se\/kaukan2023\/wp-json\/wp\/v2\/pages\/584\/revisions\/632"}],"wp:attachment":[{"href":"https:\/\/sola.kau.se\/kaukan2023\/wp-json\/wp\/v2\/media?parent=584"}],"curies":[{"name":"wp","href":"https:\/\/api.w.org\/{rel}","templated":true}]}}