 {"id":585,"date":"2023-09-04T09:20:11","date_gmt":"2023-09-04T09:20:11","guid":{"rendered":"https:\/\/sola.kau.se\/kaukan2023\/?page_id=585"},"modified":"2023-09-04T09:20:11","modified_gmt":"2023-09-04T09:20:11","slug":"hur-kan-man-skapa-en-aktiv-social-studiemiljo-i-distansprogram","status":"publish","type":"page","link":"https:\/\/sola.kau.se\/kaukan2023\/hur-kan-man-skapa-en-aktiv-social-studiemiljo-i-distansprogram\/","title":{"rendered":"Hur kan man skapa en aktiv social studiemilj\u00f6 i distansprogram?"},"content":{"rendered":"<p>Abstract<\/br>Att b\u00f6rja studera p\u00e5 distans kan vara utmanande. Man ska f\u00f6rst\u00e5 hur den \u00e4r upplagd, vilka f\u00f6rv\u00e4ntningar som finns och vad man ska g\u00f6ra. Man ska l\u00e4ra k\u00e4nna nya m\u00e4nniskor, hitta sig sj\u00e4lv i en kontext, kommunicera med andra studenter och l\u00e4rare samt hitta ett fungerande arbetss\u00e4tt. Dessutom digitalt! Distansutbildningar kan skilja sig mycket fr\u00e5n \u201dvanliga\u201d campusprogram, d\u00e4r flera forskare menar att den sociala och kognitiva n\u00e4rvaron \u00e4r lika viktig som undervisnings- och den l\u00e4rarledda aspekten. <\/p>\n<p>Sedan programmet H\u00e4lsa, milj\u00f6 och samh\u00e4lle \u2013 kandidat i folkh\u00e4lsovetenskap, startade 2021 har den sociala dimensionen satts i fokus f\u00f6r att f\u00e5 en s\u00e5 bra och h\u00e5llbar distansutbildning som m\u00f6jligt. Det har varit viktigt att synligg\u00f6ra studenten och arbeta med den sociala p\u00e5 flera s\u00e4tt, bl.a. genom att fr\u00e5ga vem studenten \u00e4r, att visa var man bor samt att registrera vilka de tr\u00e4ffat digitalt under de f\u00f6rsta veckorna. Annat som vi jobbar med \u00e4r l\u00e4rarindelade studiegrupper, \u201dfredagsfika\u201d samt \u201dopen door\u201d och \u201dwalk and talk\u201d.<\/p>\n<p>Hur har detta sett ut och hur har detta fungerat f\u00f6r studenterna d\u00e5? Vad tycker de egentligen om uppl\u00e4gget och vad har det lett till? Detta f\u00f6redrag ges tillsammans med n\u00e5gra studenter som g\u00e5r sitt tredje \u00e5r av kandidatprogrammet.<\/p>\n","protected":false},"excerpt":{"rendered":"<p>AbstractAtt b\u00f6rja studera p\u00e5 distans kan vara utmanande. Man ska f\u00f6rst\u00e5 hur den \u00e4r upplagd, vilka f\u00f6rv\u00e4ntningar som finns och vad man ska g\u00f6ra. Man ska l\u00e4ra k\u00e4nna nya m\u00e4nniskor, hitta sig sj\u00e4lv i en kontext, kommunicera med andra studenter och l\u00e4rare samt hitta ett fungerande arbetss\u00e4tt. Dessutom digitalt! Distansutbildningar kan skilja sig mycket fr\u00e5n [&hellip;]<\/p>\n","protected":false},"author":69,"featured_media":0,"parent":0,"menu_order":0,"comment_status":"closed","ping_status":"closed","template":"","meta":{"_acf_changed":false,"footnotes":""},"class_list":["post-585","page","type-page","status-publish","hentry"],"acf":[],"_links":{"self":[{"href":"https:\/\/sola.kau.se\/kaukan2023\/wp-json\/wp\/v2\/pages\/585","targetHints":{"allow":["GET"]}}],"collection":[{"href":"https:\/\/sola.kau.se\/kaukan2023\/wp-json\/wp\/v2\/pages"}],"about":[{"href":"https:\/\/sola.kau.se\/kaukan2023\/wp-json\/wp\/v2\/types\/page"}],"author":[{"embeddable":true,"href":"https:\/\/sola.kau.se\/kaukan2023\/wp-json\/wp\/v2\/users\/69"}],"replies":[{"embeddable":true,"href":"https:\/\/sola.kau.se\/kaukan2023\/wp-json\/wp\/v2\/comments?post=585"}],"version-history":[{"count":1,"href":"https:\/\/sola.kau.se\/kaukan2023\/wp-json\/wp\/v2\/pages\/585\/revisions"}],"predecessor-version":[{"id":631,"href":"https:\/\/sola.kau.se\/kaukan2023\/wp-json\/wp\/v2\/pages\/585\/revisions\/631"}],"wp:attachment":[{"href":"https:\/\/sola.kau.se\/kaukan2023\/wp-json\/wp\/v2\/media?parent=585"}],"curies":[{"name":"wp","href":"https:\/\/api.w.org\/{rel}","templated":true}]}}