 {"id":587,"date":"2023-09-04T09:20:10","date_gmt":"2023-09-04T09:20:10","guid":{"rendered":"https:\/\/sola.kau.se\/kaukan2023\/?page_id=587"},"modified":"2023-09-04T09:20:10","modified_gmt":"2023-09-04T09:20:10","slug":"en-utvecklingsresa-i-canvas","status":"publish","type":"page","link":"https:\/\/sola.kau.se\/kaukan2023\/en-utvecklingsresa-i-canvas\/","title":{"rendered":"En utvecklingsresa i Canvas"},"content":{"rendered":"<p>Abstract<\/br>Jag \u00e4r doktorand vid avdelningen f\u00f6r juridik vid HH och under v\u00e5rterminen -23 deltog jag i UPE-kursen CSP, Canvas f\u00f6r struktur och progress. Eftersom jag \u00e4r doktorand hade jag inga erfarenheter av att bygga eller skapa kurser i Canvas, d\u00e4remot hade jag erfarenhet av programmet fr\u00e5n m\u00e5nga \u00e5r som student. Det innebar att min bild av canvas var begr\u00e4nsad till hur kurssidorna var byggda i det \u00e4mne jag studerade, jag hade vant mig vid hur de s\u00e5g ut, hur jag skulle orientera mig p\u00e5 sidorna och trodde att det bara vara s\u00e5 h\u00e4r sidorna &#8220;kunde&#8221; eller &#8220;skulle&#8221; se ut.<br \/>\nDet tog d\u00e4rf\u00f6r tid f\u00f6r mig att kunna ta till mig det Lotta och Carl Johan l\u00e4rde ut, att f\u00f6rst\u00e5 att kurssidorna p\u00e5 canvas kunde se annorlunda ut \u00e4n jag var van och att det fanns o\u00e4ndligt m\u00e5nga mer anv\u00e4ndningsfunktioner f\u00f6r att underl\u00e4tta b\u00e5de l\u00e4rprocess hos studenterna s\u00e5 v\u00e4l som arbetet f\u00f6r undervisande l\u00e4rare. Det slutade med att jag byggde en kurssida som l\u00e5g l\u00e5ngt fr\u00e5n det jag var van att se och med en fortsatt nyfikenhet f\u00f6r programmets anv\u00e4ndningspotential.<br \/>\nLotta och Carl Johan har bett mig dela med mig av min utvecklingsresa p\u00e5 och det kan jag g\u00e4rna g\u00f6ra.<\/p>\n","protected":false},"excerpt":{"rendered":"<p>AbstractJag \u00e4r doktorand vid avdelningen f\u00f6r juridik vid HH och under v\u00e5rterminen -23 deltog jag i UPE-kursen CSP, Canvas f\u00f6r struktur och progress. Eftersom jag \u00e4r doktorand hade jag inga erfarenheter av att bygga eller skapa kurser i Canvas, d\u00e4remot hade jag erfarenhet av programmet fr\u00e5n m\u00e5nga \u00e5r som student. Det innebar att min bild [&hellip;]<\/p>\n","protected":false},"author":4115,"featured_media":0,"parent":0,"menu_order":0,"comment_status":"closed","ping_status":"closed","template":"","meta":{"_acf_changed":false,"footnotes":""},"class_list":["post-587","page","type-page","status-publish","hentry"],"acf":[],"_links":{"self":[{"href":"https:\/\/sola.kau.se\/kaukan2023\/wp-json\/wp\/v2\/pages\/587","targetHints":{"allow":["GET"]}}],"collection":[{"href":"https:\/\/sola.kau.se\/kaukan2023\/wp-json\/wp\/v2\/pages"}],"about":[{"href":"https:\/\/sola.kau.se\/kaukan2023\/wp-json\/wp\/v2\/types\/page"}],"author":[{"embeddable":true,"href":"https:\/\/sola.kau.se\/kaukan2023\/wp-json\/wp\/v2\/users\/4115"}],"replies":[{"embeddable":true,"href":"https:\/\/sola.kau.se\/kaukan2023\/wp-json\/wp\/v2\/comments?post=587"}],"version-history":[{"count":1,"href":"https:\/\/sola.kau.se\/kaukan2023\/wp-json\/wp\/v2\/pages\/587\/revisions"}],"predecessor-version":[{"id":629,"href":"https:\/\/sola.kau.se\/kaukan2023\/wp-json\/wp\/v2\/pages\/587\/revisions\/629"}],"wp:attachment":[{"href":"https:\/\/sola.kau.se\/kaukan2023\/wp-json\/wp\/v2\/media?parent=587"}],"curies":[{"name":"wp","href":"https:\/\/api.w.org\/{rel}","templated":true}]}}