 {"id":593,"date":"2023-09-04T09:20:10","date_gmt":"2023-09-04T09:20:10","guid":{"rendered":"https:\/\/sola.kau.se\/kaukan2023\/?page_id=593"},"modified":"2023-09-27T09:49:39","modified_gmt":"2023-09-27T09:49:39","slug":"simuleringsapplikation-som-verktyg-for-okad-forstaelse-av-fysikaliska-fenomen","status":"publish","type":"page","link":"https:\/\/sola.kau.se\/kaukan2023\/simuleringsapplikation-som-verktyg-for-okad-forstaelse-av-fysikaliska-fenomen\/","title":{"rendered":"Simuleringsapplikation som verktyg f\u00f6r \u00f6kad f\u00f6rst\u00e5else av fysikaliska fenomen"},"content":{"rendered":"<h2>Abstract<\/h2>\n<p>Inom b\u00e5de v\u00e4rme- och str\u00f6mningsl\u00e4ra beskrivs fysikaliska fenomen med matematiska uttryck som ibland \u00e4r relativt komplexa. F\u00f6r att st\u00f6dja studenternas f\u00f6rst\u00e5else f\u00f6r den fysik som ligger till grund f\u00f6r de matematiska uttryck och samband som anv\u00e4nds vid probleml\u00f6sningen \u00e4r ett s\u00e4tt att arbeta med datormodeller och visualisering. Vikten av en god f\u00f6rst\u00e5else f\u00f6r fysiken blir extra tydlig d\u00e5 vi arbetar allt mer med verklighetsn\u00e4ra och komplexa problem, s\u00e5som \u201cill- structured problems\u201d enligt Fraser mfl. (2007), vilket torde vara en central del i att l\u00e4gga grunden till det livsl\u00e5nga l\u00e4randet.<\/p>\n<p>Syftet med denna studie \u00e4r att \u00f6ka kunskapen om hur visualisering av fysikaliska fenomen kan st\u00f6dja studenters l\u00e4rande och f\u00f6rst\u00e5else inom f\u00e4ltet v\u00e4rme- och str\u00f6mningsl\u00e4ra.<br \/>\nM\u00e5let \u00e4r att ta fram och utv\u00e4rdera anv\u00e4ndandet av en applikation, som studenten kan anv\u00e4nda i sin egen telefon eller dator, baserat p\u00e5 simuleringsprogrammet COMSOL. Applikationen bygger p\u00e5 att i en f\u00e4rdig modell kan vissa parametrar \u00e4ndras f\u00f6r att snabbt studera f\u00f6r\u00e4ndringar och resultat. M\u00e5let \u00e4r \u00e4ven att ge f\u00f6rslag till design av l\u00e4randemoment d\u00e4r applikationen anv\u00e4nds.<\/p>\n<h2>F\u00f6rfattare<\/h2>\n<p>Lena Brunzell, Kamal Rezk<\/p>\n","protected":false},"excerpt":{"rendered":"<p>Abstract Inom b\u00e5de v\u00e4rme- och str\u00f6mningsl\u00e4ra beskrivs fysikaliska fenomen med matematiska uttryck som ibland \u00e4r relativt komplexa. F\u00f6r att st\u00f6dja studenternas f\u00f6rst\u00e5else f\u00f6r den fysik som ligger till grund f\u00f6r de matematiska uttryck och samband som anv\u00e4nds vid probleml\u00f6sningen \u00e4r ett s\u00e4tt att arbeta med datormodeller och visualisering. Vikten av en god f\u00f6rst\u00e5else f\u00f6r fysiken [&hellip;]<\/p>\n","protected":false},"author":193,"featured_media":0,"parent":0,"menu_order":0,"comment_status":"closed","ping_status":"closed","template":"","meta":{"_acf_changed":false,"footnotes":""},"class_list":["post-593","page","type-page","status-publish","hentry"],"acf":[],"_links":{"self":[{"href":"https:\/\/sola.kau.se\/kaukan2023\/wp-json\/wp\/v2\/pages\/593","targetHints":{"allow":["GET"]}}],"collection":[{"href":"https:\/\/sola.kau.se\/kaukan2023\/wp-json\/wp\/v2\/pages"}],"about":[{"href":"https:\/\/sola.kau.se\/kaukan2023\/wp-json\/wp\/v2\/types\/page"}],"author":[{"embeddable":true,"href":"https:\/\/sola.kau.se\/kaukan2023\/wp-json\/wp\/v2\/users\/193"}],"replies":[{"embeddable":true,"href":"https:\/\/sola.kau.se\/kaukan2023\/wp-json\/wp\/v2\/comments?post=593"}],"version-history":[{"count":3,"href":"https:\/\/sola.kau.se\/kaukan2023\/wp-json\/wp\/v2\/pages\/593\/revisions"}],"predecessor-version":[{"id":723,"href":"https:\/\/sola.kau.se\/kaukan2023\/wp-json\/wp\/v2\/pages\/593\/revisions\/723"}],"wp:attachment":[{"href":"https:\/\/sola.kau.se\/kaukan2023\/wp-json\/wp\/v2\/media?parent=593"}],"curies":[{"name":"wp","href":"https:\/\/api.w.org\/{rel}","templated":true}]}}