 {"id":595,"date":"2023-09-04T09:20:10","date_gmt":"2023-09-04T09:20:10","guid":{"rendered":"https:\/\/sola.kau.se\/kaukan2023\/?page_id=595"},"modified":"2023-09-27T09:47:54","modified_gmt":"2023-09-27T09:47:54","slug":"automatrattande-bedomningssystem-och-overgangsproblemet-i-matematik","status":"publish","type":"page","link":"https:\/\/sola.kau.se\/kaukan2023\/automatrattande-bedomningssystem-och-overgangsproblemet-i-matematik\/","title":{"rendered":"Automatr\u00e4ttande bed\u00f6mningssystem och \u201d\u00f6verg\u00e5ngsproblemet\u201d i matematik"},"content":{"rendered":"<h2>Abstract<\/h2>\n<p>Med utg\u00e5ngspunkt i en f\u00f6rberedande kurs i matematik kommer vi att dela med oss av v\u00e5ra erfarenheter och l\u00e4rdomar kring det kontinuerliga utvecklingsarbetet f\u00f6r att skapa ett sammanh\u00e5llet kursuppl\u00e4gg. S\u00e4rskilt kommer vi att ber\u00e4tta hur ett automatr\u00e4ttande bed\u00f6mningssystem anv\u00e4nds i kursen, bl.a. f\u00f6r att ge \u00e5terkoppling dels i samband med tr\u00e4ningsuppgifter under kursensg\u00e5ng och dels vid den examinerande inl\u00e4mningsuppgiften.<\/p>\n","protected":false},"excerpt":{"rendered":"<p>Abstract Med utg\u00e5ngspunkt i en f\u00f6rberedande kurs i matematik kommer vi att dela med oss av v\u00e5ra erfarenheter och l\u00e4rdomar kring det kontinuerliga utvecklingsarbetet f\u00f6r att skapa ett sammanh\u00e5llet kursuppl\u00e4gg. S\u00e4rskilt kommer vi att ber\u00e4tta hur ett automatr\u00e4ttande bed\u00f6mningssystem anv\u00e4nds i kursen, bl.a. f\u00f6r att ge \u00e5terkoppling dels i samband med tr\u00e4ningsuppgifter under kursensg\u00e5ng och [&hellip;]<\/p>\n","protected":false},"author":746,"featured_media":0,"parent":0,"menu_order":0,"comment_status":"closed","ping_status":"closed","template":"","meta":{"_acf_changed":false,"footnotes":""},"class_list":["post-595","page","type-page","status-publish","hentry"],"acf":[],"_links":{"self":[{"href":"https:\/\/sola.kau.se\/kaukan2023\/wp-json\/wp\/v2\/pages\/595","targetHints":{"allow":["GET"]}}],"collection":[{"href":"https:\/\/sola.kau.se\/kaukan2023\/wp-json\/wp\/v2\/pages"}],"about":[{"href":"https:\/\/sola.kau.se\/kaukan2023\/wp-json\/wp\/v2\/types\/page"}],"author":[{"embeddable":true,"href":"https:\/\/sola.kau.se\/kaukan2023\/wp-json\/wp\/v2\/users\/746"}],"replies":[{"embeddable":true,"href":"https:\/\/sola.kau.se\/kaukan2023\/wp-json\/wp\/v2\/comments?post=595"}],"version-history":[{"count":2,"href":"https:\/\/sola.kau.se\/kaukan2023\/wp-json\/wp\/v2\/pages\/595\/revisions"}],"predecessor-version":[{"id":720,"href":"https:\/\/sola.kau.se\/kaukan2023\/wp-json\/wp\/v2\/pages\/595\/revisions\/720"}],"wp:attachment":[{"href":"https:\/\/sola.kau.se\/kaukan2023\/wp-json\/wp\/v2\/media?parent=595"}],"curies":[{"name":"wp","href":"https:\/\/api.w.org\/{rel}","templated":true}]}}