 {"id":597,"date":"2023-09-04T09:20:10","date_gmt":"2023-09-04T09:20:10","guid":{"rendered":"https:\/\/sola.kau.se\/kaukan2023\/?page_id=597"},"modified":"2023-09-27T09:46:45","modified_gmt":"2023-09-27T09:46:45","slug":"erfarenheter-fran-undervisning-pa-kurser-i-ledarskap-och-halso-och-sjukvardsadministration","status":"publish","type":"page","link":"https:\/\/sola.kau.se\/kaukan2023\/erfarenheter-fran-undervisning-pa-kurser-i-ledarskap-och-halso-och-sjukvardsadministration\/","title":{"rendered":"Erfarenheter fr\u00e5n undervisning p\u00e5 kurser i Ledarskap och H\u00e4lso- och sjukv\u00e5rdsadministration"},"content":{"rendered":"<h2>Abstract<\/h2>\n<p>Under ca 15 \u00e5r har jag varit kursansvarig f\u00f6r kurserna vi anordnar i H\u00e4lso- och sjukv\u00e5rdsadministration (inriktning statsvetenskap) som syftar till att utbilda och f\u00f6rbereda blivande chefer inom v\u00e5rd- och omsorgssektorn, men ocks\u00e5 undervisat p\u00e5 flera delkurser p\u00e5 de olika niv\u00e5erna. Kurserna g\u00e5r p\u00e5 halvfart (A-C-niv\u00e5) och p\u00e5 kv\u00e4llstid. \u00c4ven om kurserna har sin hemvist i statsvetenskap \u00e4r de tv\u00e4rvetenskapliga i sin karakt\u00e4r d\u00e4r \u00e4ven ekonomi och psykologi \u00e4r naturliga inslag. Kurserna har utvecklats positivt under \u00e5ren d\u00e4r efterfr\u00e5gan \u00f6kat markant under senare \u00e5r d\u00e4r 50 studenter p\u00e5b\u00f6rjar A-kursen.<\/p>\n<p>Under detta pass t\u00e4nkte jag dela med mig av mina erfarenheter fr\u00e5n undervisningen p\u00e5 dessa kurser d\u00e5 undervisningssituationerna ofta blir annorlunda och skiljer sig \u00e5t fr\u00e5n de traditionella campuskurserna. Det finns flera olika erfarenheter som kan lyftas fram i detta sammanhang, bl a \u00e4r studenterna oftast kvinnor som har en gedigen arbetslivserfarenheter (oftast) fr\u00e5n v\u00e5rden. De allra flesta har sin utbildningsbakgrund i v\u00e5rd- och omsorgsyrket p\u00e5 olika niv\u00e5er fr\u00e5n undersk\u00f6terskor till l\u00e4kare. Samtidigt kan det vara l\u00e4nge sedan de har studerat vid h\u00f6gskolor, och n\u00e5gra saknar studievana fr\u00e5n h\u00f6gskolor samtidigt som de ofta \u00e4r i avsaknad av ett samh\u00e4llsvetenskapligt syns\u00e4tt. Trots detta finns flera fd studenter i ledande positioner idag.<\/p>\n","protected":false},"excerpt":{"rendered":"<p>Abstract Under ca 15 \u00e5r har jag varit kursansvarig f\u00f6r kurserna vi anordnar i H\u00e4lso- och sjukv\u00e5rdsadministration (inriktning statsvetenskap) som syftar till att utbilda och f\u00f6rbereda blivande chefer inom v\u00e5rd- och omsorgssektorn, men ocks\u00e5 undervisat p\u00e5 flera delkurser p\u00e5 de olika niv\u00e5erna. Kurserna g\u00e5r p\u00e5 halvfart (A-C-niv\u00e5) och p\u00e5 kv\u00e4llstid. \u00c4ven om kurserna har sin [&hellip;]<\/p>\n","protected":false},"author":1944,"featured_media":0,"parent":0,"menu_order":0,"comment_status":"closed","ping_status":"closed","template":"","meta":{"_acf_changed":false,"footnotes":""},"class_list":["post-597","page","type-page","status-publish","hentry"],"acf":[],"_links":{"self":[{"href":"https:\/\/sola.kau.se\/kaukan2023\/wp-json\/wp\/v2\/pages\/597","targetHints":{"allow":["GET"]}}],"collection":[{"href":"https:\/\/sola.kau.se\/kaukan2023\/wp-json\/wp\/v2\/pages"}],"about":[{"href":"https:\/\/sola.kau.se\/kaukan2023\/wp-json\/wp\/v2\/types\/page"}],"author":[{"embeddable":true,"href":"https:\/\/sola.kau.se\/kaukan2023\/wp-json\/wp\/v2\/users\/1944"}],"replies":[{"embeddable":true,"href":"https:\/\/sola.kau.se\/kaukan2023\/wp-json\/wp\/v2\/comments?post=597"}],"version-history":[{"count":2,"href":"https:\/\/sola.kau.se\/kaukan2023\/wp-json\/wp\/v2\/pages\/597\/revisions"}],"predecessor-version":[{"id":718,"href":"https:\/\/sola.kau.se\/kaukan2023\/wp-json\/wp\/v2\/pages\/597\/revisions\/718"}],"wp:attachment":[{"href":"https:\/\/sola.kau.se\/kaukan2023\/wp-json\/wp\/v2\/media?parent=597"}],"curies":[{"name":"wp","href":"https:\/\/api.w.org\/{rel}","templated":true}]}}