 {"id":609,"date":"2023-09-04T09:20:10","date_gmt":"2023-09-04T09:20:10","guid":{"rendered":"https:\/\/sola.kau.se\/kaukan2023\/?page_id=609"},"modified":"2023-09-27T09:45:33","modified_gmt":"2023-09-27T09:45:33","slug":"utvecklingsarbete-av-en-forskarutbildningskurs","status":"publish","type":"page","link":"https:\/\/sola.kau.se\/kaukan2023\/utvecklingsarbete-av-en-forskarutbildningskurs\/","title":{"rendered":"Utvecklingsarbete av en forskarutbildningskurs"},"content":{"rendered":"<h2>Abstract<\/h2>\n<p>N\u00e4r biblioteket startade sin doktorandkurs i informationss\u00f6kning f\u00f6r drygt 25 \u00e5r sedan l\u00e5g fokus p\u00e5 informationss\u00f6kning i olika databaser samt referenshantering. Efter hand har kursen vuxit och omfattar nu \u00e4ven publiceringsstrategier, upphovsr\u00e4tt och Open Access. Kursen namn har trots f\u00f6r\u00e4ndringen av inneh\u00e5llet varit Informationss\u00f6kning, 3 HP.<\/p>\n<p>Under 2022 pausades kursen under h\u00f6stterminen och vi passade p\u00e5 att omarbeta kursplanen, uppl\u00e4gget p\u00e5 kursen samt att \u00e4ven ge den ett nytt namn som b\u00e4ttre speglar dess inneh\u00e5ll; Informationss\u00f6kning och publiceringsstrategier 3hp.<\/p>\n<p>F\u00f6rutom f\u00f6r\u00e4ndringen som gjordes 2022 har kursen genom \u00e5ren genomg\u00e5tt andra f\u00f6r\u00e4ndringar. Dessa har dels varit n\u00f6dv\u00e4ndiga f\u00f6r att anpassa inneh\u00e5llet efter den snabba utvecklingen inom omr\u00e5det informationss\u00f6kning och publicering, men \u00e4ven f\u00f6r att hela tiden str\u00e4va efter att f\u00f6rs\u00f6ka f\u00f6rb\u00e4ttra doktorandernas l\u00e4rande och ge dem kunskaper som de har nytta av i sin framtida forskarkarri\u00e4r.<\/p>\n<p>Det fortl\u00f6pande utvecklingsarbetet har genomf\u00f6rts med st\u00f6d av omv\u00e4rldsspaningar, samt kontakt med l\u00e4ros\u00e4ten som har liknande kurser, men \u00e4ven med hj\u00e4lp av kursv\u00e4rderingar som har genomf\u00f6rts efter varje kurstillf\u00e4lle. Under den h\u00e4r presentationen kommer vi att dela med oss av v\u00e5ra erfarenheter av att utveckla en kurs p\u00e5 doktorandniv\u00e5, samt diskutera hur utvecklingsarbete av en kurs kan se ut inom ett omr\u00e5de som st\u00e4ndigt f\u00f6r\u00e4ndras.<\/p>\n","protected":false},"excerpt":{"rendered":"<p>Abstract N\u00e4r biblioteket startade sin doktorandkurs i informationss\u00f6kning f\u00f6r drygt 25 \u00e5r sedan l\u00e5g fokus p\u00e5 informationss\u00f6kning i olika databaser samt referenshantering. Efter hand har kursen vuxit och omfattar nu \u00e4ven publiceringsstrategier, upphovsr\u00e4tt och Open Access. Kursen namn har trots f\u00f6r\u00e4ndringen av inneh\u00e5llet varit Informationss\u00f6kning, 3 HP. Under 2022 pausades kursen under h\u00f6stterminen och vi [&hellip;]<\/p>\n","protected":false},"author":623,"featured_media":0,"parent":0,"menu_order":0,"comment_status":"closed","ping_status":"closed","template":"","meta":{"_acf_changed":false,"footnotes":""},"class_list":["post-609","page","type-page","status-publish","hentry"],"acf":[],"_links":{"self":[{"href":"https:\/\/sola.kau.se\/kaukan2023\/wp-json\/wp\/v2\/pages\/609","targetHints":{"allow":["GET"]}}],"collection":[{"href":"https:\/\/sola.kau.se\/kaukan2023\/wp-json\/wp\/v2\/pages"}],"about":[{"href":"https:\/\/sola.kau.se\/kaukan2023\/wp-json\/wp\/v2\/types\/page"}],"author":[{"embeddable":true,"href":"https:\/\/sola.kau.se\/kaukan2023\/wp-json\/wp\/v2\/users\/623"}],"replies":[{"embeddable":true,"href":"https:\/\/sola.kau.se\/kaukan2023\/wp-json\/wp\/v2\/comments?post=609"}],"version-history":[{"count":2,"href":"https:\/\/sola.kau.se\/kaukan2023\/wp-json\/wp\/v2\/pages\/609\/revisions"}],"predecessor-version":[{"id":716,"href":"https:\/\/sola.kau.se\/kaukan2023\/wp-json\/wp\/v2\/pages\/609\/revisions\/716"}],"wp:attachment":[{"href":"https:\/\/sola.kau.se\/kaukan2023\/wp-json\/wp\/v2\/media?parent=609"}],"curies":[{"name":"wp","href":"https:\/\/api.w.org\/{rel}","templated":true}]}}