 {"id":616,"date":"2023-08-29T09:06:00","date_gmt":"2023-08-29T09:06:00","guid":{"rendered":"https:\/\/sola.kau.se\/kaukan2023\/?page_id=616"},"modified":"2023-09-27T11:39:24","modified_gmt":"2023-09-27T11:39:24","slug":"program","status":"publish","type":"page","link":"https:\/\/sola.kau.se\/kaukan2023\/program\/","title":{"rendered":"Program"},"content":{"rendered":"\n<p>(Mingel fr\u00e5n 8.15)<\/p>\n\n\n\n<p><strong>8.30 INTRODUKTION<\/strong>  J\u00f6rg Pareigis och Patrik Larsson Fryxell 1B 306<\/p>\n\n\n\n<p><strong>8.45 F\u00d6RFLYTTNING<\/strong><\/p>\n\n\n\n<p><strong>8.55 PARALLELLA SESSIONER 1<\/strong> (20+20+20) Fryxell 1B 306<\/p>\n\n\n\n<p>Helena Fryklund: <a href=\"https:\/\/sola.kau.se\/kaukan2023\/en-utvecklingsresa-i-canvas\/\">En utvecklingsresa i Canvas<\/a><\/p>\n\n\n\n<p>Helena Fryklund: <a href=\"https:\/\/sola.kau.se\/kaukan2023\/undervisa-med-etik-som-larandemal\/\">Undervisa med etik som l\u00e4randem\u00e5l<\/a><\/p>\n\n\n\n<p>Miriam Hellberg Lindqvist, Malin Knutz: <a href=\"https:\/\/sola.kau.se\/kaukan2023\/praktiknara-samarbete-i-en-distansutbildning-med-generell-examen\/\">Praktikn\u00e4ra samarbete i en distansutbildning med generell examen<\/a><\/p>\n\n\n\n<p><strong>8.55 PARALLELLA SESSIONER 1<\/strong> (20+20+20) Sj\u00f6str\u00f6m 1B 309<\/p>\n\n\n\n<p>Johanna Sv\u00e4rd, Anders Sidenblad, Kaisa Bjures\u00e4ter: <a href=\"https:\/\/sola.kau.se\/kaukan2023\/from-written-exam-to-teambased-learning\/\">Fr\u00e5n salstentamen till teambaserat l\u00e4rande<\/a><\/p>\n\n\n\n<p>Ulrik Terp, Alma Gustavsson, Jenny Karlsson: <a href=\"https:\/\/sola.kau.se\/kaukan2023\/vad-ger-det-att-vara-mentor-at-en-annan-student\/\">Utv\u00e4rdering av en kurs riktad till studentmentorer<\/a><\/p>\n\n\n\n<p>Carin Lindskog, Anki Nordmarker, Henrik Bergman: <a href=\"https:\/\/sola.kau.se\/kaukan2023\/erfarenheter-fran-uppsatshandledning-med-fokus-pa-progress-och-grupp\/\">Erfarenheter fr\u00e5n uppsatshandledning med fokus p\u00e5 progress och grupp<\/a><\/p>\n\n\n\n<p><strong>8.55 PARALLELLA SESSIONER <\/strong>1 (20+20+20) Fr\u00f6ding 1B 364<\/p>\n\n\n\n<p>Minna Arvidsson, Helen Brink, Liliann Byman Fris\u00e9n, Ann-Britt Enochsson, Kent Fredholm, Zara Hedelin, Anna Nissen, Annica \u00c5defors: <a href=\"https:\/\/sola.kau.se\/kaukan2023\/mikroundervisning-i-lararutbildningen-8-forfattare\/\">Mikroundervisning i l\u00e4rarutbildningen<\/a><\/p>\n\n\n\n<p>Susanne Mellerskog, Linda S\u00f6derlind, Nina Kilbrink: <a href=\"https:\/\/sola.kau.se\/kaukan2023\/varfor-blir-detta-sa-svart-for-vara-studenter-ett-kollegialt-utvecklingsarbete-for-att-forbattra-var-egen-undervisning-och-studenternas-larande\/\">\u201cVarf\u00f6r blir detta s\u00e5 sv\u00e5rt f\u00f6r v\u00e5ra studenter?\u201d Ett kollegialt utvecklingsarbete f\u00f6r att f\u00f6rb\u00e4ttra v\u00e5r egen undervisning och studenternas l\u00e4rande<\/a><\/p>\n\n\n\n<p>Axel Berge: <a href=\"https:\/\/sola.kau.se\/kaukan2023\/underlag-for-diskussion-om-hur-textgenererande-ai-andrar-inneborden-av-att-redovisa-skriftligt\/\">Underlag f\u00f6r diskussion om hur textgenererande AI \u00e4ndrar inneb\u00f6rden av att redovisa skriftligt<\/a><\/p>\n\n\n\n<p><strong>8.55 PARALLELLA SESSIONER 1<\/strong> (40+20) Rejmer 9C203<\/p>\n\n\n\n<p>Ala Sarah Alaqra, John S\u00f6ren Pettersson: <a href=\"https:\/\/sola.kau.se\/kaukan2023\/en\/facilitating-communication-among-teachers-workshop-on-canvas-opportunities\/\">Facilitating communication among teachers, workshop on Canvas opportunities<\/a><\/p>\n\n\n\n<p>Yosief Wondmagegne: <a href=\"https:\/\/sola.kau.se\/kaukan2023\/automatrattande-bedomningssystem-och-overgangsproblemet-i-matematik\/\">Automatr\u00e4ttande bed\u00f6mningssystem och \u201d\u00f6verg\u00e5ngsproblemet\u201d i matematik<\/a><\/p>\n\n\n\n<p><strong>10.00 PAUS OCH FIKA<\/strong> TRANSFORMUM 1A 307<\/p>\n\n\n\n<p><strong>10.30 OPEN SPACE<\/strong> TRANSFORMUM. Markus Schneider<\/p>\n\n\n\n<p><a href=\"https:\/\/sola.kau.se\/kaukan2023\/open-space-oppna-kollegiala-samtal\/\">L\u00e4s mer om Open Space h\u00e4r<\/a><\/p>\n\n\n\n<p><strong>12.00. LUNCH<\/strong> (55 min) Solsta Inn.<\/p>\n\n\n\n<p><strong>12.55-14 PARALLELLA SESSIONER 2<\/strong> (20+20+20) Fryxell 1B 306<\/p>\n\n\n\n<p>Alexander Vestin, Peter Bellstr\u00f6m, Pierre Sj\u00f6berg: <a href=\"https:\/\/sola.kau.se\/kaukan2023\/automatisk-rattning-och-aterkoppling-erfarenheter-fran-att-anvanda-ett-egenutvecklat-system-for-automatisk-rattning-och-aterkoppling-av-inlamningsuppgifter-i-en-programmeringskurs\/\">Automatisk r\u00e4ttning och \u00e5terkoppling &#8211; Erfarenheter fr\u00e5n att anv\u00e4nda ett egenutvecklat system f\u00f6r automatisk r\u00e4ttning och \u00e5terkoppling av inl\u00e4mningsuppgifter i en programmeringskurs<\/a><\/p>\n\n\n\n<p>John Johansson, Linda Bergkvist, Karin Brod\u00e9n: <a href=\"https:\/\/sola.kau.se\/kaukan2023\/att-utveckla-en-kurs-med-hjalp-av-andragogi-vuxenpedaogigk\/\">Att designa och utveckla en kurs f\u00f6r yrkesverksamma med st\u00f6d i andragogik\/vuxenpedagogik.<\/a><\/p>\n\n\n\n<p>Pierre Sj\u00f6berg, Peter Bellstr\u00f6m, Alexander Vestin: <a href=\"https:\/\/sola.kau.se\/kaukan2023\/skriftlig-individuell-hemtentamen-i-skuggan-av-chatgpt\/\">Skriftlig individuell hemtentamen i skuggan av ChatGPT<\/a><\/p>\n\n\n\n<p><strong>12.55-14 PARALLELLA SESSIONER 2<\/strong> (20+20+20) Sj\u00f6str\u00f6m 1B 309<\/p>\n\n\n\n<p>Gunilla Carlsson Kvarnl\u00f6f, Jonas Berghel, Magnus St\u00e5hl: <a href=\"https:\/\/sola.kau.se\/kaukan2023\/hur-kan-vi-gora-bade-kurser-och-program-mer-studentcentrerade\/\">Hur kan vi g\u00f6ra b\u00e5de kurser och program mer studentcentrerade?<\/a><\/p>\n\n\n\n<p>Annelie Andersen, Ann Vestf\u00e4lt, Sophie Rudstr\u00f6m Fernqvist, Anneli Wiker, Anette Daleke, Claes Hallquist, Elisabet Olsson: <a href=\"https:\/\/sola.kau.se\/kaukan2023\/synliggorande-av-lararstudenters-professionsutveckling\/\">Synligg\u00f6rande av l\u00e4rarstudenters professionsutveckling<\/a><\/p>\n\n\n\n<p>Katharina Rahnert, Inger Esperi, Charlotte Hemmingson: <a href=\"https:\/\/sola.kau.se\/kaukan2023\/reflections-on-pedagogical-strategies-based-on-analogies\/\">Reflections on pedagogical strategies based on analogies<\/a><\/p>\n\n\n\n<p><strong>12.55-14 PARALLELLA SESSIONER 2<\/strong> (20+20+20) Fr\u00f6ding 1B 364<\/p>\n\n\n\n<p>Patrik Holm, Christina Fjaeraa Alfredsson, Ulrik Terp: <a href=\"https:\/\/sola.kau.se\/kaukan2023\/studenters-attityder-till-fusk\/\">Studenters attityder till fusk<\/a><\/p>\n\n\n\n<p>Jan-Erik Odhe: <a href=\"https:\/\/sola.kau.se\/kaukan2023\/kursutveckling-med-hjalp-av-fsqca\/\">Kursutveckling med hj\u00e4lp av fsQCA<\/a><\/p>\n\n\n\n<p>\u00c5sa M\u00f6ller, Ann Dyrman: <a href=\"https:\/\/sola.kau.se\/kaukan2023\/utvecklingsarbete-av-en-forskarutbildningskurs\/\">Utvecklingsarbete av en forskarutbildningskurs<\/a><\/p>\n\n\n\n<p><strong>14.00 F\u00d6RFLYTTNING<\/strong><\/p>\n\n\n\n<p><strong>14.10 PARALLELLA SESSIONER 3<\/strong> (20+20+20) Fryxell 1B 306<\/p>\n\n\n\n<p>John Johansson: <a href=\"https:\/\/sola.kau.se\/kaukan2023\/att-hjalpa-foretag-att-lara-ut\/\">Att hj\u00e4lpa f\u00f6retag att l\u00e4ra ut<\/a><\/p>\n\n\n\n<p>Lena Brunzell, Kamal Rezk: <a href=\"https:\/\/sola.kau.se\/kaukan2023\/simuleringsapplikation-som-verktyg-for-okad-forstaelse-av-fysikaliska-fenomen\/\">Simuleringsapplikation som verktyg f\u00f6r \u00f6kad f\u00f6rst\u00e5else av fysikaliska fenomen<\/a><\/p>\n\n\n\n<p>Malin Knutz samt studenter: <a href=\"https:\/\/sola.kau.se\/kaukan2023\/hur-kan-man-skapa-en-aktiv-social-studiemiljo-i-distansprogram\/\">Hur kan man skapa en aktiv social studiemilj\u00f6 i distansprogram?<\/a><\/p>\n\n\n\n<p><strong>14.10 PARALLELLA SESSIONER 3<\/strong> (20+20+20) Sj\u00f6str\u00f6m 1B 309<\/p>\n\n\n\n<p>Freddy Kjellstr\u00f6m: <a href=\"https:\/\/sola.kau.se\/kaukan2023\/erfarenheter-fran-undervisning-pa-kurser-i-ledarskap-och-halso-och-sjukvardsadministration\/\">Erfarenheter fr\u00e5n undervisning p\u00e5 kurser i Ledarskap och H\u00e4lso- och sjukv\u00e5rdsadministration<\/a><\/p>\n\n\n\n<p>Irina Persson: <a href=\"https:\/\/sola.kau.se\/kaukan2023\/en\/paradoxes-of-information-students-come-to-the-library-for-information-search-do-they-know-what-information-is-can-somebody-explain\/\">Paradoxes of information? Students come to the library for information search, &#8211; but what is information?<\/a><\/p>\n\n\n\n<p>Ala Sarah Alaqra, Linus Geewe, John S\u00f6ren Pettersson, Mirela Vinerean: <a href=\"https:\/\/sola.kau.se\/kaukan2023\/en\/interdisciplinary-collaboration-for-enhanced-education\/\">Interdisciplinary collaboration for enhanced education<\/a><\/p>\n\n\n\n<p><\/p>\n\n\n\n<p><strong>15.10 FIKA<\/strong> I TRANSFORMUM 1A 307<\/p>\n\n\n\n<p><strong>15.30 KAUKAN<\/strong> \u2013 SUMMERING OCH AVSLUT<\/p>\n\n\n\n<p><strong>16.00 SLUT<\/strong><\/p>\n","protected":false},"excerpt":{"rendered":"<p>(Mingel fr\u00e5n 8.15) 8.30 INTRODUKTION J\u00f6rg Pareigis och Patrik Larsson Fryxell 1B 306 8.45 F\u00d6RFLYTTNING 8.55 PARALLELLA SESSIONER 1 (20+20+20) Fryxell 1B 306 Helena Fryklund: En utvecklingsresa i Canvas Helena Fryklund: Undervisa med etik som l\u00e4randem\u00e5l Miriam Hellberg Lindqvist, Malin Knutz: Praktikn\u00e4ra samarbete i en distansutbildning med generell examen 8.55 PARALLELLA SESSIONER 1 (20+20+20) Sj\u00f6str\u00f6m [&hellip;]<\/p>\n","protected":false},"author":844,"featured_media":0,"parent":0,"menu_order":0,"comment_status":"closed","ping_status":"closed","template":"","meta":{"_acf_changed":false,"footnotes":""},"class_list":["post-616","page","type-page","status-publish","hentry"],"acf":[],"_links":{"self":[{"href":"https:\/\/sola.kau.se\/kaukan2023\/wp-json\/wp\/v2\/pages\/616","targetHints":{"allow":["GET"]}}],"collection":[{"href":"https:\/\/sola.kau.se\/kaukan2023\/wp-json\/wp\/v2\/pages"}],"about":[{"href":"https:\/\/sola.kau.se\/kaukan2023\/wp-json\/wp\/v2\/types\/page"}],"author":[{"embeddable":true,"href":"https:\/\/sola.kau.se\/kaukan2023\/wp-json\/wp\/v2\/users\/844"}],"replies":[{"embeddable":true,"href":"https:\/\/sola.kau.se\/kaukan2023\/wp-json\/wp\/v2\/comments?post=616"}],"version-history":[{"count":21,"href":"https:\/\/sola.kau.se\/kaukan2023\/wp-json\/wp\/v2\/pages\/616\/revisions"}],"predecessor-version":[{"id":736,"href":"https:\/\/sola.kau.se\/kaukan2023\/wp-json\/wp\/v2\/pages\/616\/revisions\/736"}],"wp:attachment":[{"href":"https:\/\/sola.kau.se\/kaukan2023\/wp-json\/wp\/v2\/media?parent=616"}],"curies":[{"name":"wp","href":"https:\/\/api.w.org\/{rel}","templated":true}]}}