 {"id":651,"date":"2023-09-12T07:46:04","date_gmt":"2023-09-12T07:46:04","guid":{"rendered":"https:\/\/sola.kau.se\/kaukan2023\/?page_id=651"},"modified":"2023-09-12T07:46:06","modified_gmt":"2023-09-12T07:46:06","slug":"open-space-oppna-kollegiala-samtal","status":"publish","type":"page","link":"https:\/\/sola.kau.se\/kaukan2023\/open-space-oppna-kollegiala-samtal\/","title":{"rendered":"OPEN SPACE \u2013 \u00d6PPNA KOLLEGIALA SAMTAL"},"content":{"rendered":"\n<p><em>I Open Space skapas en arena d\u00e4r du f\u00e5r bjuda in till en pedagogisk utvecklingsfr\u00e5ga som engagerar dig<\/em>.<\/p>\n\n\n\n<p>Open Space kommer att vara ett tillf\u00e4lle f\u00f6r oss att bjuda varandra p\u00e5 kollegiala samtal under konferensen. Det kommer att k\u00e4nnas som en flytande \u00f6verg\u00e5ng fr\u00e5n kafferasten in i angel\u00e4gna fr\u00e5gor vi vill prata om.<\/p>\n\n\n\n<p>Under \u00e5rets utvecklingsdag kommer Markus Schneider, projektledare p\u00e5 UPE, att guida oss genom en session med Open Space.<\/p>\n\n\n\n<p>Varmt v\u00e4lkommen!<\/p>\n\n\n\n<p><strong>N\u00e4r: 28 september kl. 10.30-12.00<\/strong><\/p>\n\n\n\n<p><strong>Var: Transformum<\/strong><\/p>\n","protected":false},"excerpt":{"rendered":"<p>I Open Space skapas en arena d\u00e4r du f\u00e5r bjuda in till en pedagogisk utvecklingsfr\u00e5ga som engagerar dig. Open Space kommer att vara ett tillf\u00e4lle f\u00f6r oss att bjuda varandra p\u00e5 kollegiala samtal under konferensen. Det kommer att k\u00e4nnas som en flytande \u00f6verg\u00e5ng fr\u00e5n kafferasten in i angel\u00e4gna fr\u00e5gor vi vill prata om. Under \u00e5rets [&hellip;]<\/p>\n","protected":false},"author":844,"featured_media":0,"parent":0,"menu_order":0,"comment_status":"closed","ping_status":"closed","template":"","meta":{"_acf_changed":false,"footnotes":""},"class_list":["post-651","page","type-page","status-publish","hentry"],"acf":[],"_links":{"self":[{"href":"https:\/\/sola.kau.se\/kaukan2023\/wp-json\/wp\/v2\/pages\/651","targetHints":{"allow":["GET"]}}],"collection":[{"href":"https:\/\/sola.kau.se\/kaukan2023\/wp-json\/wp\/v2\/pages"}],"about":[{"href":"https:\/\/sola.kau.se\/kaukan2023\/wp-json\/wp\/v2\/types\/page"}],"author":[{"embeddable":true,"href":"https:\/\/sola.kau.se\/kaukan2023\/wp-json\/wp\/v2\/users\/844"}],"replies":[{"embeddable":true,"href":"https:\/\/sola.kau.se\/kaukan2023\/wp-json\/wp\/v2\/comments?post=651"}],"version-history":[{"count":1,"href":"https:\/\/sola.kau.se\/kaukan2023\/wp-json\/wp\/v2\/pages\/651\/revisions"}],"predecessor-version":[{"id":652,"href":"https:\/\/sola.kau.se\/kaukan2023\/wp-json\/wp\/v2\/pages\/651\/revisions\/652"}],"wp:attachment":[{"href":"https:\/\/sola.kau.se\/kaukan2023\/wp-json\/wp\/v2\/media?parent=651"}],"curies":[{"name":"wp","href":"https:\/\/api.w.org\/{rel}","templated":true}]}}