 {"id":658,"date":"2023-09-18T12:33:02","date_gmt":"2023-09-18T12:33:02","guid":{"rendered":"https:\/\/sola.kau.se\/kaukan2023\/?page_id=658"},"modified":"2023-09-27T11:07:00","modified_gmt":"2023-09-27T11:07:00","slug":"bidrag-contributions","status":"publish","type":"page","link":"https:\/\/sola.kau.se\/kaukan2023\/bidrag-contributions\/","title":{"rendered":"Bidrag\/Contributions"},"content":{"rendered":"\n<figure class=\"wp-block-table\"><table><tbody><tr><td class=\"has-text-align-left\" data-align=\"left\"><strong>F\u00f6rfattare<\/strong>\/<strong>Author<\/strong><\/td><td><strong>Titel<\/strong>\/<strong>Title<\/strong><\/td><\/tr><tr><td class=\"has-text-align-left\" data-align=\"left\">Irina Persson<\/td><td><a href=\"https:\/\/sola.kau.se\/kaukan2023\/en\/paradoxes-of-information-students-come-to-the-library-for-information-search-do-they-know-what-information-is-can-somebody-explain\/\">Paradoxes of information? Students come to the library for information search, -but what is information?<\/a><\/td><\/tr><tr><td class=\"has-text-align-left\" data-align=\"left\">\u00c5sa M\u00f6ller,<br>Ann Dyrman<\/td><td><a href=\"https:\/\/sola.kau.se\/kaukan2023\/utvecklingsarbete-av-en-forskarutbildningskurs\/\">Utvecklingsarbete av en forskarutbildningskurs<\/a><\/td><\/tr><tr><td class=\"has-text-align-left\" data-align=\"left\">Freddy Kjellstr\u00f6m<\/td><td><a href=\"https:\/\/sola.kau.se\/kaukan2023\/erfarenheter-fran-undervisning-pa-kurser-i-ledarskap-och-halso-och-sjukvardsadministration\/\">Erfarenheter fr\u00e5n undervisning p\u00e5 kurser i Ledarskap och H\u00e4lso- och sjukv\u00e5rdsadministration<\/a><\/td><\/tr><tr><td class=\"has-text-align-left\" data-align=\"left\">Yosief Wondmagegne<\/td><td><a href=\"https:\/\/sola.kau.se\/kaukan2023\/automatrattande-bedomningssystem-och-overgangsproblemet-i-matematik\/\">Automatr\u00e4ttande bed\u00f6mningssystem och \u201d\u00f6verg\u00e5ngsproblemet\u201d i matematik<\/a><\/td><\/tr><tr><td class=\"has-text-align-left\" data-align=\"left\">Gunilla Carlsson-Kvarnl\u00f6f, Jonas Berghel, Magnus St\u00e5hl<\/td><td><a href=\"https:\/\/sola.kau.se\/kaukan2023\/hur-kan-vi-gora-bade-kurser-och-program-mer-studentcentrerade\/\">Hur kan vi g\u00f6ra b\u00e5de kurser och program mer studentcentrerade?<\/a><\/td><\/tr><tr><td class=\"has-text-align-left\" data-align=\"left\">Lena Brunzell, Kamal Rezk<\/td><td><a href=\"https:\/\/sola.kau.se\/kaukan2023\/simuleringsapplikation-som-verktyg-for-okad-forstaelse-av-fysikaliska-fenomen\/\">Simuleringsapplikation som verktyg f\u00f6r \u00f6kad f\u00f6rst\u00e5else av fysikaliska fenomen<\/a><\/td><\/tr><tr><td class=\"has-text-align-left\" data-align=\"left\">Ala Sarah Alaqra, Linus Geewe, John-S\u00f6ren Pettersson, Mirela Vinerean <\/td><td><a href=\"https:\/\/sola.kau.se\/kaukan2023\/en\/interdisciplinary-collaboration-for-enhanced-education\/\">Interdisciplinary collaboration for enhanced education<\/a><\/td><\/tr><tr><td class=\"has-text-align-left\" data-align=\"left\">Helena Fryklund<\/td><td><a href=\"https:\/\/sola.kau.se\/kaukan2023\/en-utvecklingsresa-i-canvas\/\">En utvecklingsresa i Canvas<\/a><\/td><\/tr><tr><td class=\"has-text-align-left\" data-align=\"left\">Ala Sarah Alaqra, <br>John-S\u00f6ren Pettersson, <\/td><td><a href=\"https:\/\/sola.kau.se\/kaukan2023\/en\/facilitating-communication-among-teachers-workshop-on-canvas-opportunities\/\">Facilitating communication among teachers, workshop on Canvas opportunities<\/a><\/td><\/tr><tr><td class=\"has-text-align-left\" data-align=\"left\">Malin Knutz samt studenter<\/td><td><a href=\"https:\/\/sola.kau.se\/kaukan2023\/hur-kan-man-skapa-en-aktiv-social-studiemiljo-i-distansprogram\/\">Hur kan man skapa en aktiv social studiemilj\u00f6 i distansprogram?<\/a><\/td><\/tr><tr><td class=\"has-text-align-left\" data-align=\"left\">Miriam Hellberg Lindqvist, <br>Malin Knutz<\/td><td><a href=\"https:\/\/sola.kau.se\/kaukan2023\/praktiknara-samarbete-i-en-distansutbildning-med-generell-examen\/\">Praktikn\u00e4ra samarbete i en distansutbildning med generell examen<\/a><\/td><\/tr><tr><td class=\"has-text-align-left\" data-align=\"left\">Janerik Odhe<\/td><td><a href=\"https:\/\/sola.kau.se\/kaukan2023\/kursutveckling-med-hjalp-av-fsqca\/\">Kursutveckling med hj\u00e4lp av fsQCA<\/a><\/td><\/tr><tr><td class=\"has-text-align-left\" data-align=\"left\">Ulrik Terp, Alma Gustavsson, Jenny Karlsson<\/td><td><a href=\"https:\/\/sola.kau.se\/kaukan2023\/vad-ger-det-att-vara-mentor-at-en-annan-student\/\">Utv\u00e4rdering av en kurs riktad till studentmentorer<\/a><\/td><\/tr><tr><td class=\"has-text-align-left\" data-align=\"left\">Axel Berge<\/td><td><a href=\"https:\/\/sola.kau.se\/kaukan2023\/underlag-for-diskussion-om-hur-textgenererande-ai-andrar-inneborden-av-att-redovisa-skriftligt\/\">Underlag f\u00f6r diskussion om hur textgenererande AI \u00e4ndrar inneb\u00f6rden av att redovisa skriftligt<\/a><\/td><\/tr><tr><td class=\"has-text-align-left\" data-align=\"left\">Annelie Andersen, Ann Vestf\u00e4lt, <br>Sophie Rudstr\u00f6m Fernqvist, <br>Anneli Wiker, Anette Daleke, Claes Hallquist, Elisabet Olsson<\/td><td><a href=\"https:\/\/sola.kau.se\/kaukan2023\/synliggorande-av-lararstudenters-professionsutveckling\/\">Synligg\u00f6rande av l\u00e4rarstudenters professionsutveckling<\/a><\/td><\/tr><tr><td class=\"has-text-align-left\" data-align=\"left\">Carin Lindskog, Anki Nordmarker, Henrik Bergman<\/td><td><a href=\"https:\/\/sola.kau.se\/kaukan2023\/erfarenheter-fran-uppsatshandledning-med-fokus-pa-progress-och-grupp\/\">Erfarenheter fr\u00e5n uppsatshandledning med fokus p\u00e5 progress och grupp<\/a><\/td><\/tr><tr><td class=\"has-text-align-left\" data-align=\"left\">Alexander Vestin, Peter Bellstr\u00f6m, Pierre Sj\u00f6berg<\/td><td><a href=\"https:\/\/sola.kau.se\/kaukan2023\/automatisk-rattning-och-aterkoppling-erfarenheter-fran-att-anvanda-ett-egenutvecklat-system-for-automatisk-rattning-och-aterkoppling-av-inlamningsuppgifter-i-en-programmeringskurs\/\">Automatisk r\u00e4ttning och \u00e5terkoppling &#8211; Erfarenheter fr\u00e5n att anv\u00e4nda ett egenutvecklat system f\u00f6r automatisk r\u00e4ttning och \u00e5terkoppling av inl\u00e4mningsuppgifter i en programmeringskurs<\/a><\/td><\/tr><tr><td class=\"has-text-align-left\" data-align=\"left\">Katharina Rahnert, Inger Esperi, Charlotte Hemmingson<\/td><td><a href=\"https:\/\/sola.kau.se\/kaukan2023\/reflections-on-pedagogical-strategies-based-on-analogies\/\">Reflections on pedagogical strategies based on analogies<\/a><\/td><\/tr><tr><td class=\"has-text-align-left\" data-align=\"left\">Patrik Holm, Christina Fjaeraa Alfredsson, Ulrik Terp<\/td><td><a href=\"https:\/\/sola.kau.se\/kaukan2023\/studenters-attityder-till-fusk\">Studenters attityder till fusk<\/a><\/td><\/tr><tr><td class=\"has-text-align-left\" data-align=\"left\">Johanna Sv\u00e4rd, Anders Sidenblad, Kaisa Bjures\u00e4ter<\/td><td><a href=\"https:\/\/sola.kau.se\/kaukan2023\/from-written-exam-to-teambased-learning\/\">From written exam to Teambased Learning<\/a><\/td><\/tr><tr><td class=\"has-text-align-left\" data-align=\"left\">Pierre Sj\u00f6berg, Peter Bellstr\u00f6m, Alexander Vestin<\/td><td><a href=\"https:\/\/sola.kau.se\/kaukan2023\/skriftlig-individuell-hemtentamen-i-skuggan-av-chatgpt\">Skriftlig individuell hemtentamen i skuggan av ChatGPT<\/a><\/td><\/tr><tr><td class=\"has-text-align-left\" data-align=\"left\">Minna Arvidsson, Helen Brink, <br>Liliann Byman Fris\u00e9n, Ann-Britt Enochsson, <br>Kent Fredholm, Zara Hedelin, Anna Nissen, Annica \u00c5defors<\/td><td><a href=\"https:\/\/sola.kau.se\/kaukan2023\/mikroundervisning-i-lararutbildningen-8-forfattare\">Mikroundervisning i l\u00e4rarutbildningen (8 f\u00f6rfattare)<\/a><\/td><\/tr><tr><td class=\"has-text-align-left\" data-align=\"left\">John Johansson, Linda Bergkvist, Karin Brod\u00e9n<\/td><td><a href=\"https:\/\/sola.kau.se\/kaukan2023\/att-utveckla-en-kurs-med-hjalp-av-andragogi-vuxenpedaogigk\/\">Att designa och utveckla en kurs f\u00f6r yrkesverksamma med st\u00f6d i andragogik\/vuxenpedaogigk<\/a><\/td><\/tr><tr><td class=\"has-text-align-left\" data-align=\"left\">Helena Fryklund<\/td><td><a href=\"https:\/\/sola.kau.se\/kaukan2023\/undervisa-med-etik-som-larandemal\/\">Undervisa med etik som l\u00e4randem\u00e5l<\/a><\/td><\/tr><tr><td class=\"has-text-align-left\" data-align=\"left\">John Johansson<\/td><td><a href=\"https:\/\/sola.kau.se\/kaukan2023\/att-hjalpa-foretag-att-lara-ut\/\">Att hj\u00e4lpa f\u00f6retag att l\u00e4ra ut<\/a><\/td><\/tr><tr><td class=\"has-text-align-left\" data-align=\"left\">Susanne Mellerskog, Linda S\u00f6derlind, Nina Kilbrink<\/td><td><a href=\"https:\/\/sola.kau.se\/kaukan2023\/varfor-blir-detta-sa-svart-for-vara-studenter-ett-kollegialt-utvecklingsarbete-for-att-forbattra-var-egen-undervisning-och-studenternas-larande\/\">\u201cVarf\u00f6r blir detta s\u00e5 sv\u00e5rt f\u00f6r v\u00e5ra studenter?\u201d Ett kollegialt utvecklingsarbete f\u00f6r att f\u00f6rb\u00e4ttra v\u00e5r egen undervisning och studenternas l\u00e4rande<\/a><\/td><\/tr><\/tbody><\/table><figcaption class=\"wp-element-caption\">Ins\u00e4nda bidrag<\/figcaption><\/figure>\n","protected":false},"excerpt":{"rendered":"<p>F\u00f6rfattare\/Author Titel\/Title Irina Persson Paradoxes of information? Students come to the library for information search, -but what is information? \u00c5sa M\u00f6ller,Ann Dyrman Utvecklingsarbete av en forskarutbildningskurs Freddy Kjellstr\u00f6m Erfarenheter fr\u00e5n undervisning p\u00e5 kurser i Ledarskap och H\u00e4lso- och sjukv\u00e5rdsadministration Yosief Wondmagegne Automatr\u00e4ttande bed\u00f6mningssystem och \u201d\u00f6verg\u00e5ngsproblemet\u201d i matematik Gunilla Carlsson-Kvarnl\u00f6f, Jonas Berghel, Magnus St\u00e5hl Hur kan [&hellip;]<\/p>\n","protected":false},"author":569,"featured_media":0,"parent":0,"menu_order":0,"comment_status":"closed","ping_status":"closed","template":"","meta":{"_acf_changed":false,"footnotes":""},"class_list":["post-658","page","type-page","status-publish","hentry"],"acf":[],"_links":{"self":[{"href":"https:\/\/sola.kau.se\/kaukan2023\/wp-json\/wp\/v2\/pages\/658","targetHints":{"allow":["GET"]}}],"collection":[{"href":"https:\/\/sola.kau.se\/kaukan2023\/wp-json\/wp\/v2\/pages"}],"about":[{"href":"https:\/\/sola.kau.se\/kaukan2023\/wp-json\/wp\/v2\/types\/page"}],"author":[{"embeddable":true,"href":"https:\/\/sola.kau.se\/kaukan2023\/wp-json\/wp\/v2\/users\/569"}],"replies":[{"embeddable":true,"href":"https:\/\/sola.kau.se\/kaukan2023\/wp-json\/wp\/v2\/comments?post=658"}],"version-history":[{"count":19,"href":"https:\/\/sola.kau.se\/kaukan2023\/wp-json\/wp\/v2\/pages\/658\/revisions"}],"predecessor-version":[{"id":731,"href":"https:\/\/sola.kau.se\/kaukan2023\/wp-json\/wp\/v2\/pages\/658\/revisions\/731"}],"wp:attachment":[{"href":"https:\/\/sola.kau.se\/kaukan2023\/wp-json\/wp\/v2\/media?parent=658"}],"curies":[{"name":"wp","href":"https:\/\/api.w.org\/{rel}","templated":true}]}}