 {"id":957,"date":"2024-10-21T09:42:33","date_gmt":"2024-10-21T09:42:33","guid":{"rendered":"https:\/\/sola.kau.se\/kaukan2024\/?page_id=957"},"modified":"2024-11-11T10:16:09","modified_gmt":"2024-11-11T10:16:09","slug":"slides-library","status":"publish","type":"page","link":"https:\/\/sola.kau.se\/kaukan2024\/en\/slides-library\/","title":{"rendered":"Slides Library"},"content":{"rendered":"\n<div class=\"wp-block-columns is-layout-flex wp-container-core-columns-is-layout-9d6595d7 wp-block-columns-is-layout-flex\">\n<div class=\"wp-block-column is-layout-flow wp-block-column-is-layout-flow\" style=\"flex-basis:100vw\">\n<div class=\"wpdt-c wdt-skin-light\">\n    \n    <input type=\"hidden\" id=\"wdtNonceFrontendServerSide_1\" name=\"wdtNonceFrontendServerSide_1\" value=\"e6b61e5720\" \/><input type=\"hidden\" name=\"_wp_http_referer\" value=\"\/kaukan2024\/en\/wp-json\/wp\/v2\/pages\/957\" \/>    <input type=\"hidden\" id=\"table_1_desc\"\n           value='{\"tableId\":\"table_1\",\"tableType\":\"manual\",\"selector\":\"#table_1\",\"responsive\":false,\"responsiveAction\":\"icon\",\"editable\":false,\"inlineEditing\":false,\"infoBlock\":false,\"pagination_top\":0,\"pagination\":0,\"paginationAlign\":\"right\",\"paginationLayout\":\"full_numbers\",\"paginationLayoutMobile\":\"simple\",\"file_location\":\"\",\"tableSkin\":\"light\",\"table_wcag\":0,\"simple_template_id\":0,\"scrollable\":false,\"fixedLayout\":false,\"globalSearch\":false,\"showRowsPerPage\":false,\"popoverTools\":false,\"hideBeforeLoad\":false,\"number_format\":1,\"decimalPlaces\":2,\"spinnerSrc\":\"https:\\\/\\\/sola.kau.se\\\/kaukan2024\\\/wp-content\\\/plugins\\\/wpdatatables\\\/assets\\\/\\\/img\\\/spinner.gif\",\"groupingEnabled\":false,\"tableWpId\":1,\"dataTableParams\":{\"sDom\":\"BT\\u003C\\u0027clear\\u0027\\u003Et\",\"bSortCellsTop\":false,\"bFilter\":true,\"aLengthMenu\":[[1,5,10,25,50,100,-1],[1,5,10,25,50,100,\"All\"]],\"iDisplayLength\":-1,\"columnDefs\":[{\"sType\":\"formatted-num\",\"wdtType\":\"int\",\"bVisible\":false,\"orderable\":true,\"searchable\":true,\"InputType\":\"text\",\"name\":\"wdt_ID\",\"origHeader\":\"wdt_ID\",\"notNull\":false,\"conditionalFormattingRules\":[],\"transformValueRules\":\"\",\"className\":\"numdata integer  column-wdt_id\",\"aTargets\":[0]},{\"sType\":\"string\",\"wdtType\":\"string\",\"bVisible\":false,\"orderable\":true,\"searchable\":true,\"InputType\":\"text\",\"name\":\"wdt_created_by\",\"origHeader\":\"wdt_created_by\",\"notNull\":false,\"conditionalFormattingRules\":[],\"transformValueRules\":\"\",\"className\":\" column-wdt_created_by\",\"aTargets\":[1]},{\"sType\":\"date-custom\",\"wdtType\":\"datetime\",\"bVisible\":false,\"orderable\":true,\"searchable\":true,\"InputType\":\"datetime\",\"name\":\"wdt_created_at\",\"origHeader\":\"wdt_created_at\",\"notNull\":false,\"conditionalFormattingRules\":[],\"transformValueRules\":\"\",\"className\":\" column-wdt_created_at\",\"aTargets\":[2]},{\"sType\":\"string\",\"wdtType\":\"string\",\"bVisible\":false,\"orderable\":true,\"searchable\":true,\"InputType\":\"text\",\"name\":\"wdt_last_edited_by\",\"origHeader\":\"wdt_last_edited_by\",\"notNull\":false,\"conditionalFormattingRules\":[],\"transformValueRules\":\"\",\"className\":\" column-wdt_last_edited_by\",\"aTargets\":[3]},{\"sType\":\"date-custom\",\"wdtType\":\"datetime\",\"bVisible\":false,\"orderable\":true,\"searchable\":true,\"InputType\":\"datetime\",\"name\":\"wdt_last_edited_at\",\"origHeader\":\"wdt_last_edited_at\",\"notNull\":false,\"conditionalFormattingRules\":[],\"transformValueRules\":\"\",\"className\":\" column-wdt_last_edited_at\",\"aTargets\":[4]},{\"sType\":\"string\",\"wdtType\":\"string\",\"bVisible\":true,\"orderable\":true,\"searchable\":true,\"InputType\":\"text\",\"name\":\"title\",\"origHeader\":\"title\",\"notNull\":false,\"conditionalFormattingRules\":[],\"transformValueRules\":\"\",\"className\":\"title-col column-title\",\"aTargets\":[5]},{\"sType\":\"string\",\"wdtType\":\"string\",\"bVisible\":true,\"orderable\":true,\"searchable\":true,\"InputType\":\"text\",\"name\":\"author\",\"origHeader\":\"author\",\"notNull\":false,\"conditionalFormattingRules\":[],\"transformValueRules\":\"\",\"className\":\"author-col column-author\",\"aTargets\":[6]},{\"sType\":\"string\",\"wdtType\":\"link\",\"bVisible\":true,\"orderable\":true,\"searchable\":true,\"InputType\":\"link\",\"name\":\"slides\",\"origHeader\":\"slides\",\"notNull\":false,\"conditionalFormattingRules\":[],\"transformValueRules\":\"\",\"className\":\"slides-col column-slides\",\"aTargets\":[7]}],\"bAutoWidth\":false,\"order\":[[0,\"asc\"]],\"ordering\":false,\"fixedHeader\":{\"header\":false,\"headerOffset\":0},\"fixedColumns\":false,\"oLanguage\":{\"sSearchPlaceholder\":\"\"},\"buttons\":[],\"bProcessing\":false,\"serverSide\":true,\"ajax\":{\"url\":\"https:\\\/\\\/sola.kau.se\\\/kaukan2024\\\/wp-admin\\\/admin-ajax.php?action=get_wdtable&table_id=1\",\"type\":\"POST\"},\"oSearch\":{\"bSmart\":false,\"bRegex\":false,\"sSearch\":\"\"}},\"customRowDisplay\":\"\",\"tabletWidth\":\"1024\",\"mobileWidth\":\"480\",\"renderFilter\":\"footer\",\"advancedFilterEnabled\":false,\"serverSide\":true,\"autoRefreshInterval\":0,\"processing\":true,\"fnServerData\":true,\"columnsFixed\":0,\"sumFunctionsLabel\":false,\"avgFunctionsLabel\":false,\"minFunctionsLabel\":false,\"maxFunctionsLabel\":false,\"columnsDecimalPlaces\":{\"wdt_ID\":-1,\"wdt_created_by\":-1,\"wdt_created_at\":-1,\"wdt_last_edited_by\":-1,\"wdt_last_edited_at\":-1,\"title\":-1,\"author\":-1,\"slides\":-1},\"columnsThousandsSeparator\":{\"wdt_ID\":0},\"sumColumns\":[],\"avgColumns\":[],\"sumAvgColumns\":[],\"timeFormat\":\"h:i A\",\"datepickFormat\":\"dd\\\/mm\\\/yy\"}'\/>\n\n    <table id=\"table_1\"\n           class=\"   display nowrap wdt-no-display data-t data-t wpDataTable wpDataTableID-1 \"\n           style=\"\"\n           data-described-by='table_1_desc'\n           data-wpdatatable_id=\"1\">\n        \n        <!-- Table header -->\n        \n<thead>\n<tr>\n                    <th\n                        class=\" wdtheader sort numdata integer \"\n        style=\"\">        wdt_ID<\/th>        <th\n                        class=\" wdtheader sort \"\n        style=\"\">        wdt_created_by<\/th>        <th\n                        class=\" wdtheader sort \"\n        style=\"\">        wdt_created_at<\/th>        <th\n                        class=\" wdtheader sort \"\n        style=\"\">        wdt_last_edited_by<\/th>        <th\n                        class=\" wdtheader sort \"\n        style=\"\">        wdt_last_edited_at<\/th>        <th\n        data-class=\"expand\"                class=\" wdtheader sort title-col\"\n        style=\"\">        Title<\/th>        <th\n                        class=\" wdtheader sort author-col\"\n        style=\"\">        Author<\/th>        <th\n                        class=\" wdtheader sort slides-col\"\n        style=\"\">        Slides<\/th>    <\/tr>\n<\/thead>\n        <!-- \/Table header -->\n\n        <!-- Table body -->\n        \n<tbody>\n<!-- Table footer -->\n<div data-id=\"1\" class=\"wdt-timeline-item wdt-timeline-table_1\">\n    <div class=\"wdt-table-loader\">\n        <div class=\"wdt-table-loader-row wdt-table-loader-header\">\n            <div class=\"wdt-table-loader-header-cell wdt-animated-background\"><\/div>\n            <div class=\"wdt-table-loader-header-cell wdt-animated-background\"><\/div>\n            <div class=\"wdt-table-loader-header-cell wdt-animated-background\"><\/div>\n        <\/div>\n                    <div class=\"wdt-table-loader-row\">\n                <div class=\"wdt-table-loader-cell wdt-animated-background\"><\/div>\n                <div class=\"wdt-table-loader-cell wdt-animated-background\"><\/div>\n                <div class=\"wdt-table-loader-cell wdt-animated-background\"><\/div>\n            <\/div>\n                    <div class=\"wdt-table-loader-row\">\n                <div class=\"wdt-table-loader-cell wdt-animated-background\"><\/div>\n                <div class=\"wdt-table-loader-cell wdt-animated-background\"><\/div>\n                <div class=\"wdt-table-loader-cell wdt-animated-background\"><\/div>\n            <\/div>\n                    <div class=\"wdt-table-loader-row\">\n                <div class=\"wdt-table-loader-cell wdt-animated-background\"><\/div>\n                <div class=\"wdt-table-loader-cell wdt-animated-background\"><\/div>\n                <div class=\"wdt-table-loader-cell wdt-animated-background\"><\/div>\n            <\/div>\n                    <div class=\"wdt-table-loader-row\">\n                <div class=\"wdt-table-loader-cell wdt-animated-background\"><\/div>\n                <div class=\"wdt-table-loader-cell wdt-animated-background\"><\/div>\n                <div class=\"wdt-table-loader-cell wdt-animated-background\"><\/div>\n            <\/div>\n                    <div class=\"wdt-table-loader-row\">\n                <div class=\"wdt-table-loader-cell wdt-animated-background\"><\/div>\n                <div class=\"wdt-table-loader-cell wdt-animated-background\"><\/div>\n                <div class=\"wdt-table-loader-cell wdt-animated-background\"><\/div>\n            <\/div>\n                    <div class=\"wdt-table-loader-row\">\n                <div class=\"wdt-table-loader-cell wdt-animated-background\"><\/div>\n                <div class=\"wdt-table-loader-cell wdt-animated-background\"><\/div>\n                <div class=\"wdt-table-loader-cell wdt-animated-background\"><\/div>\n            <\/div>\n                    <div class=\"wdt-table-loader-row\">\n                <div class=\"wdt-table-loader-cell wdt-animated-background\"><\/div>\n                <div class=\"wdt-table-loader-cell wdt-animated-background\"><\/div>\n                <div class=\"wdt-table-loader-cell wdt-animated-background\"><\/div>\n            <\/div>\n                    <div class=\"wdt-table-loader-row\">\n                <div class=\"wdt-table-loader-cell wdt-animated-background\"><\/div>\n                <div class=\"wdt-table-loader-cell wdt-animated-background\"><\/div>\n                <div class=\"wdt-table-loader-cell wdt-animated-background\"><\/div>\n            <\/div>\n            <\/div>\n<\/div><!-- \/Table footer -->\n            <tr id=\"table_1_row_0\" data-row-index=\"0\">\n                            <td style=\"\">1<\/td>\n                            <td style=\"\">erfahoss<\/td>\n                            <td style=\"\">21\/10\/2024 09:47 AM<\/td>\n                            <td style=\"\">erfahoss<\/td>\n                            <td style=\"\">21\/10\/2024 09:49 AM<\/td>\n                            <td style=\"\">ChatGPT and AI-based Tools in Education<\/td>\n                            <td style=\"\">Leonardo Martucci<\/td>\n                            <td style=\"\"><a href='https:\/\/sola.kau.se\/kaukan2024\/wp-content\/uploads\/sites\/1109\/2024\/10\/2024-Martucci-kaukan.pdf' rel='' target='_blank'><button class=''>PDF<\/button><\/a><\/td>\n                    <\/tr>\n                <tr id=\"table_1_row_1\" data-row-index=\"1\">\n                            <td style=\"\">3<\/td>\n                            <td style=\"\">erfahoss<\/td>\n                            <td style=\"\">21\/10\/2024 09:50 AM<\/td>\n                            <td style=\"\">erfahoss<\/td>\n                            <td style=\"\">21\/10\/2024 09:53 AM<\/td>\n                            <td style=\"\">Empowering education using AI<\/td>\n                            <td style=\"\">Ala Sarah Alaqra, Agnieszka Kitkowska, Leonardo Martucci<\/td>\n                            <td style=\"\"><a data-content='<button class=\"\"><button class=\"\">https:\/\/sola.kau.se\/kaukan2024\/wp-content\/uploads\/sites\/1109\/2024\/10\/2024-AlaKitMar-UPE-kaukan.pdf<\/button><\/button>' href='https:\/\/sola.kau.se\/kaukan2024\/wp-content\/uploads\/sites\/1109\/2024\/10\/2024-AlaKitMar-UPE-kaukan.pdf' rel='' target='_blank'><button class=''>PDF<\/button><\/a><\/td>\n                    <\/tr>\n                <tr id=\"table_1_row_2\" data-row-index=\"2\">\n                            <td style=\"\">4<\/td>\n                            <td style=\"\">erfahoss<\/td>\n                            <td style=\"\">21\/10\/2024 09:50 AM<\/td>\n                            <td style=\"\">erfahoss<\/td>\n                            <td style=\"\">21\/10\/2024 09:54 AM<\/td>\n                            <td style=\"\">AI och akademisk informationskompetens<\/td>\n                            <td style=\"\">Linda Borg, Sandra Nelson<\/td>\n                            <td style=\"\"><a data-content='<button class=\"\">https:\/\/sola.kau.se\/kaukan2024\/wp-content\/uploads\/sites\/1109\/2024\/10\/AI-pa\u030a-biblioteket.pdf<\/button>' href='https:\/\/sola.kau.se\/kaukan2024\/wp-content\/uploads\/sites\/1109\/2024\/10\/AI-pa\u030a-biblioteket.pdf' rel='' target='_blank'><button class=''>PDF<\/button><\/a><\/td>\n                    <\/tr>\n                <tr id=\"table_1_row_3\" data-row-index=\"3\">\n                            <td style=\"\">5<\/td>\n                            <td style=\"\">erfahoss<\/td>\n                            <td style=\"\">21\/10\/2024 09:50 AM<\/td>\n                            <td style=\"\">erfahoss<\/td>\n                            <td style=\"\">21\/10\/2024 09:54 AM<\/td>\n                            <td style=\"\">AI vid vetenskapligt skrivande \u2013 f\u00f6rdelar och\/eller nackdelar<\/td>\n                            <td style=\"\">Gunilla Carlsson Kvarnl\u00f6f, Karolina Hageg\u00e5rd<\/td>\n                            <td style=\"\"><a data-content='<button class=\"\">https:\/\/sola.kau.se\/kaukan2024\/wp-content\/uploads\/sites\/1109\/2024\/10\/AI_vid_vetenskapligt_skrivande_Gunilla_Kvarnlo\u0308f_o_Karolina_Hagega\u030ard.pdf<\/button>' href='https:\/\/sola.kau.se\/kaukan2024\/wp-content\/uploads\/sites\/1109\/2024\/10\/AI_vid_vetenskapligt_skrivande_Gunilla_Kvarnlo\u0308f_o_Karolina_Hagega\u030ard.pdf' rel='' target='_blank'><button class=''>PDF<\/button><\/a><\/td>\n                    <\/tr>\n                <tr id=\"table_1_row_4\" data-row-index=\"4\">\n                            <td style=\"\">6<\/td>\n                            <td style=\"\">erfahoss<\/td>\n                            <td style=\"\">21\/10\/2024 09:51 AM<\/td>\n                            <td style=\"\">erfahoss<\/td>\n                            <td style=\"\">21\/10\/2024 09:55 AM<\/td>\n                            <td style=\"\">Med reflektionen som h\u00e4vst\u00e5ng - hur skapar vi varaktigt l\u00e4rande med (relativt)sm\u00e5 insatser?<\/td>\n                            <td style=\"\">John Johansson, Ulrik Terp<\/td>\n                            <td style=\"\"><a data-content='<button class=\"\">https:\/\/sola.kau.se\/kaukan2024\/wp-content\/uploads\/sites\/1109\/2024\/10\/Med-reflektionen-som-ha\u0308vsta\u030ang-JJ-UT-26-september-2024.pdf<\/button>' href='https:\/\/sola.kau.se\/kaukan2024\/wp-content\/uploads\/sites\/1109\/2024\/10\/Med-reflektionen-som-ha\u0308vsta\u030ang-JJ-UT-26-september-2024.pdf' rel='' target='_blank'><button class=''>PDF<\/button><\/a><\/td>\n                    <\/tr>\n                <tr id=\"table_1_row_5\" data-row-index=\"5\">\n                            <td style=\"\">7<\/td>\n                            <td style=\"\">erfahoss<\/td>\n                            <td style=\"\">21\/10\/2024 09:51 AM<\/td>\n                            <td style=\"\">erfahoss<\/td>\n                            <td style=\"\">21\/10\/2024 09:56 AM<\/td>\n                            <td style=\"\">Skrivhandledning i AI-tider<\/td>\n                            <td style=\"\">Carina Nyl\u00e9n<\/td>\n                            <td style=\"\"><a data-content='<button class=\"\">https:\/\/sola.kau.se\/kaukan2024\/wp-content\/uploads\/sites\/1109\/2024\/10\/KauKan-Skrivhandledning_CN.pdf<\/button>' href='https:\/\/sola.kau.se\/kaukan2024\/wp-content\/uploads\/sites\/1109\/2024\/10\/KauKan-Skrivhandledning_CN.pdf' rel='' target='_blank'><button class=''>PDF<\/button><\/a><\/td>\n                    <\/tr>\n                <tr id=\"table_1_row_6\" data-row-index=\"6\">\n                            <td style=\"\">8<\/td>\n                            <td style=\"\">erfahoss<\/td>\n                            <td style=\"\">21\/10\/2024 09:51 AM<\/td>\n                            <td style=\"\">erfahoss<\/td>\n                            <td style=\"\">21\/10\/2024 09:56 AM<\/td>\n                            <td style=\"\">Uppsatsens roll i AI-tider<\/td>\n                            <td style=\"\">Karin Th\u00f6rne, Carina Vikstr\u00f6m, Axel Berge<\/td>\n                            <td style=\"\"><a data-content='<button class=\"\">https:\/\/sola.kau.se\/kaukan2024\/wp-content\/uploads\/sites\/1109\/2024\/10\/Uppsatsens-roll-i-AI-tider.pdf<\/button>' href='https:\/\/sola.kau.se\/kaukan2024\/wp-content\/uploads\/sites\/1109\/2024\/10\/Uppsatsens-roll-i-AI-tider.pdf' rel='' target='_blank'><button class=''>PDF<\/button><\/a><\/td>\n                    <\/tr>\n                <tr id=\"table_1_row_7\" data-row-index=\"7\">\n                            <td style=\"\">9<\/td>\n                            <td style=\"\">erfahoss<\/td>\n                            <td style=\"\">11\/11\/2024 10:22 AM<\/td>\n                            <td style=\"\">erfahoss<\/td>\n                            <td style=\"\">11\/11\/2024 10:22 AM<\/td>\n                            <td style=\"\">Automatr\u00e4ttning med siffror hur och varf\u00f6r?<\/td>\n                            <td style=\"\">Marcus Berg<\/td>\n                            <td style=\"\"><a href='https:\/\/sola.kau.se\/kaukan2024\/wp-content\/uploads\/sites\/1109\/2024\/11\/Automatra\u0308ttning.pdf' rel='' target='_blank'><button class=''>PDF<\/button><\/a><\/td>\n                    <\/tr>\n    <\/tbody>        <!-- \/Table body -->\n\n        <!-- Table footer -->\n        \n        <!-- \/Table footer -->\n    <\/table>\n\n<\/div><style>\ntable.wpDataTable td.numdata { text-align: right !important; }\n<\/style>\n<style>\n<\/style>\n<style>\n                            \n                                    \/* table font size *\/\n    .wpdt-c.wpDataTablesWrapper table#wpdtSimpleTable-1,\n    .wpdt-c .wpDataTablesWrapper table.wpDataTable.wpDataTableID-1 {\n        font-size:15px !important;\n    }\n            \n                <\/style>\n\n<\/div>\n<\/div>\n","protected":false},"excerpt":{"rendered":"","protected":false},"author":569,"featured_media":0,"parent":0,"menu_order":0,"comment_status":"closed","ping_status":"closed","template":"","meta":{"_acf_changed":false,"footnotes":""},"class_list":["post-957","page","type-page","status-publish","hentry"],"acf":[],"_links":{"self":[{"href":"https:\/\/sola.kau.se\/kaukan2024\/en\/wp-json\/wp\/v2\/pages\/957","targetHints":{"allow":["GET"]}}],"collection":[{"href":"https:\/\/sola.kau.se\/kaukan2024\/en\/wp-json\/wp\/v2\/pages"}],"about":[{"href":"https:\/\/sola.kau.se\/kaukan2024\/en\/wp-json\/wp\/v2\/types\/page"}],"author":[{"embeddable":true,"href":"https:\/\/sola.kau.se\/kaukan2024\/en\/wp-json\/wp\/v2\/users\/569"}],"replies":[{"embeddable":true,"href":"https:\/\/sola.kau.se\/kaukan2024\/en\/wp-json\/wp\/v2\/comments?post=957"}],"version-history":[{"count":2,"href":"https:\/\/sola.kau.se\/kaukan2024\/en\/wp-json\/wp\/v2\/pages\/957\/revisions"}],"predecessor-version":[{"id":961,"href":"https:\/\/sola.kau.se\/kaukan2024\/en\/wp-json\/wp\/v2\/pages\/957\/revisions\/961"}],"wp:attachment":[{"href":"https:\/\/sola.kau.se\/kaukan2024\/en\/wp-json\/wp\/v2\/media?parent=957"}],"curies":[{"name":"wp","href":"https:\/\/api.w.org\/{rel}","templated":true}]}}