 {"id":2,"date":"2020-09-04T12:29:14","date_gmt":"2020-09-04T12:29:14","guid":{"rendered":"https:\/\/sola.kau.se\/upekonferens2021\/?page_id=2"},"modified":"2024-11-19T11:29:54","modified_gmt":"2024-11-19T11:29:54","slug":"sample-page","status":"publish","type":"page","link":"https:\/\/sola.kau.se\/kaukan2024\/","title":{"rendered":"KauKan! H\u00f6gskolepedagogisk utvecklingsdag"},"content":{"rendered":"\n<h2 class=\"wp-block-heading has-text-align-left\"><strong>26 september 2024<br>Tema: AI i undervisning och examination &#8211; m\u00f6jligheter och utmaningar<\/strong><\/h2>\n\n\n\n<div class=\"wp-block-columns is-layout-flex wp-container-core-columns-is-layout-9d6595d7 wp-block-columns-is-layout-flex\">\n<div class=\"wp-block-column is-layout-flow wp-block-column-is-layout-flow\" style=\"flex-basis:66.66%\">\n<p>Generativ AI forts\u00e4tter att utvecklas och tekniken g\u00e5r i en rasande fart. Mycket \u00e4r fortfarande ovisst, men en sak \u00e4r s\u00e4ker: AI \u00e4r h\u00e4r f\u00f6r att stanna. Vi som arbetar inom h\u00f6gre utbildning beh\u00f6ver d\u00e4rf\u00f6r hitta s\u00e4tt att hantera de utmaningar och m\u00f6jligheter som AI medf\u00f6r, inte minst kopplat till undervisning och examinationer.<\/p>\n\n\n\n<p>M\u00e5nga av v\u00e5ra studenter anv\u00e4nder redan AI. Samtidigt beh\u00f6ver de rustas och f\u00f6rberedas p\u00e5 ett framtida yrkesliv d\u00e4r AI \u00e4r en del av samh\u00e4llet. Att som l\u00e4rare navigera i det komplexa AI landskapet \u00e4r dock ingen enkel uppgift. Vi tror d\u00e4rf\u00f6r att det kan vara v\u00e4rdefullt att diskutera, samverka och dela erfarenheter kring dessa fr\u00e5gorna f\u00f6r att tillsammans hitta m\u00f6jliga l\u00f6sningar och arbetss\u00e4tt.<\/p>\n<\/div>\n\n\n\n<div class=\"wp-block-column is-layout-flow wp-block-column-is-layout-flow\" style=\"flex-basis:33.33%\">\n<figure class=\"wp-block-image size-full\"><img loading=\"lazy\" decoding=\"async\" width=\"640\" height=\"480\" src=\"https:\/\/sola.kau.se\/kaukan2024\/wp-content\/uploads\/sites\/1109\/2023\/04\/etienne-girardet-EP6_VZhzXM8-unsplash.jpg\" alt=\"\" class=\"wp-image-488\" srcset=\"https:\/\/sola.kau.se\/kaukan2024\/wp-content\/uploads\/sites\/1109\/2023\/04\/etienne-girardet-EP6_VZhzXM8-unsplash.jpg 640w, https:\/\/sola.kau.se\/kaukan2024\/wp-content\/uploads\/sites\/1109\/2023\/04\/etienne-girardet-EP6_VZhzXM8-unsplash-300x225.jpg 300w\" sizes=\"auto, (max-width: 640px) 100vw, 640px\" \/><figcaption class=\"wp-element-caption\">Photo by <a href=\"https:\/\/unsplash.com\/@etiennegirardet?utm_source=unsplash&amp;utm_medium=referral&amp;utm_content=creditCopyText\">Etienne Girardet<\/a> on <a href=\"https:\/\/unsplash.com\/photos\/EP6_VZhzXM8?utm_source=unsplash&amp;utm_medium=referral&amp;utm_content=creditCopyText\">Unsplash<\/a><\/figcaption><\/figure>\n\n\n\n<div class=\"wp-block-buttons is-layout-flex wp-block-buttons-is-layout-flex\"><\/div>\n<\/div>\n<\/div>\n\n\n\n<h3 class=\"wp-block-heading\"><a href=\"https:\/\/sola.kau.se\/kaukan2024\/program\/\">Program<\/a><\/h3>\n\n\n\n<p><\/p>\n\n\n\n<p><\/p>\n\n\n\n<p><\/p>\n\n\n\n<hr class=\"wp-block-separator has-css-opacity is-style-default\" \/>\n","protected":false},"excerpt":{"rendered":"<p>26 september 2024Tema: AI i undervisning och examination &#8211; m\u00f6jligheter och utmaningar Generativ AI forts\u00e4tter att utvecklas och tekniken g\u00e5r i en rasande fart. Mycket \u00e4r fortfarande ovisst, men en sak \u00e4r s\u00e4ker: AI \u00e4r h\u00e4r f\u00f6r att stanna. Vi som arbetar inom h\u00f6gre utbildning beh\u00f6ver d\u00e4rf\u00f6r hitta s\u00e4tt att hantera de utmaningar och m\u00f6jligheter [&hellip;]<\/p>\n","protected":false},"author":43,"featured_media":0,"parent":0,"menu_order":0,"comment_status":"closed","ping_status":"closed","template":"","meta":{"_acf_changed":false,"footnotes":""},"class_list":["post-2","page","type-page","status-publish","hentry"],"acf":[],"_links":{"self":[{"href":"https:\/\/sola.kau.se\/kaukan2024\/wp-json\/wp\/v2\/pages\/2","targetHints":{"allow":["GET"]}}],"collection":[{"href":"https:\/\/sola.kau.se\/kaukan2024\/wp-json\/wp\/v2\/pages"}],"about":[{"href":"https:\/\/sola.kau.se\/kaukan2024\/wp-json\/wp\/v2\/types\/page"}],"author":[{"embeddable":true,"href":"https:\/\/sola.kau.se\/kaukan2024\/wp-json\/wp\/v2\/users\/43"}],"replies":[{"embeddable":true,"href":"https:\/\/sola.kau.se\/kaukan2024\/wp-json\/wp\/v2\/comments?post=2"}],"version-history":[{"count":57,"href":"https:\/\/sola.kau.se\/kaukan2024\/wp-json\/wp\/v2\/pages\/2\/revisions"}],"predecessor-version":[{"id":981,"href":"https:\/\/sola.kau.se\/kaukan2024\/wp-json\/wp\/v2\/pages\/2\/revisions\/981"}],"wp:attachment":[{"href":"https:\/\/sola.kau.se\/kaukan2024\/wp-json\/wp\/v2\/media?parent=2"}],"curies":[{"name":"wp","href":"https:\/\/api.w.org\/{rel}","templated":true}]}}