 {"id":616,"date":"2023-08-29T09:06:00","date_gmt":"2023-08-29T09:06:00","guid":{"rendered":"https:\/\/sola.kau.se\/kaukan2024\/?page_id=616"},"modified":"2024-09-23T11:51:35","modified_gmt":"2024-09-23T11:51:35","slug":"program","status":"publish","type":"page","link":"https:\/\/sola.kau.se\/kaukan2024\/program\/","title":{"rendered":"Program"},"content":{"rendered":"\n<p>(Mingel fr\u00e5n 8.15)<\/p>\n\n\n\n<p><strong>8.30 INTRODUKTION<\/strong> J\u00f6rg Pareigis och Jerker Moodysson Fryxell 1B 306<\/p>\n\n\n\n<p><strong>8.45 PETER PARNES<\/strong>, professor i distribuerade datorsystem vid Lule\u00e5 tekniska universitet. <\/p>\n\n\n\n<p>\u00c4r l\u00e4rande meningen med livet och kan artificiell intelligens, AI hj\u00e4lpa oss att l\u00e4ra mer? Peter Parnes reflekterar \u00f6ver hur AI kan vara en del av v\u00e5rt l\u00e4rande och hur AI kan bredda v\u00e5ra f\u00f6rm\u00e5gor samt hur AI, b\u00e5de idag och i framtiden p\u00e5verkar v\u00e5r undervisning.<\/p>\n\n\n\n<p>Peter fokuserar p\u00e5 hur m\u00e4nskligt l\u00e4rande i alla \u00e5ldrar kan f\u00f6rb\u00e4ttras med hj\u00e4lp av moderna tekniker, inklusive AI och dataspelsteknik.<\/p>\n\n\n\n<p><strong>9.45<\/strong> <strong>FIKA<\/strong> Transformum 1A 307<\/p>\n\n\n\n<p><strong>10.15 PARALLELLA SESSIONER 1<\/strong> (20+10 minuters f\u00f6rflyttning) Fryxell 1B 306<\/p>\n\n\n\n<p><strong>10.15<\/strong> John Johansson, Ulrik Terp: <a href=\"https:\/\/sola.kau.se\/kaukan2024\/?page_id=851&amp;preview=true\">Reflektion i h\u00f6gre utbildning<\/a><\/p>\n\n\n\n<p><strong>10.45<\/strong> Carina Nyl\u00e9n: <a href=\"https:\/\/sola.kau.se\/kaukan2024\/skrivhandledning-och-ai\/\">Skrivhandledning i AI-tider<\/a><\/p>\n\n\n\n<p><strong>11.15<\/strong> Gunilla Carlsson Kvarnl\u00f6f, Karolina Hageg\u00e5rd: <a href=\"https:\/\/sola.kau.se\/kaukan2024\/ai-vid-vetenskapligt-skrivande-fordelar-och-eller-nackdelar\/\">AI vid vetenskapligt skrivande<\/a><\/p>\n\n\n\n<p><strong>10.15 PARALLELLA SESSIONER<\/strong> <strong>1<\/strong> (20+10 minuters f\u00f6rflyttning) Sj\u00f6str\u00f6m 1B 309<\/p>\n\n\n\n<p><strong>10.15<\/strong> Leonardo Martucci: <a href=\"https:\/\/sola.kau.se\/kaukan2024\/en\/chatgpt-and-ai-based-support-tools-in-education\/\">ChatGPT and AI-based support tools in education<\/a><\/p>\n\n\n\n<p><strong>10.45<\/strong> Peter Bellstr\u00f6m, Pierre Sj\u00f6berg, Alexander Vestin: <a href=\"https:\/\/sola.kau.se\/kaukan2024\/generativ-artificiell-intelligens-genai-utmaningar-och-losningar-for-undervisning-och-examination-med-exempel-fran-tre-kurser-i-webbutveckling\/\">Generativ Artificiell Intelligens (GenAI) Utmaningar och l\u00f6sningar f\u00f6r undervisning och examination med exempel fr\u00e5n tre kurser i webbutveckling<\/a><\/p>\n\n\n\n<p><strong>11.15<\/strong> Katharina Rahnert, Markus Fellesson: <a href=\"https:\/\/sola.kau.se\/kaukan2024\/reflektioner-kring-meritering-av-larare-i-hogre-utbildning\/\">Reflektioner kring meritering av l\u00e4rare i h\u00f6gre utbildning<\/a><\/p>\n\n\n\n<p><strong>11.45 LUNCH<\/strong> (55 min) Solsta Inn<\/p>\n\n\n\n<p><strong>12.40 PARALLELLA SESSIONER 2<\/strong> (20+10 minuters f\u00f6rflyttning) Fryxell 1B 306<\/p>\n\n\n\n<p><strong>12.40<\/strong> Samieh Eskandari, Magnus \u00c5berg: <a href=\"https:\/\/sola.kau.se\/kaukan2024\/enhance-ai-knowledge-in-your-subject-discipline-a-collaborative-and-reflective-approach\/\">Enhance AI knowledge in your subject discipline: A collaborative and reflective approach<\/a><\/p>\n\n\n\n<p><strong>13.10<\/strong> Ala Sarah Alaqra, Agnieszka Kitkowska, Leonardo Martucci: <a href=\"https:\/\/sola.kau.se\/kaukan2024\/empowering-education-using-ai\/\">Empowering education using AI<\/a><\/p>\n\n\n\n<p><strong>13.40<\/strong> Marcus Berg: <a href=\"https:\/\/sola.kau.se\/kaukan2024\/automatrattning-med-siffror-hur-och-varfor\/\">Automatr\u00e4ttning med siffror: hur och varf\u00f6r<\/a><\/p>\n\n\n\n<p><strong>12.40 PARALLELLA SESSIONER 2<\/strong> (20+10 minuters f\u00f6rflyttning) Sj\u00f6str\u00f6m 1B 309<\/p>\n\n\n\n<p><strong>12.40<\/strong> Torodd Lunde, Nina Christenson, Anna-Pia H\u00e4gglund, Frost Sara Borg: <a href=\"https:\/\/sola.kau.se\/kaukan2024\/konstruktiv-lankning-och-didaktiska-modeller-for-att-oka-professionsrelevans-och-vetenskaplig-grund-i-en-lararutbildningskurs\/\">Kursutveckling f\u00f6r att st\u00e4rka professionsrelevans och vetenskaplig grund i en l\u00e4rarutbildningskurs<\/a><\/p>\n\n\n\n<p><strong>13.10<\/strong> Mirela Vinerean-Bernhoff, Assad Fallaha, Maarouf Fallaha: <a href=\"https:\/\/sola.kau.se\/kaukan2024\/round-the-clock-studiestod-i-matematikkurser-till-forstaarsingenjorsstudenter-via-discord\/\">Round-the-Clock studiest\u00f6d i matematikkurser till f\u00f6rsta\u00e5rsingenj\u00f6rsstudenter via Discord<\/a><\/p>\n\n\n\n<p><strong>13.40<\/strong> Axel Berge, Karin Th\u00f6rne, Carina Vikstr\u00f6m: <a href=\"https:\/\/sola.kau.se\/kaukan2024\/uppsatsens-roll-i-ai-tider\/\">Uppsatsens roll i AI-tider<\/a><\/p>\n\n\n\n<p><\/p>\n\n\n\n<p><strong>14.10 FIKA<\/strong> Transformum 1A 307<\/p>\n\n\n\n<p><strong>14.30 WORKSHOPPAR<\/strong> Transformum 1A 307.<\/p>\n\n\n\n<p>Sandra Nelson, Linda Borg: <a href=\"https:\/\/sola.kau.se\/kaukan2024\/generativ-ai-som-en-del-av-akademisk-informationskompetens-forslag\/\">Generativ AI som en del av akademisk informationskompetens<\/a><\/p>\n\n\n\n<p>Louise Alvarsson: <a href=\"https:\/\/sola.kau.se\/kaukan2024\/stotta-dina-studenters-skrivande\/\">St\u00f6tta dina studenters skrivande<\/a><\/p>\n\n\n\n<p><strong>15.30 KAUKAN<\/strong> \u2013 SUMMERING OCH AVSLUT<\/p>\n\n\n\n<p><strong>15.45. SLUT<\/strong><\/p>\n","protected":false},"excerpt":{"rendered":"<p>(Mingel fr\u00e5n 8.15) 8.30 INTRODUKTION J\u00f6rg Pareigis och Jerker Moodysson Fryxell 1B 306 8.45 PETER PARNES, professor i distribuerade datorsystem vid Lule\u00e5 tekniska universitet. \u00c4r l\u00e4rande meningen med livet och kan artificiell intelligens, AI hj\u00e4lpa oss att l\u00e4ra mer? Peter Parnes reflekterar \u00f6ver hur AI kan vara en del av v\u00e5rt l\u00e4rande och hur AI [&hellip;]<\/p>\n","protected":false},"author":844,"featured_media":0,"parent":0,"menu_order":0,"comment_status":"closed","ping_status":"closed","template":"","meta":{"_acf_changed":false,"footnotes":""},"class_list":["post-616","page","type-page","status-publish","hentry"],"acf":[],"_links":{"self":[{"href":"https:\/\/sola.kau.se\/kaukan2024\/wp-json\/wp\/v2\/pages\/616","targetHints":{"allow":["GET"]}}],"collection":[{"href":"https:\/\/sola.kau.se\/kaukan2024\/wp-json\/wp\/v2\/pages"}],"about":[{"href":"https:\/\/sola.kau.se\/kaukan2024\/wp-json\/wp\/v2\/types\/page"}],"author":[{"embeddable":true,"href":"https:\/\/sola.kau.se\/kaukan2024\/wp-json\/wp\/v2\/users\/844"}],"replies":[{"embeddable":true,"href":"https:\/\/sola.kau.se\/kaukan2024\/wp-json\/wp\/v2\/comments?post=616"}],"version-history":[{"count":36,"href":"https:\/\/sola.kau.se\/kaukan2024\/wp-json\/wp\/v2\/pages\/616\/revisions"}],"predecessor-version":[{"id":942,"href":"https:\/\/sola.kau.se\/kaukan2024\/wp-json\/wp\/v2\/pages\/616\/revisions\/942"}],"wp:attachment":[{"href":"https:\/\/sola.kau.se\/kaukan2024\/wp-json\/wp\/v2\/media?parent=616"}],"curies":[{"name":"wp","href":"https:\/\/api.w.org\/{rel}","templated":true}]}}