 {"id":842,"date":"2024-08-15T06:20:28","date_gmt":"2024-08-15T06:20:28","guid":{"rendered":"https:\/\/sola.kau.se\/kaukan2024\/?page_id=842"},"modified":"2025-06-30T08:29:29","modified_gmt":"2025-06-30T08:29:29","slug":"round-the-clock-studiestod-i-matematikkurser-till-forstaarsingenjorsstudenter-via-discord","status":"publish","type":"page","link":"https:\/\/sola.kau.se\/kaukan2024\/round-the-clock-studiestod-i-matematikkurser-till-forstaarsingenjorsstudenter-via-discord\/","title":{"rendered":"Vad har psykologi med h\u00e5llbarhet att g\u00f6ra? En presentation av det nya mastersprogrammet i psykologi med inriktning framtid och global \u00f6verlevnad"},"content":{"rendered":"<p>denna presentation kommer jag redog\u00f6ra f\u00f6r det nya mastersprogrammet i psykologi med inriktning h\u00e5llbarhet som startade v\u00e5ren 2024. Vad \u00e4r psykologins bidrag till h\u00e5llbar utveckling? Varf\u00f6r \u00e4r insikt och reflektion, eller inre dimensioner av h\u00e5llbar utveckling, viktigt f\u00f6r att fr\u00e4mja den omst\u00e4llning, eller beteendef\u00f6r\u00e4ndring, som beh\u00f6vs f\u00f6r en framtid mot h\u00e5llbar utveckling? Hur har vi valt att utveckla mastersprogrammet! Vad \u00e4r inneh\u00e5llet och vad blir deras expertomr\u00e5de!<\/p>\n","protected":false},"excerpt":{"rendered":"<p>denna presentation kommer jag redog\u00f6ra f\u00f6r det nya mastersprogrammet i psykologi med inriktning h\u00e5llbarhet som startade v\u00e5ren 2024. Vad \u00e4r psykologins bidrag till h\u00e5llbar utveckling? Varf\u00f6r \u00e4r insikt och reflektion, eller inre dimensioner av h\u00e5llbar utveckling, viktigt f\u00f6r att fr\u00e4mja den omst\u00e4llning, eller beteendef\u00f6r\u00e4ndring, som beh\u00f6vs f\u00f6r en framtid mot h\u00e5llbar utveckling? Hur har vi [&hellip;]<\/p>\n","protected":false},"author":374,"featured_media":0,"parent":0,"menu_order":0,"comment_status":"closed","ping_status":"closed","template":"","meta":{"_acf_changed":false,"footnotes":""},"class_list":["post-842","page","type-page","status-publish","hentry"],"acf":[],"_links":{"self":[{"href":"https:\/\/sola.kau.se\/kaukan2024\/wp-json\/wp\/v2\/pages\/842","targetHints":{"allow":["GET"]}}],"collection":[{"href":"https:\/\/sola.kau.se\/kaukan2024\/wp-json\/wp\/v2\/pages"}],"about":[{"href":"https:\/\/sola.kau.se\/kaukan2024\/wp-json\/wp\/v2\/types\/page"}],"author":[{"embeddable":true,"href":"https:\/\/sola.kau.se\/kaukan2024\/wp-json\/wp\/v2\/users\/374"}],"replies":[{"embeddable":true,"href":"https:\/\/sola.kau.se\/kaukan2024\/wp-json\/wp\/v2\/comments?post=842"}],"version-history":[{"count":2,"href":"https:\/\/sola.kau.se\/kaukan2024\/wp-json\/wp\/v2\/pages\/842\/revisions"}],"predecessor-version":[{"id":992,"href":"https:\/\/sola.kau.se\/kaukan2024\/wp-json\/wp\/v2\/pages\/842\/revisions\/992"}],"wp:attachment":[{"href":"https:\/\/sola.kau.se\/kaukan2024\/wp-json\/wp\/v2\/media?parent=842"}],"curies":[{"name":"wp","href":"https:\/\/api.w.org\/{rel}","templated":true}]}}