 {"id":851,"date":"2024-08-15T06:15:16","date_gmt":"2024-08-15T06:15:16","guid":{"rendered":"https:\/\/sola.kau.se\/kaukan2024\/?page_id=851"},"modified":"2025-06-30T08:18:19","modified_gmt":"2025-06-30T08:18:19","slug":"reflektion-i-hogre-undervisning","status":"publish","type":"page","link":"https:\/\/sola.kau.se\/kaukan2024\/reflektion-i-hogre-undervisning\/","title":{"rendered":"Inner Development Goals f\u00f6r att tydligg\u00f6ra k\u00e4nslor och utv\u00e4rdera f\u00f6rm\u00e5gor i utbildning f\u00f6r h\u00e5llbar utveckling"},"content":{"rendered":"<p>M\u00e4nskligheten st\u00e5r just nu inf\u00f6r m\u00e5nga och allvarliga hot, klimatf\u00f6r\u00e4ndringar, milj\u00f6- och resursf\u00f6rst\u00f6ring, demokratins tillbakag\u00e5ng och stora globala or\u00e4ttvisor. Inner development Goals (IDG) \u00e4r ett ramverk med 23 f\u00f6rm\u00e5gor som ska bidra till att accelerera omst\u00e4llningen f\u00f6r att n\u00e5 de Globala M\u00e5len (IDG, 2025). Inom IDG b\u00f6rjar omst\u00e4llningen med individen och ramverket \u00e4r en vidareutveckling av de nyckelkomptenser i l\u00e4rande f\u00f6r h\u00e5llbar utveckling som tidigare lyfts fram i forskningen (Rieckmann, 2012; UNESCO, 2022). IDG lyfter fram behovet av en inre utvecklingsresa d\u00e4r k\u00e4nslor och reflektion har en sj\u00e4lvklar plats i utvecklingen.<\/p>\n<p>I en introduktionskurs i h\u00e5llbar utveckling f\u00f6r ingenj\u00f6rer vid Karlstads universitet genomf\u00f6r studenterna en valfri beteendef\u00f6r\u00e4ndring under en veckas tid. Arbetet sker individuellt, men delar som problemformulering, systemperspektiv och resultat diskuteras i grupp. Studenterna ska motivera sina val av beteendef\u00f6r\u00e4ndring och bland annat g\u00f6r en enkel milj\u00f6bed\u00f6mning p\u00e5 sin f\u00f6r\u00e4ndring.<br \/>\nAv de 23 f\u00f6rm\u00e5gorna som finns med i ramverket IDG tr\u00e4nar studenterna i detta kursmoment 9 av dem. De olika f\u00f6rm\u00e5gorna \u00e4r; Integritet, \u00d6ppenhet och l\u00e4rande, Kritisk t\u00e4nkande, Komplexitetsmedvetenhet, Perspektivf\u00f6rm\u00e5ga, L\u00e5ngsiktig orientering, Kommunikationsf\u00e4rdigheter, Kreativitet, Samh\u00f6righet.<\/p>\n<p>F\u00f6r l\u00e4rare inom h\u00e5llbar utveckling erbjuder IDG ett konkret ramverk som kan anv\u00e4ndas b\u00e5de f\u00f6r att utveckla och utv\u00e4rdera kursmoment.<\/p>\n","protected":false},"excerpt":{"rendered":"<p>M\u00e4nskligheten st\u00e5r just nu inf\u00f6r m\u00e5nga och allvarliga hot, klimatf\u00f6r\u00e4ndringar, milj\u00f6- och resursf\u00f6rst\u00f6ring, demokratins tillbakag\u00e5ng och stora globala or\u00e4ttvisor. Inner development Goals (IDG) \u00e4r ett ramverk med 23 f\u00f6rm\u00e5gor som ska bidra till att accelerera omst\u00e4llningen f\u00f6r att n\u00e5 de Globala M\u00e5len (IDG, 2025). Inom IDG b\u00f6rjar omst\u00e4llningen med individen och ramverket \u00e4r en vidareutveckling [&hellip;]<\/p>\n","protected":false},"author":1707,"featured_media":0,"parent":0,"menu_order":0,"comment_status":"closed","ping_status":"closed","template":"","meta":{"_acf_changed":false,"footnotes":""},"class_list":["post-851","page","type-page","status-publish","hentry"],"acf":[],"_links":{"self":[{"href":"https:\/\/sola.kau.se\/kaukan2024\/wp-json\/wp\/v2\/pages\/851","targetHints":{"allow":["GET"]}}],"collection":[{"href":"https:\/\/sola.kau.se\/kaukan2024\/wp-json\/wp\/v2\/pages"}],"about":[{"href":"https:\/\/sola.kau.se\/kaukan2024\/wp-json\/wp\/v2\/types\/page"}],"author":[{"embeddable":true,"href":"https:\/\/sola.kau.se\/kaukan2024\/wp-json\/wp\/v2\/users\/1707"}],"replies":[{"embeddable":true,"href":"https:\/\/sola.kau.se\/kaukan2024\/wp-json\/wp\/v2\/comments?post=851"}],"version-history":[{"count":3,"href":"https:\/\/sola.kau.se\/kaukan2024\/wp-json\/wp\/v2\/pages\/851\/revisions"}],"predecessor-version":[{"id":984,"href":"https:\/\/sola.kau.se\/kaukan2024\/wp-json\/wp\/v2\/pages\/851\/revisions\/984"}],"wp:attachment":[{"href":"https:\/\/sola.kau.se\/kaukan2024\/wp-json\/wp\/v2\/media?parent=851"}],"curies":[{"name":"wp","href":"https:\/\/api.w.org\/{rel}","templated":true}]}}