 {"id":852,"date":"2024-07-03T08:45:45","date_gmt":"2024-07-03T08:45:45","guid":{"rendered":"https:\/\/sola.kau.se\/kaukan2024\/?page_id=852"},"modified":"2024-08-15T06:21:33","modified_gmt":"2024-08-15T06:21:33","slug":"stotta-dina-studenters-skrivande","status":"publish","type":"page","link":"https:\/\/sola.kau.se\/kaukan2024\/stotta-dina-studenters-skrivande\/","title":{"rendered":"St\u00f6tta dina studenters skrivande"},"content":{"rendered":"<p>Workshop d\u00e4r du som l\u00e4rare f\u00e5r m\u00f6jlighet att b\u00e5de skriva sj\u00e4lv och samtala om dina studenters skrivande. Vi kommer \u00e4ven att reflektera och diskutera kring AI och hur AI kommer p\u00e5verka undervisning, skrivande och examination.<\/p>\n<p>Skrivhandledaren Louise Alvarsson kommer \u00e4ven h\u00e5lla en kurs p\u00e5 tre tillf\u00e4llen under h\u00f6sten <a href=\"https:\/\/inslaget.kau.se\/utbildning-forskning\/universitetspedagogiska-enheten-upe\/kursutbud\/stotta-dina-studenters-skrivande\">(St\u00f6tta dina studenters skrivande, SSS)<\/a>, d\u00e4r studenters skrivande st\u00e5r i fokus.<\/p>\n","protected":false},"excerpt":{"rendered":"<p>Workshop d\u00e4r du som l\u00e4rare f\u00e5r m\u00f6jlighet att b\u00e5de skriva sj\u00e4lv och samtala om dina studenters skrivande. Vi kommer \u00e4ven att reflektera och diskutera kring AI och hur AI kommer p\u00e5verka undervisning, skrivande och examination. Skrivhandledaren Louise Alvarsson kommer \u00e4ven h\u00e5lla en kurs p\u00e5 tre tillf\u00e4llen under h\u00f6sten (St\u00f6tta dina studenters skrivande, SSS), d\u00e4r studenters [&hellip;]<\/p>\n","protected":false},"author":5211,"featured_media":0,"parent":0,"menu_order":0,"comment_status":"closed","ping_status":"closed","template":"","meta":{"_acf_changed":false,"footnotes":""},"class_list":["post-852","page","type-page","status-publish","hentry"],"acf":[],"_links":{"self":[{"href":"https:\/\/sola.kau.se\/kaukan2024\/wp-json\/wp\/v2\/pages\/852","targetHints":{"allow":["GET"]}}],"collection":[{"href":"https:\/\/sola.kau.se\/kaukan2024\/wp-json\/wp\/v2\/pages"}],"about":[{"href":"https:\/\/sola.kau.se\/kaukan2024\/wp-json\/wp\/v2\/types\/page"}],"author":[{"embeddable":true,"href":"https:\/\/sola.kau.se\/kaukan2024\/wp-json\/wp\/v2\/users\/5211"}],"replies":[{"embeddable":true,"href":"https:\/\/sola.kau.se\/kaukan2024\/wp-json\/wp\/v2\/comments?post=852"}],"version-history":[{"count":2,"href":"https:\/\/sola.kau.se\/kaukan2024\/wp-json\/wp\/v2\/pages\/852\/revisions"}],"predecessor-version":[{"id":890,"href":"https:\/\/sola.kau.se\/kaukan2024\/wp-json\/wp\/v2\/pages\/852\/revisions\/890"}],"wp:attachment":[{"href":"https:\/\/sola.kau.se\/kaukan2024\/wp-json\/wp\/v2\/media?parent=852"}],"curies":[{"name":"wp","href":"https:\/\/api.w.org\/{rel}","templated":true}]}}