 {"id":853,"date":"2024-07-03T08:09:40","date_gmt":"2024-07-03T08:09:40","guid":{"rendered":"https:\/\/sola.kau.se\/kaukan2024\/?page_id=853"},"modified":"2025-06-30T08:17:20","modified_gmt":"2025-06-30T08:17:20","slug":"skrivhandledning-och-ai","status":"publish","type":"page","link":"https:\/\/sola.kau.se\/kaukan2024\/skrivhandledning-och-ai\/","title":{"rendered":"Spel som spr\u00e5ngbr\u00e4da till h\u00e5llbarare samh\u00e4llen"},"content":{"rendered":"<p>Klimatf\u00f6r\u00e4ndringarna har en rad negativa konsekvenser p\u00e5 v\u00e5ra samh\u00e4llen. Det finns dock en m\u00e4ngd olika s\u00e4tt att svara p\u00e5 de utmaningar som klimatf\u00f6r\u00e4ndringarna st\u00e4ller oss inf\u00f6r. Detta kompliceras ytterligare av att b\u00e5de klimatf\u00f6r\u00e4ndringarna och \u00e5tg\u00e4rderna f\u00f6r att hantera dem inverkar olika p\u00e5 olika m\u00e4nniskor, vilket bland annat g\u00f6r fr\u00e5gor om (o)r\u00e4ttvisa centrala. Att s\u00f6ka skapa h\u00e5llbara samh\u00e4llen \u00e4r i denna mening en politisk fr\u00e5ga som b\u00f6r hanteras genom demokratiska processer. F\u00f6r att st\u00e4rka och berika dessa processer beh\u00f6vs en \u00f6kad handlingskompetens &#8211; inklusive kunskap om handlingsm\u00f6jligheter, tilltro till sin f\u00f6rm\u00e5ga att g\u00f6ra skillnad, och motivation att bidra till en f\u00f6r\u00e4ndring. Seri\u00f6sa spel \u00e4r pedagogiska verktyg som m\u00f6jligg\u00f6r facilitering av l\u00e4rande av s\u00e5dan handlingskompetens, till st\u00f6d f\u00f6r demokratiska processer. Ett s\u00e5dant spel, som \u00e4r utvecklat inom och med bidrag fr\u00e5n INCREDILAB-projektet , \u00e4r det seri\u00f6sa spelet \u201dCollaborate or Collapse\u201d. Spelets deltagare ska tillsammans skapa ett l\u00e5ngsiktigt h\u00e5llbart samh\u00e4lle som samtidigt \u00e4r motst\u00e5ndskraftigt mot en rad klimatrelaterade h\u00e4ndelser, b\u00e5de genom lokalt och gr\u00e4ns\u00f6verskridande samarbete. Genom spelet faciliteras d\u00e4rmed demokratiska och samskapande processer d\u00e4r spelarna utvecklar samarbetsf\u00f6rm\u00e5gor och kunskaper om olika handlingsalternativ. Den lekfulla, engagerande och realistiska spelmilj\u00f6n skapar samtidigt f\u00f6ruts\u00e4ttningar att utveckla motivation och tilltro till sin f\u00f6rm\u00e5ga.<\/p>\n","protected":false},"excerpt":{"rendered":"<p>Klimatf\u00f6r\u00e4ndringarna har en rad negativa konsekvenser p\u00e5 v\u00e5ra samh\u00e4llen. Det finns dock en m\u00e4ngd olika s\u00e4tt att svara p\u00e5 de utmaningar som klimatf\u00f6r\u00e4ndringarna st\u00e4ller oss inf\u00f6r. Detta kompliceras ytterligare av att b\u00e5de klimatf\u00f6r\u00e4ndringarna och \u00e5tg\u00e4rderna f\u00f6r att hantera dem inverkar olika p\u00e5 olika m\u00e4nniskor, vilket bland annat g\u00f6r fr\u00e5gor om (o)r\u00e4ttvisa centrala. Att s\u00f6ka skapa [&hellip;]<\/p>\n","protected":false},"author":5207,"featured_media":0,"parent":0,"menu_order":0,"comment_status":"closed","ping_status":"closed","template":"","meta":{"_acf_changed":false,"footnotes":""},"class_list":["post-853","page","type-page","status-publish","hentry"],"acf":[],"_links":{"self":[{"href":"https:\/\/sola.kau.se\/kaukan2024\/wp-json\/wp\/v2\/pages\/853","targetHints":{"allow":["GET"]}}],"collection":[{"href":"https:\/\/sola.kau.se\/kaukan2024\/wp-json\/wp\/v2\/pages"}],"about":[{"href":"https:\/\/sola.kau.se\/kaukan2024\/wp-json\/wp\/v2\/types\/page"}],"author":[{"embeddable":true,"href":"https:\/\/sola.kau.se\/kaukan2024\/wp-json\/wp\/v2\/users\/5207"}],"replies":[{"embeddable":true,"href":"https:\/\/sola.kau.se\/kaukan2024\/wp-json\/wp\/v2\/comments?post=853"}],"version-history":[{"count":5,"href":"https:\/\/sola.kau.se\/kaukan2024\/wp-json\/wp\/v2\/pages\/853\/revisions"}],"predecessor-version":[{"id":983,"href":"https:\/\/sola.kau.se\/kaukan2024\/wp-json\/wp\/v2\/pages\/853\/revisions\/983"}],"wp:attachment":[{"href":"https:\/\/sola.kau.se\/kaukan2024\/wp-json\/wp\/v2\/media?parent=853"}],"curies":[{"name":"wp","href":"https:\/\/api.w.org\/{rel}","templated":true}]}}