 {"id":1080,"date":"2025-06-30T09:28:50","date_gmt":"2025-06-30T09:28:50","guid":{"rendered":"https:\/\/sola.kau.se\/kaukan2025\/?page_id=1080"},"modified":"2025-07-01T09:07:34","modified_gmt":"2025-07-01T09:07:34","slug":"att-forbereda-biologistudenter-for-framtidens-arbetsmarknad-en-studie-om-anvandning-och-faktagranskning-av-generativ-ai-i-cellbiologiundervisning","status":"publish","type":"page","link":"https:\/\/sola.kau.se\/kaukan2025\/sv\/att-forbereda-biologistudenter-for-framtidens-arbetsmarknad-en-studie-om-anvandning-och-faktagranskning-av-generativ-ai-i-cellbiologiundervisning\/","title":{"rendered":"Att f\u00f6rbereda biologistudenter f\u00f6r framtidens arbetsmarknad: En Studie om anv\u00e4ndning och faktagranskning av generativ AI i cellbiologiundervisning"},"content":{"rendered":"\n<p><\/p>\n\n\n\n<p>Generativ AI (GAI) som till exempel ChatGPT och CoPilot, har under senare \u00e5r utvecklats snabbt och blivit alltmer tillg\u00e4ngliga verktyg f\u00f6r b\u00e5de professionella och akademiska anv\u00e4ndare. F\u00f6r framtidens arbetskraft kommer troligtvis kompetens i att anv\u00e4nda GAI vara lika viktig som traditionell \u00e4mneskunskap (Brynjolfsson &amp; McAfee, 2014). Detta st\u00e4ller andra krav p\u00e5 h\u00f6gre utbildning \u00e4n tidigare.<br>I nuvarande utbildningssystem f\u00e5r studenterna begr\u00e4nsad v\u00e4gledning i hur GAI kan anv\u00e4ndas f\u00f6r akademiskt skrivande och informationshantering. Det kan leda till problem, som t.ex. anv\u00e4ndning av felaktig information, bristande k\u00e4llkritik och ett mekaniskt f\u00f6rh\u00e5llningss\u00e4tt till skrivprocessen, vilket i sin tur kan undergr\u00e4va den akademiska och vetenskapliga kvaliteten i studenternas arbete (Wang et al., 2024).<br>I en kurs i cellbiologi inkluderades ett moment d\u00e4r studenterna skulle anv\u00e4nda CoPilot. Det inleddes med en f\u00f6rel\u00e4sning om anv\u00e4ndningen av GAI. D\u00e4refter skulle studenterna producera en popul\u00e4rvetenskaplig text, med st\u00f6d av GAI. De skulle dokumenterade processen, inklusive kritisk utv\u00e4rdering av k\u00e4llor och text. Kursen inneh\u00f6ll \u00e4ven kamratgranskning och muntliga diskussioner d\u00e4r studenterna besvarade fr\u00e5gor om sina texter. D\u00e4refter intervjuades studenterna om sina erfarenheter. Studenternas texter och transkriberade intervjuer analyseras f\u00f6r n\u00e4rvarande, men resultat kommer kunna presenteras p\u00e5 Kaukan.<\/p>\n","protected":false},"excerpt":{"rendered":"<p>Generativ AI (GAI) som till exempel ChatGPT och CoPilot, har under senare \u00e5r utvecklats snabbt och blivit alltmer tillg\u00e4ngliga verktyg f\u00f6r b\u00e5de professionella och akademiska anv\u00e4ndare. F\u00f6r framtidens arbetskraft kommer troligtvis kompetens i att anv\u00e4nda GAI vara lika viktig som traditionell \u00e4mneskunskap (Brynjolfsson &amp; McAfee, 2014). Detta st\u00e4ller andra krav p\u00e5 h\u00f6gre utbildning \u00e4n tidigare.I [&hellip;]<\/p>\n","protected":false},"author":844,"featured_media":0,"parent":0,"menu_order":0,"comment_status":"closed","ping_status":"closed","template":"","meta":{"_acf_changed":false,"footnotes":""},"class_list":["post-1080","page","type-page","status-publish","hentry"],"acf":[],"_links":{"self":[{"href":"https:\/\/sola.kau.se\/kaukan2025\/sv\/wp-json\/wp\/v2\/pages\/1080","targetHints":{"allow":["GET"]}}],"collection":[{"href":"https:\/\/sola.kau.se\/kaukan2025\/sv\/wp-json\/wp\/v2\/pages"}],"about":[{"href":"https:\/\/sola.kau.se\/kaukan2025\/sv\/wp-json\/wp\/v2\/types\/page"}],"author":[{"embeddable":true,"href":"https:\/\/sola.kau.se\/kaukan2025\/sv\/wp-json\/wp\/v2\/users\/844"}],"replies":[{"embeddable":true,"href":"https:\/\/sola.kau.se\/kaukan2025\/sv\/wp-json\/wp\/v2\/comments?post=1080"}],"version-history":[{"count":2,"href":"https:\/\/sola.kau.se\/kaukan2025\/sv\/wp-json\/wp\/v2\/pages\/1080\/revisions"}],"predecessor-version":[{"id":1132,"href":"https:\/\/sola.kau.se\/kaukan2025\/sv\/wp-json\/wp\/v2\/pages\/1080\/revisions\/1132"}],"wp:attachment":[{"href":"https:\/\/sola.kau.se\/kaukan2025\/sv\/wp-json\/wp\/v2\/media?parent=1080"}],"curies":[{"name":"wp","href":"https:\/\/api.w.org\/{rel}","templated":true}]}}