 {"id":1083,"date":"2025-06-30T09:30:32","date_gmt":"2025-06-30T09:30:32","guid":{"rendered":"https:\/\/sola.kau.se\/kaukan2025\/?page_id=1083"},"modified":"2025-09-15T13:23:47","modified_gmt":"2025-09-15T13:23:47","slug":"implementing-action-competence-for-sustaining-biodiversity-in-biology-teacher-education","status":"publish","type":"page","link":"https:\/\/sola.kau.se\/kaukan2025\/sv\/implementing-action-competence-for-sustaining-biodiversity-in-biology-teacher-education\/","title":{"rendered":"Att implementera handlingskompetens f\u00f6r bevarande av biologisk m\u00e5ngfald i l\u00e4rarutbildningen i biologi och naturkunskap"},"content":{"rendered":"\n<p><\/p>\n\n\n\n<p><strong>I denna presentation kommer vi att ber\u00e4tta om v\u00e5rt utvecklingsarbete med handlingsorienterad undervisning f\u00f6r h\u00e5llbar utveckling i en kurs inom \u00e4mnesl\u00e4rarutbildningen i biologi och naturkunskap.<\/strong><\/p>\n\n\n\n<p>Kursen fokuserar p\u00e5 f\u00f6rlust av biologisk m\u00e5ngfald som ett stort h\u00e5llbarhetsproblem, med s\u00e4rskilt fokus p\u00e5 minskning av insekter. Kursutvecklingen \u00e4r en del av projektet &#8220;Learning and Living with Insects&#8221;, som samlar olika samh\u00e4llsakt\u00f6rer f\u00f6r att gemensamt g\u00f6ra insatser f\u00f6r att bevara biologisk m\u00e5ngfald. Kursdesignen bygger p\u00e5 begreppet handlingskompetens, vilket g\u00e5r bortom teoretisk kunskap och inkluderar aspekter som handlingsinriktad kunskap, sj\u00e4lvf\u00f6rtroende och vilja att agera. Handlingsorienterad undervisning utg\u00f6r grunden f\u00f6r l\u00e4rarstudenternas arbete i kursen.<\/p>\n\n\n\n<p>Under denna session kommer vi att presentera kursens uppl\u00e4gg och v\u00e5ra erfarenheter fr\u00e5n den f\u00f6rsta omg\u00e5ngen av implementering samt hur vi t\u00e4nker anv\u00e4nda oss av det i kommande kurser. Presentationen baseras framf\u00f6r allt p\u00e5 gruppintervjuer med studenter som genomf\u00f6rt kursen, men vi lyfter ocks\u00e5 n\u00e5gra r\u00f6ster fr\u00e5n akt\u00f6rer i omgivande samh\u00e4lle. Prelimin\u00e4ra resultat visar att \u00e4ven om studenterna upplever handlingsorienterad undervisning som mycket givande s\u00e5 tycker de att det k\u00e4nns utmanande att som ny l\u00e4rare bryta r\u00e5dande skoltraditioner. Studenterna lyfter \u00e4ven fram praktiska aspekter som hinder f\u00f6r att implementera nya undervisningsmetoder som kan m\u00f6ta dagens h\u00e5llbarhetsutmaningar.<\/p>\n\n\n\n<p>Under v\u00e5r presentation kommer vi att diskutera implikationer f\u00f6r kommande omg\u00e5ngar av kursen och hoppas kunna lyfta fram n\u00e5gra \u00f6verf\u00f6rbara resultat f\u00f6r h\u00e5llbarhetsutbildning vid KAU.<\/p>\n","protected":false},"excerpt":{"rendered":"<p>I denna presentation kommer vi att ber\u00e4tta om v\u00e5rt utvecklingsarbete med handlingsorienterad undervisning f\u00f6r h\u00e5llbar utveckling i en kurs inom \u00e4mnesl\u00e4rarutbildningen i biologi och naturkunskap. Kursen fokuserar p\u00e5 f\u00f6rlust av biologisk m\u00e5ngfald som ett stort h\u00e5llbarhetsproblem, med s\u00e4rskilt fokus p\u00e5 minskning av insekter. Kursutvecklingen \u00e4r en del av projektet &#8220;Learning and Living with Insects&#8221;, som [&hellip;]<\/p>\n","protected":false},"author":844,"featured_media":0,"parent":0,"menu_order":0,"comment_status":"closed","ping_status":"closed","template":"","meta":{"_acf_changed":false,"footnotes":""},"class_list":["post-1083","page","type-page","status-publish","hentry"],"acf":[],"_links":{"self":[{"href":"https:\/\/sola.kau.se\/kaukan2025\/sv\/wp-json\/wp\/v2\/pages\/1083","targetHints":{"allow":["GET"]}}],"collection":[{"href":"https:\/\/sola.kau.se\/kaukan2025\/sv\/wp-json\/wp\/v2\/pages"}],"about":[{"href":"https:\/\/sola.kau.se\/kaukan2025\/sv\/wp-json\/wp\/v2\/types\/page"}],"author":[{"embeddable":true,"href":"https:\/\/sola.kau.se\/kaukan2025\/sv\/wp-json\/wp\/v2\/users\/844"}],"replies":[{"embeddable":true,"href":"https:\/\/sola.kau.se\/kaukan2025\/sv\/wp-json\/wp\/v2\/comments?post=1083"}],"version-history":[{"count":3,"href":"https:\/\/sola.kau.se\/kaukan2025\/sv\/wp-json\/wp\/v2\/pages\/1083\/revisions"}],"predecessor-version":[{"id":1213,"href":"https:\/\/sola.kau.se\/kaukan2025\/sv\/wp-json\/wp\/v2\/pages\/1083\/revisions\/1213"}],"wp:attachment":[{"href":"https:\/\/sola.kau.se\/kaukan2025\/sv\/wp-json\/wp\/v2\/media?parent=1083"}],"curies":[{"name":"wp","href":"https:\/\/api.w.org\/{rel}","templated":true}]}}