 {"id":1202,"date":"2025-08-28T09:08:28","date_gmt":"2025-08-28T09:08:28","guid":{"rendered":"https:\/\/sola.kau.se\/kaukan2025\/?page_id=1202"},"modified":"2025-08-28T09:08:28","modified_gmt":"2025-08-28T09:08:28","slug":"ai-studenter-och-lararen-en-praktisk-modell","status":"publish","type":"page","link":"https:\/\/sola.kau.se\/kaukan2025\/sv\/ai-studenter-och-lararen-en-praktisk-modell\/","title":{"rendered":"AI, studenter och l\u00e4raren &#8211; en praktisk modell"},"content":{"rendered":"\n<p>Att s\u00e4ga att AI f\u00f6r\u00e4ndrar l\u00e4rarrollen \u00e4r ingen \u00f6verdrift. I den h\u00e4r presentationen introduceras en enkel men anv\u00e4ndbar modell f\u00f6r hur du som l\u00e4rare kan f\u00f6ra en reflekterande dialog med dina studenter om AI. Modellen utg\u00e5r fr\u00e5n tv\u00e5 perspektiv: vad AI kan vara ett v\u00e4rdefullt st\u00f6d f\u00f6r i l\u00e4rande och undervisning \u2013 och vilka risker som uppst\u00e5r om AI \u00f6veranv\u00e4nds inom omr\u00e5den d\u00e4r studenterna sj\u00e4lva beh\u00f6ver utveckla kunskap och f\u00e4rdigheter. Presentationen erbjuder \u00e4ven konkreta exempel p\u00e5 korta seminarie\u00f6vningar som enkelt kan v\u00e4vas in i ordinarie undervisning. Syftet \u00e4r att ge dig som l\u00e4rare b\u00e5de ett teoretiskt ramverk och praktiska verktyg att omedelbart pr\u00f6va i klassrummet.<\/p>\n","protected":false},"excerpt":{"rendered":"<p>Att s\u00e4ga att AI f\u00f6r\u00e4ndrar l\u00e4rarrollen \u00e4r ingen \u00f6verdrift. I den h\u00e4r presentationen introduceras en enkel men anv\u00e4ndbar modell f\u00f6r hur du som l\u00e4rare kan f\u00f6ra en reflekterande dialog med dina studenter om AI. Modellen utg\u00e5r fr\u00e5n tv\u00e5 perspektiv: vad AI kan vara ett v\u00e4rdefullt st\u00f6d f\u00f6r i l\u00e4rande och undervisning \u2013 och vilka risker [&hellip;]<\/p>\n","protected":false},"author":844,"featured_media":0,"parent":0,"menu_order":0,"comment_status":"closed","ping_status":"closed","template":"","meta":{"_acf_changed":false,"footnotes":""},"class_list":["post-1202","page","type-page","status-publish","hentry"],"acf":[],"_links":{"self":[{"href":"https:\/\/sola.kau.se\/kaukan2025\/sv\/wp-json\/wp\/v2\/pages\/1202","targetHints":{"allow":["GET"]}}],"collection":[{"href":"https:\/\/sola.kau.se\/kaukan2025\/sv\/wp-json\/wp\/v2\/pages"}],"about":[{"href":"https:\/\/sola.kau.se\/kaukan2025\/sv\/wp-json\/wp\/v2\/types\/page"}],"author":[{"embeddable":true,"href":"https:\/\/sola.kau.se\/kaukan2025\/sv\/wp-json\/wp\/v2\/users\/844"}],"replies":[{"embeddable":true,"href":"https:\/\/sola.kau.se\/kaukan2025\/sv\/wp-json\/wp\/v2\/comments?post=1202"}],"version-history":[{"count":1,"href":"https:\/\/sola.kau.se\/kaukan2025\/sv\/wp-json\/wp\/v2\/pages\/1202\/revisions"}],"predecessor-version":[{"id":1203,"href":"https:\/\/sola.kau.se\/kaukan2025\/sv\/wp-json\/wp\/v2\/pages\/1202\/revisions\/1203"}],"wp:attachment":[{"href":"https:\/\/sola.kau.se\/kaukan2025\/sv\/wp-json\/wp\/v2\/media?parent=1202"}],"curies":[{"name":"wp","href":"https:\/\/api.w.org\/{rel}","templated":true}]}}